

    {"id":22363,"date":"2021-03-29T10:07:54","date_gmt":"2021-03-29T08:07:54","guid":{"rendered":"https:\/\/rueda.casino\/benachrichtigungen-erhalten\/"},"modified":"2025-08-13T13:03:25","modified_gmt":"2025-08-13T11:03:25","slug":"benachrichtigungen-erhalten","status":"publish","type":"page","link":"https:\/\/rueda.casino\/de\/ueber\/benachrichtigungen-erhalten\/","title":{"rendered":"Benachrichtigungen erhalten"},"content":{"rendered":"<p><div class=\"fusion-fullwidth fullwidth-box fusion-builder-row-1 fusion-flex-container nonhundred-percent-fullwidth non-hundred-percent-height-scrolling\" style=\"--awb-border-radius-top-left:0px;--awb-border-radius-top-right:0px;--awb-border-radius-bottom-right:0px;--awb-border-radius-bottom-left:0px;--awb-margin-bottom:40px;--awb-flex-wrap:wrap;\" ><div class=\"fusion-builder-row fusion-row fusion-flex-align-items-flex-start fusion-flex-content-wrap\" style=\"max-width:1248px;margin-left: calc(-4% \/ 2 );margin-right: calc(-4% \/ 2 );\"><div class=\"fusion-layout-column fusion_builder_column fusion-builder-column-0 fusion_builder_column_1_1 1_1 fusion-flex-column\" style=\"--awb-bg-size:cover;--awb-width-large:100%;--awb-margin-top-large:0px;--awb-spacing-right-large:1.92%;--awb-margin-bottom-large:0px;--awb-spacing-left-large:1.92%;--awb-width-medium:100%;--awb-spacing-right-medium:1.92%;--awb-spacing-left-medium:1.92%;--awb-width-small:100%;--awb-spacing-right-small:1.92%;--awb-spacing-left-small:1.92%;\"><div class=\"fusion-column-wrapper fusion-flex-justify-content-flex-start fusion-content-layout-column\"><div class=\"fusion-text fusion-text-1\"><p>&#13;<\/p>\n<p><em>Wir hoffen, dass Sie unsere rueda.casino-Plattform n\u00fctzlich finden. Wir planen einige aufregende \u00c4nderungen, um unsere Videoplattform weiter zu verbessern, und wir m\u00f6chten Sie \u00fcber diese Verbesserungen auf dem Laufenden halten. Wenn Sie damit einverstanden sind, aktualisiert zu werden, melden Sie sich bitte an  <\/em><\/p>\n<p>&#13;<\/p>\n<p>\n&#13;<\/p>\n<p><em>Esperamos que encuentres nuestra plataforma rueda.casino \u00fatil. Tenemos planes interesantes para mejorar el plataforma de videos, y nos gustar\u00eda mantenerte al d\u00eda de esas mejoras. Si est\u00e1s de acuerdo y quieres recibir notificaciones, por favor elige &#8218;Sign-up&#8216;  <\/em><\/p>\n<p>&#13;<\/p>\n<\/p>\n<div class=\"wp-block-leadin-hubspot-form-block\">\n\t\t\t\t\t\t<script>\n\t\t\t\t\t\t\twindow.hsFormsOnReady = window.hsFormsOnReady || [];\n\t\t\t\t\t\t\twindow.hsFormsOnReady.push(()=>{\n\t\t\t\t\t\t\t\thbspt.forms.create({\n\t\t\t\t\t\t\t\t\tportalId: 27026474,\n\t\t\t\t\t\t\t\t\tformId: \"673486b6-b9cc-4f5a-abd7-88a089b1d374\",\n\t\t\t\t\t\t\t\t\ttarget: \"#hbspt-form-1776333005000-7633148238\",\n\t\t\t\t\t\t\t\t\tregion: \"eu1\",\n\t\t\t\t\t\t\t\t\t\n\t\t\t\t\t\t\t})});\n\t\t\t\t\t\t<\/script>\n\t\t\t\t\t\t<div class=\"hbspt-form\" id=\"hbspt-form-1776333005000-7633148238\"><\/div><\/div>\n<\/div><\/div><\/div><\/div><\/div><div class=\"fusion-fullwidth fullwidth-box fusion-builder-row-2 fusion-flex-container has-pattern-background has-mask-background nonhundred-percent-fullwidth non-hundred-percent-height-scrolling\" style=\"--awb-border-radius-top-left:0px;--awb-border-radius-top-right:0px;--awb-border-radius-bottom-right:0px;--awb-border-radius-bottom-left:0px;--awb-flex-wrap:wrap;\" ><div class=\"fusion-builder-row fusion-row fusion-flex-align-items-flex-start fusion-flex-content-wrap\" style=\"max-width:1248px;margin-left: calc(-4% \/ 2 );margin-right: calc(-4% \/ 2 );\"><div class=\"fusion-layout-column fusion_builder_column fusion-builder-column-1 fusion_builder_column_1_3 1_3 fusion-flex-column\" style=\"--awb-bg-size:cover;--awb-width-large:33.333333333333%;--awb-margin-top-large:0px;--awb-spacing-right-large:5.76%;--awb-margin-bottom-large:20px;--awb-spacing-left-large:5.76%;--awb-width-medium:33.333333333333%;--awb-order-medium:0;--awb-spacing-right-medium:5.76%;--awb-spacing-left-medium:5.76%;--awb-width-small:100%;--awb-order-small:0;--awb-spacing-right-small:1.92%;--awb-spacing-left-small:1.92%;\"><div class=\"fusion-column-wrapper fusion-column-has-shadow fusion-flex-justify-content-flex-start fusion-content-layout-column\"><i class=\"fb-icon-element-1 fb-icon-element fontawesome-icon fa-facebook-f fab circle-yes\" style=\"--awb-circlecolor-hover:var(--awb-color5);--awb-circlebordercolor-hover:var(--awb-color8);--awb-circlebordersize:1px;--awb-font-size:34.32px;--awb-width:68.64px;--awb-height:68.64px;--awb-line-height:66.64px;--awb-align-self:center;--awb-margin-top:0px;--awb-margin-right:0px;--awb-margin-bottom:40px;--awb-margin-left:0px;\"><\/i><div class=\"fusion-text fusion-text-2\"><p>Die<strong> Facebook-Seite<\/strong> <a href=\"https:\/\/www.facebook.com\/ruedadotcasino\" target=\"_blank\" rel=\"noreferrer noopener\">von rueda.casino<\/a><br \/><span style=\"color: var(--awb-text-color); font-family: var(--awb-text-font-family); font-size: var(--awb-font-size); font-style: var(--awb-text-font-style); font-weight: var(--awb-text-font-weight); letter-spacing: var(--awb-letter-spacing); text-align: var(--awb-content-alignment); text-transform: var(--awb-text-transform); background-color: var(--awb-bg-color-hover);\">(<\/span><a style=\"font-family: var(--awb-text-font-family); font-size: var(--awb-font-size); font-style: var(--awb-text-font-style); font-weight: var(--awb-text-font-weight); letter-spacing: var(--awb-letter-spacing); text-align: var(--awb-content-alignment); text-transform: var(--awb-text-transform); background-color: var(--awb-bg-color-hover);\" href=\"https:\/\/www.facebook.com\/ruedadotcasino\">facebook.com\/ruedadotcasino<\/a><span style=\"color: var(--awb-text-color); font-family: var(--awb-text-font-family); font-size: var(--awb-font-size); font-style: var(--awb-text-font-style); font-weight: var(--awb-text-font-weight); letter-spacing: var(--awb-letter-spacing); text-align: var(--awb-content-alignment); text-transform: var(--awb-text-transform); background-color: var(--awb-bg-color-hover);\">) wird verwendet, um Updates zu neuen Videos und anderen Neuigkeiten zu ver\u00f6ffentlichen. Um eine Facebook-Benachrichtigung zu erhalten, w\u00e4hlen Sie bitte   <\/span><strong style=\"color: var(--awb-text-color); font-family: var(--awb-text-font-family); font-size: var(--awb-font-size); font-style: var(--awb-text-font-style); letter-spacing: var(--awb-letter-spacing); text-align: var(--awb-content-alignment); text-transform: var(--awb-text-transform); background-color: var(--awb-bg-color-hover);\">Folgen<\/strong><span style=\"color: var(--awb-text-color); font-family: var(--awb-text-font-family); font-size: var(--awb-font-size); font-style: var(--awb-text-font-style); font-weight: var(--awb-text-font-weight); letter-spacing: var(--awb-letter-spacing); text-align: var(--awb-content-alignment); text-transform: var(--awb-text-transform); background-color: var(--awb-bg-color-hover);\"> Sie <\/span> der Seite oder <strong style=\"color: var(--awb-text-color); font-family: var(--awb-text-font-family); font-size: var(--awb-font-size); font-style: var(--awb-text-font-style); letter-spacing: var(--awb-letter-spacing); text-align: var(--awb-content-alignment); text-transform: var(--awb-text-transform); background-color: var(--awb-bg-color-hover);\">liken<\/strong><span style=\"color: var(--awb-text-color); font-family: var(--awb-text-font-family); font-size: var(--awb-font-size); font-style: var(--awb-text-font-style); font-weight: var(--awb-text-font-weight); letter-spacing: var(--awb-letter-spacing); text-align: var(--awb-content-alignment); text-transform: var(--awb-text-transform); background-color: var(--awb-bg-color-hover);\"> Sie sie.<\/span><\/p>\n<p>Die <strong>Facebook-Gruppe<\/strong> <a href=\"https:\/\/www.facebook.com\/groups\/ruedadotcasino\" target=\"_blank\" rel=\"noopener noreferrer\">rueda.casino<\/a><br \/>(<a href=\"https:\/\/www.facebook.com\/groups\/ruedadotcasino\">facebook.com\/groups\/ruedadotcasino<\/a>) wird f\u00fcr Diskussionen und Feedback von anderen T\u00e4nzer*innen und Abonnenten verwendet. Um an der Diskussion teilzunehmen, fordern Sie bitte die Mitgliedschaft in der Gruppe an. Um eine Facebook-Benachrichtigung \u00fcber Aktivit\u00e4ten in der Gruppe zu erhalten, passen Sie bitte Ihre Gruppeneinstellungen entsprechend an.<\/p>\n<\/div><div class=\"fusion-facebook-page fb-page fusion-facebook-page-1 \" style=\"display:flex; justify-content:center;\" data-href=\"https:\/\/facebook.com\/ruedadotcasino\" data-tabs=\"timeline\" data-width=\"340\" data-height=\"500\" data-hide_cta=\"true\" data-show_facepile=\"false\"><\/div><script async defer crossorigin=\"anonymous\" src=\"https:\/\/connect.facebook.net\/en_US\/sdk.js#xfbml=1&version=v14.0\"><\/script><div id=\"fb-root\"><\/div><\/div><\/div><div class=\"fusion-layout-column fusion_builder_column fusion-builder-column-2 fusion_builder_column_1_3 1_3 fusion-flex-column\" style=\"--awb-bg-size:cover;--awb-width-large:33.333333333333%;--awb-margin-top-large:0px;--awb-spacing-right-large:5.76%;--awb-margin-bottom-large:20px;--awb-spacing-left-large:5.76%;--awb-width-medium:33.333333333333%;--awb-order-medium:0;--awb-spacing-right-medium:5.76%;--awb-spacing-left-medium:5.76%;--awb-width-small:100%;--awb-order-small:0;--awb-spacing-right-small:1.92%;--awb-spacing-left-small:1.92%;\"><div class=\"fusion-column-wrapper fusion-column-has-shadow fusion-flex-justify-content-flex-start fusion-content-layout-column\"><i class=\"fb-icon-element-2 fb-icon-element fontawesome-icon fa-vimeo-v fab circle-yes\" style=\"--awb-circlecolor-hover:var(--awb-color5);--awb-circlebordercolor-hover:var(--awb-color8);--awb-circlebordersize:1px;--awb-font-size:34.32px;--awb-width:68.64px;--awb-height:68.64px;--awb-line-height:66.64px;--awb-align-self:center;--awb-margin-top:0px;--awb-margin-right:0px;--awb-margin-bottom:40px;--awb-margin-left:0px;\"><\/i><div class=\"fusion-text fusion-text-3\"><p>Der <a href=\"http:\/\/vimeo.rueda.casino\/\" target=\"_blank\" rel=\"noreferrer noopener\">Vimeo-Kanal von rueda.casino<\/a> enth\u00e4lt eine E-Mail-Liste. Vimeo sendet automatisch ein paar Stunden nach der Ver\u00f6ffentlichung eines neuen Videos eine E-Mail an alle auf der Liste, was normalerweise jeden Sonntag der Fall ist. Manchmal auch \u00f6fter.<br \/>Das rueda.casino-Team hat Zugriff auf die Liste und kann sie auch gelegentlich f\u00fcr einen Newsletter oder \u00e4hnliches verwenden.  <\/p>\n<p>Um sich f\u00fcr diese E-Mail-Liste zu registrieren, w\u00e4hlen Sie bitte auf dem <a href=\"http:\/\/vimeo.rueda.casino\/\" target=\"_blank\" rel=\"noreferrer noopener\">Vimeo-Kanal von rueda.casino<\/a> die Option <strong>&#8222;Updates erhalten<\/strong>&#8222;:<\/p>\n<p><img decoding=\"async\" class=\"lazyload size-full wp-image-9213 alignnone\" src=\"data:image\/svg+xml,%3Csvg%20xmlns%3D%27http%3A%2F%2Fwww.w3.org%2F2000%2Fsvg%27%20width%3D%27172%27%20height%3D%27128%27%20viewBox%3D%270%200%20172%20128%27%3E%3Crect%20width%3D%27172%27%20height%3D%27128%27%20fill-opacity%3D%220%22%2F%3E%3C%2Fsvg%3E\" data-orig-src=\"https:\/\/rueda.casino\/wp-content\/uploads\/2021\/03\/receive-updates.png\" alt=\"\" width=\"172\" height=\"128\"><\/p>\n<\/div><div class=\"fusion-text fusion-text-4\"><h2 class=\"fusion-responsive-typography-calculated\" data-fontsize=\"25\" data-lineheight=\"30px\">Aktualisierungen der Vimeo-Wiedergabeliste<\/h2>\n<p>Die Anzahl der verf\u00fcgbaren Videos von rueda.casino nimmt st\u00e4ndig zu. Mit rund 200 Videos haben wir eine Reihe von &nbsp;<a href=\"https:\/\/rueda.casino\/de\/rueda-casino-videokanal\/alle-videos-todos-los-videos\/#playlists\"><strong>rueda.casino-Wiedergabelisten<\/strong><\/a>. Um eine Vimeo-Benachrichtigung zu erhalten, wenn ein neues Video zu einer rueda.casino-Playlist hinzugef\u00fcgt wird, gehe bitte zu den Playlists, die dich interessieren, und w\u00e4hle &nbsp;<strong>Folgen<\/strong>.<\/p>\n<p><img decoding=\"async\" class=\"lazyload alignnone size-full wp-image-9868\" src=\"data:image\/svg+xml,%3Csvg%20xmlns%3D%27http%3A%2F%2Fwww.w3.org%2F2000%2Fsvg%27%20width%3D%2794%27%20height%3D%2737%27%20viewBox%3D%270%200%2094%2037%27%3E%3Crect%20width%3D%2794%27%20height%3D%2737%27%20fill-opacity%3D%220%22%2F%3E%3C%2Fsvg%3E\" data-orig-src=\"https:\/\/rueda.casino\/wp-content\/uploads\/2021\/04\/Follow.png\" alt=\"\" width=\"94\" height=\"37\">&nbsp;<\/p>\n<\/div><\/div><\/div><div class=\"fusion-layout-column fusion_builder_column fusion-builder-column-3 fusion_builder_column_1_3 1_3 fusion-flex-column\" style=\"--awb-bg-size:cover;--awb-width-large:33.333333333333%;--awb-margin-top-large:0px;--awb-spacing-right-large:5.76%;--awb-margin-bottom-large:20px;--awb-spacing-left-large:5.76%;--awb-width-medium:33.333333333333%;--awb-order-medium:0;--awb-spacing-right-medium:5.76%;--awb-spacing-left-medium:5.76%;--awb-width-small:100%;--awb-order-small:0;--awb-spacing-right-small:1.92%;--awb-spacing-left-small:1.92%;\"><div class=\"fusion-column-wrapper fusion-column-has-shadow fusion-flex-justify-content-flex-start fusion-content-layout-column\"><i class=\"fb-icon-element-3 fb-icon-element fontawesome-icon fa-youtube fab circle-yes\" style=\"--awb-circlecolor-hover:var(--awb-color5);--awb-circlebordercolor-hover:var(--awb-color8);--awb-circlebordersize:1px;--awb-font-size:34.32px;--awb-width:68.64px;--awb-height:68.64px;--awb-line-height:66.64px;--awb-align-self:center;--awb-margin-top:0px;--awb-margin-right:0px;--awb-margin-bottom:40px;--awb-margin-left:0px;\"><\/i><div class=\"fusion-text fusion-text-5\"><p>Rueda.Casino ver\u00f6ffentlicht nach und nach immer mehr seiner Inhalte auf YouTube, die Sie kostenlos nicht-kommerziell verwenden k\u00f6nnen. Wir empfehlen Ihnen dringend, unseren YouTube-Kanal zu abonnieren. Sie k\u00f6nnen dies tun, indem Sie<a href=\"https:\/\/www.youtube.com\/@rueda.casino\"><b> unseren Kanal besuchen<\/b><\/a> oder einfach auf die Schaltfl\u00e4che unten klicken:  <\/p>\n<div class=\"g-ytsubscribe\" data-channelid=\"UC0FHqNNXGIrDIC8EV0sc1qg\" data-layout=\"full\" data-count=\"default\"><\/div>\n<\/div><\/div><\/div><\/div><\/div><\/p>\n","protected":false},"excerpt":{"rendered":"","protected":false},"author":2,"featured_media":0,"parent":23973,"menu_order":10,"comment_status":"closed","ping_status":"closed","template":"","meta":{"_acf_changed":false,"content-type":"","footnotes":""},"class_list":["post-22363","page","type-page","status-publish","hentry"],"acf":[],"yoast_head":"<!-- This site is optimized with the Yoast SEO plugin v27.4 - https:\/\/yoast.com\/product\/yoast-seo-wordpress\/ -->\n<title>Benachrichtigungen erhalten - Rueda.Casino<\/title>\n<meta name=\"robots\" content=\"index, follow, max-snippet:-1, max-image-preview:large, max-video-preview:-1\" \/>\n<link rel=\"canonical\" href=\"https:\/\/rueda.casino\/de\/ueber\/benachrichtigungen-erhalten\/\" \/>\n<meta property=\"og:locale\" content=\"de_DE\" \/>\n<meta property=\"og:type\" content=\"article\" \/>\n<meta property=\"og:title\" content=\"Benachrichtigungen erhalten - Rueda.Casino\" \/>\n<meta property=\"og:url\" content=\"https:\/\/rueda.casino\/de\/ueber\/benachrichtigungen-erhalten\/\" \/>\n<meta property=\"og:site_name\" content=\"Rueda.Casino\" \/>\n<meta property=\"article:publisher\" content=\"https:\/\/www.facebook.com\/ruedadotcasino\" \/>\n<meta property=\"article:modified_time\" content=\"2025-08-13T11:03:25+00:00\" \/>\n<meta property=\"og:image\" content=\"https:\/\/rueda.casino\/wp-content\/uploads\/2021\/03\/receive-updates.png\" \/>\n<meta name=\"twitter:card\" content=\"summary_large_image\" \/>\n<meta name=\"twitter:label1\" content=\"Gesch\u00e4tzte Lesezeit\" \/>\n\t<meta name=\"twitter:data1\" content=\"9\u00a0Minuten\" \/>\n<script type=\"application\/ld+json\" class=\"yoast-schema-graph\">{\"@context\":\"https:\\\/\\\/schema.org\",\"@graph\":[{\"@type\":\"WebPage\",\"@id\":\"https:\\\/\\\/rueda.casino\\\/de\\\/ueber\\\/benachrichtigungen-erhalten\\\/\",\"url\":\"https:\\\/\\\/rueda.casino\\\/de\\\/ueber\\\/benachrichtigungen-erhalten\\\/\",\"name\":\"Benachrichtigungen erhalten - Rueda.Casino\",\"isPartOf\":{\"@id\":\"https:\\\/\\\/rueda.casino\\\/de\\\/#website\"},\"primaryImageOfPage\":{\"@id\":\"https:\\\/\\\/rueda.casino\\\/de\\\/ueber\\\/benachrichtigungen-erhalten\\\/#primaryimage\"},\"image\":{\"@id\":\"https:\\\/\\\/rueda.casino\\\/de\\\/ueber\\\/benachrichtigungen-erhalten\\\/#primaryimage\"},\"thumbnailUrl\":\"https:\\\/\\\/rueda.casino\\\/wp-content\\\/uploads\\\/2021\\\/03\\\/receive-updates.png\",\"datePublished\":\"2021-03-29T08:07:54+00:00\",\"dateModified\":\"2025-08-13T11:03:25+00:00\",\"breadcrumb\":{\"@id\":\"https:\\\/\\\/rueda.casino\\\/de\\\/ueber\\\/benachrichtigungen-erhalten\\\/#breadcrumb\"},\"inLanguage\":\"de\",\"potentialAction\":[{\"@type\":\"ReadAction\",\"target\":[\"https:\\\/\\\/rueda.casino\\\/de\\\/ueber\\\/benachrichtigungen-erhalten\\\/\"]}]},{\"@type\":\"ImageObject\",\"inLanguage\":\"de\",\"@id\":\"https:\\\/\\\/rueda.casino\\\/de\\\/ueber\\\/benachrichtigungen-erhalten\\\/#primaryimage\",\"url\":\"https:\\\/\\\/rueda.casino\\\/wp-content\\\/uploads\\\/2021\\\/03\\\/receive-updates.png\",\"contentUrl\":\"https:\\\/\\\/rueda.casino\\\/wp-content\\\/uploads\\\/2021\\\/03\\\/receive-updates.png\"},{\"@type\":\"BreadcrumbList\",\"@id\":\"https:\\\/\\\/rueda.casino\\\/de\\\/ueber\\\/benachrichtigungen-erhalten\\\/#breadcrumb\",\"itemListElement\":[{\"@type\":\"ListItem\",\"position\":1,\"name\":\"Home\",\"item\":\"https:\\\/\\\/rueda.casino\\\/de\\\/heim\\\/\"},{\"@type\":\"ListItem\",\"position\":2,\"name\":\"\u00dcber\",\"item\":\"https:\\\/\\\/rueda.casino\\\/de\\\/ueber\\\/\"},{\"@type\":\"ListItem\",\"position\":3,\"name\":\"Benachrichtigungen erhalten\"}]},{\"@type\":\"WebSite\",\"@id\":\"https:\\\/\\\/rueda.casino\\\/de\\\/#website\",\"url\":\"https:\\\/\\\/rueda.casino\\\/de\\\/\",\"name\":\"Rueda.Casino\",\"description\":\"Educational rueda &amp; casino videos of high quality\",\"publisher\":{\"@id\":\"https:\\\/\\\/rueda.casino\\\/de\\\/#organization\"},\"potentialAction\":[{\"@type\":\"SearchAction\",\"target\":{\"@type\":\"EntryPoint\",\"urlTemplate\":\"https:\\\/\\\/rueda.casino\\\/de\\\/?s={search_term_string}\"},\"query-input\":{\"@type\":\"PropertyValueSpecification\",\"valueRequired\":true,\"valueName\":\"search_term_string\"}}],\"inLanguage\":\"de\"},{\"@type\":\"Organization\",\"@id\":\"https:\\\/\\\/rueda.casino\\\/de\\\/#organization\",\"name\":\"Rueda.Casino\",\"url\":\"https:\\\/\\\/rueda.casino\\\/de\\\/\",\"logo\":{\"@type\":\"ImageObject\",\"inLanguage\":\"de\",\"@id\":\"https:\\\/\\\/rueda.casino\\\/de\\\/#\\\/schema\\\/logo\\\/image\\\/\",\"url\":\"https:\\\/\\\/rueda.casino\\\/wp-content\\\/uploads\\\/2018\\\/08\\\/cropped-rueda.casino-2-linje-weblogo.png\",\"contentUrl\":\"https:\\\/\\\/rueda.casino\\\/wp-content\\\/uploads\\\/2018\\\/08\\\/cropped-rueda.casino-2-linje-weblogo.png\",\"width\":150,\"height\":51,\"caption\":\"Rueda.Casino\"},\"image\":{\"@id\":\"https:\\\/\\\/rueda.casino\\\/de\\\/#\\\/schema\\\/logo\\\/image\\\/\"},\"sameAs\":[\"https:\\\/\\\/www.facebook.com\\\/ruedadotcasino\",\"https:\\\/\\\/www.instagram.com\\\/rueda.casino\\\/\",\"https:\\\/\\\/www.youtube.com\\\/@rueda.casino\"]}]}<\/script>\n<!-- \/ Yoast SEO plugin. -->","yoast_head_json":{"title":"Benachrichtigungen erhalten - Rueda.Casino","robots":{"index":"index","follow":"follow","max-snippet":"max-snippet:-1","max-image-preview":"max-image-preview:large","max-video-preview":"max-video-preview:-1"},"canonical":"https:\/\/rueda.casino\/de\/ueber\/benachrichtigungen-erhalten\/","og_locale":"de_DE","og_type":"article","og_title":"Benachrichtigungen erhalten - Rueda.Casino","og_url":"https:\/\/rueda.casino\/de\/ueber\/benachrichtigungen-erhalten\/","og_site_name":"Rueda.Casino","article_publisher":"https:\/\/www.facebook.com\/ruedadotcasino","article_modified_time":"2025-08-13T11:03:25+00:00","og_image":[{"url":"https:\/\/rueda.casino\/wp-content\/uploads\/2021\/03\/receive-updates.png","type":"","width":"","height":""}],"twitter_card":"summary_large_image","twitter_misc":{"Gesch\u00e4tzte Lesezeit":"9\u00a0Minuten"},"schema":{"@context":"https:\/\/schema.org","@graph":[{"@type":"WebPage","@id":"https:\/\/rueda.casino\/de\/ueber\/benachrichtigungen-erhalten\/","url":"https:\/\/rueda.casino\/de\/ueber\/benachrichtigungen-erhalten\/","name":"Benachrichtigungen erhalten - Rueda.Casino","isPartOf":{"@id":"https:\/\/rueda.casino\/de\/#website"},"primaryImageOfPage":{"@id":"https:\/\/rueda.casino\/de\/ueber\/benachrichtigungen-erhalten\/#primaryimage"},"image":{"@id":"https:\/\/rueda.casino\/de\/ueber\/benachrichtigungen-erhalten\/#primaryimage"},"thumbnailUrl":"https:\/\/rueda.casino\/wp-content\/uploads\/2021\/03\/receive-updates.png","datePublished":"2021-03-29T08:07:54+00:00","dateModified":"2025-08-13T11:03:25+00:00","breadcrumb":{"@id":"https:\/\/rueda.casino\/de\/ueber\/benachrichtigungen-erhalten\/#breadcrumb"},"inLanguage":"de","potentialAction":[{"@type":"ReadAction","target":["https:\/\/rueda.casino\/de\/ueber\/benachrichtigungen-erhalten\/"]}]},{"@type":"ImageObject","inLanguage":"de","@id":"https:\/\/rueda.casino\/de\/ueber\/benachrichtigungen-erhalten\/#primaryimage","url":"https:\/\/rueda.casino\/wp-content\/uploads\/2021\/03\/receive-updates.png","contentUrl":"https:\/\/rueda.casino\/wp-content\/uploads\/2021\/03\/receive-updates.png"},{"@type":"BreadcrumbList","@id":"https:\/\/rueda.casino\/de\/ueber\/benachrichtigungen-erhalten\/#breadcrumb","itemListElement":[{"@type":"ListItem","position":1,"name":"Home","item":"https:\/\/rueda.casino\/de\/heim\/"},{"@type":"ListItem","position":2,"name":"\u00dcber","item":"https:\/\/rueda.casino\/de\/ueber\/"},{"@type":"ListItem","position":3,"name":"Benachrichtigungen erhalten"}]},{"@type":"WebSite","@id":"https:\/\/rueda.casino\/de\/#website","url":"https:\/\/rueda.casino\/de\/","name":"Rueda.Casino","description":"Educational rueda &amp; casino videos of high quality","publisher":{"@id":"https:\/\/rueda.casino\/de\/#organization"},"potentialAction":[{"@type":"SearchAction","target":{"@type":"EntryPoint","urlTemplate":"https:\/\/rueda.casino\/de\/?s={search_term_string}"},"query-input":{"@type":"PropertyValueSpecification","valueRequired":true,"valueName":"search_term_string"}}],"inLanguage":"de"},{"@type":"Organization","@id":"https:\/\/rueda.casino\/de\/#organization","name":"Rueda.Casino","url":"https:\/\/rueda.casino\/de\/","logo":{"@type":"ImageObject","inLanguage":"de","@id":"https:\/\/rueda.casino\/de\/#\/schema\/logo\/image\/","url":"https:\/\/rueda.casino\/wp-content\/uploads\/2018\/08\/cropped-rueda.casino-2-linje-weblogo.png","contentUrl":"https:\/\/rueda.casino\/wp-content\/uploads\/2018\/08\/cropped-rueda.casino-2-linje-weblogo.png","width":150,"height":51,"caption":"Rueda.Casino"},"image":{"@id":"https:\/\/rueda.casino\/de\/#\/schema\/logo\/image\/"},"sameAs":["https:\/\/www.facebook.com\/ruedadotcasino","https:\/\/www.instagram.com\/rueda.casino\/","https:\/\/www.youtube.com\/@rueda.casino"]}]}},"_links":{"self":[{"href":"https:\/\/rueda.casino\/de\/wp-json\/wp\/v2\/pages\/22363","targetHints":{"allow":["GET"]}}],"collection":[{"href":"https:\/\/rueda.casino\/de\/wp-json\/wp\/v2\/pages"}],"about":[{"href":"https:\/\/rueda.casino\/de\/wp-json\/wp\/v2\/types\/page"}],"author":[{"embeddable":true,"href":"https:\/\/rueda.casino\/de\/wp-json\/wp\/v2\/users\/2"}],"replies":[{"embeddable":true,"href":"https:\/\/rueda.casino\/de\/wp-json\/wp\/v2\/comments?post=22363"}],"version-history":[{"count":0,"href":"https:\/\/rueda.casino\/de\/wp-json\/wp\/v2\/pages\/22363\/revisions"}],"up":[{"embeddable":true,"href":"https:\/\/rueda.casino\/de\/wp-json\/wp\/v2\/pages\/23973"}],"wp:attachment":[{"href":"https:\/\/rueda.casino\/de\/wp-json\/wp\/v2\/media?parent=22363"}],"curies":[{"name":"wp","href":"https:\/\/api.w.org\/{rel}","templated":true}]}}