

    {"id":22712,"date":"2021-03-27T11:36:54","date_gmt":"2021-03-27T10:36:54","guid":{"rendered":"https:\/\/rueda.casino\/praxis-abaco\/"},"modified":"2025-08-13T13:01:03","modified_gmt":"2025-08-13T11:01:03","slug":"praxis-abaco","status":"publish","type":"page","link":"https:\/\/rueda.casino\/de\/rueda-strukturen-estructuras-de-rueda\/abaco-2\/praxis-abaco\/","title":{"rendered":"Praxis \u00c1baco"},"content":{"rendered":"<p>Diese Videos wurden gemacht, um \u00c1baco-T\u00e4nzern beim \u00dcben des \u00c1baco-Tanzes zu helfen. Um das Video einer bestimmten Figur zu sehen, gehen Sie zur entsprechenden Ebene. Sie k\u00f6nnen alle Zahlen auf jeder Ebene auf der Hauptseite von \u00e1baco \u00fcberpr\u00fcfen.  <\/p>\n<p><a href=\"https:\/\/rueda.casino\/de\/abaco\/\">\u00c1BACO<\/a>  &gt;  <a href=\"https:\/\/rueda.casino\/de\/abaco\/abaco-anfaengerniveau\/\">ANF\u00c4NGER<\/a> | <a href=\"https:\/\/rueda.casino\/de\/abaco\/abaco-mittelstufe\/\">MITTELSTUFE<\/a> | <a href=\"https:\/\/rueda.casino\/de\/abaco\/abaco-fuer-fortgeschrittene\/\">FORTGESCHRITTEN<\/a> | <strong>\u00c1baco Praxis <\/strong><br \/>.<\/p>\n<hr>\n<p style=\"text-align: center\"><em>Melden Sie sich bei vimeo.com an, um die Videos anzusehen. <a href=\"https:\/\/get-access.rueda.casino\/\">Erhalten Sie Zugang<\/a> , wenn Sie noch kein Abonnement abgeschlossen haben.<br \/>Inicie sesi\u00f3n en vimeo.com para ver los videos. <a href=\"https:\/\/tener-acceso.rueda.casino\/\">Tener acceso<\/a> si a\u00fan no te est\u00e1s suscribiendo.<\/em><\/p>\n<hr>\n<table width=\"100%\" align=\"center\">\n<tbody>\n<tr>\n<td colspan=\"4\">\n<h1 style=\"text-align: center\">\u00dcBEN SIE MIT DEM RUFEN<\/h1>\n<p style=\"text-align: center\">In dieser Rubrik haben wir ein paar Videos vorbereitet, in denen Sie <br \/>\u00dcben Sie \u00c1baco zu einem ganzen Lied zusammen mit dem Caller tanzen, der auch tanzt.<br \/>Die \u00c1baco-Figuren, die im Video verwendet werden, sind unten aufgef\u00fchrt.  <\/p>\n<p><a name=\"practice-1\"><\/a><\/p>\n<p>.<\/p>\n<h3 style=\"text-align: center\">\u00c1baco Praxis #1 &#8211; Tumba Francesa, patin con Bamboleo<\/h3>\n<p><div class=\"video-shortcode\"><iframe title=\"\u00c1baco practice #1 - Tumba Francesa, patin con Bamboleo\" src=\"https:\/\/player.vimeo.com\/video\/529575051?dnt=1&amp;app_id=122963\" width=\"1200\" height=\"675\" frameborder=\"0\" allow=\"autoplay; fullscreen; picture-in-picture; clipboard-write; encrypted-media; web-share\" referrerpolicy=\"strict-origin-when-cross-origin\"><\/iframe><\/div><\/p>\n<p style=\"text-align: center\">Figuren, die im \u00c1baco-\u00dcbungsvideo #1 verwendet werden:<\/p>\n<\/td>\n<\/tr>\n<tr>\n<td width=\"25%\"> <\/td>\n<td valign=\"top\" width=\"25%\">\n<ul>\n<li>Al Centro<\/li>\n<li>Vamos Arriba<\/li>\n<li>adentro y afuera<\/li>\n<li>dile que no<\/li>\n<li>(Guapea)<\/li>\n<li>Dame Una<\/li>\n<li>Enchufla<\/li>\n<li>Enchufla Doble<\/li>\n<\/ul>\n<\/td>\n<td valign=\"top\" width=\"25%\">\n<ul>\n<li>Tumba Francesa (s)<\/li>\n<li>patin con Bamboleo (s)<\/li>\n<li>Enchufla con Mambo (S)<\/li>\n<li>Enchufla con Palma y Pata&#8216;<\/li>\n<li>Enchufla y Sacala<\/li>\n<li>Kubanito<\/li>\n<li>Kubanita<\/li>\n<\/ul>\n<p>(s) siguelo &gt; se fue<\/p>\n<\/td>\n<td width=\"25%\"> <\/td>\n<\/tr>\n<tr>\n<td colspan=\"4\">.<\/p>\n<p><a name=\"practice-2\"><\/a><\/p>\n<\/p>\n<h3 style=\"text-align: center\">\u00c1baco Praxis #2 &#8211; CONTRATIEMPO<\/h3>\n<p><div class=\"video-shortcode\"><iframe title=\"\u00c1baco practice #2 - CONTRATIEMPO\" src=\"https:\/\/player.vimeo.com\/video\/529554371?dnt=1&amp;app_id=122963\" width=\"1200\" height=\"675\" frameborder=\"0\" allow=\"autoplay; fullscreen; picture-in-picture; clipboard-write; encrypted-media; web-share\" referrerpolicy=\"strict-origin-when-cross-origin\"><\/iframe><\/div><\/p>\n<p style=\"text-align: center\">Figuren, die im \u00e1baco \u00dcbungsvideo #2 verwendet werden:<\/p>\n<\/td>\n<\/tr>\n<tr>\n<td> <\/td>\n<td valign=\"top\">\n<ul>\n<li>Al Centro<\/li>\n<li>Vamos Arriba<\/li>\n<li>adentro y afuera<\/li>\n<li>dile que no<\/li>\n<li>(Guapea)<\/li>\n<li>Dame Una<\/li>\n<li>Enchufla<\/li>\n<li>Enchufla Doble<\/li>\n<\/ul>\n<\/td>\n<td valign=\"top\">\n<ul>\n<li>Tumba Francesa<\/li>\n<li>patin con Bamboleo (s)<\/li>\n<li>Enchufla con Mambo (S)<\/li>\n<li>Enchufla y Sacala<\/li>\n<li>Kubanito<\/li>\n<li>Kubanita<\/li>\n<li>Cruze<\/li>\n<\/ul>\n<p>(s) siguelo &gt; se fue<\/p>\n<\/td>\n<td> <\/td>\n<\/tr>\n<tr>\n<td colspan=\"4\">\n<p><a name=\"practice-3\"><\/a><\/p>\n<p>.<\/p>\n<h3 style=\"text-align: center\">\u00c1baco practice #3 &#8211; sombrero, cadena, dile que si  <\/h3>\n<p><div class=\"video-shortcode\"><iframe title=\"\u00c1baco practice #3 - cadena, sombrero, dile que si, ..\" src=\"https:\/\/player.vimeo.com\/video\/533270194?dnt=1&amp;app_id=122963\" width=\"1200\" height=\"675\" frameborder=\"0\" allow=\"autoplay; fullscreen; picture-in-picture; clipboard-write; encrypted-media; web-share\" referrerpolicy=\"strict-origin-when-cross-origin\"><\/iframe><\/div><\/p>\n<p style=\"text-align: center\">Figuren, die im \u00e1baco \u00dcbungsvideo #3 verwendet werden:<\/p>\n<\/td>\n<\/tr>\n<tr>\n<td width=\"25%\"> <\/td>\n<td valign=\"top\" width=\"25%\">\n<ul>\n<li>Al Centro<\/li>\n<li>VAMOS ARRIBA (T)<\/li>\n<li>Adentro y Afuera (T)<\/li>\n<li>dile que no<\/li>\n<li>Dame Una<\/li>\n<li>Dame Dos<\/li>\n<li>Enchufla<\/li>\n<li>Enchufla con Palma y Pata&#8216;<\/li>\n<li>Cruze<\/li>\n<\/ul>\n<\/td>\n<td valign=\"top\" width=\"25%\">\n<ul>\n<li>Sombrero<\/li>\n<li>sombrero con mambo<\/li>\n<li>Cadena (t)<\/li>\n<li>cadena complicate (t)<\/li>\n<li>dile que si<\/li>\n<li>Tumba Francesa  <\/li>\n<\/ul>\n<p>t) Tarro<\/p>\n<\/td>\n<td width=\"25%\"> <\/td>\n<\/tr>\n<tr>\n<td colspan=\"4\">.<\/p>\n<p>.<\/p>\n<h1 style=\"text-align: center\">\u00dcBEN SIE \u00c1BACO STEPS<\/h1>\n<p style=\"text-align: center\">In dieser Rubrik haben wir ein paar Videos vorbereitet, in denen Sie <br \/>\u00dcben Sie, von grundlegenden Schritten zu anderen, komplexeren Schritten zu wechseln.  <\/p>\n<p>.  <\/p>\n<h3 style=\"text-align: center\">\u00c1baco-Praxis: Tumba Francesa Stufen (contratiempo)<\/h3>\n<p><div class=\"video-shortcode\"><iframe title=\"\u00c1baco practice - Tumba Francesa steps (contratiempo)\" src=\"https:\/\/player.vimeo.com\/video\/533293463?dnt=1&amp;app_id=122963\" width=\"1200\" height=\"675\" frameborder=\"0\" allow=\"autoplay; fullscreen; picture-in-picture; clipboard-write; encrypted-media; web-share\" referrerpolicy=\"strict-origin-when-cross-origin\"><\/iframe><\/div><\/p>\n<p style=\"text-align: center\">\u00dcbungen in diesem Video:<\/p>\n<p style=\"text-align: center\">Wechseln Sie von den Grundschritten (<em>Guapea<\/em>) zu <em>den Contratiempo-Schritten<\/em> und zur\u00fcck zu den Grundschritten mit Z\u00e4hlung<br \/>Wiederholen Sie den Wechsel ganz langsam<br \/>Wechsel von Basic zu <em>Contratiempo<\/em> und zur\u00fcck, mit Musik<br \/><em>Tumba Francesa in alle Richtungen<\/em> , mit Musik<\/p>\n<p>.<\/p>\n<p>.<\/p>\n<h3 style=\"text-align: center\">\u00c1baco Praxis: Bamboleo Schritte<\/h3>\n<p><div class=\"video-shortcode\"><iframe title=\"\u00c1baco practice - Bamboleo steps\" src=\"https:\/\/player.vimeo.com\/video\/533717387?dnt=1&amp;app_id=122963\" width=\"1200\" height=\"675\" frameborder=\"0\" allow=\"autoplay; fullscreen; picture-in-picture; clipboard-write; encrypted-media; web-share\" referrerpolicy=\"strict-origin-when-cross-origin\"><\/iframe><\/div><\/p>\n<p style=\"text-align: center\">\u00dcbungen in diesem Video:<\/p>\n<p style=\"text-align: center\">Wechseln Sie von den Grundschritten (<em>Guapea<\/em>) zu <em>den Bamboleo-Schritten<\/em> und zur\u00fcck zu den Grundschritten mit Z\u00e4hlung<br \/>Wiederholen Sie den Wechsel ganz langsam<br \/>Wechseln Sie von einfachen zu <em>Bamboleo-Schritten <\/em>und zur\u00fcck, mit Musik<br \/><em>patin con Bamboleo<\/em>, <em>patineta con Bamboleo<\/em>, <em>siguelo<\/em>, mit Musik<\/p>\n<\/td>\n<\/tr>\n<\/tbody>\n<\/table>\n<p>.<\/p>\n\n<p><\/p>\n","protected":false},"excerpt":{"rendered":"<p>Diese Videos wurden gemacht, um \u00c1baco-T\u00e4nzern beim \u00dcben des \u00c1baco-Tanzes  [&#8230;]<\/p>\n","protected":false},"author":2,"featured_media":22713,"parent":23197,"menu_order":6,"comment_status":"closed","ping_status":"closed","template":"","meta":{"_acf_changed":false,"content-type":"","footnotes":""},"class_list":["post-22712","page","type-page","status-publish","has-post-thumbnail","hentry"],"acf":[],"yoast_head":"<!-- This site is optimized with the Yoast SEO plugin v27.5 - https:\/\/yoast.com\/product\/yoast-seo-wordpress\/ -->\n<title>Praxis \u00c1baco - Rueda.Casino<\/title>\n<meta name=\"robots\" content=\"index, follow, max-snippet:-1, max-image-preview:large, max-video-preview:-1\" \/>\n<link rel=\"canonical\" href=\"https:\/\/rueda.casino\/de\/rueda-strukturen-estructuras-de-rueda\/abaco-2\/praxis-abaco\/\" \/>\n<meta property=\"og:locale\" content=\"de_DE\" \/>\n<meta property=\"og:type\" content=\"article\" \/>\n<meta property=\"og:title\" content=\"Praxis \u00c1baco - Rueda.Casino\" \/>\n<meta property=\"og:description\" content=\"Diese Videos wurden gemacht, um \u00c1baco-T\u00e4nzern beim \u00dcben des \u00c1baco-Tanzes [...]\" \/>\n<meta property=\"og:url\" content=\"https:\/\/rueda.casino\/de\/rueda-strukturen-estructuras-de-rueda\/abaco-2\/praxis-abaco\/\" \/>\n<meta property=\"og:site_name\" content=\"Rueda.Casino\" \/>\n<meta property=\"article:publisher\" content=\"https:\/\/www.facebook.com\/ruedadotcasino\" \/>\n<meta property=\"article:modified_time\" content=\"2025-08-13T11:01:03+00:00\" \/>\n<meta property=\"og:image\" content=\"https:\/\/rueda.casino\/wp-content\/uploads\/2021\/03\/abaco-practice1.png\" \/>\n\t<meta property=\"og:image:width\" content=\"1360\" \/>\n\t<meta property=\"og:image:height\" content=\"370\" \/>\n\t<meta property=\"og:image:type\" content=\"image\/png\" \/>\n<meta name=\"twitter:card\" content=\"summary_large_image\" \/>\n<meta name=\"twitter:label1\" content=\"Gesch\u00e4tzte Lesezeit\" \/>\n\t<meta name=\"twitter:data1\" content=\"2\u00a0Minuten\" \/>\n<script type=\"application\/ld+json\" class=\"yoast-schema-graph\">{\"@context\":\"https:\\\/\\\/schema.org\",\"@graph\":[{\"@type\":\"WebPage\",\"@id\":\"https:\\\/\\\/rueda.casino\\\/de\\\/rueda-strukturen-estructuras-de-rueda\\\/abaco-2\\\/praxis-abaco\\\/\",\"url\":\"https:\\\/\\\/rueda.casino\\\/de\\\/rueda-strukturen-estructuras-de-rueda\\\/abaco-2\\\/praxis-abaco\\\/\",\"name\":\"Praxis \u00c1baco - Rueda.Casino\",\"isPartOf\":{\"@id\":\"https:\\\/\\\/rueda.casino\\\/de\\\/#website\"},\"primaryImageOfPage\":{\"@id\":\"https:\\\/\\\/rueda.casino\\\/de\\\/rueda-strukturen-estructuras-de-rueda\\\/abaco-2\\\/praxis-abaco\\\/#primaryimage\"},\"image\":{\"@id\":\"https:\\\/\\\/rueda.casino\\\/de\\\/rueda-strukturen-estructuras-de-rueda\\\/abaco-2\\\/praxis-abaco\\\/#primaryimage\"},\"thumbnailUrl\":\"https:\\\/\\\/rueda.casino\\\/wp-content\\\/uploads\\\/2021\\\/03\\\/abaco-practice1.png\",\"datePublished\":\"2021-03-27T10:36:54+00:00\",\"dateModified\":\"2025-08-13T11:01:03+00:00\",\"breadcrumb\":{\"@id\":\"https:\\\/\\\/rueda.casino\\\/de\\\/rueda-strukturen-estructuras-de-rueda\\\/abaco-2\\\/praxis-abaco\\\/#breadcrumb\"},\"inLanguage\":\"de\",\"potentialAction\":[{\"@type\":\"ReadAction\",\"target\":[\"https:\\\/\\\/rueda.casino\\\/de\\\/rueda-strukturen-estructuras-de-rueda\\\/abaco-2\\\/praxis-abaco\\\/\"]}]},{\"@type\":\"ImageObject\",\"inLanguage\":\"de\",\"@id\":\"https:\\\/\\\/rueda.casino\\\/de\\\/rueda-strukturen-estructuras-de-rueda\\\/abaco-2\\\/praxis-abaco\\\/#primaryimage\",\"url\":\"https:\\\/\\\/rueda.casino\\\/wp-content\\\/uploads\\\/2021\\\/03\\\/abaco-practice1.png\",\"contentUrl\":\"https:\\\/\\\/rueda.casino\\\/wp-content\\\/uploads\\\/2021\\\/03\\\/abaco-practice1.png\",\"width\":1360,\"height\":370},{\"@type\":\"BreadcrumbList\",\"@id\":\"https:\\\/\\\/rueda.casino\\\/de\\\/rueda-strukturen-estructuras-de-rueda\\\/abaco-2\\\/praxis-abaco\\\/#breadcrumb\",\"itemListElement\":[{\"@type\":\"ListItem\",\"position\":1,\"name\":\"Home\",\"item\":\"https:\\\/\\\/rueda.casino\\\/de\\\/heim\\\/\"},{\"@type\":\"ListItem\",\"position\":2,\"name\":\"Rueda-Strukturen\",\"item\":\"https:\\\/\\\/rueda.casino\\\/de\\\/rueda-strukturen-estructuras-de-rueda\\\/\"},{\"@type\":\"ListItem\",\"position\":3,\"name\":\"\u00c1baco\",\"item\":\"https:\\\/\\\/rueda.casino\\\/de\\\/rueda-strukturen-estructuras-de-rueda\\\/abaco-2\\\/\"},{\"@type\":\"ListItem\",\"position\":4,\"name\":\"Praxis \u00c1baco\"}]},{\"@type\":\"WebSite\",\"@id\":\"https:\\\/\\\/rueda.casino\\\/de\\\/#website\",\"url\":\"https:\\\/\\\/rueda.casino\\\/de\\\/\",\"name\":\"Rueda.Casino\",\"description\":\"Educational rueda &amp; casino videos of high quality\",\"publisher\":{\"@id\":\"https:\\\/\\\/rueda.casino\\\/de\\\/#organization\"},\"potentialAction\":[{\"@type\":\"SearchAction\",\"target\":{\"@type\":\"EntryPoint\",\"urlTemplate\":\"https:\\\/\\\/rueda.casino\\\/de\\\/?s={search_term_string}\"},\"query-input\":{\"@type\":\"PropertyValueSpecification\",\"valueRequired\":true,\"valueName\":\"search_term_string\"}}],\"inLanguage\":\"de\"},{\"@type\":\"Organization\",\"@id\":\"https:\\\/\\\/rueda.casino\\\/de\\\/#organization\",\"name\":\"Rueda.Casino\",\"url\":\"https:\\\/\\\/rueda.casino\\\/de\\\/\",\"logo\":{\"@type\":\"ImageObject\",\"inLanguage\":\"de\",\"@id\":\"https:\\\/\\\/rueda.casino\\\/de\\\/#\\\/schema\\\/logo\\\/image\\\/\",\"url\":\"https:\\\/\\\/rueda.casino\\\/wp-content\\\/uploads\\\/2018\\\/08\\\/cropped-rueda.casino-2-linje-weblogo.png\",\"contentUrl\":\"https:\\\/\\\/rueda.casino\\\/wp-content\\\/uploads\\\/2018\\\/08\\\/cropped-rueda.casino-2-linje-weblogo.png\",\"width\":150,\"height\":51,\"caption\":\"Rueda.Casino\"},\"image\":{\"@id\":\"https:\\\/\\\/rueda.casino\\\/de\\\/#\\\/schema\\\/logo\\\/image\\\/\"},\"sameAs\":[\"https:\\\/\\\/www.facebook.com\\\/ruedadotcasino\",\"https:\\\/\\\/www.instagram.com\\\/rueda.casino\\\/\",\"https:\\\/\\\/www.youtube.com\\\/@rueda.casino\"]}]}<\/script>\n<!-- \/ Yoast SEO plugin. -->","yoast_head_json":{"title":"Praxis \u00c1baco - Rueda.Casino","robots":{"index":"index","follow":"follow","max-snippet":"max-snippet:-1","max-image-preview":"max-image-preview:large","max-video-preview":"max-video-preview:-1"},"canonical":"https:\/\/rueda.casino\/de\/rueda-strukturen-estructuras-de-rueda\/abaco-2\/praxis-abaco\/","og_locale":"de_DE","og_type":"article","og_title":"Praxis \u00c1baco - Rueda.Casino","og_description":"Diese Videos wurden gemacht, um \u00c1baco-T\u00e4nzern beim \u00dcben des \u00c1baco-Tanzes [...]","og_url":"https:\/\/rueda.casino\/de\/rueda-strukturen-estructuras-de-rueda\/abaco-2\/praxis-abaco\/","og_site_name":"Rueda.Casino","article_publisher":"https:\/\/www.facebook.com\/ruedadotcasino","article_modified_time":"2025-08-13T11:01:03+00:00","og_image":[{"width":1360,"height":370,"url":"https:\/\/rueda.casino\/wp-content\/uploads\/2021\/03\/abaco-practice1.png","type":"image\/png"}],"twitter_card":"summary_large_image","twitter_misc":{"Gesch\u00e4tzte Lesezeit":"2\u00a0Minuten"},"schema":{"@context":"https:\/\/schema.org","@graph":[{"@type":"WebPage","@id":"https:\/\/rueda.casino\/de\/rueda-strukturen-estructuras-de-rueda\/abaco-2\/praxis-abaco\/","url":"https:\/\/rueda.casino\/de\/rueda-strukturen-estructuras-de-rueda\/abaco-2\/praxis-abaco\/","name":"Praxis \u00c1baco - Rueda.Casino","isPartOf":{"@id":"https:\/\/rueda.casino\/de\/#website"},"primaryImageOfPage":{"@id":"https:\/\/rueda.casino\/de\/rueda-strukturen-estructuras-de-rueda\/abaco-2\/praxis-abaco\/#primaryimage"},"image":{"@id":"https:\/\/rueda.casino\/de\/rueda-strukturen-estructuras-de-rueda\/abaco-2\/praxis-abaco\/#primaryimage"},"thumbnailUrl":"https:\/\/rueda.casino\/wp-content\/uploads\/2021\/03\/abaco-practice1.png","datePublished":"2021-03-27T10:36:54+00:00","dateModified":"2025-08-13T11:01:03+00:00","breadcrumb":{"@id":"https:\/\/rueda.casino\/de\/rueda-strukturen-estructuras-de-rueda\/abaco-2\/praxis-abaco\/#breadcrumb"},"inLanguage":"de","potentialAction":[{"@type":"ReadAction","target":["https:\/\/rueda.casino\/de\/rueda-strukturen-estructuras-de-rueda\/abaco-2\/praxis-abaco\/"]}]},{"@type":"ImageObject","inLanguage":"de","@id":"https:\/\/rueda.casino\/de\/rueda-strukturen-estructuras-de-rueda\/abaco-2\/praxis-abaco\/#primaryimage","url":"https:\/\/rueda.casino\/wp-content\/uploads\/2021\/03\/abaco-practice1.png","contentUrl":"https:\/\/rueda.casino\/wp-content\/uploads\/2021\/03\/abaco-practice1.png","width":1360,"height":370},{"@type":"BreadcrumbList","@id":"https:\/\/rueda.casino\/de\/rueda-strukturen-estructuras-de-rueda\/abaco-2\/praxis-abaco\/#breadcrumb","itemListElement":[{"@type":"ListItem","position":1,"name":"Home","item":"https:\/\/rueda.casino\/de\/heim\/"},{"@type":"ListItem","position":2,"name":"Rueda-Strukturen","item":"https:\/\/rueda.casino\/de\/rueda-strukturen-estructuras-de-rueda\/"},{"@type":"ListItem","position":3,"name":"\u00c1baco","item":"https:\/\/rueda.casino\/de\/rueda-strukturen-estructuras-de-rueda\/abaco-2\/"},{"@type":"ListItem","position":4,"name":"Praxis \u00c1baco"}]},{"@type":"WebSite","@id":"https:\/\/rueda.casino\/de\/#website","url":"https:\/\/rueda.casino\/de\/","name":"Rueda.Casino","description":"Educational rueda &amp; casino videos of high quality","publisher":{"@id":"https:\/\/rueda.casino\/de\/#organization"},"potentialAction":[{"@type":"SearchAction","target":{"@type":"EntryPoint","urlTemplate":"https:\/\/rueda.casino\/de\/?s={search_term_string}"},"query-input":{"@type":"PropertyValueSpecification","valueRequired":true,"valueName":"search_term_string"}}],"inLanguage":"de"},{"@type":"Organization","@id":"https:\/\/rueda.casino\/de\/#organization","name":"Rueda.Casino","url":"https:\/\/rueda.casino\/de\/","logo":{"@type":"ImageObject","inLanguage":"de","@id":"https:\/\/rueda.casino\/de\/#\/schema\/logo\/image\/","url":"https:\/\/rueda.casino\/wp-content\/uploads\/2018\/08\/cropped-rueda.casino-2-linje-weblogo.png","contentUrl":"https:\/\/rueda.casino\/wp-content\/uploads\/2018\/08\/cropped-rueda.casino-2-linje-weblogo.png","width":150,"height":51,"caption":"Rueda.Casino"},"image":{"@id":"https:\/\/rueda.casino\/de\/#\/schema\/logo\/image\/"},"sameAs":["https:\/\/www.facebook.com\/ruedadotcasino","https:\/\/www.instagram.com\/rueda.casino\/","https:\/\/www.youtube.com\/@rueda.casino"]}]}},"_links":{"self":[{"href":"https:\/\/rueda.casino\/de\/wp-json\/wp\/v2\/pages\/22712","targetHints":{"allow":["GET"]}}],"collection":[{"href":"https:\/\/rueda.casino\/de\/wp-json\/wp\/v2\/pages"}],"about":[{"href":"https:\/\/rueda.casino\/de\/wp-json\/wp\/v2\/types\/page"}],"author":[{"embeddable":true,"href":"https:\/\/rueda.casino\/de\/wp-json\/wp\/v2\/users\/2"}],"replies":[{"embeddable":true,"href":"https:\/\/rueda.casino\/de\/wp-json\/wp\/v2\/comments?post=22712"}],"version-history":[{"count":0,"href":"https:\/\/rueda.casino\/de\/wp-json\/wp\/v2\/pages\/22712\/revisions"}],"up":[{"embeddable":true,"href":"https:\/\/rueda.casino\/de\/wp-json\/wp\/v2\/pages\/23197"}],"wp:featuredmedia":[{"embeddable":true,"href":"https:\/\/rueda.casino\/de\/wp-json\/wp\/v2\/media\/22713"}],"wp:attachment":[{"href":"https:\/\/rueda.casino\/de\/wp-json\/wp\/v2\/media?parent=22712"}],"curies":[{"name":"wp","href":"https:\/\/api.w.org\/{rel}","templated":true}]}}