

    {"id":22765,"date":"2024-02-04T11:35:23","date_gmt":"2024-02-04T10:35:23","guid":{"rendered":"https:\/\/rueda.casino\/rueda-de-casino-weltrekorde\/"},"modified":"2025-08-13T12:46:50","modified_gmt":"2025-08-13T10:46:50","slug":"rueda-de-casino-weltrekorde","status":"publish","type":"page","link":"https:\/\/rueda.casino\/de\/rueda-de-casino-weltrekorde\/","title":{"rendered":"Rueda de casino Weltrekorde"},"content":{"rendered":"<p style=\"text-align: right\"><em>Bild von <a href=\"https:\/\/www.eluniversal.com\/venezuela\/144472\/venezuela-logra-nuevo-record-guinness-con-la-rueda-de-salsa-casino-mas-grande-del-mundo\" target=\"_blank\" rel=\"noopener\">www.eluniversal.com<\/a><\/em><\/p>\n<h1 style=\"text-align: right\">R\u00e9cords mundiales de rueda de casino<\/h1>\n<table>\n<tbody>\n<tr valign=\"top\">\n<td>\n<p><strong>Wussten Sie, dass es einen Guinness-Weltrekord f\u00fcr Rueda de Casino gibt?<\/strong><\/p>\n<h1>Guinness-Weltrekord<\/h1>\n<p>Seit Jahren konkurrieren mehrere Tanzorganisationen um die Herstellung der gr\u00f6\u00dften Rueda de Casino.<\/p>\n<p>Der neueste Rekord ist auf der <a href=\"https:\/\/www.guinnessworldrecords.com\/world-records\/largest-rueda-de-casino\" target=\"_blank\" rel=\"noopener\">Website von Guinness World Records<\/a> ver\u00f6ffentlicht. Darin hei\u00dft es, dass der aktuelle Rekord im November 2022 in Caracas, Venezuela, mit 1585 T\u00e4nzerinnen und T\u00e4nzern (oder 1595, je nach Quelle) aufgestellt wurde. <\/p>\n<p>Dies sind die aktuellsten Guinness-Rekorde (soweit wir wissen):  <\/p>\n<\/td>\n<td>\n<p><strong>\u00bfSab\u00edas que existe un R\u00e9cord Mundial Guinness de rueda de casino?<\/strong><\/p>\n<h1>R\u00e9cord Guinness mundial<\/h1>\n<p>Durante a\u00f1os, varias organizaciones de baile han competido por hacer la rueda de casino m\u00e1s grande.<\/p>\n<p>El \u00faltimo r\u00e9cord est\u00e1 publicado en <a href=\"https:\/\/www.guinnessworldrecords.com\/world-records\/largest-rueda-de-casino\" target=\"_blank\" rel=\"noopener\">el sitio web de Guinness World Record<\/a>. En \u00e9l se dice que el r\u00e9cord actual se estableci\u00f3 en Caracas, Venezuela, en noviembre de 2022 con 1585 bailarines (o 1595, seg\u00fan la fuente). <\/p>\n<p>Estos son los \u00faltimos r\u00e9cords Guinness (hasta donde sabemos):<\/p>\n<\/td>\n<\/tr>\n<\/tbody>\n<\/table>\n<p>.<\/p>\n<ul>\n<li>2022 &#8211; <a href=\"https:\/\/www.news18.com\/news\/world\/2040-venezuelan-dancers-attempt-to-set-new-world-record-for-largest-salsa-casino-circle-dance-6505081.html\" target=\"_blank\" rel=\"noopener\">Caracas, Venezuela<\/a> (<span style=\"text-decoration: underline\"><strong><a href=\"https:\/\/www.youtube.com\/watch?v=Iuix1mR4aUQ\" target=\"_blank\" rel=\"noopener\">Video<\/a><\/strong><\/span>) &#8211; <strong>1585<\/strong> T\u00e4nzer\/Bailadores, <a href=\"https:\/\/www.instagram.com\/retomandoelson\/\" target=\"_blank\" rel=\"noopener\"><span style=\"text-decoration: underline\">Retomando el Son<\/span><\/a><\/li>\n<li>2019 &#8211; <a href=\"https:\/\/www.soldelsurtenerife.com\/articulo\/candelaria\/candelaria-record-guinness-tiempo-bailando-modalidad-rueda-casino\/20180606122017030616.html\" target=\"_blank\" rel=\"noopener\">Candelaria, Teneriffa, Spanien\/Espa\u00f1a<\/a> (<a href=\"https:\/\/www.youtube.com\/watch?v=eeWPmUzmAEg\" target=\"_blank\" rel=\"noopener\"><strong><span style=\"text-decoration: underline\">Video<\/span><\/strong><\/a>) &#8211; <strong>1250<\/strong> T\u00e4nzer\/Bailadores, Cubaneando por Candelaria<\/li>\n<li>2014 &#8211; <a href=\"http:\/\/greece.greekreporter.com\/2014\/06\/02\/thessaloniki-breaks-rueda-de-casino-guinness-world-record\/\" target=\"_blank\" rel=\"noopener\">Thessaloniki, Griechenland\/Griechenland<\/a> (<strong><a href=\"https:\/\/www.youtube.com\/watch?v=P7Nvq2yA65w\" target=\"_blank\" rel=\"noopener\"><span style=\"text-decoration: underline\">Video<\/span><\/a><\/strong>) &#8211; <strong>1102<\/strong> T\u00e4nzer\/Bailadores, Danza Fuerte<\/li>\n<li>2010 &#8211; <a href=\"http:\/\/greece.greekreporter.com\/2014\/06\/02\/thessaloniki-breaks-rueda-de-casino-guinness-world-record\/\" target=\"_blank\" rel=\"noopener\">Mailand, Italien\/Italia<\/a> (<strong><a href=\"https:\/\/www.youtube.com\/watch?v=9ri8NWE54v8\" target=\"_blank\" rel=\"noopener\"><span style=\"text-decoration: underline\">Video<\/span><\/a><\/strong>) &#8211; <strong>708<\/strong> T\u00e4nzer\/Bailadores, <a href=\"https:\/\/www.ballacolsorriso.it\/\" target=\"_blank\" rel=\"noopener\"><span style=\"text-decoration: underline\">Balla col Sorriso<\/span><\/a><\/li>\n<\/ul>\n<p>.<\/p>\n<p><div class=\"video-shortcode\"><iframe title=\"R\u00e9cord Mundial Guinness &quot;LA RUEDA DE CASINO M\u00c1S GRANDE DEL MUNDO&quot; Venezuela 2022 \/ Retomando el Son\" width=\"1200\" height=\"675\" src=\"https:\/\/www.youtube.com\/embed\/Iuix1mR4aUQ?feature=oembed\" frameborder=\"0\" allow=\"accelerometer; autoplay; clipboard-write; encrypted-media; gyroscope; picture-in-picture; web-share\" referrerpolicy=\"strict-origin-when-cross-origin\" allowfullscreen><\/iframe><\/div><\/p>\n<p>.<\/p>\n<table>\n<tbody>\n<tr valign=\"top\">\n<td>\n<h1>Neue Weltrekorde  <\/h1>\n<p>5. Mai 2024<\/p>\n<p>Die Kubaner haben nun Geschichte geschrieben, indem sie 2 neue Weltrekorde aufgestellt haben, indem sie Rueda de Casino gleichzeitig in verschiedenen Provinzen Kubas getanzt haben:<\/p>\n<ul>\n<li>2946 Personen tanzen gleichzeitig in Rueda<\/li>\n<li>142 Ruedas tanzen gleichzeitig<\/li>\n<\/ul>\n<p>Gastgeber der Veranstaltung war das Projekt <strong>Retomando el Son Bailando Casino <\/strong>(<strong><a href=\"https:\/\/www.instagram.com\/retomandoelson\/\" target=\"_blank\" rel=\"noopener\">Instagram<\/a> <\/strong>| <strong><a href=\"https:\/\/www.youtube.com\/@retomandoelsonbailandocasino\" target=\"_blank\" rel=\"noopener\">YouTube<\/a><\/strong>) mit den wichtigsten Organisatoren:<\/p>\n<ul>\n<li><a href=\"https:\/\/www.facebook.com\/luisllamocastillo\" target=\"_blank\" rel=\"noopener\">Luis Llamo Castillo<\/a>, Direktor von Retomando el Son<\/li>\n<li><a href=\"https:\/\/www.facebook.com\/jlunaroque\" target=\"_blank\" rel=\"noopener\">Jorge Roque Luna<\/a>, Direktor der Compa\u00f1ia All Stars aus Santiago de Cuba<\/li>\n<\/ul>\n<p><a name=\"prep\"><\/a><\/p>\n<\/td>\n<td>\n<h1>Nuevos r\u00e9cords mundiales<\/h1>\n<p>5 de mayo de 2024<\/p>\n<p>Los cubanos ahora han hecho historia al establecer dos nuevos r\u00e9cords mundiales, bailando rueda de casino simult\u00e1neamente en diferentes provincias de Cuba:<\/p>\n<ul>\n<li>2946 personas bailando rueda simult\u00e1neamente<\/li>\n<li>142 ruedas bailando simult\u00e1neamente<\/li>\n<\/ul>\n<p>El evento fue organizado por el <strong>proyecto Retomando el Son Bailando Casino<\/strong> (<strong><a href=\"https:\/\/www.instagram.com\/retomandoelson\/\" target=\"_blank\" rel=\"noopener\">Instagram<\/a> <\/strong>| <strong><a href=\"https:\/\/www.youtube.com\/@retomandoelsonbailandocasino\" target=\"_blank\" rel=\"noopener\">YouTube<\/a><\/strong>), con los organizadores principales:<\/p>\n<ul>\n<li><a href=\"https:\/\/www.facebook.com\/luisllamocastillo\" target=\"_blank\" rel=\"noopener\">Luis Llamo Castillo<\/a>, Regisseur de Retomando el Son<\/li>\n<li><a href=\"https:\/\/www.facebook.com\/jlunaroque\" target=\"_blank\" rel=\"noopener\">Jorge Roque Luna<\/a>, Direktor von Compa\u00f1ia All Stars de Santiago de Cuba<\/li>\n<\/ul>\n<\/td>\n<\/tr>\n<\/tbody>\n<\/table>\n<p>.<\/p>\n<p><div class=\"video-shortcode\"><iframe title=\"Record Mundial de Ruedas de Casino en vivo desde La Habana Cuba\" width=\"1200\" height=\"675\" src=\"https:\/\/www.youtube.com\/embed\/ivAL2dF2glE?feature=oembed\" frameborder=\"0\" allow=\"accelerometer; autoplay; clipboard-write; encrypted-media; gyroscope; picture-in-picture; web-share\" referrerpolicy=\"strict-origin-when-cross-origin\" allowfullscreen><\/iframe><\/div><\/p>\n<p style=\"text-align: center\">Vom kubanischen Kulturministerium (5. Mai 2024)<br \/><em>Del Ministerio de Cultura de Cuba (5 de mayo 2024)<\/em><\/p>\n<p>.<\/p>\n<h1>Aus den Vorbereitungen<\/h1>\n<h1 style=\"text-align: right\">De los preparativos<\/h1>\n<p>&nbsp;<\/p>\n<p>https:\/\/www.facebook.com\/100000294088644\/videos\/969301754706792\/<\/p>\n<p>https:\/\/www.facebook.com\/watch\/?v=1395299184639718&#038;ref=sharing<\/p>\n<div dir=\"auto\" style=\"text-align: center\">Von Santiago de Cuba, Sonntag (5. Mai 2024)<br \/><em>De Santiago de Cuba (5 de mayo 2024)<\/em><\/div>\n<div dir=\"auto\">.<\/div>\n<p>https:\/\/www.facebook.com\/100000294088644\/videos\/312616665047360\/<\/p>\n<div dir=\"auto\" style=\"text-align: center\">Aufruf zum Treffen auf der Plaza Ferreiro in Santiago de Cuba, Sonntag, 5. Mai, 16 Uhr. <br \/>f\u00fcr den nationalen Simultan-Weltrekordversuch (2. Mai 2024)<br \/> .<\/div>\n<div dir=\"auto\" style=\"text-align: center\"><em>Domingo 5 de mayo a las 4pm es la cita en la Plaza Ferreiro, Santiago de Cuba, <\/em><br \/><em>para la Simult\u00e1nea Nacional Rumbo al R\u00e9cord Mundial (2 de mayo de 2024)<\/em><\/div>\n<p><em>.<\/em><\/p>\n<p>https:\/\/www.facebook.com\/100000294088644\/videos\/3307276152909622\/<\/p>\n<p style=\"text-align: center\">Vorbereitungen in Holgu\u00edn, Kuba (7. Februar 2024)<em><br \/>Preparativos en Holgu\u00edn, Kuba (7. Februar 2024)<\/em><\/p>\n<p>.<\/p>\n<p>https:\/\/www.facebook.com\/kubasoy\/videos\/1602127613885795\/<\/p>\n<p style=\"text-align: center\">Nachrichtenberichterstattung (4. Februar 2024)<em><br \/>Reportaje de noticias (4 de febrero de 2024)<\/em><\/p>\n<p><em>.<\/em><\/p>\n<p>https:\/\/www.facebook.com\/100000294088644\/videos\/712914264283024\/<\/p>\n<p style=\"text-align: center\"><em><span style=\"color: initial\">Vorbereitungen in Santiago de Cuba (3. Februar 2024)<br \/>Preparativos en Santiago de Cuba (3 de febrero de 2024)<br \/><\/span><\/em><\/p>\n<p>.<\/p>\n<p><div class=\"video-shortcode\"><iframe title=\"CUBA RUMBO A LA MEGA RUEDA DE CASINO M\u00c1S GRANDE. DIA DEL SON CUBANO. RETOMANDO EL SON\" width=\"1200\" height=\"675\" src=\"https:\/\/www.youtube.com\/embed\/owgsrAbeQVw?feature=oembed\" frameborder=\"0\" allow=\"accelerometer; autoplay; clipboard-write; encrypted-media; gyroscope; picture-in-picture; web-share\" referrerpolicy=\"strict-origin-when-cross-origin\" allowfullscreen><\/iframe><\/div><\/p>\n<p style=\"text-align: center\">Aus dem Projekt Retomando el Son Bailando Casino (7. Mai 2023)<em><br \/>Del proyecto Retomando el Son Bailando Casino (7 de mayo de 2023)<\/em><\/p>\n<p><em>.<\/em><\/p>\n<p><div class=\"video-shortcode\"><iframe title=\"Rueda de Casino Gigante,  482 parejas bailando en La Habana\" width=\"1200\" height=\"675\" src=\"https:\/\/www.youtube.com\/embed\/AZZ_xbAHw64?feature=oembed\" frameborder=\"0\" allow=\"accelerometer; autoplay; clipboard-write; encrypted-media; gyroscope; picture-in-picture; web-share\" referrerpolicy=\"strict-origin-when-cross-origin\" allowfullscreen><\/iframe><\/div><\/p>\n<p class=\"style-scope ytd-watch-metadata\" style=\"text-align: center\">Gigantische Rueda de Casino, 964 T\u00e4nzer im La Piragua, Havanna, Kuba (2015), <br \/>In <a href=\"https:\/\/www.cibercuba.com\/noticias\/2023-09-29-u199370-e199370-s27315-preparan-cuba-ensayo-romper-record-guinness-rueda-casino\" target=\"_blank\" rel=\"noopener\">den Nachrichten \u00fcber den neuen Rekordversuch (29. September 2023)<\/a><\/p>\n<p class=\"style-scope ytd-watch-metadata\" style=\"text-align: center\"><em>Rueda de casino gigante, 964 bailarines en la Piragua, La Habana, Kuba (2015), <br \/>referido en <a href=\"http:\/\/Rueda%20de%20casino%20gigante,%20964%20bailarines%20en%20la%20Piragua,%20La%20Habana,%20Cuba%20(2015),%20referido%20en%20la%20noticia%20sobre%20el%20nuevo%20intento%20de%20r%C3%A9cord%20(29%20de%20septiembre%20de%202023):\" target=\"_blank\" rel=\"noopener\">la noticia sobre el nuevo intento de r\u00e9cord (29 de septiembre de 2023)<\/a><\/em><\/p>\n<p class=\"style-scope ytd-watch-metadata\">.<\/p>\n<p><a name=\"esp\"><\/a><\/p>\n<hr>\n<p>&nbsp;<\/p>\n<p>.<\/p>\n&#13;\n<p>\u00a0<\/p>&#13;\n","protected":false},"excerpt":{"rendered":"<p>Bild von www.eluniversal.com R\u00e9cords mundiales de rueda de casino Wussten  [&#8230;]<\/p>\n","protected":false},"author":2,"featured_media":0,"parent":0,"menu_order":0,"comment_status":"closed","ping_status":"closed","template":"","meta":{"_acf_changed":false,"content-type":"","footnotes":""},"class_list":["post-22765","page","type-page","status-publish","hentry"],"acf":[],"yoast_head":"<!-- This site is optimized with the Yoast SEO plugin v27.5 - https:\/\/yoast.com\/product\/yoast-seo-wordpress\/ -->\n<title>Rueda de casino Weltrekorde - Rueda.Casino<\/title>\n<meta name=\"robots\" content=\"index, follow, max-snippet:-1, max-image-preview:large, max-video-preview:-1\" \/>\n<link rel=\"canonical\" href=\"https:\/\/rueda.casino\/de\/rueda-de-casino-weltrekorde\/\" \/>\n<meta property=\"og:locale\" content=\"de_DE\" \/>\n<meta property=\"og:type\" content=\"article\" \/>\n<meta property=\"og:title\" content=\"Rueda de casino Weltrekorde - Rueda.Casino\" \/>\n<meta property=\"og:description\" content=\"Bild von www.eluniversal.com R\u00e9cords mundiales de rueda de casino Wussten [...]\" \/>\n<meta property=\"og:url\" content=\"https:\/\/rueda.casino\/de\/rueda-de-casino-weltrekorde\/\" \/>\n<meta property=\"og:site_name\" content=\"Rueda.Casino\" \/>\n<meta property=\"article:publisher\" content=\"https:\/\/www.facebook.com\/ruedadotcasino\" \/>\n<meta property=\"article:modified_time\" content=\"2025-08-13T10:46:50+00:00\" \/>\n<meta name=\"twitter:card\" content=\"summary_large_image\" \/>\n<meta name=\"twitter:label1\" content=\"Gesch\u00e4tzte Lesezeit\" \/>\n\t<meta name=\"twitter:data1\" content=\"3\u00a0Minuten\" \/>\n<script type=\"application\/ld+json\" class=\"yoast-schema-graph\">{\"@context\":\"https:\\\/\\\/schema.org\",\"@graph\":[{\"@type\":\"WebPage\",\"@id\":\"https:\\\/\\\/rueda.casino\\\/de\\\/rueda-de-casino-weltrekorde\\\/\",\"url\":\"https:\\\/\\\/rueda.casino\\\/de\\\/rueda-de-casino-weltrekorde\\\/\",\"name\":\"Rueda de casino Weltrekorde - Rueda.Casino\",\"isPartOf\":{\"@id\":\"https:\\\/\\\/rueda.casino\\\/de\\\/#website\"},\"datePublished\":\"2024-02-04T10:35:23+00:00\",\"dateModified\":\"2025-08-13T10:46:50+00:00\",\"breadcrumb\":{\"@id\":\"https:\\\/\\\/rueda.casino\\\/de\\\/rueda-de-casino-weltrekorde\\\/#breadcrumb\"},\"inLanguage\":\"de\",\"potentialAction\":[{\"@type\":\"ReadAction\",\"target\":[\"https:\\\/\\\/rueda.casino\\\/de\\\/rueda-de-casino-weltrekorde\\\/\"]}]},{\"@type\":\"BreadcrumbList\",\"@id\":\"https:\\\/\\\/rueda.casino\\\/de\\\/rueda-de-casino-weltrekorde\\\/#breadcrumb\",\"itemListElement\":[{\"@type\":\"ListItem\",\"position\":1,\"name\":\"Home\",\"item\":\"https:\\\/\\\/rueda.casino\\\/de\\\/heim\\\/\"},{\"@type\":\"ListItem\",\"position\":2,\"name\":\"Rueda de casino Weltrekorde\"}]},{\"@type\":\"WebSite\",\"@id\":\"https:\\\/\\\/rueda.casino\\\/de\\\/#website\",\"url\":\"https:\\\/\\\/rueda.casino\\\/de\\\/\",\"name\":\"Rueda.Casino\",\"description\":\"Educational rueda &amp; casino videos of high quality\",\"publisher\":{\"@id\":\"https:\\\/\\\/rueda.casino\\\/de\\\/#organization\"},\"potentialAction\":[{\"@type\":\"SearchAction\",\"target\":{\"@type\":\"EntryPoint\",\"urlTemplate\":\"https:\\\/\\\/rueda.casino\\\/de\\\/?s={search_term_string}\"},\"query-input\":{\"@type\":\"PropertyValueSpecification\",\"valueRequired\":true,\"valueName\":\"search_term_string\"}}],\"inLanguage\":\"de\"},{\"@type\":\"Organization\",\"@id\":\"https:\\\/\\\/rueda.casino\\\/de\\\/#organization\",\"name\":\"Rueda.Casino\",\"url\":\"https:\\\/\\\/rueda.casino\\\/de\\\/\",\"logo\":{\"@type\":\"ImageObject\",\"inLanguage\":\"de\",\"@id\":\"https:\\\/\\\/rueda.casino\\\/de\\\/#\\\/schema\\\/logo\\\/image\\\/\",\"url\":\"https:\\\/\\\/rueda.casino\\\/wp-content\\\/uploads\\\/2018\\\/08\\\/cropped-rueda.casino-2-linje-weblogo.png\",\"contentUrl\":\"https:\\\/\\\/rueda.casino\\\/wp-content\\\/uploads\\\/2018\\\/08\\\/cropped-rueda.casino-2-linje-weblogo.png\",\"width\":150,\"height\":51,\"caption\":\"Rueda.Casino\"},\"image\":{\"@id\":\"https:\\\/\\\/rueda.casino\\\/de\\\/#\\\/schema\\\/logo\\\/image\\\/\"},\"sameAs\":[\"https:\\\/\\\/www.facebook.com\\\/ruedadotcasino\",\"https:\\\/\\\/www.instagram.com\\\/rueda.casino\\\/\",\"https:\\\/\\\/www.youtube.com\\\/@rueda.casino\"]}]}<\/script>\n<!-- \/ Yoast SEO plugin. -->","yoast_head_json":{"title":"Rueda de casino Weltrekorde - Rueda.Casino","robots":{"index":"index","follow":"follow","max-snippet":"max-snippet:-1","max-image-preview":"max-image-preview:large","max-video-preview":"max-video-preview:-1"},"canonical":"https:\/\/rueda.casino\/de\/rueda-de-casino-weltrekorde\/","og_locale":"de_DE","og_type":"article","og_title":"Rueda de casino Weltrekorde - Rueda.Casino","og_description":"Bild von www.eluniversal.com R\u00e9cords mundiales de rueda de casino Wussten [...]","og_url":"https:\/\/rueda.casino\/de\/rueda-de-casino-weltrekorde\/","og_site_name":"Rueda.Casino","article_publisher":"https:\/\/www.facebook.com\/ruedadotcasino","article_modified_time":"2025-08-13T10:46:50+00:00","twitter_card":"summary_large_image","twitter_misc":{"Gesch\u00e4tzte Lesezeit":"3\u00a0Minuten"},"schema":{"@context":"https:\/\/schema.org","@graph":[{"@type":"WebPage","@id":"https:\/\/rueda.casino\/de\/rueda-de-casino-weltrekorde\/","url":"https:\/\/rueda.casino\/de\/rueda-de-casino-weltrekorde\/","name":"Rueda de casino Weltrekorde - Rueda.Casino","isPartOf":{"@id":"https:\/\/rueda.casino\/de\/#website"},"datePublished":"2024-02-04T10:35:23+00:00","dateModified":"2025-08-13T10:46:50+00:00","breadcrumb":{"@id":"https:\/\/rueda.casino\/de\/rueda-de-casino-weltrekorde\/#breadcrumb"},"inLanguage":"de","potentialAction":[{"@type":"ReadAction","target":["https:\/\/rueda.casino\/de\/rueda-de-casino-weltrekorde\/"]}]},{"@type":"BreadcrumbList","@id":"https:\/\/rueda.casino\/de\/rueda-de-casino-weltrekorde\/#breadcrumb","itemListElement":[{"@type":"ListItem","position":1,"name":"Home","item":"https:\/\/rueda.casino\/de\/heim\/"},{"@type":"ListItem","position":2,"name":"Rueda de casino Weltrekorde"}]},{"@type":"WebSite","@id":"https:\/\/rueda.casino\/de\/#website","url":"https:\/\/rueda.casino\/de\/","name":"Rueda.Casino","description":"Educational rueda &amp; casino videos of high quality","publisher":{"@id":"https:\/\/rueda.casino\/de\/#organization"},"potentialAction":[{"@type":"SearchAction","target":{"@type":"EntryPoint","urlTemplate":"https:\/\/rueda.casino\/de\/?s={search_term_string}"},"query-input":{"@type":"PropertyValueSpecification","valueRequired":true,"valueName":"search_term_string"}}],"inLanguage":"de"},{"@type":"Organization","@id":"https:\/\/rueda.casino\/de\/#organization","name":"Rueda.Casino","url":"https:\/\/rueda.casino\/de\/","logo":{"@type":"ImageObject","inLanguage":"de","@id":"https:\/\/rueda.casino\/de\/#\/schema\/logo\/image\/","url":"https:\/\/rueda.casino\/wp-content\/uploads\/2018\/08\/cropped-rueda.casino-2-linje-weblogo.png","contentUrl":"https:\/\/rueda.casino\/wp-content\/uploads\/2018\/08\/cropped-rueda.casino-2-linje-weblogo.png","width":150,"height":51,"caption":"Rueda.Casino"},"image":{"@id":"https:\/\/rueda.casino\/de\/#\/schema\/logo\/image\/"},"sameAs":["https:\/\/www.facebook.com\/ruedadotcasino","https:\/\/www.instagram.com\/rueda.casino\/","https:\/\/www.youtube.com\/@rueda.casino"]}]}},"_links":{"self":[{"href":"https:\/\/rueda.casino\/de\/wp-json\/wp\/v2\/pages\/22765","targetHints":{"allow":["GET"]}}],"collection":[{"href":"https:\/\/rueda.casino\/de\/wp-json\/wp\/v2\/pages"}],"about":[{"href":"https:\/\/rueda.casino\/de\/wp-json\/wp\/v2\/types\/page"}],"author":[{"embeddable":true,"href":"https:\/\/rueda.casino\/de\/wp-json\/wp\/v2\/users\/2"}],"replies":[{"embeddable":true,"href":"https:\/\/rueda.casino\/de\/wp-json\/wp\/v2\/comments?post=22765"}],"version-history":[{"count":0,"href":"https:\/\/rueda.casino\/de\/wp-json\/wp\/v2\/pages\/22765\/revisions"}],"wp:attachment":[{"href":"https:\/\/rueda.casino\/de\/wp-json\/wp\/v2\/media?parent=22765"}],"curies":[{"name":"wp","href":"https:\/\/api.w.org\/{rel}","templated":true}]}}