

    {"id":23132,"date":"2018-07-31T18:56:02","date_gmt":"2018-07-31T16:56:02","guid":{"rendered":"https:\/\/rueda.casino\/rueda-kombi\/"},"modified":"2025-08-13T13:03:18","modified_gmt":"2025-08-13T11:03:18","slug":"rueda-kombi","status":"publish","type":"page","link":"https:\/\/rueda.casino\/de\/rueda-strukturen-estructuras-de-rueda\/rueda-kombi\/","title":{"rendered":"Rueda-Kombi"},"content":{"rendered":"<div class=\"fusion-fullwidth fullwidth-box fusion-builder-row-1 fusion-flex-container nonhundred-percent-fullwidth non-hundred-percent-height-scrolling\" style=\"--awb-border-radius-top-left:0px;--awb-border-radius-top-right:0px;--awb-border-radius-bottom-right:0px;--awb-border-radius-bottom-left:0px;--awb-flex-wrap:wrap;\" ><div class=\"fusion-builder-row fusion-row fusion-flex-align-items-flex-start fusion-flex-content-wrap\" style=\"max-width:1248px;margin-left: calc(-4% \/ 2 );margin-right: calc(-4% \/ 2 );\"><div class=\"fusion-layout-column fusion_builder_column fusion-builder-column-0 fusion_builder_column_1_2 1_2 fusion-flex-column\" style=\"--awb-bg-size:cover;--awb-width-large:50%;--awb-margin-top-large:0px;--awb-spacing-right-large:3.84%;--awb-margin-bottom-large:0px;--awb-spacing-left-large:3.84%;--awb-width-medium:50%;--awb-spacing-right-medium:3.84%;--awb-spacing-left-medium:3.84%;--awb-width-small:100%;--awb-spacing-right-small:1.92%;--awb-spacing-left-small:1.92%;\"><div class=\"fusion-column-wrapper fusion-flex-justify-content-flex-start fusion-content-layout-column\"><div class=\"fusion-title title fusion-title-1 sep-underline sep-solid fusion-title-text fusion-title-size-two\" style=\"--awb-margin-top-small:10px;--awb-margin-right-small:0px;--awb-margin-bottom-small:10px;--awb-margin-left-small:0px;--awb-sep-color:var(--awb-color6);\"><h2 class=\"fusion-title-heading title-heading-left fusion-responsive-typography-calculated\" style=\"font-family:&quot;Work Sans&quot;;font-style:normal;font-weight:400;margin:0;text-transform:uppercase;--fontSize:25;line-height:var(--awb-typography1-line-height);\">Rueda-Kombi<\/h2><\/div><div class=\"fusion-text fusion-text-1\"><p><b>Rueda Combo<\/b> ist ein Oberbegriff f\u00fcr die gleichzeitige Kombination verschiedener Rueda-Strukturen.<\/p>\n<p>Eine Rueda-Combo besteht typischerweise aus zwei (oder mehr) Kreisen, einer ineinander und der innere Kreis tanzt por fuera. Einer oder beide Kreise k\u00f6nnen zu rueda espejo, rueda contratiempo oder einer anderen Grundstruktur wechseln. Ein weiteres m\u00f6gliches Combo-Setup besteht darin, 3 Kreise und vielleicht auch ein \u00c1baco im Inneren zu haben. Der zweite Kreis kann por fuera oder espejo tanzen, um eine Herausforderung hinzuzuf\u00fcgen.   <\/p>\n<\/div><div class=\"fusion-title title fusion-title-2 sep-underline sep-solid fusion-title-text fusion-title-size-three\" style=\"--awb-margin-top-small:10px;--awb-margin-right-small:0px;--awb-margin-bottom-small:10px;--awb-margin-left-small:0px;--awb-sep-color:var(--awb-color6);\"><h3 class=\"fusion-title-heading title-heading-left fusion-responsive-typography-calculated\" style=\"font-family:&quot;Work Sans&quot;;font-style:normal;font-weight:400;margin:0;text-transform:uppercase;--fontSize:20;line-height:var(--awb-typography1-line-height);\">Zwei Kreise<\/h3><\/div><div class=\"fusion-text fusion-text-2\"><p>Bei zwei Kreisen ist es auch m\u00f6glich, den beiden Kreisen unterschiedliche Befehle zu erteilen, indem man die Kreise als&nbsp;<em>Interieur <\/em>und&nbsp;<em>Au\u00dfenbereich<\/em>. Einige M\u00f6glichkeiten sind: <\/p>\n<ul>\n<li>Aufrufen eines Befehls nur auf einen der Kreise, d.h. <em>\u00c4u\u00dferes un fly<\/em><\/li>\n<li>Aufrufen verschiedener Befehle f\u00fcr die beiden Kreise, d.h. <em>exterior Tumba Francesa, interior familia<\/em><\/li>\n<li>Ein Kommando mit leichten Variationen der beiden Kreise, d.h. <em>Festival de Pelota, Exterior con Vuelta<\/em><\/li>\n<\/ul>\n<\/div><div class=\"fusion-title title fusion-title-3 sep-underline sep-solid fusion-title-text fusion-title-size-three\" style=\"--awb-margin-top:40px;--awb-margin-top-small:10px;--awb-margin-right-small:0px;--awb-margin-bottom-small:10px;--awb-margin-left-small:0px;--awb-sep-color:var(--awb-color6);\"><h3 class=\"fusion-title-heading title-heading-left fusion-responsive-typography-calculated\" style=\"font-family:&quot;Work Sans&quot;;font-style:normal;font-weight:400;margin:0;text-transform:uppercase;--fontSize:20;line-height:var(--awb-typography1-line-height);\">Sozialer Nutzen<\/h3><\/div><div class=\"fusion-text fusion-text-3\"><p>Die Rueda-Kombination hat einen sozialen Aspekt. Die Idee ist, dass die Regeln nicht komplizierter sein sollten als das, was Rueda-T\u00e4nzer spontan aufschnappen k\u00f6nnen, ohne andere spezifische Kenntnisse als die der grundlegenden sozialen Rueda-Strukturen. <\/p>\n<p>Ein sehr sch\u00f6ner Vorteil der Rueda-Combo in einem sozialen Umfeld ist, dass man die erfahreneren T\u00e4nzer in einem Kreis haben und dem Zirkel mehr Komplexit\u00e4t verleihen kann. Auf diese Weise k\u00f6nnen alle zusammen tanzen und gleichzeitig eine Herausforderung haben, zum Beispiel, wenn der innere Kreis espejo + por fuera tanzt und der \u00e4u\u00dfere Kreis regul\u00e4r Rueda de casino tanzt.<\/p>\n<\/div><div class=\"fusion-title title fusion-title-4 sep-underline sep-solid fusion-title-text fusion-title-size-three\" style=\"--awb-margin-top:40px;--awb-margin-top-small:10px;--awb-margin-right-small:0px;--awb-margin-bottom-small:10px;--awb-margin-left-small:0px;--awb-sep-color:var(--awb-color6);\"><h3 class=\"fusion-title-heading title-heading-left fusion-responsive-typography-calculated\" style=\"font-family:&quot;Work Sans&quot;;font-style:normal;font-weight:400;margin:0;text-transform:uppercase;--fontSize:20;line-height:var(--awb-typography1-line-height);\">Ursprung<\/h3><\/div><div class=\"fusion-text fusion-text-4\"><p>W\u00e4hrend verschiedene Kombinationen von Kreisen von verschiedenen Personen untersucht wurden, war die erste strukturelle Verwendung dieses Konsepts, von der wir wissen, bei der SalsaNor Rueda Kongressparty im Jahr 2012 in Aarhus, wo mehrere Strukturen gleichzeitig verwendet wurden, auf die Aufrufe von Bernt Rygg. Seitdem steht sie jedes Jahr auf dem Parteiprogramm des Kongresses. <\/p>\n<p>Rueda combo wurde 2014 am SalsaNor Rueda Kongress von Bernt Rygg zum ersten Mal in Stavanger unterrichtet, wo es darum ging, die Kreise f\u00fcr die F\u00fchrenden zu tauschen.<\/p>\n<\/div><\/div><\/div><div class=\"fusion-layout-column fusion_builder_column fusion-builder-column-1 fusion_builder_column_1_2 1_2 fusion-flex-column\" style=\"--awb-bg-size:cover;--awb-width-large:50%;--awb-margin-top-large:0px;--awb-spacing-right-large:3.84%;--awb-margin-bottom-large:0px;--awb-spacing-left-large:3.84%;--awb-width-medium:50%;--awb-spacing-right-medium:3.84%;--awb-spacing-left-medium:3.84%;--awb-width-small:100%;--awb-spacing-right-small:1.92%;--awb-spacing-left-small:1.92%;\"><div class=\"fusion-column-wrapper fusion-flex-justify-content-flex-start fusion-content-layout-column\"><div class=\"fusion-image-element \" style=\"--awb-margin-bottom:20px;--awb-caption-title-font-family:var(--h2_typography-font-family);--awb-caption-title-font-weight:var(--h2_typography-font-weight);--awb-caption-title-font-style:var(--h2_typography-font-style);--awb-caption-title-size:var(--h2_typography-font-size);--awb-caption-title-transform:var(--h2_typography-text-transform);--awb-caption-title-line-height:var(--h2_typography-line-height);--awb-caption-title-letter-spacing:var(--h2_typography-letter-spacing);\"><span class=\" fusion-imageframe imageframe-none imageframe-1 hover-type-none\"><img decoding=\"async\" width=\"1977\" height=\"1998\" title=\"Rueda combo &#8211; classic &#8211; wp\" src=\"data:image\/svg+xml,%3Csvg%20xmlns%3D%27http%3A%2F%2Fwww.w3.org%2F2000%2Fsvg%27%20width%3D%271977%27%20height%3D%271998%27%20viewBox%3D%270%200%201977%201998%27%3E%3Crect%20width%3D%271977%27%20height%3D%271998%27%20fill-opacity%3D%220%22%2F%3E%3C%2Fsvg%3E\" data-orig-src=\"https:\/\/rueda.casino\/wp-content\/uploads\/2018\/07\/Rueda-combo-classic-wp.png\" alt class=\"lazyload img-responsive wp-image-23133\"\/><\/span><\/div><div class=\"fusion-title title fusion-title-5 sep-underline sep-solid fusion-title-text fusion-title-size-four\" style=\"--awb-margin-top:40px;--awb-margin-top-small:10px;--awb-margin-right-small:0px;--awb-margin-bottom-small:10px;--awb-margin-left-small:0px;--awb-sep-color:var(--awb-color6);\"><h4 class=\"fusion-title-heading title-heading-left fusion-responsive-typography-calculated\" style=\"font-family:&quot;Work Sans&quot;;font-style:normal;font-weight:400;margin:0;text-transform:uppercase;--fontSize:18;line-height:var(--awb-typography1-line-height);\">Beispiele<\/h4><\/div><ul style=\"--awb-line-height:27.2px;--awb-icon-width:27.2px;--awb-icon-height:27.2px;--awb-icon-margin:11.2px;--awb-content-margin:38.4px;--awb-circlecolor:var(--awb-color7);--awb-circle-yes-font-size:14.08px;\" class=\"fusion-checklist fusion-checklist-1 fusion-checklist-default type-icons\"><li class=\"fusion-li-item\" style=\"\"><span class=\"icon-wrapper circle-yes\"><i class=\"fusion-li-icon fa-chevron-circle-right fas\" aria-hidden=\"true\"><\/i><\/span><div class=\"fusion-li-item-content\">\n<p><strong>2 Kreise:<\/strong><br \/>Innenbereich: Rueda por Fuera<br \/>Au\u00dfenbereich: Rueda de Casino<\/p>\n<\/div><\/li><li class=\"fusion-li-item\" style=\"\"><span class=\"icon-wrapper circle-yes\"><i class=\"fusion-li-icon fa-chevron-circle-right fas\" aria-hidden=\"true\"><\/i><\/span><div class=\"fusion-li-item-content\">\n<p><strong>2 Kreise + \u00c1baco innen:<\/strong><br \/>Centro: \u00c1baco<br \/>Innenbereich: Rueda de Casino<br \/>Au\u00dfenbereich: Rueda de Casino<\/p>\n<\/div><\/li><li class=\"fusion-li-item\" style=\"\"><span class=\"icon-wrapper circle-yes\"><i class=\"fusion-li-icon fa-chevron-circle-right fas\" aria-hidden=\"true\"><\/i><\/span><div class=\"fusion-li-item-content\">\n<p><strong>3 Kreise:<\/strong><br \/>Innenraum: Rueda con dos Mujeres<br \/>Au\u00dfenbereich 1: Rueda por Fuera (oder Rueda Espejo)<br \/>Au\u00dfenbereich 2: Rueda de Casino<\/p>\n<\/div><\/li><\/ul><\/div><\/div><\/div><\/div>\n","protected":false},"excerpt":{"rendered":"","protected":false},"author":1,"featured_media":0,"parent":23841,"menu_order":15,"comment_status":"closed","ping_status":"closed","template":"","meta":{"_acf_changed":false,"content-type":"","footnotes":""},"class_list":["post-23132","page","type-page","status-publish","hentry"],"acf":[],"yoast_head":"<!-- This site is optimized with the Yoast SEO plugin v27.4 - https:\/\/yoast.com\/product\/yoast-seo-wordpress\/ -->\n<title>Rueda-Kombi - Rueda.Casino<\/title>\n<meta name=\"robots\" content=\"index, follow, max-snippet:-1, max-image-preview:large, max-video-preview:-1\" \/>\n<link rel=\"canonical\" href=\"https:\/\/rueda.casino\/de\/rueda-strukturen-estructuras-de-rueda\/rueda-kombi\/\" \/>\n<meta property=\"og:locale\" content=\"de_DE\" \/>\n<meta property=\"og:type\" content=\"article\" \/>\n<meta property=\"og:title\" content=\"Rueda-Kombi - Rueda.Casino\" \/>\n<meta property=\"og:url\" content=\"https:\/\/rueda.casino\/de\/rueda-strukturen-estructuras-de-rueda\/rueda-kombi\/\" \/>\n<meta property=\"og:site_name\" content=\"Rueda.Casino\" \/>\n<meta property=\"article:publisher\" content=\"https:\/\/www.facebook.com\/ruedadotcasino\" \/>\n<meta property=\"article:modified_time\" content=\"2025-08-13T11:03:18+00:00\" \/>\n<meta name=\"twitter:card\" content=\"summary_large_image\" \/>\n<meta name=\"twitter:label1\" content=\"Gesch\u00e4tzte Lesezeit\" \/>\n\t<meta name=\"twitter:data1\" content=\"7\u00a0Minuten\" \/>\n<script type=\"application\/ld+json\" class=\"yoast-schema-graph\">{\"@context\":\"https:\\\/\\\/schema.org\",\"@graph\":[{\"@type\":\"WebPage\",\"@id\":\"https:\\\/\\\/rueda.casino\\\/de\\\/rueda-strukturen-estructuras-de-rueda\\\/rueda-kombi\\\/\",\"url\":\"https:\\\/\\\/rueda.casino\\\/de\\\/rueda-strukturen-estructuras-de-rueda\\\/rueda-kombi\\\/\",\"name\":\"Rueda-Kombi - Rueda.Casino\",\"isPartOf\":{\"@id\":\"https:\\\/\\\/rueda.casino\\\/de\\\/#website\"},\"datePublished\":\"2018-07-31T16:56:02+00:00\",\"dateModified\":\"2025-08-13T11:03:18+00:00\",\"breadcrumb\":{\"@id\":\"https:\\\/\\\/rueda.casino\\\/de\\\/rueda-strukturen-estructuras-de-rueda\\\/rueda-kombi\\\/#breadcrumb\"},\"inLanguage\":\"de\",\"potentialAction\":[{\"@type\":\"ReadAction\",\"target\":[\"https:\\\/\\\/rueda.casino\\\/de\\\/rueda-strukturen-estructuras-de-rueda\\\/rueda-kombi\\\/\"]}]},{\"@type\":\"BreadcrumbList\",\"@id\":\"https:\\\/\\\/rueda.casino\\\/de\\\/rueda-strukturen-estructuras-de-rueda\\\/rueda-kombi\\\/#breadcrumb\",\"itemListElement\":[{\"@type\":\"ListItem\",\"position\":1,\"name\":\"Home\",\"item\":\"https:\\\/\\\/rueda.casino\\\/de\\\/heim\\\/\"},{\"@type\":\"ListItem\",\"position\":2,\"name\":\"Rueda-Strukturen\",\"item\":\"https:\\\/\\\/rueda.casino\\\/de\\\/rueda-strukturen-estructuras-de-rueda\\\/\"},{\"@type\":\"ListItem\",\"position\":3,\"name\":\"Rueda-Kombi\"}]},{\"@type\":\"WebSite\",\"@id\":\"https:\\\/\\\/rueda.casino\\\/de\\\/#website\",\"url\":\"https:\\\/\\\/rueda.casino\\\/de\\\/\",\"name\":\"Rueda.Casino\",\"description\":\"Educational rueda &amp; casino videos of high quality\",\"publisher\":{\"@id\":\"https:\\\/\\\/rueda.casino\\\/de\\\/#organization\"},\"potentialAction\":[{\"@type\":\"SearchAction\",\"target\":{\"@type\":\"EntryPoint\",\"urlTemplate\":\"https:\\\/\\\/rueda.casino\\\/de\\\/?s={search_term_string}\"},\"query-input\":{\"@type\":\"PropertyValueSpecification\",\"valueRequired\":true,\"valueName\":\"search_term_string\"}}],\"inLanguage\":\"de\"},{\"@type\":\"Organization\",\"@id\":\"https:\\\/\\\/rueda.casino\\\/de\\\/#organization\",\"name\":\"Rueda.Casino\",\"url\":\"https:\\\/\\\/rueda.casino\\\/de\\\/\",\"logo\":{\"@type\":\"ImageObject\",\"inLanguage\":\"de\",\"@id\":\"https:\\\/\\\/rueda.casino\\\/de\\\/#\\\/schema\\\/logo\\\/image\\\/\",\"url\":\"https:\\\/\\\/rueda.casino\\\/wp-content\\\/uploads\\\/2018\\\/08\\\/cropped-rueda.casino-2-linje-weblogo.png\",\"contentUrl\":\"https:\\\/\\\/rueda.casino\\\/wp-content\\\/uploads\\\/2018\\\/08\\\/cropped-rueda.casino-2-linje-weblogo.png\",\"width\":150,\"height\":51,\"caption\":\"Rueda.Casino\"},\"image\":{\"@id\":\"https:\\\/\\\/rueda.casino\\\/de\\\/#\\\/schema\\\/logo\\\/image\\\/\"},\"sameAs\":[\"https:\\\/\\\/www.facebook.com\\\/ruedadotcasino\",\"https:\\\/\\\/www.instagram.com\\\/rueda.casino\\\/\",\"https:\\\/\\\/www.youtube.com\\\/@rueda.casino\"]}]}<\/script>\n<!-- \/ Yoast SEO plugin. -->","yoast_head_json":{"title":"Rueda-Kombi - Rueda.Casino","robots":{"index":"index","follow":"follow","max-snippet":"max-snippet:-1","max-image-preview":"max-image-preview:large","max-video-preview":"max-video-preview:-1"},"canonical":"https:\/\/rueda.casino\/de\/rueda-strukturen-estructuras-de-rueda\/rueda-kombi\/","og_locale":"de_DE","og_type":"article","og_title":"Rueda-Kombi - Rueda.Casino","og_url":"https:\/\/rueda.casino\/de\/rueda-strukturen-estructuras-de-rueda\/rueda-kombi\/","og_site_name":"Rueda.Casino","article_publisher":"https:\/\/www.facebook.com\/ruedadotcasino","article_modified_time":"2025-08-13T11:03:18+00:00","twitter_card":"summary_large_image","twitter_misc":{"Gesch\u00e4tzte Lesezeit":"7\u00a0Minuten"},"schema":{"@context":"https:\/\/schema.org","@graph":[{"@type":"WebPage","@id":"https:\/\/rueda.casino\/de\/rueda-strukturen-estructuras-de-rueda\/rueda-kombi\/","url":"https:\/\/rueda.casino\/de\/rueda-strukturen-estructuras-de-rueda\/rueda-kombi\/","name":"Rueda-Kombi - Rueda.Casino","isPartOf":{"@id":"https:\/\/rueda.casino\/de\/#website"},"datePublished":"2018-07-31T16:56:02+00:00","dateModified":"2025-08-13T11:03:18+00:00","breadcrumb":{"@id":"https:\/\/rueda.casino\/de\/rueda-strukturen-estructuras-de-rueda\/rueda-kombi\/#breadcrumb"},"inLanguage":"de","potentialAction":[{"@type":"ReadAction","target":["https:\/\/rueda.casino\/de\/rueda-strukturen-estructuras-de-rueda\/rueda-kombi\/"]}]},{"@type":"BreadcrumbList","@id":"https:\/\/rueda.casino\/de\/rueda-strukturen-estructuras-de-rueda\/rueda-kombi\/#breadcrumb","itemListElement":[{"@type":"ListItem","position":1,"name":"Home","item":"https:\/\/rueda.casino\/de\/heim\/"},{"@type":"ListItem","position":2,"name":"Rueda-Strukturen","item":"https:\/\/rueda.casino\/de\/rueda-strukturen-estructuras-de-rueda\/"},{"@type":"ListItem","position":3,"name":"Rueda-Kombi"}]},{"@type":"WebSite","@id":"https:\/\/rueda.casino\/de\/#website","url":"https:\/\/rueda.casino\/de\/","name":"Rueda.Casino","description":"Educational rueda &amp; casino videos of high quality","publisher":{"@id":"https:\/\/rueda.casino\/de\/#organization"},"potentialAction":[{"@type":"SearchAction","target":{"@type":"EntryPoint","urlTemplate":"https:\/\/rueda.casino\/de\/?s={search_term_string}"},"query-input":{"@type":"PropertyValueSpecification","valueRequired":true,"valueName":"search_term_string"}}],"inLanguage":"de"},{"@type":"Organization","@id":"https:\/\/rueda.casino\/de\/#organization","name":"Rueda.Casino","url":"https:\/\/rueda.casino\/de\/","logo":{"@type":"ImageObject","inLanguage":"de","@id":"https:\/\/rueda.casino\/de\/#\/schema\/logo\/image\/","url":"https:\/\/rueda.casino\/wp-content\/uploads\/2018\/08\/cropped-rueda.casino-2-linje-weblogo.png","contentUrl":"https:\/\/rueda.casino\/wp-content\/uploads\/2018\/08\/cropped-rueda.casino-2-linje-weblogo.png","width":150,"height":51,"caption":"Rueda.Casino"},"image":{"@id":"https:\/\/rueda.casino\/de\/#\/schema\/logo\/image\/"},"sameAs":["https:\/\/www.facebook.com\/ruedadotcasino","https:\/\/www.instagram.com\/rueda.casino\/","https:\/\/www.youtube.com\/@rueda.casino"]}]}},"_links":{"self":[{"href":"https:\/\/rueda.casino\/de\/wp-json\/wp\/v2\/pages\/23132","targetHints":{"allow":["GET"]}}],"collection":[{"href":"https:\/\/rueda.casino\/de\/wp-json\/wp\/v2\/pages"}],"about":[{"href":"https:\/\/rueda.casino\/de\/wp-json\/wp\/v2\/types\/page"}],"author":[{"embeddable":true,"href":"https:\/\/rueda.casino\/de\/wp-json\/wp\/v2\/users\/1"}],"replies":[{"embeddable":true,"href":"https:\/\/rueda.casino\/de\/wp-json\/wp\/v2\/comments?post=23132"}],"version-history":[{"count":0,"href":"https:\/\/rueda.casino\/de\/wp-json\/wp\/v2\/pages\/23132\/revisions"}],"up":[{"embeddable":true,"href":"https:\/\/rueda.casino\/de\/wp-json\/wp\/v2\/pages\/23841"}],"wp:attachment":[{"href":"https:\/\/rueda.casino\/de\/wp-json\/wp\/v2\/media?parent=23132"}],"curies":[{"name":"wp","href":"https:\/\/api.w.org\/{rel}","templated":true}]}}