

    {"id":23280,"date":"2018-07-31T19:08:23","date_gmt":"2018-07-31T17:08:23","guid":{"rendered":"https:\/\/rueda.casino\/rueda-cruzada\/"},"modified":"2025-08-13T13:02:55","modified_gmt":"2025-08-13T11:02:55","slug":"rueda-cruzada","status":"publish","type":"page","link":"https:\/\/rueda.casino\/de\/rueda-strukturen-estructuras-de-rueda\/rueda-cruzada\/","title":{"rendered":"Rueda cruzada"},"content":{"rendered":"<div class=\"style37 style47\">In <strong>Rueda cruzada<\/strong> tanzen zwei &#8222;Gruppen&#8220; Rueda im selben Kreis. Der Anrufer ist in Gruppe 1, zusammen mit jedem zweiten Paar im Kreis. Die anderen sind Gruppe 2. Gruppe 1 spielt immer zuerst die Figuren, dann Gruppe 2, quasi ein Echo.   <\/div>\n<p class=\"style49\">Die Gruppen wechseln nur innerhalb der eigenen Gruppe den Partner, und sie tanzen zu unterschiedlichen Beats. Gruppe 1 (Primeros) tanzt normalerweise auf Schlag 1 und Gruppe 2 (Segundos) auf Schlag 5. Zum Beispiel wird der Ruf <em>&#8222;una media&#8220;<\/em> ein Klatschen f\u00fcr die Primeros sein, gefolgt von einem Klatschen f\u00fcr die Segundos vier Schl\u00e4ge sp\u00e4ter.  <\/p>\n<p><img decoding=\"async\" class=\"lazyload alignnone size-large wp-image-2452\" src=\"https:\/\/rueda.casino\/wp-content\/uploads\/2019\/08\/Rueda-de-casino-Rueda-cruzada-6-wp-1024x512.png\" data-orig-src=\"https:\/\/rueda.casino\/wp-content\/uploads\/2019\/08\/Rueda-de-casino-Rueda-cruzada-6-wp-1024x512.png\" alt=\"\" width=\"1024\" height=\"512\" srcset=\"data:image\/svg+xml,%3Csvg%20xmlns%3D%27http%3A%2F%2Fwww.w3.org%2F2000%2Fsvg%27%20width%3D%271024%27%20height%3D%27512%27%20viewBox%3D%270%200%201024%20512%27%3E%3Crect%20width%3D%271024%27%20height%3D%27512%27%20fill-opacity%3D%220%22%2F%3E%3C%2Fsvg%3E\" data-srcset=\"https:\/\/rueda.casino\/wp-content\/uploads\/2019\/08\/Rueda-de-casino-Rueda-cruzada-6-wp-300x150.png 300w, https:\/\/rueda.casino\/wp-content\/uploads\/2019\/08\/Rueda-de-casino-Rueda-cruzada-6-wp-768x384.png 768w, https:\/\/rueda.casino\/wp-content\/uploads\/2019\/08\/Rueda-de-casino-Rueda-cruzada-6-wp-1024x512.png 1024w\" data-sizes=\"auto\" data-orig-sizes=\"(max-width: 1024px) 100vw, 1024px\" \/><\/p>\n<p class=\"style49\">In der Illustration von <em>Rueda cruzada<\/em> folgt eines der Teams den regul\u00e4ren blauen Pfeilen, wenn es den Partner wechselt, und die anderen folgen den hellblauen Pfeilen. Es gibt auch ein Video unten auf dieser Seite, das zeigt, wie es in der Praxis funktioniert. <\/p>\n<p class=\"style49\"><em>Rueda cruzada<\/em> erfordert eine gerade Anzahl von Paaren, vorzugsweise 6 oder 8. Es ist auch mit einem gro\u00dfen Kreis von 10+ Paaren m\u00f6glich. Aber ein bisschen herausfordernder, vor allem, wenn es im Chaos endet und man nachz\u00e4hlen muss, damit alle Coupls wissen, in welchem Team sie sind, Primeros oder Segundos.  <\/p>\n<h3 class=\"style49\"><span class=\"style55\">\u00dcberg\u00e4nge<\/span><\/h3>\n<p class=\"style49\">Rueda cruzada kann vom Anfang eines Liedes an und durch das gesamte Lied getanzt werden. Oder Sie beginnen mit Regular Rueda de casino und wechseln dann zu Rueda Cruzado &#8211; wenn es eine gerade Anzahl von Paaren (!) gibt. <\/p>\n<p class=\"style49\">Der Transitbefehl lautet &#8222;<em><strong>cruzado<\/strong>&#8222;, <\/em>immer aus offener Position, wird verwendet:<\/p>\n<ul>\n<li><em>um Rueda cruzada<\/em> aus der Grundposition (<em>guapea) <\/em> zu betreten.Dies ist eine einfache \u00c4nderung des Taktes f\u00fcr Segundos (die Paare ohne den Anrufer)<\/li>\n<\/ul>\n<ul>\n<li class=\"style49\">um <em>Rueda cruzada<\/em> zu verlassen und zur regul\u00e4ren <em>Rueda de Casino<\/em> zur\u00fcckzukehren. Es ist die gleiche Figur, also wechseln die Segundos jetzt wieder auf den normalen Beat, so dass alle auf dem gleichen Beat sind und normal <em>Rueda de Casino<\/em> tanzen.\n <\/li>\n<\/ul>\n<p><span class=\"style49\"> <\/span><\/p>\n<div class=\"video-shortcode\">\n<div class=\"video-shortcode\"><span class=\"embed-youtube\" style=\"text-align:center; display: block;\"><iframe class=\"youtube-player\" width=\"1200\" height=\"675\" src=\"https:\/\/www.youtube.com\/embed\/WCBqbDhkrrM?version=3&#038;rel=1&#038;showsearch=0&#038;showinfo=1&#038;iv_load_policy=1&#038;fs=1&#038;hl=de-DE&#038;autohide=2&#038;wmode=transparent\" allowfullscreen=\"true\" style=\"border:0;\" sandbox=\"allow-scripts allow-same-origin allow-popups allow-presentation allow-popups-to-escape-sandbox\"><\/iframe><\/span><\/div>\n<\/div>\n<p style=\"text-align: center\"><em><span class=\"style49\">\u00dcberg\u00e4nge zwischen Rueda de casino und Rueda cruzada und zur\u00fcck.<\/span><\/em><\/p>\n<p>Andere \u00dcberg\u00e4nge zwischen Rueda de casino und Rueda cruzada sind ebenfalls in Gebrauch, aber nur dieser relativ einfache \u00dcbergang ist im norwegischen Rueda-Standard enthalten.<\/p>\n<p>Rueda Cruzada wird auch in <span class=\"style49\"><strong>geschlossener Position<\/strong><\/span> getanzt, <span class=\"style49\">aber <\/span>es ist nicht \u00fcblich, einen \u00dcbergang von Rueda de casino in geschlossener Position zu machen.<\/p>\n<p>.<\/p>\n<h3 class=\"style51\"><span class=\"style48\">Tanzen der Rueda Cruzada in Geselligkeit<\/span><\/h3>\n<p class=\"style49\">Das folgende Video (von einem Workshop) zeigt ein Beispiel f\u00fcr das Tanzen von <em>Rueda Cruzada <\/em>mit Standard-Rueda-Befehlen.<\/p>\n<p class=\"style49\">Die <span class=\"style48\"><span class=\"style49\">gesellschaftliche Verwendung von <em>Rueda Cruzada <\/em><\/span><\/span>erfordert eine gerade Anzahl von Paaren und vorzugsweise 6, 8 oder mehr. Wenn ein Paar versucht, spontan in eine <em>Rueda Cruzada <\/em>einzudringen, t\u00f6tet es die Rueda, weil die Anzahl der Paare dann ungerade wird. Das kann eine kleine Herausforderung sein, wenn man es sozial tanzt.<br \/>\nAuch wenn man ohne vorherige Ank\u00fcndigung <em>Cruzado <\/em>(die \u00dcbergangsfigur zur <em>Rueda Cruzada<\/em>) in einer <em>regul\u00e4ren Rueda de Casino<\/em>anruft, werden h\u00f6chstwahrscheinlich alle \u00fcberrascht sein, und die richtigen T\u00e4nzer (Gruppe B) werden nicht bereit sein, den \u00dcbergang im Handumdrehen zu vollziehen.  <\/p>\n<p class=\"style49\">Abgesehen davon funktioniert <em>Rueda Cruzada <\/em>sozial gut. Wenn die T\u00e4nzer auf eine <em>Rueda Cruzada<\/em>vorbereitet sind und neue Paare w\u00e4hrend des Liedes nicht einsteigen (versuchen), ist dies eine sehr sch\u00f6ne Rueda-Variation f\u00fcr fortgeschrittene bis fortgeschrittene T\u00e4nzer. <\/p>\n<p>.<\/p>\n<ul>\n<li><strong>Gut geeignete<\/strong> Befehle f\u00fcr Rueda cruzada:\n<ul>\n<li><em>Festival de Pelota<\/em><\/li>\n<li><em>Enchufla &gt; una arriba<\/em><\/li>\n<li><em>un tarro<\/em><\/li>\n<li><em>Fliege, Linea, Rolin<\/em><\/li>\n<li><em>enchufla con .. vuelta \/ Mambo \/ Rumba, <\/em>etc.<\/li>\n<li><em>Croqueta y Aspirina<br \/>\n.<\/em><\/li>\n<\/ul>\n<\/li>\n<li><strong>Sehr gut geeignet<\/strong>, braucht aber <strong>vielleicht ein wenig \u00dcbung\/Anpassung<\/strong>:\n<ul>\n<li><em>Patin<\/em><\/li>\n<li><em>patin pa&#8217;mujeres<\/em><\/li>\n<li><em>Caminala<\/em><\/li>\n<li><em>Estrella<\/em><\/li>\n<li><em>Enchufla y al medio<\/em><\/li>\n<li><em>Cubanito &gt; ni pa&#8217;mi, ni pa&#8217;ti<br \/>\n.<\/em><\/li>\n<\/ul>\n<\/li>\n<li><strong>Nicht gut geeignet<\/strong>, da hohe Gefahr, mit anderen zusammenzusto\u00dfen:\n<ul>\n<li><em>Hombres derecha y mujeres izuierda<\/em><\/li>\n<li><em>Vamos<\/em><\/li>\n<li><em>Dame directo<br \/>\n.<\/em><\/li>\n<\/ul>\n<\/li>\n<\/ul>\n<h3 class=\"style54\">Wie fange ich an?<\/h3>\n<ul>\n<li>Bilden Sie eine Rueda mit 6 oder 8 Paaren.<\/li>\n<li>Beginne in offener Position und mache <em>Rueda Cruzada <\/em>vom Anfang des Liedes an, im niedrigen oder mittleren Tempo.<\/li>\n<li>Beginnen Sie mit <em>una media<\/em> und f\u00fcgen Sie mit einfachem Partnerwechsel Kernfiguren hinzu, wie <em>z.B. enchufla, festival de pelota, la familia<\/em>.<\/li>\n<li>Fahren Sie fort, indem Sie regelm\u00e4\u00dfige Kernfiguren wie <em>Cubanito, Enchufla con Mambo<\/em> usw. hinzuf\u00fcgen.<\/li>\n<li>Versuchen Sie, <em>Patin <\/em>und <em>Patin &gt; Siguelo &gt; se Fue<\/em> zu tanzen.<\/li>\n<li>Wenn Sie dies erkannt haben, k\u00f6nnen Sie die anderen oben aufgef\u00fchrten Befehle ausprobieren, da sie besonders gut geeignet sind.<\/li>\n<li>Und dann probierst du <em>Patin Pa&#8217;mujeres<\/em>. Wenn du das hinschaffst, hast du deinen Abschluss gemacht. <\/li>\n<\/ul>\n<p>.<\/p>\n<h3 class=\"style48\">Warum Rueda cruzada tanzen?<\/h3>\n<p class=\"style48\"><em>Rueda cruzada <\/em>f\u00fcgt eine Dimension der Geschwindigkeit hinzu. Wenn jedes zweite Paar auf unterschiedlichen Beats tanzt, bekommt man einen Vorgeschmack auf die Illusion von T\u00e4nzern, die sich bewegen und den Partner doppelt so schnell wechseln, zum Beispiel mit der Befehlskombination <em>enchufla &gt; una arriba.<\/em> <\/p>\n<p class=\"style48\">Abgesehen davon ist Rueda Cruzada, wie andere Rueda-Strukturen, eine interessante Herausforderung, bei der man sich selbst testen kann, ob man in der Lage ist, die Rueda-Figuren in einer neuen Umgebung zu machen.<\/p>\n<p class=\"style49\">Eine lustige Abwechslung zu Rueda Cruzada ist die Verwendung von zwei Rufern &#8211; jede Gruppe hat ihren eigenen Rufer. Das Ergebnis ist, dass die beiden Gruppen unterschiedliche Figuren tanzen, und das wird definitiv Ihre Konzentrationsf\u00e4higkeit und die F\u00e4higkeit der Caller zu improvisieren testen. Dies ist auch die perfekte Kulisse f\u00fcr eine Rueda-Schlacht!  <\/p>\n<p>.<\/p>\n<div class=\"video-shortcode\">\n<div class=\"video-shortcode\"><span class=\"embed-youtube\" style=\"text-align:center; display: block;\"><iframe class=\"youtube-player\" width=\"1200\" height=\"675\" src=\"https:\/\/www.youtube.com\/embed\/u35va5oz-2E?version=3&#038;rel=1&#038;showsearch=0&#038;showinfo=1&#038;iv_load_policy=1&#038;fs=1&#038;hl=de-DE&#038;autohide=2&#038;wmode=transparent\" allowfullscreen=\"true\" style=\"border:0;\" sandbox=\"allow-scripts allow-same-origin allow-popups allow-presentation allow-popups-to-escape-sandbox\"><\/iframe><\/span><\/div>\n<\/div>\n<p>.<\/p>\n<p><!-- Google analytics: Ruedastandard.com --><\/p>\n","protected":false},"excerpt":{"rendered":"<p>In Rueda cruzada tanzen zwei &#8222;Gruppen&#8220; Rueda im selben Kreis.  [&#8230;]<\/p>\n","protected":false},"author":1,"featured_media":0,"parent":23841,"menu_order":4,"comment_status":"closed","ping_status":"closed","template":"","meta":{"_acf_changed":false,"content-type":"","footnotes":""},"class_list":["post-23280","page","type-page","status-publish","hentry"],"acf":[],"yoast_head":"<!-- This site is optimized with the Yoast SEO plugin v27.4 - https:\/\/yoast.com\/product\/yoast-seo-wordpress\/ -->\n<title>Rueda cruzada - Rueda.Casino<\/title>\n<meta name=\"robots\" content=\"index, follow, max-snippet:-1, max-image-preview:large, max-video-preview:-1\" \/>\n<link rel=\"canonical\" href=\"https:\/\/rueda.casino\/de\/rueda-strukturen-estructuras-de-rueda\/rueda-cruzada\/\" \/>\n<meta property=\"og:locale\" content=\"de_DE\" \/>\n<meta property=\"og:type\" content=\"article\" \/>\n<meta property=\"og:title\" content=\"Rueda cruzada - Rueda.Casino\" \/>\n<meta property=\"og:description\" content=\"In Rueda cruzada tanzen zwei &#8222;Gruppen&#8220; Rueda im selben Kreis. [...]\" \/>\n<meta property=\"og:url\" content=\"https:\/\/rueda.casino\/de\/rueda-strukturen-estructuras-de-rueda\/rueda-cruzada\/\" \/>\n<meta property=\"og:site_name\" content=\"Rueda.Casino\" \/>\n<meta property=\"article:publisher\" content=\"https:\/\/www.facebook.com\/ruedadotcasino\" \/>\n<meta property=\"article:modified_time\" content=\"2025-08-13T11:02:55+00:00\" \/>\n<meta property=\"og:image\" content=\"https:\/\/rueda.casino\/wp-content\/uploads\/2019\/08\/Rueda-de-casino-Rueda-cruzada-6-wp.png\" \/>\n\t<meta property=\"og:image:width\" content=\"2000\" \/>\n\t<meta property=\"og:image:height\" content=\"1000\" \/>\n\t<meta property=\"og:image:type\" content=\"image\/png\" \/>\n<meta name=\"twitter:card\" content=\"summary_large_image\" \/>\n<meta name=\"twitter:label1\" content=\"Gesch\u00e4tzte Lesezeit\" \/>\n\t<meta name=\"twitter:data1\" content=\"4\u00a0Minuten\" \/>\n<script type=\"application\/ld+json\" class=\"yoast-schema-graph\">{\"@context\":\"https:\\\/\\\/schema.org\",\"@graph\":[{\"@type\":\"WebPage\",\"@id\":\"https:\\\/\\\/rueda.casino\\\/de\\\/rueda-strukturen-estructuras-de-rueda\\\/rueda-cruzada\\\/\",\"url\":\"https:\\\/\\\/rueda.casino\\\/de\\\/rueda-strukturen-estructuras-de-rueda\\\/rueda-cruzada\\\/\",\"name\":\"Rueda cruzada - Rueda.Casino\",\"isPartOf\":{\"@id\":\"https:\\\/\\\/rueda.casino\\\/de\\\/#website\"},\"primaryImageOfPage\":{\"@id\":\"https:\\\/\\\/rueda.casino\\\/de\\\/rueda-strukturen-estructuras-de-rueda\\\/rueda-cruzada\\\/#primaryimage\"},\"image\":{\"@id\":\"https:\\\/\\\/rueda.casino\\\/de\\\/rueda-strukturen-estructuras-de-rueda\\\/rueda-cruzada\\\/#primaryimage\"},\"thumbnailUrl\":\"https:\\\/\\\/rueda.casino\\\/wp-content\\\/uploads\\\/2019\\\/08\\\/Rueda-de-casino-Rueda-cruzada-6-wp-1024x512.png\",\"datePublished\":\"2018-07-31T17:08:23+00:00\",\"dateModified\":\"2025-08-13T11:02:55+00:00\",\"breadcrumb\":{\"@id\":\"https:\\\/\\\/rueda.casino\\\/de\\\/rueda-strukturen-estructuras-de-rueda\\\/rueda-cruzada\\\/#breadcrumb\"},\"inLanguage\":\"de\",\"potentialAction\":[{\"@type\":\"ReadAction\",\"target\":[\"https:\\\/\\\/rueda.casino\\\/de\\\/rueda-strukturen-estructuras-de-rueda\\\/rueda-cruzada\\\/\"]}]},{\"@type\":\"ImageObject\",\"inLanguage\":\"de\",\"@id\":\"https:\\\/\\\/rueda.casino\\\/de\\\/rueda-strukturen-estructuras-de-rueda\\\/rueda-cruzada\\\/#primaryimage\",\"url\":\"https:\\\/\\\/rueda.casino\\\/wp-content\\\/uploads\\\/2019\\\/08\\\/Rueda-de-casino-Rueda-cruzada-6-wp-1024x512.png\",\"contentUrl\":\"https:\\\/\\\/rueda.casino\\\/wp-content\\\/uploads\\\/2019\\\/08\\\/Rueda-de-casino-Rueda-cruzada-6-wp-1024x512.png\"},{\"@type\":\"BreadcrumbList\",\"@id\":\"https:\\\/\\\/rueda.casino\\\/de\\\/rueda-strukturen-estructuras-de-rueda\\\/rueda-cruzada\\\/#breadcrumb\",\"itemListElement\":[{\"@type\":\"ListItem\",\"position\":1,\"name\":\"Home\",\"item\":\"https:\\\/\\\/rueda.casino\\\/de\\\/heim\\\/\"},{\"@type\":\"ListItem\",\"position\":2,\"name\":\"Rueda-Strukturen\",\"item\":\"https:\\\/\\\/rueda.casino\\\/de\\\/rueda-strukturen-estructuras-de-rueda\\\/\"},{\"@type\":\"ListItem\",\"position\":3,\"name\":\"Rueda cruzada\"}]},{\"@type\":\"WebSite\",\"@id\":\"https:\\\/\\\/rueda.casino\\\/de\\\/#website\",\"url\":\"https:\\\/\\\/rueda.casino\\\/de\\\/\",\"name\":\"Rueda.Casino\",\"description\":\"Educational rueda &amp; casino videos of high quality\",\"publisher\":{\"@id\":\"https:\\\/\\\/rueda.casino\\\/de\\\/#organization\"},\"potentialAction\":[{\"@type\":\"SearchAction\",\"target\":{\"@type\":\"EntryPoint\",\"urlTemplate\":\"https:\\\/\\\/rueda.casino\\\/de\\\/?s={search_term_string}\"},\"query-input\":{\"@type\":\"PropertyValueSpecification\",\"valueRequired\":true,\"valueName\":\"search_term_string\"}}],\"inLanguage\":\"de\"},{\"@type\":\"Organization\",\"@id\":\"https:\\\/\\\/rueda.casino\\\/de\\\/#organization\",\"name\":\"Rueda.Casino\",\"url\":\"https:\\\/\\\/rueda.casino\\\/de\\\/\",\"logo\":{\"@type\":\"ImageObject\",\"inLanguage\":\"de\",\"@id\":\"https:\\\/\\\/rueda.casino\\\/de\\\/#\\\/schema\\\/logo\\\/image\\\/\",\"url\":\"https:\\\/\\\/rueda.casino\\\/wp-content\\\/uploads\\\/2018\\\/08\\\/cropped-rueda.casino-2-linje-weblogo.png\",\"contentUrl\":\"https:\\\/\\\/rueda.casino\\\/wp-content\\\/uploads\\\/2018\\\/08\\\/cropped-rueda.casino-2-linje-weblogo.png\",\"width\":150,\"height\":51,\"caption\":\"Rueda.Casino\"},\"image\":{\"@id\":\"https:\\\/\\\/rueda.casino\\\/de\\\/#\\\/schema\\\/logo\\\/image\\\/\"},\"sameAs\":[\"https:\\\/\\\/www.facebook.com\\\/ruedadotcasino\",\"https:\\\/\\\/www.instagram.com\\\/rueda.casino\\\/\",\"https:\\\/\\\/www.youtube.com\\\/@rueda.casino\"]}]}<\/script>\n<!-- \/ Yoast SEO plugin. -->","yoast_head_json":{"title":"Rueda cruzada - Rueda.Casino","robots":{"index":"index","follow":"follow","max-snippet":"max-snippet:-1","max-image-preview":"max-image-preview:large","max-video-preview":"max-video-preview:-1"},"canonical":"https:\/\/rueda.casino\/de\/rueda-strukturen-estructuras-de-rueda\/rueda-cruzada\/","og_locale":"de_DE","og_type":"article","og_title":"Rueda cruzada - Rueda.Casino","og_description":"In Rueda cruzada tanzen zwei &#8222;Gruppen&#8220; Rueda im selben Kreis. [...]","og_url":"https:\/\/rueda.casino\/de\/rueda-strukturen-estructuras-de-rueda\/rueda-cruzada\/","og_site_name":"Rueda.Casino","article_publisher":"https:\/\/www.facebook.com\/ruedadotcasino","article_modified_time":"2025-08-13T11:02:55+00:00","og_image":[{"width":2000,"height":1000,"url":"https:\/\/rueda.casino\/wp-content\/uploads\/2019\/08\/Rueda-de-casino-Rueda-cruzada-6-wp.png","type":"image\/png"}],"twitter_card":"summary_large_image","twitter_misc":{"Gesch\u00e4tzte Lesezeit":"4\u00a0Minuten"},"schema":{"@context":"https:\/\/schema.org","@graph":[{"@type":"WebPage","@id":"https:\/\/rueda.casino\/de\/rueda-strukturen-estructuras-de-rueda\/rueda-cruzada\/","url":"https:\/\/rueda.casino\/de\/rueda-strukturen-estructuras-de-rueda\/rueda-cruzada\/","name":"Rueda cruzada - Rueda.Casino","isPartOf":{"@id":"https:\/\/rueda.casino\/de\/#website"},"primaryImageOfPage":{"@id":"https:\/\/rueda.casino\/de\/rueda-strukturen-estructuras-de-rueda\/rueda-cruzada\/#primaryimage"},"image":{"@id":"https:\/\/rueda.casino\/de\/rueda-strukturen-estructuras-de-rueda\/rueda-cruzada\/#primaryimage"},"thumbnailUrl":"https:\/\/rueda.casino\/wp-content\/uploads\/2019\/08\/Rueda-de-casino-Rueda-cruzada-6-wp-1024x512.png","datePublished":"2018-07-31T17:08:23+00:00","dateModified":"2025-08-13T11:02:55+00:00","breadcrumb":{"@id":"https:\/\/rueda.casino\/de\/rueda-strukturen-estructuras-de-rueda\/rueda-cruzada\/#breadcrumb"},"inLanguage":"de","potentialAction":[{"@type":"ReadAction","target":["https:\/\/rueda.casino\/de\/rueda-strukturen-estructuras-de-rueda\/rueda-cruzada\/"]}]},{"@type":"ImageObject","inLanguage":"de","@id":"https:\/\/rueda.casino\/de\/rueda-strukturen-estructuras-de-rueda\/rueda-cruzada\/#primaryimage","url":"https:\/\/rueda.casino\/wp-content\/uploads\/2019\/08\/Rueda-de-casino-Rueda-cruzada-6-wp-1024x512.png","contentUrl":"https:\/\/rueda.casino\/wp-content\/uploads\/2019\/08\/Rueda-de-casino-Rueda-cruzada-6-wp-1024x512.png"},{"@type":"BreadcrumbList","@id":"https:\/\/rueda.casino\/de\/rueda-strukturen-estructuras-de-rueda\/rueda-cruzada\/#breadcrumb","itemListElement":[{"@type":"ListItem","position":1,"name":"Home","item":"https:\/\/rueda.casino\/de\/heim\/"},{"@type":"ListItem","position":2,"name":"Rueda-Strukturen","item":"https:\/\/rueda.casino\/de\/rueda-strukturen-estructuras-de-rueda\/"},{"@type":"ListItem","position":3,"name":"Rueda cruzada"}]},{"@type":"WebSite","@id":"https:\/\/rueda.casino\/de\/#website","url":"https:\/\/rueda.casino\/de\/","name":"Rueda.Casino","description":"Educational rueda &amp; casino videos of high quality","publisher":{"@id":"https:\/\/rueda.casino\/de\/#organization"},"potentialAction":[{"@type":"SearchAction","target":{"@type":"EntryPoint","urlTemplate":"https:\/\/rueda.casino\/de\/?s={search_term_string}"},"query-input":{"@type":"PropertyValueSpecification","valueRequired":true,"valueName":"search_term_string"}}],"inLanguage":"de"},{"@type":"Organization","@id":"https:\/\/rueda.casino\/de\/#organization","name":"Rueda.Casino","url":"https:\/\/rueda.casino\/de\/","logo":{"@type":"ImageObject","inLanguage":"de","@id":"https:\/\/rueda.casino\/de\/#\/schema\/logo\/image\/","url":"https:\/\/rueda.casino\/wp-content\/uploads\/2018\/08\/cropped-rueda.casino-2-linje-weblogo.png","contentUrl":"https:\/\/rueda.casino\/wp-content\/uploads\/2018\/08\/cropped-rueda.casino-2-linje-weblogo.png","width":150,"height":51,"caption":"Rueda.Casino"},"image":{"@id":"https:\/\/rueda.casino\/de\/#\/schema\/logo\/image\/"},"sameAs":["https:\/\/www.facebook.com\/ruedadotcasino","https:\/\/www.instagram.com\/rueda.casino\/","https:\/\/www.youtube.com\/@rueda.casino"]}]}},"_links":{"self":[{"href":"https:\/\/rueda.casino\/de\/wp-json\/wp\/v2\/pages\/23280","targetHints":{"allow":["GET"]}}],"collection":[{"href":"https:\/\/rueda.casino\/de\/wp-json\/wp\/v2\/pages"}],"about":[{"href":"https:\/\/rueda.casino\/de\/wp-json\/wp\/v2\/types\/page"}],"author":[{"embeddable":true,"href":"https:\/\/rueda.casino\/de\/wp-json\/wp\/v2\/users\/1"}],"replies":[{"embeddable":true,"href":"https:\/\/rueda.casino\/de\/wp-json\/wp\/v2\/comments?post=23280"}],"version-history":[{"count":0,"href":"https:\/\/rueda.casino\/de\/wp-json\/wp\/v2\/pages\/23280\/revisions"}],"up":[{"embeddable":true,"href":"https:\/\/rueda.casino\/de\/wp-json\/wp\/v2\/pages\/23841"}],"wp:attachment":[{"href":"https:\/\/rueda.casino\/de\/wp-json\/wp\/v2\/media?parent=23280"}],"curies":[{"name":"wp","href":"https:\/\/api.w.org\/{rel}","templated":true}]}}