

    {"id":23286,"date":"2018-07-31T19:58:04","date_gmt":"2018-07-31T17:58:04","guid":{"rendered":"https:\/\/rueda.casino\/rueda-trio-caliente\/"},"modified":"2025-08-13T13:02:55","modified_gmt":"2025-08-13T11:02:55","slug":"rueda-trio-caliente","status":"publish","type":"page","link":"https:\/\/rueda.casino\/de\/rueda-strukturen-estructuras-de-rueda\/rueda-trio-caliente\/","title":{"rendered":"Rueda trio caliente"},"content":{"rendered":"<p>RUEDA TRIO CALIENTE ist eine Mischung aus RUEDA CON DOS MUJERES (Rueda mit zwei Frauen\/Anh\u00e4ngern) und RUEDA CON DOS HOMBRES (Rueda mit zwei M\u00e4nnern\/Anf\u00fchrern) im selben Kreis! Jedes zweite Triple ist ein Anf\u00fchrer + zwei Anh\u00e4nger und die anderen sind zwei Anf\u00fchrer + ein Anh\u00e4nger. <\/p>\n<p><img decoding=\"async\" class=\"lazyload alignnone wp-image-257\" src=\"https:\/\/rueda.casino\/wp-content\/uploads\/2018\/07\/Rueda-trio-caliente-wp.png\" data-orig-src=\"https:\/\/rueda.casino\/wp-content\/uploads\/2018\/07\/Rueda-trio-caliente-wp.png\" alt=\"\" width=\"500\" height=\"500\" srcset=\"data:image\/svg+xml,%3Csvg%20xmlns%3D%27http%3A%2F%2Fwww.w3.org%2F2000%2Fsvg%27%20width%3D%27500%27%20height%3D%27500%27%20viewBox%3D%270%200%20500%20500%27%3E%3Crect%20width%3D%27500%27%20height%3D%27500%27%20fill-opacity%3D%220%22%2F%3E%3C%2Fsvg%3E\" data-srcset=\"https:\/\/rueda.casino\/wp-content\/uploads\/2018\/07\/Rueda-trio-caliente-wp-150x150.png 150w, https:\/\/rueda.casino\/wp-content\/uploads\/2018\/07\/Rueda-trio-caliente-wp-300x300.png 300w, https:\/\/rueda.casino\/wp-content\/uploads\/2018\/07\/Rueda-trio-caliente-wp-768x768.png 768w, https:\/\/rueda.casino\/wp-content\/uploads\/2018\/07\/Rueda-trio-caliente-wp.png 1000w\" data-sizes=\"auto\" data-orig-sizes=\"(max-width: 500px) 100vw, 500px\" \/><\/p>\n<p>Die Technik f\u00fcr die Figuren orientiert sich an der Technik der RUEDA CON DOS MUJERES und RUEDA CON DOS HOMBRES.<\/p>\n<p>&nbsp;<\/p>\n<h3>Partnerwechsel<\/h3>\n<p>Die F\u00fchrungskr\u00e4fte, die verbunden sind, halten zusammen, auch bei Partnerwechseln. Der Partnerwechsel wird also nie zum n\u00e4chsten Triple f\u00fchren, sondern zum \u00fcbern\u00e4chsten. Der Rest l\u00e4sst sich visuell leichter erkl\u00e4ren, z.B. in diesem Video von Norika Salsa (Slovkia) mit Jaro Hluch:  <\/p>\n<p>&nbsp;<\/p>\n<div class=\"video-shortcode\"><iframe title=\"Rueda Trio Caliente - Rueda By Norika [Bar Lounge]\" width=\"1200\" height=\"675\" src=\"https:\/\/www.youtube.com\/embed\/e2HcJMIPp3g?start=33&#038;feature=oembed\" frameborder=\"0\" allow=\"accelerometer; autoplay; clipboard-write; encrypted-media; gyroscope; picture-in-picture; web-share\" referrerpolicy=\"strict-origin-when-cross-origin\" allowfullscreen><\/iframe><\/div>\n<p>&nbsp;<\/p>\n<p>&nbsp;<\/p>\n<p><!-- Google analytics: Ruedastandard.com --><\/p>\n<p><script>\n  (function(i,s,o,g,r,a,m){i['GoogleAnalyticsObject']=r;i[r]=i[r]||function(){\n  (i[r].q=i[r].q||[]).push(arguments)},i[r].l=1*new Date();a=s.createElement(o),\n  m=s.getElementsByTagName(o)[0];a.async=1;a.src=g;m.parentNode.insertBefore(a,m)\n  })(window,document,'script','https:\/\/www.google-analytics.com\/analytics.js','ga');<\/p>\n<p>  ga('create', 'UA-3868355-3', 'auto');\n  ga('send', 'pageview');<\/p>\n<p><\/script><\/p>\n","protected":false},"excerpt":{"rendered":"<p>RUEDA TRIO CALIENTE ist eine Mischung aus RUEDA CON DOS  [&#8230;]<\/p>\n","protected":false},"author":1,"featured_media":0,"parent":23841,"menu_order":26,"comment_status":"closed","ping_status":"closed","template":"","meta":{"_acf_changed":false,"content-type":"","footnotes":""},"class_list":["post-23286","page","type-page","status-publish","hentry"],"acf":[],"yoast_head":"<!-- This site is optimized with the Yoast SEO plugin v27.5 - https:\/\/yoast.com\/product\/yoast-seo-wordpress\/ -->\n<title>Rueda trio caliente - Rueda.Casino<\/title>\n<meta name=\"robots\" content=\"index, follow, max-snippet:-1, max-image-preview:large, max-video-preview:-1\" \/>\n<link rel=\"canonical\" href=\"https:\/\/rueda.casino\/de\/rueda-strukturen-estructuras-de-rueda\/rueda-trio-caliente\/\" \/>\n<meta property=\"og:locale\" content=\"de_DE\" \/>\n<meta property=\"og:type\" content=\"article\" \/>\n<meta property=\"og:title\" content=\"Rueda trio caliente - Rueda.Casino\" \/>\n<meta property=\"og:description\" content=\"RUEDA TRIO CALIENTE ist eine Mischung aus RUEDA CON DOS [...]\" \/>\n<meta property=\"og:url\" content=\"https:\/\/rueda.casino\/de\/rueda-strukturen-estructuras-de-rueda\/rueda-trio-caliente\/\" \/>\n<meta property=\"og:site_name\" content=\"Rueda.Casino\" \/>\n<meta property=\"article:publisher\" content=\"https:\/\/www.facebook.com\/ruedadotcasino\" \/>\n<meta property=\"article:modified_time\" content=\"2025-08-13T11:02:55+00:00\" \/>\n<meta property=\"og:image\" content=\"https:\/\/rueda.casino\/wp-content\/uploads\/2018\/07\/Rueda-trio-caliente-wp.png\" \/>\n\t<meta property=\"og:image:width\" content=\"1000\" \/>\n\t<meta property=\"og:image:height\" content=\"1000\" \/>\n\t<meta property=\"og:image:type\" content=\"image\/png\" \/>\n<meta name=\"twitter:card\" content=\"summary_large_image\" \/>\n<meta name=\"twitter:label1\" content=\"Gesch\u00e4tzte Lesezeit\" \/>\n\t<meta name=\"twitter:data1\" content=\"1\u00a0Minute\" \/>\n<script type=\"application\/ld+json\" class=\"yoast-schema-graph\">{\"@context\":\"https:\\\/\\\/schema.org\",\"@graph\":[{\"@type\":\"WebPage\",\"@id\":\"https:\\\/\\\/rueda.casino\\\/de\\\/rueda-strukturen-estructuras-de-rueda\\\/rueda-trio-caliente\\\/\",\"url\":\"https:\\\/\\\/rueda.casino\\\/de\\\/rueda-strukturen-estructuras-de-rueda\\\/rueda-trio-caliente\\\/\",\"name\":\"Rueda trio caliente - Rueda.Casino\",\"isPartOf\":{\"@id\":\"https:\\\/\\\/rueda.casino\\\/de\\\/#website\"},\"primaryImageOfPage\":{\"@id\":\"https:\\\/\\\/rueda.casino\\\/de\\\/rueda-strukturen-estructuras-de-rueda\\\/rueda-trio-caliente\\\/#primaryimage\"},\"image\":{\"@id\":\"https:\\\/\\\/rueda.casino\\\/de\\\/rueda-strukturen-estructuras-de-rueda\\\/rueda-trio-caliente\\\/#primaryimage\"},\"thumbnailUrl\":\"https:\\\/\\\/rueda.casino\\\/wp-content\\\/uploads\\\/2018\\\/07\\\/Rueda-trio-caliente-wp.png\",\"datePublished\":\"2018-07-31T17:58:04+00:00\",\"dateModified\":\"2025-08-13T11:02:55+00:00\",\"breadcrumb\":{\"@id\":\"https:\\\/\\\/rueda.casino\\\/de\\\/rueda-strukturen-estructuras-de-rueda\\\/rueda-trio-caliente\\\/#breadcrumb\"},\"inLanguage\":\"de\",\"potentialAction\":[{\"@type\":\"ReadAction\",\"target\":[\"https:\\\/\\\/rueda.casino\\\/de\\\/rueda-strukturen-estructuras-de-rueda\\\/rueda-trio-caliente\\\/\"]}]},{\"@type\":\"ImageObject\",\"inLanguage\":\"de\",\"@id\":\"https:\\\/\\\/rueda.casino\\\/de\\\/rueda-strukturen-estructuras-de-rueda\\\/rueda-trio-caliente\\\/#primaryimage\",\"url\":\"https:\\\/\\\/rueda.casino\\\/wp-content\\\/uploads\\\/2018\\\/07\\\/Rueda-trio-caliente-wp.png\",\"contentUrl\":\"https:\\\/\\\/rueda.casino\\\/wp-content\\\/uploads\\\/2018\\\/07\\\/Rueda-trio-caliente-wp.png\"},{\"@type\":\"BreadcrumbList\",\"@id\":\"https:\\\/\\\/rueda.casino\\\/de\\\/rueda-strukturen-estructuras-de-rueda\\\/rueda-trio-caliente\\\/#breadcrumb\",\"itemListElement\":[{\"@type\":\"ListItem\",\"position\":1,\"name\":\"Home\",\"item\":\"https:\\\/\\\/rueda.casino\\\/de\\\/heim\\\/\"},{\"@type\":\"ListItem\",\"position\":2,\"name\":\"Rueda-Strukturen\",\"item\":\"https:\\\/\\\/rueda.casino\\\/de\\\/rueda-strukturen-estructuras-de-rueda\\\/\"},{\"@type\":\"ListItem\",\"position\":3,\"name\":\"Rueda trio caliente\"}]},{\"@type\":\"WebSite\",\"@id\":\"https:\\\/\\\/rueda.casino\\\/de\\\/#website\",\"url\":\"https:\\\/\\\/rueda.casino\\\/de\\\/\",\"name\":\"Rueda.Casino\",\"description\":\"Educational rueda &amp; casino videos of high quality\",\"publisher\":{\"@id\":\"https:\\\/\\\/rueda.casino\\\/de\\\/#organization\"},\"potentialAction\":[{\"@type\":\"SearchAction\",\"target\":{\"@type\":\"EntryPoint\",\"urlTemplate\":\"https:\\\/\\\/rueda.casino\\\/de\\\/?s={search_term_string}\"},\"query-input\":{\"@type\":\"PropertyValueSpecification\",\"valueRequired\":true,\"valueName\":\"search_term_string\"}}],\"inLanguage\":\"de\"},{\"@type\":\"Organization\",\"@id\":\"https:\\\/\\\/rueda.casino\\\/de\\\/#organization\",\"name\":\"Rueda.Casino\",\"url\":\"https:\\\/\\\/rueda.casino\\\/de\\\/\",\"logo\":{\"@type\":\"ImageObject\",\"inLanguage\":\"de\",\"@id\":\"https:\\\/\\\/rueda.casino\\\/de\\\/#\\\/schema\\\/logo\\\/image\\\/\",\"url\":\"https:\\\/\\\/rueda.casino\\\/wp-content\\\/uploads\\\/2018\\\/08\\\/cropped-rueda.casino-2-linje-weblogo.png\",\"contentUrl\":\"https:\\\/\\\/rueda.casino\\\/wp-content\\\/uploads\\\/2018\\\/08\\\/cropped-rueda.casino-2-linje-weblogo.png\",\"width\":150,\"height\":51,\"caption\":\"Rueda.Casino\"},\"image\":{\"@id\":\"https:\\\/\\\/rueda.casino\\\/de\\\/#\\\/schema\\\/logo\\\/image\\\/\"},\"sameAs\":[\"https:\\\/\\\/www.facebook.com\\\/ruedadotcasino\",\"https:\\\/\\\/www.instagram.com\\\/rueda.casino\\\/\",\"https:\\\/\\\/www.youtube.com\\\/@rueda.casino\"]}]}<\/script>\n<!-- \/ Yoast SEO plugin. -->","yoast_head_json":{"title":"Rueda trio caliente - Rueda.Casino","robots":{"index":"index","follow":"follow","max-snippet":"max-snippet:-1","max-image-preview":"max-image-preview:large","max-video-preview":"max-video-preview:-1"},"canonical":"https:\/\/rueda.casino\/de\/rueda-strukturen-estructuras-de-rueda\/rueda-trio-caliente\/","og_locale":"de_DE","og_type":"article","og_title":"Rueda trio caliente - Rueda.Casino","og_description":"RUEDA TRIO CALIENTE ist eine Mischung aus RUEDA CON DOS [...]","og_url":"https:\/\/rueda.casino\/de\/rueda-strukturen-estructuras-de-rueda\/rueda-trio-caliente\/","og_site_name":"Rueda.Casino","article_publisher":"https:\/\/www.facebook.com\/ruedadotcasino","article_modified_time":"2025-08-13T11:02:55+00:00","og_image":[{"width":1000,"height":1000,"url":"https:\/\/rueda.casino\/wp-content\/uploads\/2018\/07\/Rueda-trio-caliente-wp.png","type":"image\/png"}],"twitter_card":"summary_large_image","twitter_misc":{"Gesch\u00e4tzte Lesezeit":"1\u00a0Minute"},"schema":{"@context":"https:\/\/schema.org","@graph":[{"@type":"WebPage","@id":"https:\/\/rueda.casino\/de\/rueda-strukturen-estructuras-de-rueda\/rueda-trio-caliente\/","url":"https:\/\/rueda.casino\/de\/rueda-strukturen-estructuras-de-rueda\/rueda-trio-caliente\/","name":"Rueda trio caliente - Rueda.Casino","isPartOf":{"@id":"https:\/\/rueda.casino\/de\/#website"},"primaryImageOfPage":{"@id":"https:\/\/rueda.casino\/de\/rueda-strukturen-estructuras-de-rueda\/rueda-trio-caliente\/#primaryimage"},"image":{"@id":"https:\/\/rueda.casino\/de\/rueda-strukturen-estructuras-de-rueda\/rueda-trio-caliente\/#primaryimage"},"thumbnailUrl":"https:\/\/rueda.casino\/wp-content\/uploads\/2018\/07\/Rueda-trio-caliente-wp.png","datePublished":"2018-07-31T17:58:04+00:00","dateModified":"2025-08-13T11:02:55+00:00","breadcrumb":{"@id":"https:\/\/rueda.casino\/de\/rueda-strukturen-estructuras-de-rueda\/rueda-trio-caliente\/#breadcrumb"},"inLanguage":"de","potentialAction":[{"@type":"ReadAction","target":["https:\/\/rueda.casino\/de\/rueda-strukturen-estructuras-de-rueda\/rueda-trio-caliente\/"]}]},{"@type":"ImageObject","inLanguage":"de","@id":"https:\/\/rueda.casino\/de\/rueda-strukturen-estructuras-de-rueda\/rueda-trio-caliente\/#primaryimage","url":"https:\/\/rueda.casino\/wp-content\/uploads\/2018\/07\/Rueda-trio-caliente-wp.png","contentUrl":"https:\/\/rueda.casino\/wp-content\/uploads\/2018\/07\/Rueda-trio-caliente-wp.png"},{"@type":"BreadcrumbList","@id":"https:\/\/rueda.casino\/de\/rueda-strukturen-estructuras-de-rueda\/rueda-trio-caliente\/#breadcrumb","itemListElement":[{"@type":"ListItem","position":1,"name":"Home","item":"https:\/\/rueda.casino\/de\/heim\/"},{"@type":"ListItem","position":2,"name":"Rueda-Strukturen","item":"https:\/\/rueda.casino\/de\/rueda-strukturen-estructuras-de-rueda\/"},{"@type":"ListItem","position":3,"name":"Rueda trio caliente"}]},{"@type":"WebSite","@id":"https:\/\/rueda.casino\/de\/#website","url":"https:\/\/rueda.casino\/de\/","name":"Rueda.Casino","description":"Educational rueda &amp; casino videos of high quality","publisher":{"@id":"https:\/\/rueda.casino\/de\/#organization"},"potentialAction":[{"@type":"SearchAction","target":{"@type":"EntryPoint","urlTemplate":"https:\/\/rueda.casino\/de\/?s={search_term_string}"},"query-input":{"@type":"PropertyValueSpecification","valueRequired":true,"valueName":"search_term_string"}}],"inLanguage":"de"},{"@type":"Organization","@id":"https:\/\/rueda.casino\/de\/#organization","name":"Rueda.Casino","url":"https:\/\/rueda.casino\/de\/","logo":{"@type":"ImageObject","inLanguage":"de","@id":"https:\/\/rueda.casino\/de\/#\/schema\/logo\/image\/","url":"https:\/\/rueda.casino\/wp-content\/uploads\/2018\/08\/cropped-rueda.casino-2-linje-weblogo.png","contentUrl":"https:\/\/rueda.casino\/wp-content\/uploads\/2018\/08\/cropped-rueda.casino-2-linje-weblogo.png","width":150,"height":51,"caption":"Rueda.Casino"},"image":{"@id":"https:\/\/rueda.casino\/de\/#\/schema\/logo\/image\/"},"sameAs":["https:\/\/www.facebook.com\/ruedadotcasino","https:\/\/www.instagram.com\/rueda.casino\/","https:\/\/www.youtube.com\/@rueda.casino"]}]}},"_links":{"self":[{"href":"https:\/\/rueda.casino\/de\/wp-json\/wp\/v2\/pages\/23286","targetHints":{"allow":["GET"]}}],"collection":[{"href":"https:\/\/rueda.casino\/de\/wp-json\/wp\/v2\/pages"}],"about":[{"href":"https:\/\/rueda.casino\/de\/wp-json\/wp\/v2\/types\/page"}],"author":[{"embeddable":true,"href":"https:\/\/rueda.casino\/de\/wp-json\/wp\/v2\/users\/1"}],"replies":[{"embeddable":true,"href":"https:\/\/rueda.casino\/de\/wp-json\/wp\/v2\/comments?post=23286"}],"version-history":[{"count":0,"href":"https:\/\/rueda.casino\/de\/wp-json\/wp\/v2\/pages\/23286\/revisions"}],"up":[{"embeddable":true,"href":"https:\/\/rueda.casino\/de\/wp-json\/wp\/v2\/pages\/23841"}],"wp:attachment":[{"href":"https:\/\/rueda.casino\/de\/wp-json\/wp\/v2\/media?parent=23286"}],"curies":[{"name":"wp","href":"https:\/\/api.w.org\/{rel}","templated":true}]}}