

    {"id":23295,"date":"2018-07-31T20:32:49","date_gmt":"2018-07-31T18:32:49","guid":{"rendered":"https:\/\/rueda.casino\/rueda-contrario-hombres-y-mujeres\/"},"modified":"2025-08-13T13:02:56","modified_gmt":"2025-08-13T11:02:56","slug":"rueda-contrario-hombres-y-mujeres","status":"publish","type":"page","link":"https:\/\/rueda.casino\/de\/rueda-strukturen-estructuras-de-rueda\/rueda-contrario-hombres-y-mujeres\/","title":{"rendered":"Rueda contrario &#8211; hombres y mujeres"},"content":{"rendered":"<p><strong>Rueda contrario<\/strong> &#8211; <strong>hombres y mujeres<\/strong> ist eine erweiterte Variante von <a href=\"http:\/\/rueda.casino\/rueda-structures\/rueda-contrario\/\"><strong>rueda contrario<\/strong><\/a>.<\/p>\n<p>In dieser Variante k\u00f6nnen die Anf\u00fchrer (<em>hombres<\/em>) immer noch den Partner in entgegengesetzte Richtungen wechseln, aber jetzt k\u00f6nnen das auch die Gefolgsleute (<em>mujeres<\/em>) tun. Ein Partnerwechsel in entgegengesetzte Richtungen geschieht immer noch nur, wenn der Ruf &#8222;<em>contrario<\/em>&#8220; enth\u00e4lt, wie &#8222;<em>enchufla contrario<\/em>&#8220; oder &#8222;<em>patin mujeres contrario<\/em>&#8222;. <\/p>\n<p>Die Follower verwenden etwas Visuelles, um die Rollen zu unterscheiden, z. B. helle\/dunkle Oberteile oder rote\/blaue B\u00e4nder. <br \/>.<\/p>\n<div>\n<h1>Verkehrsregeln  <\/h1>\n<ul>\n<li>\n<p><strong>Anh\u00e4nger (<em>mujeres<\/em>) haben eine feste Rolle<\/strong> (<em>arriba<\/em> oder <em>abajo<\/em>) in der gesamten Rueda.* <br \/>Jeder zweite Follower tanzt <em>Abajo<\/em>, die anderen tanzen <em>Arriba<\/em>. Du brauchst etwas Visuelles, um die Rollen zu unterscheiden, wie z.B. helle\/dunkle Oberteile oder rote\/blaue B\u00e4nder zu tragen. <\/p>\n<\/li>\n<li>\n<p><strong>Anf\u00fchrer (<em>hombres) haben vor\u00fcbergehende<\/em> Rollen <\/strong><br \/>Den F\u00fchrungskr\u00e4ften wird eine Rolle zugewiesen, wenn ein <em>Contrario-Aufruf<\/em> ausgegeben wird. Wenn der Ruf &#8222;<em>enchufla contrario<\/em>&#8220; lautet, dann ist die Rolle des Anf\u00fchrers f\u00fcr diese bestimmte Figur die gleiche Rolle (<em>arriba<\/em> oder <em>abajo<\/em>) wie die des Partners, wenn diese Figur beginnt. Sie sehen die Rolle anhand der Farbe, die der Partner tr\u00e4gt.    <\/p>\n<\/li>\n<li>\n<p><strong>Die Regeln f\u00fcr den Partnerwechsel<\/strong> sind \u00e4hnlich wie bei der regul\u00e4ren <em>rueda contrario<\/em>: <b><br \/><\/b>&#8211; <em><strong>Abajo-Anh\u00e4nger<\/strong><\/em>\/-F\u00fchrer wechseln ihren Partner in <em>Abajo-Richtung <\/em>(gegen den Uhrzeigersinn) und gehen <strong>innerhalb<\/strong> des <em>Arriba-Anh\u00e4ngers<\/em>\/-F\u00fchrers (d.h. n\u00e4her an der Mitte)<br \/>&#8211; <em><strong>Arriba-Anh\u00e4nger<\/strong><\/em> \/-Anf\u00fchrer wechseln den Partner in <em>Arriba-Richtung <\/em>(im Uhrzeigersinn) und gehen zwischen den <em>Abajo-Anh\u00e4ngern <\/em> \/-Anf\u00fchrern und den Partnern, die in der Rueda warten.<\/p>\n<\/li>\n<li>\n<p><strong>Bei Rufen, die &#8222;<em>mujeres <span class=\"il\">contrario&#8220;<\/span> <\/em>beinhalten,<\/strong> wechseln die Anh\u00e4nger (<em>mujeres<\/em>) den Partner in entgegengesetzte Richtungen. (Auch Aufrufe mit &#8222;<em>muchachas contrario<\/em>&#8220; deuten darauf hin, dass die Follower die Rollen wechseln, aber das ist neu im Jahr 2022, also noch nicht gut etabliert.)<br \/>Zum Beispiel wechseln in <em>&#8222;patin mujeres contrario&#8220;<\/em> die <em>Abajo-Anh\u00e4nger<\/em> den Partner in <em>Abajo-Richtung<\/em> , und die <em>Arriba-Anh\u00e4nger<\/em> wechseln den Partner in <em>Arriba-Richtung <\/em>. (Leicht zu merken.)  <\/p>\n<\/li>\n<li>\n<p><strong>Bei Rufen, die &#8222;<em>contrario<\/em>&#8220; und <span style=\"text-decoration: underline\">nicht<\/span> &#8222;<em>mujeres<\/em>&#8220; enthalten<\/strong>, wechseln die Anf\u00fchrer (hombres) den Partner in die entgegengesetzte Richtung. <br \/>Zum Beispiel in &#8222;<em>enchufla contrario<\/em>&#8220; und &#8222;<em>patin contrario<\/em>&#8220; haben die F\u00fchrer nur <strong>vor\u00fcbergehende Rollen <\/strong>f\u00fcr diese Figur (<em>abajo<\/em> oder <em>arriba<\/em>). Sie bekommen die gleiche Rolle wie ihr Partner, wenn die Figur beginnt. <\/p>\n<\/li>\n<\/ul>\n<p>*) Diese Regelung mit festen Rollen f\u00fcr Frauen wurde 2019 eingef\u00fchrt. In der ersten Ausgabe von 2017 hatten die Anf\u00fchrer feste Rollen, und die Follower bekamen ihre Rolle f\u00fcr jede Figur, basierend auf der Rolle des Partners, als die Figur begann. Es wurde ge\u00e4ndert, weil es f\u00fcr die Follower zu schwierig war, den \u00dcberblick zu behalten, wenn sie es nicht gewohnt sind, die aktive Rolle beim Partnerwechsel zu spielen.    <\/p>\n<p>.<\/p>\n<p><div class=\"video-shortcode\"><iframe title=\"Rueda Contrario con mujeres y hombres, Bernd, Rueda Congress Bergen\" width=\"1200\" height=\"675\" src=\"https:\/\/www.youtube.com\/embed\/USF9YMTW0Sw?feature=oembed\" frameborder=\"0\" allow=\"accelerometer; autoplay; clipboard-write; encrypted-media; gyroscope; picture-in-picture; web-share\" referrerpolicy=\"strict-origin-when-cross-origin\" allowfullscreen><\/iframe><\/div><\/p>\n<p style=\"text-align: center\"><em>Rueda contrario hombres y mujeres | Workshop von Bernt Rygg, SalsaNor Rueda Kongress 2019<\/em><\/p>\n<p>.<\/p>\n<\/div>\n<h1>Etablierte Pers\u00f6nlichkeiten  <\/h1>\n<table>\n<tbody>\n<tr>\n<td colspan=\"5\">\n<h2>OFFENE POSITION<\/h2>\n<h3>1: patin mujeres <span class=\"il\">contrario<\/span><\/h3>\n<\/td>\n<\/tr>\n<tr>\n<td> <\/td>\n<td><em>Abajo-Anh\u00e4nger<\/em>:<br \/><em>Arriba-Anh\u00e4nger<\/em>:<\/td>\n<td colspan=\"3\"><em>Patin Pa&#8217;Mujeres <\/em>(Video unten)<br \/><em>Patin pa&#8217;mujeres pa&#8217;arriba<\/em><\/td>\n<\/tr>\n<tr>\n<td> <\/td>\n<td colspan=\"4\">\n<p><em>Abajo-Anh\u00e4nger <\/em>m\u00fcssen die Figur vor den <em>Arriba-Anh\u00e4ngern<\/em> n\u00e4her an der Mitte verlassen, um nicht aufeinander zu sto\u00dfen. Follower sollten sich gegenseitig bewusst sein und auch Blickkontakt mit ihrem neuen Partner halten, bevor sie die Figur verlassen. <\/p>\n<\/td>\n<\/tr>\n<tr>\n<td colspan=\"5\">\n<h3><strong>2: <\/strong>rebota mujeres <span class=\"il\">contrario \/ enchufla muchachas contrario<\/span><\/h3>\n<\/td>\n<\/tr>\n<tr>\n<td> <\/td>\n<td><em>Abajo-Anh\u00e4nger<\/em>:<br \/><em>Arriba-Anh\u00e4nger<\/em>:<\/td>\n<td colspan=\"3\"><em>Enchufla con muchachas (Enchufla y mujeres derecha con vuelta)<\/em><br \/><em>Enchufla con muchachas pa&#8217;arriba (Enchufla y mujeres izquierda con vuelta)<\/em><\/td>\n<\/tr>\n<tr>\n<td> <\/td>\n<td colspan=\"4\">\n<p>Zwei und zwei Verfolger kreuzen sich vor demselben Anf\u00fchrer, w\u00e4hrend sie sich drehen.<br \/><em>Abajo-Follower<\/em> enden mit demselben Partner, <em>Arriba-Follower<\/em> wechseln den Partner <em>dos arriba<\/em>.<\/p>\n<\/td>\n<\/tr>\n<tr>\n<td colspan=\"5\">\n<h2>RUEDA AL MEDIO<\/h2>\n<p><strong>Enchufla y al medio &gt;<\/strong><br \/>(Video unten)<\/p>\n<\/td>\n<\/tr>\n<tr>\n<td colspan=\"5\">\n<h3><strong>3:<\/strong> mujeres contrario<\/h3>\n<\/td>\n<\/tr>\n<tr>\n<td> <\/td>\n<td><em>Abajo-Anh\u00e4nger<\/em>:<br \/><em>Arriba-Anh\u00e4nger<\/em>:<\/td>\n<td colspan=\"3\"><em>Mujeres Derecha <\/em>(Video unten)<br \/><em>Mujeres Izquierda<\/em> (Video unten)<\/td>\n<\/tr>\n<tr>\n<td colspan=\"6\">\n<h3><strong>4:<\/strong> Mujeres contrario con vuelta <span class=\"il\">\/ muchachas contrario<\/span><\/h3>\n<\/td>\n<\/tr>\n<tr>\n<td> <\/td>\n<td><em>Abajo-Anh\u00e4nger<\/em>:<br \/><em>Arriba-Anh\u00e4nger<\/em>:<\/td>\n<td colspan=\"3\"><em>Mujeres derecha con vuelta <\/em>(links abbiegend)<br \/><em>Mujeres izquierda con vuelta <\/em>(rechts abbiegen)<\/td>\n<\/tr>\n<tr>\n<td> <\/td>\n<td colspan=\"4\">\n<p>Zwei und zwei Gefolgsleute kreuzen sich beide vor demselben Anf\u00fchrer, w\u00e4hrend sie sich drehen, wobei die Abajo-Gefolgsleute am n\u00e4chsten an der Mitte vorbeiziehen.<em> Es gibt einen Punkt (um Schlag #2-3), an dem sich beide Follower umdrehen und einander gegen\u00fcberstehen, an dem sie mit beiden H\u00e4nden miteinander in Kontakt treten d\u00fcrfen, zum Spa\u00df\/zur Verbundenheit und zur Sicherheit\/Kontrolle.<\/em>  <\/p>\n<\/td>\n<\/tr>\n<\/tbody>\n<\/table>\n<p>.<\/p>\n<h1>Einige m\u00f6gliche Zahlen, die es zu erforschen gilt<\/h1>\n<table>\n<tbody>\n<tr>\n<td colspan=\"5\">\n<h2>OFFENE POSITION<\/h2>\n<h3>Enchufla mujeres contrario<\/h3>\n<\/td>\n<\/tr>\n<tr>\n<td> <\/td>\n<td><em>Abajo-Anh\u00e4nger<\/em>:<br \/><em>Arriba-Anh\u00e4nger<\/em>:<\/td>\n<td colspan=\"3\"><em>Enchufla mujeres<\/em><br \/><em>enchufla finta y dame<\/em><\/td>\n<\/tr>\n<tr>\n<td> <\/td>\n<td colspan=\"4\">\n<p><em>Abajo-Anh\u00e4nger <\/em>sollten wohl in einen Vorsprung gef\u00fchrt werden, um die Reise zu erleichtern.  <\/p>\n<\/td>\n<\/tr>\n<tr>\n<td> <\/td>\n<td><em>Abajo-Anh\u00e4nger<\/em>:<br \/><em>Arriba-Anh\u00e4nger<\/em>:<\/td>\n<td colspan=\"3\"><em>enchufla y lazo y enchufla mujeres<\/em><br \/><em>Enchufla finta con paseala y exhibela y mujeres pa&#8217;arriba<\/em><\/td>\n<\/tr>\n<tr>\n<td colspan=\"5\">\n<h3>Lazo mujeres <span class=\"il\">contrario<\/span><\/h3>\n<\/td>\n<\/tr>\n<tr>\n<td> <\/td>\n<td><em>Abajo-Anh\u00e4nger<\/em>:<br \/><em>Arriba-Anh\u00e4nger<\/em>:<\/td>\n<td colspan=\"3\"><em>enchufla y lazo y enchufla mujeres<\/em><br \/><em>Enchufla finta con paseala y exhibela y mujeres pa&#8217;arriba<\/em><\/td>\n<\/tr>\n<tr>\n<td> <\/td>\n<td colspan=\"4\">\n<p>Beachten Sie, dass dies von <em>enchufla mujeres<\/em> abh\u00e4ngt, das ein Bestandteil von &#8222;enchufla mujeres contrario&#8220; ist.<\/p>\n<\/td>\n<\/tr>\n<tr>\n<td colspan=\"5\">\n<h3>cero mujeres <span class=\"il\">contrario con vuelta<\/span><\/h3>\n<\/td>\n<\/tr>\n<tr>\n<td> <\/td>\n<td><em>Abajo-Anh\u00e4nger<\/em>:<br \/><em>Arriba-Anh\u00e4nger<\/em>:<\/td>\n<td colspan=\"3\"><em>Cero con Vuelta <\/em> (Damen biegen links ab, w\u00e4hrend sie sich nach rechts bewegen)<br \/><em>Enchufla y mujeres cero a la derecha con vuelta <\/em>(Damen biegen rechts ab, w\u00e4hrend sie sich links bewegen)<\/td>\n<\/tr>\n<tr>\n<td> <\/td>\n<td colspan=\"4\">\n<p>\u00c4hnlich wie &#8222;<em>mujeres contrario con vuelta<\/em>&#8222;, aber beginnend mit <em>enchufla<\/em> und endend mit <em>dile que no<\/em>. Die Anh\u00e4nger kreuzen sich beide vor demselben Anf\u00fchrer, w\u00e4hrend sie sich drehen, wobei die <em>Abajo-Anh\u00e4nger<\/em> am n\u00e4chsten an der Mitte vorbeiziehen. Es gibt einen Punkt (um Beat #2-3), an dem sich beide Damen drehen und einander gegen\u00fcberstehen, an dem sie mit beiden H\u00e4nden Kontakt aufnehmen d\u00fcrfen, zum Spa\u00df\/zur Verbundenheit und zur Sicherheit\/Kontrolle.    <\/p>\n<\/td>\n<\/tr>\n<tr>\n<td colspan=\"5\">\n<h3>Ocho para mujeres <span class=\"il\">contrario <\/span> <\/h3>\n<\/td>\n<\/tr>\n<tr>\n<td> <\/td>\n<td><em>Abajo-Anh\u00e4nger<\/em>:<br \/><em>Arriba-Anh\u00e4nger<\/em>:<\/td>\n<td colspan=\"3\"><em>Ocho para mujeres <\/em>(Video unten)<br \/><em>Ocho para mujeres opuesto<\/em><\/td>\n<\/tr>\n<tr>\n<td> <\/td>\n<td colspan=\"4\">\n<p>In <em>ocho para mujeres contrario<\/em> hat jeder am Ende denselben Partner, mit dem er begonnen hat. Dies ist eine komplizierte Figur f\u00fcr die Anh\u00e4nger, und sie m\u00fcssen in den beiden Figuren getrennt (<em>ocho para mujeres <\/em>und <em>ocho para mujeres opuesto)<\/em> ge\u00fcbt werden.   <\/p>\n<p>In <em>ocho para mujeres opuesto<\/em> umkreist der Follower zun\u00e4chst den Partner, der die Figuren einleitet, und endet mit &#8222;muchachas pa&#8217;arriba&#8220;, um schlie\u00dflich den Partner <em>dos arriba<\/em> zu wechseln.<\/p>\n<p>Beachten Sie, dass sich sowohl zwei als auch zwei Verfolger vor demselben Anf\u00fchrer kreuzen, w\u00e4hrend sie zweimal abbiegen.  <\/p>\n<\/td>\n<\/tr>\n<tr>\n<td colspan=\"5\">\n<h3><span class=\"il\">exhibela mujeres contrario  <br \/><\/span><span class=\"il\">Botala mujeres contrario<br \/><\/span><\/h3>\n<\/td>\n<\/tr>\n<tr>\n<td> <\/td>\n<td><em>Abajo-Anh\u00e4nger<\/em>:<br \/><em>Arriba-Anh\u00e4nger<\/em>:<\/td>\n<td colspan=\"3\"><em>Exhibela | Botala &#8211; y mujeres pa&#8217;abajo <\/em><br \/><em>Exhibela | Botala &#8211; y mujeres pa&#8217;arriba <\/em><\/td>\n<\/tr>\n<tr>\n<td> <\/td>\n<td colspan=\"4\">\n<p>Das Prinzip ist f\u00fcr beide dasselbe. Die Verfolger machen eine Rechtskurve in Richtung Mitte und wechseln den Partner in die entgegengesetzte Richtung. <em>Abajo-Anh\u00e4nger r\u00fccken<\/em> am n\u00e4chsten an die Mitte, um Platz zu machen. <\/p>\n<\/td>\n<\/tr>\n<tr>\n<td colspan=\"5\">\n<h2>GESCHLOSSENE POSITION<\/h2>\n<\/td>\n<\/tr>\n<tr>\n<td colspan=\"5\">\n<h3>americana mujeres contrario<\/h3>\n<\/td>\n<\/tr>\n<tr>\n<td> <\/td>\n<td><em>Abajo-Anh\u00e4nger<\/em>:<br \/><em>Arriba-Anh\u00e4nger<\/em>:<\/td>\n<td><em>americana y mujeres pa&#8217;abajo <\/em><br \/><em>americana y mujeres pa&#8217;arriba <\/em><\/td>\n<\/tr>\n<tr>\n<td> <\/td>\n<td colspan=\"4\">\n<p>Gleiches Prinzip wie in &#8222;<span class=\"il\"><em>exhibela mujeres contrario<\/em>&#8222;. <\/span>Die Verfolger machen eine Rechtskurve in Richtung Mitte und wechseln den Partner in die entgegengesetzte Richtung. <em>Abajo-Anh\u00e4nger r\u00fccken<\/em> am n\u00e4chsten an die Mitte, um Platz zu machen.<\/p>\n<\/td>\n<\/tr>\n<\/tbody>\n<\/table>\n<p>.<\/p>\n<h1>Verwandte Videos<\/h1>\n<p>.<\/p>\n<p><div class=\"video-shortcode\"><iframe title=\"patin para mujeres (rueda de casino)\" src=\"https:\/\/player.vimeo.com\/video\/371232589?dnt=1&amp;app_id=122963\" width=\"1200\" height=\"675\" frameborder=\"0\" allow=\"autoplay; fullscreen; picture-in-picture; clipboard-write; encrypted-media; web-share\" referrerpolicy=\"strict-origin-when-cross-origin\"><\/iframe><\/div><\/p>\n<h2 style=\"text-align: center\">Patin para mujeres<\/h2>\n<p>.<\/p>\n<p><div class=\"video-shortcode\"><iframe title=\"cero (rueda de casino)\" src=\"https:\/\/player.vimeo.com\/video\/360644292?dnt=1&amp;app_id=122963\" width=\"1200\" height=\"675\" frameborder=\"0\" allow=\"autoplay; fullscreen; picture-in-picture; clipboard-write; encrypted-media; web-share\" referrerpolicy=\"strict-origin-when-cross-origin\"><\/iframe><\/div><\/p>\n<h2 style=\"text-align: center\">cero<\/h2>\n<p>.<\/p>\n<p><div class=\"video-shortcode\"><iframe title=\"ocho para mujeres (rueda de casino)\" src=\"https:\/\/player.vimeo.com\/video\/333802546?dnt=1&amp;app_id=122963\" width=\"1200\" height=\"675\" frameborder=\"0\" allow=\"autoplay; fullscreen; picture-in-picture; clipboard-write; encrypted-media; web-share\" referrerpolicy=\"strict-origin-when-cross-origin\"><\/iframe><\/div><\/p>\n<h2 style=\"text-align: center\">Ocho para mujeres<\/h2>\n<p>.<\/p>\n<p><div class=\"video-shortcode\"><iframe title=\"enchufla y al medio (rueda de casino)\" src=\"https:\/\/player.vimeo.com\/video\/559190580?dnt=1&amp;app_id=122963\" width=\"1200\" height=\"675\" frameborder=\"0\" allow=\"autoplay; fullscreen; picture-in-picture; clipboard-write; encrypted-media; web-share\" referrerpolicy=\"strict-origin-when-cross-origin\"><\/iframe><\/div><\/p>\n<h2 style=\"text-align: center\">Enchufla y al medio<\/h2>\n<p>.<\/p>\n<p><div class=\"video-shortcode\"><iframe title=\"mujeres derecha, mujeres izquierda (rueda de casino)\" src=\"https:\/\/player.vimeo.com\/video\/360642347?dnt=1&amp;app_id=122963\" width=\"1200\" height=\"675\" frameborder=\"0\" allow=\"autoplay; fullscreen; picture-in-picture; clipboard-write; encrypted-media; web-share\" referrerpolicy=\"strict-origin-when-cross-origin\"><\/iframe><\/div><\/p>\n<h2 style=\"text-align: center\">mujeres derecha, mujeres izquierda<\/h2>\n<p>.<\/p>\n<p>.<\/p>\n<hr>\n<h2>Ursprung<\/h2>\n<p><em>Rueda mujeres contrario<\/em> wurde 2017 von <a href=\"https:\/\/www.facebook.com\/bernt.i.rygg\/\" target=\"_blank\" rel=\"noopener\">Bernt Rygg<\/a> kreiert und 2018 zum ersten Mal auf dem <a href=\"http:\/\/ruedacongress.com\" target=\"_blank\" rel=\"noopener\">SalsaNor Rueda Kongress<\/a> in M\u00e1laga unterrichtet.<em><br \/><\/em><\/p>\n<p>Sp\u00e4ter hat sich das Konzept dahingehend gewandelt, dass es ein integraler Bestandteil der <em>rueda contrario<\/em> ist, anstatt eine separate Struktur, die sich nur auf die Anh\u00e4nger konzentriert. Daher auch der Name <em>rueda contrario &#8211; hombres y mujeres.<\/em> <\/p>\n<p>.<\/p>\n<hr>\n<p>.<\/p>\n<p>.<\/p>\n\n<p><\/p>\n","protected":false},"excerpt":{"rendered":"<p>Rueda contrario &#8211; hombres y mujeres ist eine erweiterte Variante  [&#8230;]<\/p>\n","protected":false},"author":1,"featured_media":0,"parent":23841,"menu_order":22,"comment_status":"closed","ping_status":"closed","template":"","meta":{"_acf_changed":false,"content-type":"","footnotes":""},"class_list":["post-23295","page","type-page","status-publish","hentry"],"acf":[],"yoast_head":"<!-- This site is optimized with the Yoast SEO plugin v27.5 - https:\/\/yoast.com\/product\/yoast-seo-wordpress\/ -->\n<title>Rueda contrario - hombres y mujeres - Rueda.Casino<\/title>\n<meta name=\"robots\" content=\"index, follow, max-snippet:-1, max-image-preview:large, max-video-preview:-1\" \/>\n<link rel=\"canonical\" href=\"https:\/\/rueda.casino\/de\/rueda-strukturen-estructuras-de-rueda\/rueda-contrario-hombres-y-mujeres\/\" \/>\n<meta property=\"og:locale\" content=\"de_DE\" \/>\n<meta property=\"og:type\" content=\"article\" \/>\n<meta property=\"og:title\" content=\"Rueda contrario - hombres y mujeres - Rueda.Casino\" \/>\n<meta property=\"og:description\" content=\"Rueda contrario &#8211; hombres y mujeres ist eine erweiterte Variante [...]\" \/>\n<meta property=\"og:url\" content=\"https:\/\/rueda.casino\/de\/rueda-strukturen-estructuras-de-rueda\/rueda-contrario-hombres-y-mujeres\/\" \/>\n<meta property=\"og:site_name\" content=\"Rueda.Casino\" \/>\n<meta property=\"article:publisher\" content=\"https:\/\/www.facebook.com\/ruedadotcasino\" \/>\n<meta property=\"article:modified_time\" content=\"2025-08-13T11:02:56+00:00\" \/>\n<meta name=\"twitter:card\" content=\"summary_large_image\" \/>\n<meta name=\"twitter:label1\" content=\"Gesch\u00e4tzte Lesezeit\" \/>\n\t<meta name=\"twitter:data1\" content=\"6\u00a0Minuten\" \/>\n<script type=\"application\/ld+json\" class=\"yoast-schema-graph\">{\"@context\":\"https:\\\/\\\/schema.org\",\"@graph\":[{\"@type\":\"WebPage\",\"@id\":\"https:\\\/\\\/rueda.casino\\\/de\\\/rueda-strukturen-estructuras-de-rueda\\\/rueda-contrario-hombres-y-mujeres\\\/\",\"url\":\"https:\\\/\\\/rueda.casino\\\/de\\\/rueda-strukturen-estructuras-de-rueda\\\/rueda-contrario-hombres-y-mujeres\\\/\",\"name\":\"Rueda contrario - hombres y mujeres - Rueda.Casino\",\"isPartOf\":{\"@id\":\"https:\\\/\\\/rueda.casino\\\/de\\\/#website\"},\"datePublished\":\"2018-07-31T18:32:49+00:00\",\"dateModified\":\"2025-08-13T11:02:56+00:00\",\"breadcrumb\":{\"@id\":\"https:\\\/\\\/rueda.casino\\\/de\\\/rueda-strukturen-estructuras-de-rueda\\\/rueda-contrario-hombres-y-mujeres\\\/#breadcrumb\"},\"inLanguage\":\"de\",\"potentialAction\":[{\"@type\":\"ReadAction\",\"target\":[\"https:\\\/\\\/rueda.casino\\\/de\\\/rueda-strukturen-estructuras-de-rueda\\\/rueda-contrario-hombres-y-mujeres\\\/\"]}]},{\"@type\":\"BreadcrumbList\",\"@id\":\"https:\\\/\\\/rueda.casino\\\/de\\\/rueda-strukturen-estructuras-de-rueda\\\/rueda-contrario-hombres-y-mujeres\\\/#breadcrumb\",\"itemListElement\":[{\"@type\":\"ListItem\",\"position\":1,\"name\":\"Home\",\"item\":\"https:\\\/\\\/rueda.casino\\\/de\\\/heim\\\/\"},{\"@type\":\"ListItem\",\"position\":2,\"name\":\"Rueda-Strukturen\",\"item\":\"https:\\\/\\\/rueda.casino\\\/de\\\/rueda-strukturen-estructuras-de-rueda\\\/\"},{\"@type\":\"ListItem\",\"position\":3,\"name\":\"Rueda contrario &#8211; hombres y mujeres\"}]},{\"@type\":\"WebSite\",\"@id\":\"https:\\\/\\\/rueda.casino\\\/de\\\/#website\",\"url\":\"https:\\\/\\\/rueda.casino\\\/de\\\/\",\"name\":\"Rueda.Casino\",\"description\":\"Educational rueda &amp; casino videos of high quality\",\"publisher\":{\"@id\":\"https:\\\/\\\/rueda.casino\\\/de\\\/#organization\"},\"potentialAction\":[{\"@type\":\"SearchAction\",\"target\":{\"@type\":\"EntryPoint\",\"urlTemplate\":\"https:\\\/\\\/rueda.casino\\\/de\\\/?s={search_term_string}\"},\"query-input\":{\"@type\":\"PropertyValueSpecification\",\"valueRequired\":true,\"valueName\":\"search_term_string\"}}],\"inLanguage\":\"de\"},{\"@type\":\"Organization\",\"@id\":\"https:\\\/\\\/rueda.casino\\\/de\\\/#organization\",\"name\":\"Rueda.Casino\",\"url\":\"https:\\\/\\\/rueda.casino\\\/de\\\/\",\"logo\":{\"@type\":\"ImageObject\",\"inLanguage\":\"de\",\"@id\":\"https:\\\/\\\/rueda.casino\\\/de\\\/#\\\/schema\\\/logo\\\/image\\\/\",\"url\":\"https:\\\/\\\/rueda.casino\\\/wp-content\\\/uploads\\\/2018\\\/08\\\/cropped-rueda.casino-2-linje-weblogo.png\",\"contentUrl\":\"https:\\\/\\\/rueda.casino\\\/wp-content\\\/uploads\\\/2018\\\/08\\\/cropped-rueda.casino-2-linje-weblogo.png\",\"width\":150,\"height\":51,\"caption\":\"Rueda.Casino\"},\"image\":{\"@id\":\"https:\\\/\\\/rueda.casino\\\/de\\\/#\\\/schema\\\/logo\\\/image\\\/\"},\"sameAs\":[\"https:\\\/\\\/www.facebook.com\\\/ruedadotcasino\",\"https:\\\/\\\/www.instagram.com\\\/rueda.casino\\\/\",\"https:\\\/\\\/www.youtube.com\\\/@rueda.casino\"]}]}<\/script>\n<!-- \/ Yoast SEO plugin. -->","yoast_head_json":{"title":"Rueda contrario - hombres y mujeres - Rueda.Casino","robots":{"index":"index","follow":"follow","max-snippet":"max-snippet:-1","max-image-preview":"max-image-preview:large","max-video-preview":"max-video-preview:-1"},"canonical":"https:\/\/rueda.casino\/de\/rueda-strukturen-estructuras-de-rueda\/rueda-contrario-hombres-y-mujeres\/","og_locale":"de_DE","og_type":"article","og_title":"Rueda contrario - hombres y mujeres - Rueda.Casino","og_description":"Rueda contrario &#8211; hombres y mujeres ist eine erweiterte Variante [...]","og_url":"https:\/\/rueda.casino\/de\/rueda-strukturen-estructuras-de-rueda\/rueda-contrario-hombres-y-mujeres\/","og_site_name":"Rueda.Casino","article_publisher":"https:\/\/www.facebook.com\/ruedadotcasino","article_modified_time":"2025-08-13T11:02:56+00:00","twitter_card":"summary_large_image","twitter_misc":{"Gesch\u00e4tzte Lesezeit":"6\u00a0Minuten"},"schema":{"@context":"https:\/\/schema.org","@graph":[{"@type":"WebPage","@id":"https:\/\/rueda.casino\/de\/rueda-strukturen-estructuras-de-rueda\/rueda-contrario-hombres-y-mujeres\/","url":"https:\/\/rueda.casino\/de\/rueda-strukturen-estructuras-de-rueda\/rueda-contrario-hombres-y-mujeres\/","name":"Rueda contrario - hombres y mujeres - Rueda.Casino","isPartOf":{"@id":"https:\/\/rueda.casino\/de\/#website"},"datePublished":"2018-07-31T18:32:49+00:00","dateModified":"2025-08-13T11:02:56+00:00","breadcrumb":{"@id":"https:\/\/rueda.casino\/de\/rueda-strukturen-estructuras-de-rueda\/rueda-contrario-hombres-y-mujeres\/#breadcrumb"},"inLanguage":"de","potentialAction":[{"@type":"ReadAction","target":["https:\/\/rueda.casino\/de\/rueda-strukturen-estructuras-de-rueda\/rueda-contrario-hombres-y-mujeres\/"]}]},{"@type":"BreadcrumbList","@id":"https:\/\/rueda.casino\/de\/rueda-strukturen-estructuras-de-rueda\/rueda-contrario-hombres-y-mujeres\/#breadcrumb","itemListElement":[{"@type":"ListItem","position":1,"name":"Home","item":"https:\/\/rueda.casino\/de\/heim\/"},{"@type":"ListItem","position":2,"name":"Rueda-Strukturen","item":"https:\/\/rueda.casino\/de\/rueda-strukturen-estructuras-de-rueda\/"},{"@type":"ListItem","position":3,"name":"Rueda contrario &#8211; hombres y mujeres"}]},{"@type":"WebSite","@id":"https:\/\/rueda.casino\/de\/#website","url":"https:\/\/rueda.casino\/de\/","name":"Rueda.Casino","description":"Educational rueda &amp; casino videos of high quality","publisher":{"@id":"https:\/\/rueda.casino\/de\/#organization"},"potentialAction":[{"@type":"SearchAction","target":{"@type":"EntryPoint","urlTemplate":"https:\/\/rueda.casino\/de\/?s={search_term_string}"},"query-input":{"@type":"PropertyValueSpecification","valueRequired":true,"valueName":"search_term_string"}}],"inLanguage":"de"},{"@type":"Organization","@id":"https:\/\/rueda.casino\/de\/#organization","name":"Rueda.Casino","url":"https:\/\/rueda.casino\/de\/","logo":{"@type":"ImageObject","inLanguage":"de","@id":"https:\/\/rueda.casino\/de\/#\/schema\/logo\/image\/","url":"https:\/\/rueda.casino\/wp-content\/uploads\/2018\/08\/cropped-rueda.casino-2-linje-weblogo.png","contentUrl":"https:\/\/rueda.casino\/wp-content\/uploads\/2018\/08\/cropped-rueda.casino-2-linje-weblogo.png","width":150,"height":51,"caption":"Rueda.Casino"},"image":{"@id":"https:\/\/rueda.casino\/de\/#\/schema\/logo\/image\/"},"sameAs":["https:\/\/www.facebook.com\/ruedadotcasino","https:\/\/www.instagram.com\/rueda.casino\/","https:\/\/www.youtube.com\/@rueda.casino"]}]}},"_links":{"self":[{"href":"https:\/\/rueda.casino\/de\/wp-json\/wp\/v2\/pages\/23295","targetHints":{"allow":["GET"]}}],"collection":[{"href":"https:\/\/rueda.casino\/de\/wp-json\/wp\/v2\/pages"}],"about":[{"href":"https:\/\/rueda.casino\/de\/wp-json\/wp\/v2\/types\/page"}],"author":[{"embeddable":true,"href":"https:\/\/rueda.casino\/de\/wp-json\/wp\/v2\/users\/1"}],"replies":[{"embeddable":true,"href":"https:\/\/rueda.casino\/de\/wp-json\/wp\/v2\/comments?post=23295"}],"version-history":[{"count":0,"href":"https:\/\/rueda.casino\/de\/wp-json\/wp\/v2\/pages\/23295\/revisions"}],"up":[{"embeddable":true,"href":"https:\/\/rueda.casino\/de\/wp-json\/wp\/v2\/pages\/23841"}],"wp:attachment":[{"href":"https:\/\/rueda.casino\/de\/wp-json\/wp\/v2\/media?parent=23295"}],"curies":[{"name":"wp","href":"https:\/\/api.w.org\/{rel}","templated":true}]}}