

    {"id":23363,"date":"2018-09-15T14:32:51","date_gmt":"2018-09-15T12:32:51","guid":{"rendered":"https:\/\/rueda.casino\/geschichte\/druckbar-ruedastandard-2017\/"},"modified":"2018-09-15T14:32:51","modified_gmt":"2018-09-15T12:32:51","slug":"druckbar-ruedastandard-2017","status":"publish","type":"page","link":"https:\/\/rueda.casino\/de\/ruedastandard-estandar-de-rueda\/geschichte\/druckbar-ruedastandard-2017\/","title":{"rendered":"Druckbar Ruedastandard 2017"},"content":{"rendered":"<table>\n<tbody>\n<tr>\n<td colspan=\"2\">\n<h3><a href=\"http:\/\/rueda.casino\/wp-content\/uploads\/2018\/09\/Ruedastandard2017a-3p.pdf\" target=\"_blank\" rel=\"noopener noreferrer\"><strong>Liste des Rueda-Standards zum Ausdrucken<\/strong><\/a> (3 Seiten)<\/h3>\n<p><a href=\"http:\/\/rueda.casino\/wp-content\/uploads\/2018\/09\/Ruedastandard2017a-3p.pdf\" target=\"_blank\" rel=\"noopener noreferrer\"><img decoding=\"async\" class=\"lazyload alignnone wp-image-504\" src=\"https:\/\/rueda.casino\/wp-content\/uploads\/2018\/09\/std2017-3p-300x141.png\" data-orig-src=\"https:\/\/rueda.casino\/wp-content\/uploads\/2018\/09\/std2017-3p-300x141.png\" alt=\"\" width=\"400\" height=\"188\" srcset=\"data:image\/svg+xml,%3Csvg%20xmlns%3D%27http%3A%2F%2Fwww.w3.org%2F2000%2Fsvg%27%20width%3D%27400%27%20height%3D%27188%27%20viewBox%3D%270%200%20400%20188%27%3E%3Crect%20width%3D%27400%27%20height%3D%27188%27%20fill-opacity%3D%220%22%2F%3E%3C%2Fsvg%3E\" data-srcset=\"https:\/\/rueda.casino\/wp-content\/uploads\/2018\/09\/std2017-3p-300x141.png 300w, https:\/\/rueda.casino\/wp-content\/uploads\/2018\/09\/std2017-3p-768x361.png 768w, https:\/\/rueda.casino\/wp-content\/uploads\/2018\/09\/std2017-3p.png 920w\" data-sizes=\"auto\" data-orig-sizes=\"(max-width: 400px) 100vw, 400px\" \/><\/a><\/p>\n<p>Seite 1 enth\u00e4lt die Standardfiguren von Rueda de Casino auf verschiedenen Ebenen.<br \/>\n<span style=\"font-family: inherit;font-size: inherit\">Seite 2 und 3 k\u00f6nnen f\u00fcr Lehrer und Anrufer n\u00fctzlich sein, f\u00fcr Vorschl\u00e4ge zu Befehlskombinationen, Vokabeln, schnellen \u00dcberblick \u00fcber Rueda-Strukturen, etc.<\/span><\/p>\n<p>Auch hier ist die einfache L\u00f6sung, wenn Sie eine <strong><a href=\"http:\/\/rueda.casino\/wp-content\/uploads\/2018\/09\/Ruedastandard2017a-2p.pdf\" target=\"_blank\" rel=\"noopener noreferrer\">druckbare Version auf einem 2-seitigen Bogen<\/a><\/strong> ben\u00f6tigen.<\/td>\n<\/tr>\n<tr>\n<td colspan=\"2\">Werfen Sie gerne einen Blick auf die <a href=\"http:\/\/rueda.casino\/ruedastandard\/history\/\">verschiedenen Versionen des Ruedastandards seit 2002<\/a>.<\/td>\n<\/tr>\n<\/tbody>\n<\/table>\n","protected":false},"excerpt":{"rendered":"<p>Liste des Rueda-Standards zum Ausdrucken (3 Seiten) Seite 1 enth\u00e4lt  [&#8230;]<\/p>\n","protected":false},"author":2,"featured_media":0,"parent":23329,"menu_order":4,"comment_status":"closed","ping_status":"closed","template":"","meta":{"_acf_changed":false,"content-type":"","footnotes":""},"class_list":["post-23363","page","type-page","status-publish","hentry"],"acf":[],"yoast_head":"<!-- This site is optimized with the Yoast SEO plugin v27.5 - https:\/\/yoast.com\/product\/yoast-seo-wordpress\/ -->\n<title>Druckbar Ruedastandard 2017 - Rueda.Casino<\/title>\n<meta name=\"robots\" content=\"index, follow, max-snippet:-1, max-image-preview:large, max-video-preview:-1\" \/>\n<link rel=\"canonical\" href=\"https:\/\/rueda.casino\/de\/ruedastandard-estandar-de-rueda\/geschichte\/druckbar-ruedastandard-2017\/\" \/>\n<meta property=\"og:locale\" content=\"de_DE\" \/>\n<meta property=\"og:type\" content=\"article\" \/>\n<meta property=\"og:title\" content=\"Druckbar Ruedastandard 2017 - Rueda.Casino\" \/>\n<meta property=\"og:description\" content=\"Liste des Rueda-Standards zum Ausdrucken (3 Seiten) Seite 1 enth\u00e4lt [...]\" \/>\n<meta property=\"og:url\" content=\"https:\/\/rueda.casino\/de\/ruedastandard-estandar-de-rueda\/geschichte\/druckbar-ruedastandard-2017\/\" \/>\n<meta property=\"og:site_name\" content=\"Rueda.Casino\" \/>\n<meta property=\"article:publisher\" content=\"https:\/\/www.facebook.com\/ruedadotcasino\" \/>\n<meta property=\"og:image\" content=\"https:\/\/rueda.casino\/wp-content\/uploads\/2018\/09\/std2017-3p-300x141.png\" \/>\n<meta name=\"twitter:card\" content=\"summary_large_image\" \/>\n<script type=\"application\/ld+json\" class=\"yoast-schema-graph\">{\"@context\":\"https:\\\/\\\/schema.org\",\"@graph\":[{\"@type\":\"WebPage\",\"@id\":\"https:\\\/\\\/rueda.casino\\\/de\\\/ruedastandard-estandar-de-rueda\\\/geschichte\\\/druckbar-ruedastandard-2017\\\/\",\"url\":\"https:\\\/\\\/rueda.casino\\\/de\\\/ruedastandard-estandar-de-rueda\\\/geschichte\\\/druckbar-ruedastandard-2017\\\/\",\"name\":\"Druckbar Ruedastandard 2017 - Rueda.Casino\",\"isPartOf\":{\"@id\":\"https:\\\/\\\/rueda.casino\\\/de\\\/#website\"},\"primaryImageOfPage\":{\"@id\":\"https:\\\/\\\/rueda.casino\\\/de\\\/ruedastandard-estandar-de-rueda\\\/geschichte\\\/druckbar-ruedastandard-2017\\\/#primaryimage\"},\"image\":{\"@id\":\"https:\\\/\\\/rueda.casino\\\/de\\\/ruedastandard-estandar-de-rueda\\\/geschichte\\\/druckbar-ruedastandard-2017\\\/#primaryimage\"},\"thumbnailUrl\":\"https:\\\/\\\/rueda.casino\\\/wp-content\\\/uploads\\\/2018\\\/09\\\/std2017-3p-300x141.png\",\"datePublished\":\"2018-09-15T12:32:51+00:00\",\"breadcrumb\":{\"@id\":\"https:\\\/\\\/rueda.casino\\\/de\\\/ruedastandard-estandar-de-rueda\\\/geschichte\\\/druckbar-ruedastandard-2017\\\/#breadcrumb\"},\"inLanguage\":\"de\",\"potentialAction\":[{\"@type\":\"ReadAction\",\"target\":[\"https:\\\/\\\/rueda.casino\\\/de\\\/ruedastandard-estandar-de-rueda\\\/geschichte\\\/druckbar-ruedastandard-2017\\\/\"]}]},{\"@type\":\"ImageObject\",\"inLanguage\":\"de\",\"@id\":\"https:\\\/\\\/rueda.casino\\\/de\\\/ruedastandard-estandar-de-rueda\\\/geschichte\\\/druckbar-ruedastandard-2017\\\/#primaryimage\",\"url\":\"https:\\\/\\\/rueda.casino\\\/wp-content\\\/uploads\\\/2018\\\/09\\\/std2017-3p-300x141.png\",\"contentUrl\":\"https:\\\/\\\/rueda.casino\\\/wp-content\\\/uploads\\\/2018\\\/09\\\/std2017-3p-300x141.png\"},{\"@type\":\"BreadcrumbList\",\"@id\":\"https:\\\/\\\/rueda.casino\\\/de\\\/ruedastandard-estandar-de-rueda\\\/geschichte\\\/druckbar-ruedastandard-2017\\\/#breadcrumb\",\"itemListElement\":[{\"@type\":\"ListItem\",\"position\":1,\"name\":\"Home\",\"item\":\"https:\\\/\\\/rueda.casino\\\/de\\\/heim\\\/\"},{\"@type\":\"ListItem\",\"position\":2,\"name\":\"Ruedastandard\",\"item\":\"https:\\\/\\\/rueda.casino\\\/de\\\/ruedastandard-estandar-de-rueda\\\/\"},{\"@type\":\"ListItem\",\"position\":3,\"name\":\"Geschichte\",\"item\":\"https:\\\/\\\/rueda.casino\\\/de\\\/ruedastandard-estandar-de-rueda\\\/geschichte\\\/\"},{\"@type\":\"ListItem\",\"position\":4,\"name\":\"Druckbar Ruedastandard 2017\"}]},{\"@type\":\"WebSite\",\"@id\":\"https:\\\/\\\/rueda.casino\\\/de\\\/#website\",\"url\":\"https:\\\/\\\/rueda.casino\\\/de\\\/\",\"name\":\"Rueda.Casino\",\"description\":\"Educational rueda &amp; casino videos of high quality\",\"publisher\":{\"@id\":\"https:\\\/\\\/rueda.casino\\\/de\\\/#organization\"},\"potentialAction\":[{\"@type\":\"SearchAction\",\"target\":{\"@type\":\"EntryPoint\",\"urlTemplate\":\"https:\\\/\\\/rueda.casino\\\/de\\\/?s={search_term_string}\"},\"query-input\":{\"@type\":\"PropertyValueSpecification\",\"valueRequired\":true,\"valueName\":\"search_term_string\"}}],\"inLanguage\":\"de\"},{\"@type\":\"Organization\",\"@id\":\"https:\\\/\\\/rueda.casino\\\/de\\\/#organization\",\"name\":\"Rueda.Casino\",\"url\":\"https:\\\/\\\/rueda.casino\\\/de\\\/\",\"logo\":{\"@type\":\"ImageObject\",\"inLanguage\":\"de\",\"@id\":\"https:\\\/\\\/rueda.casino\\\/de\\\/#\\\/schema\\\/logo\\\/image\\\/\",\"url\":\"https:\\\/\\\/rueda.casino\\\/wp-content\\\/uploads\\\/2018\\\/08\\\/cropped-rueda.casino-2-linje-weblogo.png\",\"contentUrl\":\"https:\\\/\\\/rueda.casino\\\/wp-content\\\/uploads\\\/2018\\\/08\\\/cropped-rueda.casino-2-linje-weblogo.png\",\"width\":150,\"height\":51,\"caption\":\"Rueda.Casino\"},\"image\":{\"@id\":\"https:\\\/\\\/rueda.casino\\\/de\\\/#\\\/schema\\\/logo\\\/image\\\/\"},\"sameAs\":[\"https:\\\/\\\/www.facebook.com\\\/ruedadotcasino\",\"https:\\\/\\\/www.instagram.com\\\/rueda.casino\\\/\",\"https:\\\/\\\/www.youtube.com\\\/@rueda.casino\"]}]}<\/script>\n<!-- \/ Yoast SEO plugin. -->","yoast_head_json":{"title":"Druckbar Ruedastandard 2017 - Rueda.Casino","robots":{"index":"index","follow":"follow","max-snippet":"max-snippet:-1","max-image-preview":"max-image-preview:large","max-video-preview":"max-video-preview:-1"},"canonical":"https:\/\/rueda.casino\/de\/ruedastandard-estandar-de-rueda\/geschichte\/druckbar-ruedastandard-2017\/","og_locale":"de_DE","og_type":"article","og_title":"Druckbar Ruedastandard 2017 - Rueda.Casino","og_description":"Liste des Rueda-Standards zum Ausdrucken (3 Seiten) Seite 1 enth\u00e4lt [...]","og_url":"https:\/\/rueda.casino\/de\/ruedastandard-estandar-de-rueda\/geschichte\/druckbar-ruedastandard-2017\/","og_site_name":"Rueda.Casino","article_publisher":"https:\/\/www.facebook.com\/ruedadotcasino","og_image":[{"url":"https:\/\/rueda.casino\/wp-content\/uploads\/2018\/09\/std2017-3p-300x141.png","type":"","width":"","height":""}],"twitter_card":"summary_large_image","schema":{"@context":"https:\/\/schema.org","@graph":[{"@type":"WebPage","@id":"https:\/\/rueda.casino\/de\/ruedastandard-estandar-de-rueda\/geschichte\/druckbar-ruedastandard-2017\/","url":"https:\/\/rueda.casino\/de\/ruedastandard-estandar-de-rueda\/geschichte\/druckbar-ruedastandard-2017\/","name":"Druckbar Ruedastandard 2017 - Rueda.Casino","isPartOf":{"@id":"https:\/\/rueda.casino\/de\/#website"},"primaryImageOfPage":{"@id":"https:\/\/rueda.casino\/de\/ruedastandard-estandar-de-rueda\/geschichte\/druckbar-ruedastandard-2017\/#primaryimage"},"image":{"@id":"https:\/\/rueda.casino\/de\/ruedastandard-estandar-de-rueda\/geschichte\/druckbar-ruedastandard-2017\/#primaryimage"},"thumbnailUrl":"https:\/\/rueda.casino\/wp-content\/uploads\/2018\/09\/std2017-3p-300x141.png","datePublished":"2018-09-15T12:32:51+00:00","breadcrumb":{"@id":"https:\/\/rueda.casino\/de\/ruedastandard-estandar-de-rueda\/geschichte\/druckbar-ruedastandard-2017\/#breadcrumb"},"inLanguage":"de","potentialAction":[{"@type":"ReadAction","target":["https:\/\/rueda.casino\/de\/ruedastandard-estandar-de-rueda\/geschichte\/druckbar-ruedastandard-2017\/"]}]},{"@type":"ImageObject","inLanguage":"de","@id":"https:\/\/rueda.casino\/de\/ruedastandard-estandar-de-rueda\/geschichte\/druckbar-ruedastandard-2017\/#primaryimage","url":"https:\/\/rueda.casino\/wp-content\/uploads\/2018\/09\/std2017-3p-300x141.png","contentUrl":"https:\/\/rueda.casino\/wp-content\/uploads\/2018\/09\/std2017-3p-300x141.png"},{"@type":"BreadcrumbList","@id":"https:\/\/rueda.casino\/de\/ruedastandard-estandar-de-rueda\/geschichte\/druckbar-ruedastandard-2017\/#breadcrumb","itemListElement":[{"@type":"ListItem","position":1,"name":"Home","item":"https:\/\/rueda.casino\/de\/heim\/"},{"@type":"ListItem","position":2,"name":"Ruedastandard","item":"https:\/\/rueda.casino\/de\/ruedastandard-estandar-de-rueda\/"},{"@type":"ListItem","position":3,"name":"Geschichte","item":"https:\/\/rueda.casino\/de\/ruedastandard-estandar-de-rueda\/geschichte\/"},{"@type":"ListItem","position":4,"name":"Druckbar Ruedastandard 2017"}]},{"@type":"WebSite","@id":"https:\/\/rueda.casino\/de\/#website","url":"https:\/\/rueda.casino\/de\/","name":"Rueda.Casino","description":"Educational rueda &amp; casino videos of high quality","publisher":{"@id":"https:\/\/rueda.casino\/de\/#organization"},"potentialAction":[{"@type":"SearchAction","target":{"@type":"EntryPoint","urlTemplate":"https:\/\/rueda.casino\/de\/?s={search_term_string}"},"query-input":{"@type":"PropertyValueSpecification","valueRequired":true,"valueName":"search_term_string"}}],"inLanguage":"de"},{"@type":"Organization","@id":"https:\/\/rueda.casino\/de\/#organization","name":"Rueda.Casino","url":"https:\/\/rueda.casino\/de\/","logo":{"@type":"ImageObject","inLanguage":"de","@id":"https:\/\/rueda.casino\/de\/#\/schema\/logo\/image\/","url":"https:\/\/rueda.casino\/wp-content\/uploads\/2018\/08\/cropped-rueda.casino-2-linje-weblogo.png","contentUrl":"https:\/\/rueda.casino\/wp-content\/uploads\/2018\/08\/cropped-rueda.casino-2-linje-weblogo.png","width":150,"height":51,"caption":"Rueda.Casino"},"image":{"@id":"https:\/\/rueda.casino\/de\/#\/schema\/logo\/image\/"},"sameAs":["https:\/\/www.facebook.com\/ruedadotcasino","https:\/\/www.instagram.com\/rueda.casino\/","https:\/\/www.youtube.com\/@rueda.casino"]}]}},"_links":{"self":[{"href":"https:\/\/rueda.casino\/de\/wp-json\/wp\/v2\/pages\/23363","targetHints":{"allow":["GET"]}}],"collection":[{"href":"https:\/\/rueda.casino\/de\/wp-json\/wp\/v2\/pages"}],"about":[{"href":"https:\/\/rueda.casino\/de\/wp-json\/wp\/v2\/types\/page"}],"author":[{"embeddable":true,"href":"https:\/\/rueda.casino\/de\/wp-json\/wp\/v2\/users\/2"}],"replies":[{"embeddable":true,"href":"https:\/\/rueda.casino\/de\/wp-json\/wp\/v2\/comments?post=23363"}],"version-history":[{"count":0,"href":"https:\/\/rueda.casino\/de\/wp-json\/wp\/v2\/pages\/23363\/revisions"}],"up":[{"embeddable":true,"href":"https:\/\/rueda.casino\/de\/wp-json\/wp\/v2\/pages\/23329"}],"wp:attachment":[{"href":"https:\/\/rueda.casino\/de\/wp-json\/wp\/v2\/media?parent=23363"}],"curies":[{"name":"wp","href":"https:\/\/api.w.org\/{rel}","templated":true}]}}