

    {"id":23973,"date":"2018-06-06T22:32:37","date_gmt":"2018-06-06T20:32:37","guid":{"rendered":"https:\/\/rueda.casino\/ueber\/"},"modified":"2025-08-13T13:03:28","modified_gmt":"2025-08-13T11:03:28","slug":"ueber","status":"publish","type":"page","link":"https:\/\/rueda.casino\/de\/ueber\/","title":{"rendered":"\u00dcber"},"content":{"rendered":"<div class=\"fusion-fullwidth fullwidth-box fusion-builder-row-1 fusion-flex-container nonhundred-percent-fullwidth non-hundred-percent-height-scrolling\" style=\"--awb-border-radius-top-left:0px;--awb-border-radius-top-right:0px;--awb-border-radius-bottom-right:0px;--awb-border-radius-bottom-left:0px;--awb-flex-wrap:wrap;\" ><div class=\"fusion-builder-row fusion-row fusion-flex-align-items-flex-start fusion-flex-content-wrap\" style=\"max-width:1248px;margin-left: calc(-4% \/ 2 );margin-right: calc(-4% \/ 2 );\"><div class=\"fusion-layout-column fusion_builder_column fusion-builder-column-0 fusion_builder_column_1_2 1_2 fusion-flex-column\" style=\"--awb-bg-size:cover;--awb-width-large:50%;--awb-margin-top-large:0px;--awb-spacing-right-large:3.84%;--awb-margin-bottom-large:20px;--awb-spacing-left-large:3.84%;--awb-width-medium:50%;--awb-order-medium:0;--awb-spacing-right-medium:3.84%;--awb-spacing-left-medium:3.84%;--awb-width-small:100%;--awb-order-small:0;--awb-spacing-right-small:1.92%;--awb-spacing-left-small:1.92%;\"><div class=\"fusion-column-wrapper fusion-column-has-shadow fusion-flex-justify-content-flex-start fusion-content-layout-column\"><div class=\"fusion-title title fusion-title-1 fusion-sep-none fusion-title-text fusion-title-size-three\" style=\"--awb-margin-top-small:10px;--awb-margin-right-small:0px;--awb-margin-bottom-small:10px;--awb-margin-left-small:0px;\"><h3 class=\"fusion-title-heading title-heading-left fusion-responsive-typography-calculated\" style=\"font-family:&quot;Work Sans&quot;;font-style:normal;font-weight:700;margin:0;text-transform:uppercase;--fontSize:20;line-height:var(--awb-typography1-line-height);\">SALSANOR<\/h3><\/div><div class=\"fusion-text fusion-text-1\"><p><a href=\"https:\/\/salsanor.no\">SalsaNor<\/a> wurde 1999 gegr\u00fcndet und war die erste ideale Organisation in Norwegen mit dem Ziel, die Musik und den Tanz des Salsa zu verbreiten. So wie Salsa Sause bedeutet, die aus verschiedenen Zutaten besteht, zielt SalsaNor darauf ab, mehrere lateinamerikanische und afro-karibische Genres zu f\u00f6rdern. <\/p>\n<p>Heute ist SalsaNor in mehreren St\u00e4dten Norwegens vertreten und organisiert mehrere nationale und internationale Veranstaltungen und Projekte.<\/p>\n<p>SalsaNor ist Initiator des Ruedastandard.com und Organisator des j\u00e4hrlich stattfindenden SalsaNor Rueda Kongresses (seit 2002).<\/p>\n<\/div><div class=\"fusion-title title fusion-title-2 fusion-sep-none fusion-title-text fusion-title-size-three\" style=\"--awb-margin-top-small:10px;--awb-margin-right-small:0px;--awb-margin-bottom-small:10px;--awb-margin-left-small:0px;\"><h3 class=\"fusion-title-heading title-heading-left fusion-responsive-typography-calculated\" style=\"font-family:&quot;Work Sans&quot;;font-style:normal;font-weight:700;margin:0;text-transform:uppercase;--fontSize:20;line-height:var(--awb-typography1-line-height);\">RUEDA. KASINO<\/h3><\/div><div class=\"fusion-text fusion-text-2\"><p><a href=\"https:\/\/salsanor.no\">SalsaNor<\/a> hat 2018 zusammen mit Felles Film den Vimeo-Kanal rueda.casino gegr\u00fcndet, mit dem Ziel, Casino und Rueda de Casino durch qualitativ hochwertige Videos und mit einem wachsenden Netzwerk von professionellen kubanischen T\u00e4nzern, die in den Videos auftreten und ihr Wissen einbringen, zu verbreiten. Heute ist Francesca Bardaro Productions unser Produktionspartner.   <\/p>\n<p>Sie k\u00f6nnen mehr \u00fcber die Geschichte von rueda.casino lesen | Die T\u00e4nzerinnen und T\u00e4nzer in den Videos | Die Musik, die in den Videos verwendet wird | Das Produktionsteam | und das Charity-Projekt, das wir in Kuba unterst\u00fctzen.  <\/p>\n<\/div><\/div><\/div><div class=\"fusion-layout-column fusion_builder_column fusion-builder-column-1 fusion_builder_column_1_2 1_2 fusion-flex-column\" style=\"--awb-bg-size:cover;--awb-width-large:50%;--awb-margin-top-large:0px;--awb-spacing-right-large:3.84%;--awb-margin-bottom-large:20px;--awb-spacing-left-large:3.84%;--awb-width-medium:50%;--awb-order-medium:0;--awb-spacing-right-medium:3.84%;--awb-spacing-left-medium:3.84%;--awb-width-small:100%;--awb-order-small:0;--awb-spacing-right-small:1.92%;--awb-spacing-left-small:1.92%;\"><div class=\"fusion-column-wrapper fusion-column-has-shadow fusion-flex-justify-content-flex-start fusion-content-layout-column\"><div class=\"fusion-title title fusion-title-3 fusion-sep-none fusion-title-text fusion-title-size-three\" style=\"--awb-margin-top-small:10px;--awb-margin-right-small:0px;--awb-margin-bottom-small:10px;--awb-margin-left-small:0px;\"><h3 class=\"fusion-title-heading title-heading-left fusion-responsive-typography-calculated\" style=\"font-family:&quot;Work Sans&quot;;font-style:normal;font-weight:700;margin:0;text-transform:uppercase;--fontSize:20;line-height:var(--awb-typography1-line-height);\">SALSANOR<\/h3><\/div><div class=\"fusion-text fusion-text-3\"><p><a href=\"https:\/\/salsanor.no\">SalsaNor<\/a> se estableci\u00f3 en 1999 y fue la primera organizaci\u00f3n ideal en Noruega con el objetivo de difundir la m\u00fasica y el baile de la salsa. Al igual que Salsa significa salsa compuesta por varios ingredientes, SalsaNor tiene como objetivo promover varios g\u00e9neros latinoamericanos y afrocaribe\u00f1os. <\/p>\n<p>Hoy SalsaNor est\u00e1 ubicada en varias ciudades de Noruega, adem\u00e1s de organizar varios eventos y proyectos nacionales e internacionales.<\/p>\n<p><a href=\"https:\/\/salsanor.no\">SalsaNor<\/a> es el iniciador de Ruedastandard.com y el organizador del Congreso annual SalsaNor Rueda (desde 2002).<\/p>\n<\/div><div class=\"fusion-title title fusion-title-4 fusion-sep-none fusion-title-text fusion-title-size-three\" style=\"--awb-margin-top-small:10px;--awb-margin-right-small:0px;--awb-margin-bottom-small:10px;--awb-margin-left-small:0px;\"><h3 class=\"fusion-title-heading title-heading-left fusion-responsive-typography-calculated\" style=\"font-family:&quot;Work Sans&quot;;font-style:normal;font-weight:700;margin:0;text-transform:uppercase;--fontSize:20;line-height:var(--awb-typography1-line-height);\">RUEDA. KASINO<\/h3><\/div><div class=\"fusion-text fusion-text-4\"><p>SalsaNor estableci\u00f3 el canal de Vimeo rueda.casino junto con Felles Film en 2018, con el objetivo de difundir casino y rueda de casino a trav\u00e9s de videos de alta calidad y con una creciente red de bailarines cubanos profesionales que aparecen en los videos, contribuyendo con su conocimiento. Hoy Francesca Bardaro Productions es nuestro socio de producci\u00f3n. <\/p>\n<p>Puedes leer m\u00e1s sobre la historia de rueda.casino | los bailerines en los videos | La m\u00fasic utilizada en los videos | El equipo de producci\u00f3n | y el proyecto solidario que apoyamos en Cuba.<\/p>\n<\/div><\/div><\/div><\/div><\/div>\n","protected":false},"excerpt":{"rendered":"","protected":false},"author":1,"featured_media":0,"parent":0,"menu_order":2,"comment_status":"closed","ping_status":"closed","template":"","meta":{"_acf_changed":false,"content-type":"","footnotes":""},"class_list":["post-23973","page","type-page","status-publish","hentry"],"acf":[],"yoast_head":"<!-- This site is optimized with the Yoast SEO plugin v27.5 - https:\/\/yoast.com\/product\/yoast-seo-wordpress\/ -->\n<title>\u00dcber - Rueda.Casino<\/title>\n<meta name=\"robots\" content=\"index, follow, max-snippet:-1, max-image-preview:large, max-video-preview:-1\" \/>\n<link rel=\"canonical\" href=\"https:\/\/rueda.casino\/de\/ueber\/\" \/>\n<meta property=\"og:locale\" content=\"de_DE\" \/>\n<meta property=\"og:type\" content=\"article\" \/>\n<meta property=\"og:title\" content=\"\u00dcber - Rueda.Casino\" \/>\n<meta property=\"og:url\" content=\"https:\/\/rueda.casino\/de\/ueber\/\" \/>\n<meta property=\"og:site_name\" content=\"Rueda.Casino\" \/>\n<meta property=\"article:publisher\" content=\"https:\/\/www.facebook.com\/ruedadotcasino\" \/>\n<meta property=\"article:modified_time\" content=\"2025-08-13T11:03:28+00:00\" \/>\n<meta name=\"twitter:card\" content=\"summary_large_image\" \/>\n<meta name=\"twitter:label1\" content=\"Gesch\u00e4tzte Lesezeit\" \/>\n\t<meta name=\"twitter:data1\" content=\"7\u00a0Minuten\" \/>\n<script type=\"application\/ld+json\" class=\"yoast-schema-graph\">{\"@context\":\"https:\\\/\\\/schema.org\",\"@graph\":[{\"@type\":\"WebPage\",\"@id\":\"https:\\\/\\\/rueda.casino\\\/de\\\/ueber\\\/\",\"url\":\"https:\\\/\\\/rueda.casino\\\/de\\\/ueber\\\/\",\"name\":\"\u00dcber - Rueda.Casino\",\"isPartOf\":{\"@id\":\"https:\\\/\\\/rueda.casino\\\/de\\\/#website\"},\"datePublished\":\"2018-06-06T20:32:37+00:00\",\"dateModified\":\"2025-08-13T11:03:28+00:00\",\"breadcrumb\":{\"@id\":\"https:\\\/\\\/rueda.casino\\\/de\\\/ueber\\\/#breadcrumb\"},\"inLanguage\":\"de\",\"potentialAction\":[{\"@type\":\"ReadAction\",\"target\":[\"https:\\\/\\\/rueda.casino\\\/de\\\/ueber\\\/\"]}]},{\"@type\":\"BreadcrumbList\",\"@id\":\"https:\\\/\\\/rueda.casino\\\/de\\\/ueber\\\/#breadcrumb\",\"itemListElement\":[{\"@type\":\"ListItem\",\"position\":1,\"name\":\"Home\",\"item\":\"https:\\\/\\\/rueda.casino\\\/de\\\/heim\\\/\"},{\"@type\":\"ListItem\",\"position\":2,\"name\":\"\u00dcber\"}]},{\"@type\":\"WebSite\",\"@id\":\"https:\\\/\\\/rueda.casino\\\/de\\\/#website\",\"url\":\"https:\\\/\\\/rueda.casino\\\/de\\\/\",\"name\":\"Rueda.Casino\",\"description\":\"Educational rueda &amp; casino videos of high quality\",\"publisher\":{\"@id\":\"https:\\\/\\\/rueda.casino\\\/de\\\/#organization\"},\"potentialAction\":[{\"@type\":\"SearchAction\",\"target\":{\"@type\":\"EntryPoint\",\"urlTemplate\":\"https:\\\/\\\/rueda.casino\\\/de\\\/?s={search_term_string}\"},\"query-input\":{\"@type\":\"PropertyValueSpecification\",\"valueRequired\":true,\"valueName\":\"search_term_string\"}}],\"inLanguage\":\"de\"},{\"@type\":\"Organization\",\"@id\":\"https:\\\/\\\/rueda.casino\\\/de\\\/#organization\",\"name\":\"Rueda.Casino\",\"url\":\"https:\\\/\\\/rueda.casino\\\/de\\\/\",\"logo\":{\"@type\":\"ImageObject\",\"inLanguage\":\"de\",\"@id\":\"https:\\\/\\\/rueda.casino\\\/de\\\/#\\\/schema\\\/logo\\\/image\\\/\",\"url\":\"https:\\\/\\\/rueda.casino\\\/wp-content\\\/uploads\\\/2018\\\/08\\\/cropped-rueda.casino-2-linje-weblogo.png\",\"contentUrl\":\"https:\\\/\\\/rueda.casino\\\/wp-content\\\/uploads\\\/2018\\\/08\\\/cropped-rueda.casino-2-linje-weblogo.png\",\"width\":150,\"height\":51,\"caption\":\"Rueda.Casino\"},\"image\":{\"@id\":\"https:\\\/\\\/rueda.casino\\\/de\\\/#\\\/schema\\\/logo\\\/image\\\/\"},\"sameAs\":[\"https:\\\/\\\/www.facebook.com\\\/ruedadotcasino\",\"https:\\\/\\\/www.instagram.com\\\/rueda.casino\\\/\",\"https:\\\/\\\/www.youtube.com\\\/@rueda.casino\"]}]}<\/script>\n<!-- \/ Yoast SEO plugin. -->","yoast_head_json":{"title":"\u00dcber - Rueda.Casino","robots":{"index":"index","follow":"follow","max-snippet":"max-snippet:-1","max-image-preview":"max-image-preview:large","max-video-preview":"max-video-preview:-1"},"canonical":"https:\/\/rueda.casino\/de\/ueber\/","og_locale":"de_DE","og_type":"article","og_title":"\u00dcber - Rueda.Casino","og_url":"https:\/\/rueda.casino\/de\/ueber\/","og_site_name":"Rueda.Casino","article_publisher":"https:\/\/www.facebook.com\/ruedadotcasino","article_modified_time":"2025-08-13T11:03:28+00:00","twitter_card":"summary_large_image","twitter_misc":{"Gesch\u00e4tzte Lesezeit":"7\u00a0Minuten"},"schema":{"@context":"https:\/\/schema.org","@graph":[{"@type":"WebPage","@id":"https:\/\/rueda.casino\/de\/ueber\/","url":"https:\/\/rueda.casino\/de\/ueber\/","name":"\u00dcber - Rueda.Casino","isPartOf":{"@id":"https:\/\/rueda.casino\/de\/#website"},"datePublished":"2018-06-06T20:32:37+00:00","dateModified":"2025-08-13T11:03:28+00:00","breadcrumb":{"@id":"https:\/\/rueda.casino\/de\/ueber\/#breadcrumb"},"inLanguage":"de","potentialAction":[{"@type":"ReadAction","target":["https:\/\/rueda.casino\/de\/ueber\/"]}]},{"@type":"BreadcrumbList","@id":"https:\/\/rueda.casino\/de\/ueber\/#breadcrumb","itemListElement":[{"@type":"ListItem","position":1,"name":"Home","item":"https:\/\/rueda.casino\/de\/heim\/"},{"@type":"ListItem","position":2,"name":"\u00dcber"}]},{"@type":"WebSite","@id":"https:\/\/rueda.casino\/de\/#website","url":"https:\/\/rueda.casino\/de\/","name":"Rueda.Casino","description":"Educational rueda &amp; casino videos of high quality","publisher":{"@id":"https:\/\/rueda.casino\/de\/#organization"},"potentialAction":[{"@type":"SearchAction","target":{"@type":"EntryPoint","urlTemplate":"https:\/\/rueda.casino\/de\/?s={search_term_string}"},"query-input":{"@type":"PropertyValueSpecification","valueRequired":true,"valueName":"search_term_string"}}],"inLanguage":"de"},{"@type":"Organization","@id":"https:\/\/rueda.casino\/de\/#organization","name":"Rueda.Casino","url":"https:\/\/rueda.casino\/de\/","logo":{"@type":"ImageObject","inLanguage":"de","@id":"https:\/\/rueda.casino\/de\/#\/schema\/logo\/image\/","url":"https:\/\/rueda.casino\/wp-content\/uploads\/2018\/08\/cropped-rueda.casino-2-linje-weblogo.png","contentUrl":"https:\/\/rueda.casino\/wp-content\/uploads\/2018\/08\/cropped-rueda.casino-2-linje-weblogo.png","width":150,"height":51,"caption":"Rueda.Casino"},"image":{"@id":"https:\/\/rueda.casino\/de\/#\/schema\/logo\/image\/"},"sameAs":["https:\/\/www.facebook.com\/ruedadotcasino","https:\/\/www.instagram.com\/rueda.casino\/","https:\/\/www.youtube.com\/@rueda.casino"]}]}},"_links":{"self":[{"href":"https:\/\/rueda.casino\/de\/wp-json\/wp\/v2\/pages\/23973","targetHints":{"allow":["GET"]}}],"collection":[{"href":"https:\/\/rueda.casino\/de\/wp-json\/wp\/v2\/pages"}],"about":[{"href":"https:\/\/rueda.casino\/de\/wp-json\/wp\/v2\/types\/page"}],"author":[{"embeddable":true,"href":"https:\/\/rueda.casino\/de\/wp-json\/wp\/v2\/users\/1"}],"replies":[{"embeddable":true,"href":"https:\/\/rueda.casino\/de\/wp-json\/wp\/v2\/comments?post=23973"}],"version-history":[{"count":0,"href":"https:\/\/rueda.casino\/de\/wp-json\/wp\/v2\/pages\/23973\/revisions"}],"wp:attachment":[{"href":"https:\/\/rueda.casino\/de\/wp-json\/wp\/v2\/media?parent=23973"}],"curies":[{"name":"wp","href":"https:\/\/api.w.org\/{rel}","templated":true}]}}