

    {"id":24321,"date":"2024-07-08T21:30:16","date_gmt":"2024-07-08T19:30:16","guid":{"rendered":"https:\/\/rueda.casino\/product\/mitgliedschaft\/"},"modified":"2026-01-27T00:19:51","modified_gmt":"2026-01-26T23:19:51","slug":"mitgliedschaft","status":"publish","type":"product","link":"https:\/\/rueda.casino\/de\/produkt\/mitgliedschaft\/","title":{"rendered":"Konto"},"content":{"rendered":"<p data-start=\"284\" data-end=\"342\"><strong data-start=\"284\" data-end=\"342\">Erhalten Sie Zugang zu unseren Ressourcen und Website-Funktionen wie:<\/strong><\/p>\n<ul>\n<li data-start=\"345\" data-end=\"419\">Erstellen Sie Ihre eigene Liste von Figuren, die Sie mit anderen T\u00e4nzern oder Sch\u00fclern teilen m\u00f6chten<\/li>\n<li data-start=\"422\" data-end=\"481\">F\u00fcgen Sie Ihre Veranstaltungen hinzu und teilen Sie Ihre Veranstaltungen in unserem Community-Veranstaltungskalender<\/li>\n<\/ul>\n<p data-start=\"483\" data-end=\"523\"><strong data-start=\"483\" data-end=\"521\">Wichtig \u2013 zwei separate Anmeldungen:<\/strong><\/p>\n<ul>\n<li data-start=\"526\" data-end=\"614\">Ein <strong data-start=\"528\" data-end=\"552\">Rueda.casino-Konto<\/strong> verschafft Ihnen Zugang zu Ressourcen und Funktionen auf dieser Website.<\/li>\n<li data-start=\"617\" data-end=\"709\">Eine <strong data-start=\"619\" data-end=\"641\">YouTube-Mitgliedschaft<\/strong> unterst\u00fctzt neue Produktionen und schaltet Mitglieder-Vorteile <strong data-start=\"692\" data-end=\"706\">auf YouTube frei<\/strong>.<\/li>\n<\/ul>\n<p data-start=\"711\" data-end=\"820\"><em data-start=\"711\" data-end=\"820\">Die YouTube-Mitgliedschaft erstellt kein Rueda.casino-Konto \u2013 und ein Website-Konto ist von YouTube getrennt.<\/em><\/p>\n","protected":false},"excerpt":{"rendered":"<p data-start=\"885\" data-end=\"932\"><strong data-start=\"885\" data-end=\"932\">Ressourcen und Funktionen auf Rueda.casino freischalten<\/strong><\/p>\n<ul>\n<li>Teile Figurenlisten mit T\u00e4nzern oder Sch\u00fclern<\/li>\n<li>F\u00fcgen Sie Veranstaltungen in unseren Community-Kalender hinzu<\/li>\n<\/ul>\n<p data-start=\"1023\" data-end=\"1128\"><strong data-start=\"1023\" data-end=\"1032\">Hinweis:<\/strong> Website-Konto und YouTube-Mitgliedschaft sind getrennt. YouTube-Mitgliedschaftsvorteile gelten auf YouTube. <\/p>\n","protected":false},"featured_media":24322,"comment_status":"closed","ping_status":"closed","template":"","meta":{"_acf_changed":false,"content-type":""},"product_brand":[],"product_cat":[387],"product_tag":[],"class_list":{"0":"post-24321","1":"product","2":"type-product","3":"status-publish","4":"has-post-thumbnail","6":"product_cat-mitgliedschaften","8":"first","9":"instock","10":"sold-individually","11":"taxable","12":"shipping-taxable","13":"purchasable","14":"product-type-variable-subscription","15":"has-default-attributes"},"acf":[],"yoast_head":"<!-- This site is optimized with the Yoast SEO plugin v27.5 - https:\/\/yoast.com\/product\/yoast-seo-wordpress\/ -->\n<title>Konto - Rueda.Casino<\/title>\n<meta name=\"robots\" content=\"index, follow, max-snippet:-1, max-image-preview:large, max-video-preview:-1\" \/>\n<link rel=\"canonical\" href=\"https:\/\/rueda.casino\/de\/produkt\/mitgliedschaft\/\" \/>\n<meta property=\"og:locale\" content=\"de_DE\" \/>\n<meta property=\"og:type\" content=\"article\" \/>\n<meta property=\"og:title\" content=\"Konto - Rueda.Casino\" \/>\n<meta property=\"og:description\" content=\"Ressourcen und Funktionen auf Rueda.casino freischalten   Teile Figurenlisten mit T\u00e4nzern oder Sch\u00fclern  F\u00fcgen Sie Veranstaltungen in unseren Community-Kalender hinzu Hinweis: Website-Konto und YouTube-Mitgliedschaft sind getrennt. YouTube-Mitgliedschaftsvorteile gelten auf YouTube.\" \/>\n<meta property=\"og:url\" content=\"https:\/\/rueda.casino\/de\/produkt\/mitgliedschaft\/\" \/>\n<meta property=\"og:site_name\" content=\"Rueda.Casino\" \/>\n<meta property=\"article:publisher\" content=\"https:\/\/www.facebook.com\/ruedadotcasino\" \/>\n<meta property=\"article:modified_time\" content=\"2026-01-26T23:19:51+00:00\" \/>\n<meta property=\"og:image\" content=\"https:\/\/rueda.casino\/wp-content\/uploads\/2024\/07\/Membership-memberships.jpg\" \/>\n\t<meta property=\"og:image:width\" content=\"1080\" \/>\n\t<meta property=\"og:image:height\" content=\"1080\" \/>\n\t<meta property=\"og:image:type\" content=\"image\/jpeg\" \/>\n<meta name=\"twitter:card\" content=\"summary_large_image\" \/>\n<script type=\"application\/ld+json\" class=\"yoast-schema-graph\">{\"@context\":\"https:\\\/\\\/schema.org\",\"@graph\":[{\"@type\":\"WebPage\",\"@id\":\"https:\\\/\\\/rueda.casino\\\/de\\\/produkt\\\/mitgliedschaft\\\/\",\"url\":\"https:\\\/\\\/rueda.casino\\\/de\\\/produkt\\\/mitgliedschaft\\\/\",\"name\":\"Konto - Rueda.Casino\",\"isPartOf\":{\"@id\":\"https:\\\/\\\/rueda.casino\\\/de\\\/#website\"},\"primaryImageOfPage\":{\"@id\":\"https:\\\/\\\/rueda.casino\\\/de\\\/produkt\\\/mitgliedschaft\\\/#primaryimage\"},\"image\":{\"@id\":\"https:\\\/\\\/rueda.casino\\\/de\\\/produkt\\\/mitgliedschaft\\\/#primaryimage\"},\"thumbnailUrl\":\"https:\\\/\\\/rueda.casino\\\/wp-content\\\/uploads\\\/2024\\\/07\\\/Membership-memberships.jpg\",\"datePublished\":\"2024-07-08T19:30:16+00:00\",\"dateModified\":\"2026-01-26T23:19:51+00:00\",\"breadcrumb\":{\"@id\":\"https:\\\/\\\/rueda.casino\\\/de\\\/produkt\\\/mitgliedschaft\\\/#breadcrumb\"},\"inLanguage\":\"de\",\"potentialAction\":[{\"@type\":\"ReadAction\",\"target\":[\"https:\\\/\\\/rueda.casino\\\/de\\\/produkt\\\/mitgliedschaft\\\/\"]}]},{\"@type\":\"ImageObject\",\"inLanguage\":\"de\",\"@id\":\"https:\\\/\\\/rueda.casino\\\/de\\\/produkt\\\/mitgliedschaft\\\/#primaryimage\",\"url\":\"https:\\\/\\\/rueda.casino\\\/wp-content\\\/uploads\\\/2024\\\/07\\\/Membership-memberships.jpg\",\"contentUrl\":\"https:\\\/\\\/rueda.casino\\\/wp-content\\\/uploads\\\/2024\\\/07\\\/Membership-memberships.jpg\",\"width\":1080,\"height\":1080},{\"@type\":\"BreadcrumbList\",\"@id\":\"https:\\\/\\\/rueda.casino\\\/de\\\/produkt\\\/mitgliedschaft\\\/#breadcrumb\",\"itemListElement\":[{\"@type\":\"ListItem\",\"position\":1,\"name\":\"Home\",\"item\":\"https:\\\/\\\/rueda.casino\\\/de\\\/heim\\\/\"},{\"@type\":\"ListItem\",\"position\":2,\"name\":\"Laden\",\"item\":\"https:\\\/\\\/rueda.casino\\\/shop\\\/\"},{\"@type\":\"ListItem\",\"position\":3,\"name\":\"Konto\"}]},{\"@type\":\"WebSite\",\"@id\":\"https:\\\/\\\/rueda.casino\\\/de\\\/#website\",\"url\":\"https:\\\/\\\/rueda.casino\\\/de\\\/\",\"name\":\"Rueda.Casino\",\"description\":\"Educational rueda &amp; casino videos of high quality\",\"publisher\":{\"@id\":\"https:\\\/\\\/rueda.casino\\\/de\\\/#organization\"},\"potentialAction\":[{\"@type\":\"SearchAction\",\"target\":{\"@type\":\"EntryPoint\",\"urlTemplate\":\"https:\\\/\\\/rueda.casino\\\/de\\\/?s={search_term_string}\"},\"query-input\":{\"@type\":\"PropertyValueSpecification\",\"valueRequired\":true,\"valueName\":\"search_term_string\"}}],\"inLanguage\":\"de\"},{\"@type\":\"Organization\",\"@id\":\"https:\\\/\\\/rueda.casino\\\/de\\\/#organization\",\"name\":\"Rueda.Casino\",\"url\":\"https:\\\/\\\/rueda.casino\\\/de\\\/\",\"logo\":{\"@type\":\"ImageObject\",\"inLanguage\":\"de\",\"@id\":\"https:\\\/\\\/rueda.casino\\\/de\\\/#\\\/schema\\\/logo\\\/image\\\/\",\"url\":\"https:\\\/\\\/rueda.casino\\\/wp-content\\\/uploads\\\/2018\\\/08\\\/cropped-rueda.casino-2-linje-weblogo.png\",\"contentUrl\":\"https:\\\/\\\/rueda.casino\\\/wp-content\\\/uploads\\\/2018\\\/08\\\/cropped-rueda.casino-2-linje-weblogo.png\",\"width\":150,\"height\":51,\"caption\":\"Rueda.Casino\"},\"image\":{\"@id\":\"https:\\\/\\\/rueda.casino\\\/de\\\/#\\\/schema\\\/logo\\\/image\\\/\"},\"sameAs\":[\"https:\\\/\\\/www.facebook.com\\\/ruedadotcasino\",\"https:\\\/\\\/www.instagram.com\\\/rueda.casino\\\/\",\"https:\\\/\\\/www.youtube.com\\\/@rueda.casino\"]}]}<\/script>\n<!-- \/ Yoast SEO plugin. -->","yoast_head_json":{"title":"Konto - Rueda.Casino","robots":{"index":"index","follow":"follow","max-snippet":"max-snippet:-1","max-image-preview":"max-image-preview:large","max-video-preview":"max-video-preview:-1"},"canonical":"https:\/\/rueda.casino\/de\/produkt\/mitgliedschaft\/","og_locale":"de_DE","og_type":"article","og_title":"Konto - Rueda.Casino","og_description":"Ressourcen und Funktionen auf Rueda.casino freischalten   Teile Figurenlisten mit T\u00e4nzern oder Sch\u00fclern  F\u00fcgen Sie Veranstaltungen in unseren Community-Kalender hinzu Hinweis: Website-Konto und YouTube-Mitgliedschaft sind getrennt. YouTube-Mitgliedschaftsvorteile gelten auf YouTube.","og_url":"https:\/\/rueda.casino\/de\/produkt\/mitgliedschaft\/","og_site_name":"Rueda.Casino","article_publisher":"https:\/\/www.facebook.com\/ruedadotcasino","article_modified_time":"2026-01-26T23:19:51+00:00","og_image":[{"width":1080,"height":1080,"url":"https:\/\/rueda.casino\/wp-content\/uploads\/2024\/07\/Membership-memberships.jpg","type":"image\/jpeg"}],"twitter_card":"summary_large_image","schema":{"@context":"https:\/\/schema.org","@graph":[{"@type":"WebPage","@id":"https:\/\/rueda.casino\/de\/produkt\/mitgliedschaft\/","url":"https:\/\/rueda.casino\/de\/produkt\/mitgliedschaft\/","name":"Konto - Rueda.Casino","isPartOf":{"@id":"https:\/\/rueda.casino\/de\/#website"},"primaryImageOfPage":{"@id":"https:\/\/rueda.casino\/de\/produkt\/mitgliedschaft\/#primaryimage"},"image":{"@id":"https:\/\/rueda.casino\/de\/produkt\/mitgliedschaft\/#primaryimage"},"thumbnailUrl":"https:\/\/rueda.casino\/wp-content\/uploads\/2024\/07\/Membership-memberships.jpg","datePublished":"2024-07-08T19:30:16+00:00","dateModified":"2026-01-26T23:19:51+00:00","breadcrumb":{"@id":"https:\/\/rueda.casino\/de\/produkt\/mitgliedschaft\/#breadcrumb"},"inLanguage":"de","potentialAction":[{"@type":"ReadAction","target":["https:\/\/rueda.casino\/de\/produkt\/mitgliedschaft\/"]}]},{"@type":"ImageObject","inLanguage":"de","@id":"https:\/\/rueda.casino\/de\/produkt\/mitgliedschaft\/#primaryimage","url":"https:\/\/rueda.casino\/wp-content\/uploads\/2024\/07\/Membership-memberships.jpg","contentUrl":"https:\/\/rueda.casino\/wp-content\/uploads\/2024\/07\/Membership-memberships.jpg","width":1080,"height":1080},{"@type":"BreadcrumbList","@id":"https:\/\/rueda.casino\/de\/produkt\/mitgliedschaft\/#breadcrumb","itemListElement":[{"@type":"ListItem","position":1,"name":"Home","item":"https:\/\/rueda.casino\/de\/heim\/"},{"@type":"ListItem","position":2,"name":"Laden","item":"https:\/\/rueda.casino\/shop\/"},{"@type":"ListItem","position":3,"name":"Konto"}]},{"@type":"WebSite","@id":"https:\/\/rueda.casino\/de\/#website","url":"https:\/\/rueda.casino\/de\/","name":"Rueda.Casino","description":"Educational rueda &amp; casino videos of high quality","publisher":{"@id":"https:\/\/rueda.casino\/de\/#organization"},"potentialAction":[{"@type":"SearchAction","target":{"@type":"EntryPoint","urlTemplate":"https:\/\/rueda.casino\/de\/?s={search_term_string}"},"query-input":{"@type":"PropertyValueSpecification","valueRequired":true,"valueName":"search_term_string"}}],"inLanguage":"de"},{"@type":"Organization","@id":"https:\/\/rueda.casino\/de\/#organization","name":"Rueda.Casino","url":"https:\/\/rueda.casino\/de\/","logo":{"@type":"ImageObject","inLanguage":"de","@id":"https:\/\/rueda.casino\/de\/#\/schema\/logo\/image\/","url":"https:\/\/rueda.casino\/wp-content\/uploads\/2018\/08\/cropped-rueda.casino-2-linje-weblogo.png","contentUrl":"https:\/\/rueda.casino\/wp-content\/uploads\/2018\/08\/cropped-rueda.casino-2-linje-weblogo.png","width":150,"height":51,"caption":"Rueda.Casino"},"image":{"@id":"https:\/\/rueda.casino\/de\/#\/schema\/logo\/image\/"},"sameAs":["https:\/\/www.facebook.com\/ruedadotcasino","https:\/\/www.instagram.com\/rueda.casino\/","https:\/\/www.youtube.com\/@rueda.casino"]}]}},"_links":{"self":[{"href":"https:\/\/rueda.casino\/de\/wp-json\/wp\/v2\/product\/24321","targetHints":{"allow":["GET"]}}],"collection":[{"href":"https:\/\/rueda.casino\/de\/wp-json\/wp\/v2\/product"}],"about":[{"href":"https:\/\/rueda.casino\/de\/wp-json\/wp\/v2\/types\/product"}],"replies":[{"embeddable":true,"href":"https:\/\/rueda.casino\/de\/wp-json\/wp\/v2\/comments?post=24321"}],"wp:featuredmedia":[{"embeddable":true,"href":"https:\/\/rueda.casino\/de\/wp-json\/wp\/v2\/media\/24322"}],"wp:attachment":[{"href":"https:\/\/rueda.casino\/de\/wp-json\/wp\/v2\/media?parent=24321"}],"wp:term":[{"taxonomy":"product_brand","embeddable":true,"href":"https:\/\/rueda.casino\/de\/wp-json\/wp\/v2\/product_brand?post=24321"},{"taxonomy":"product_cat","embeddable":true,"href":"https:\/\/rueda.casino\/de\/wp-json\/wp\/v2\/product_cat?post=24321"},{"taxonomy":"product_tag","embeddable":true,"href":"https:\/\/rueda.casino\/de\/wp-json\/wp\/v2\/product_tag?post=24321"}],"curies":[{"name":"wp","href":"https:\/\/api.w.org\/{rel}","templated":true}]}}