

    {"id":16361,"date":"2021-03-18T18:54:02","date_gmt":"2021-03-18T17:54:02","guid":{"rendered":"https:\/\/rueda.casino\/get-access\/"},"modified":"2025-08-24T10:54:09","modified_gmt":"2025-08-24T08:54:09","slug":"get-access","status":"publish","type":"page","link":"https:\/\/rueda.casino\/es\/canal-de-video-rueda-casino\/get-access\/","title":{"rendered":"Obtener acceso"},"content":{"rendered":"<p><div class=\"fusion-fullwidth fullwidth-box fusion-builder-row-1 fusion-flex-container nonhundred-percent-fullwidth non-hundred-percent-height-scrolling\" style=\"--awb-border-radius-top-left:0px;--awb-border-radius-top-right:0px;--awb-border-radius-bottom-right:0px;--awb-border-radius-bottom-left:0px;--awb-flex-wrap:wrap;\" ><div class=\"fusion-builder-row fusion-row fusion-flex-align-items-flex-start fusion-flex-content-wrap\" style=\"max-width:1248px;margin-left: calc(-4% \/ 2 );margin-right: calc(-4% \/ 2 );\"><div class=\"fusion-layout-column fusion_builder_column fusion-builder-column-0 fusion_builder_column_1_2 1_2 fusion-flex-column fusion-flex-align-self-stretch\" style=\"--awb-bg-blend:overlay;--awb-bg-size:cover;--awb-width-large:50%;--awb-margin-top-large:0px;--awb-spacing-right-large:3.84%;--awb-margin-bottom-large:0px;--awb-spacing-left-large:3.84%;--awb-width-medium:50%;--awb-spacing-right-medium:3.84%;--awb-spacing-left-medium:3.84%;--awb-width-small:100%;--awb-spacing-right-small:1.92%;--awb-spacing-left-small:1.92%;\"><div class=\"fusion-column-wrapper fusion-flex-justify-content-flex-start fusion-content-layout-column\"><div class=\"fusion-title title fusion-title-1 sep-underline sep-solid fusion-title-text fusion-title-size-two\" style=\"--awb-margin-bottom:40px;--awb-margin-top-small:10px;--awb-margin-right-small:0px;--awb-margin-bottom-small:10px;--awb-margin-left-small:0px;--awb-sep-color:var(--awb-color7);\"><h2 class=\"fusion-title-heading title-heading-left fusion-responsive-typography-calculated\" style=\"font-family:&quot;Work Sans&quot;;font-style:normal;font-weight:400;margin:0;text-transform:uppercase;--fontSize:25;line-height:var(--awb-typography1-line-height);\">\u00a1BIENVENIDO!<\/h2><\/div><div class=\"fusion-text fusion-text-1\"><p><span style=\"letter-spacing: 0.24px; background-color: rgba(0, 0, 0, 0);\">Al suscribirte al canal de videos de rueda.casino en Vimeo, obtienes acceso a todos nuestros videos aapx 260. El coste es de 4 \u20ac al mes, \u00a1sin tiempo de bloqueo! Puedes ver los v\u00eddeos en Vimeo (app o web,    <\/span><span style=\"letter-spacing: 0.24px;\"><a href=\"http:\/\/vod.rueda.casino\/\">vod.rueda.casino<\/a><\/span><span style=\"letter-spacing: 0.24px; background-color: rgba(0, 0, 0, 0);\">) o incrustado en este sitio web rueda.casino. Ver lista de nuestros   <\/span><a style=\"letter-spacing: 0.24px; background-color: rgba(0, 0, 0, 0);\" href=\"https:\/\/rueda.casino\/dance\/\">Categor\u00edas de video<\/a><span style=\"letter-spacing: 0.24px; background-color: rgba(0, 0, 0, 0);\"> o <\/span><a style=\"letter-spacing: 0.24px; background-color: rgba(0, 0, 0, 0);\" href=\"https:\/\/rueda.casino\/online-videos\/videos-available\/\">lista completa de <\/a><span style=\"letter-spacing: 0.24px;\"><a href=\"https:\/\/rueda.casino\/online-videos\/videos-available\/\">video<\/a><\/span><a style=\"letter-spacing: 0.24px; background-color: rgba(0, 0, 0, 0);\" href=\"https:\/\/rueda.casino\/online-videos\/videos-available\/\">OS<\/a><span style=\"letter-spacing: 0.24px; background-color: rgba(0, 0, 0, 0);\">.<\/span><\/p>\n<p>Estamos trasladando todos los v\u00eddeos de Vimeo a Youtube, y poniendo a disposici\u00f3n de forma gratuita todos estos nuevos v\u00eddeos de alta calidad de producci\u00f3n. Este trabajo continuar\u00e1 con un v\u00eddeo a la semana de media hasta 2025 y 2026. Como suscriptor de Vimeo tendr\u00e1s acceso a todos estos v\u00eddeos en todo momento, incluidos los nuevos v\u00eddeos producidos en el periodo hasta que todos los v\u00eddeos est\u00e9n en Youtube.  <\/p>\n<p><b><i>Todos los nuevos v\u00eddeos producidos despu\u00e9s de 2023 ser\u00e1n exclusivos de Vimeo durante este periodo.<\/i><\/b><\/p>\n<h2 class=\"\" data-fontsize=\"25\" data-lineheight=\"30px\"><span style=\"font-size: 16px; font-weight: 400; letter-spacing: 0.24px; background-color: rgba(0, 0, 0, 0);\">We really hope you will enjoy the videos!<\/span><\/h2>\n<p>We recommend watching the videos embedded at ourwebsite, <a href=\"http:\/\/ruedastandard.com\/\">rueda.casino<\/a>. Selecciona tu <a href=\"https:\/\/rueda.casino\/dance\/\">categor\u00eda<\/a> y nivel, y recuerda <strong>iniciar sesi\u00f3n en<\/strong> tu cuenta de Vimeo, para que puedas reproducir los videos.<\/p>\n<h2 class=\"\" data-fontsize=\"25\" data-lineheight=\"30px\"><strong>Aprender &#8211; repetir &#8211; captar detalles<\/strong><\/h2>\n<p>Con la suscripci\u00f3n tienes una buena oportunidad de repasar las figuras de <em>rueda<\/em> y <em>casino<\/em> que ya has aprendido, y retomar detalles e informaci\u00f3n que tal vez te hayas perdido en clase. Y para aprender nuevas figuras y combinaciones. Al suscribirte tambi\u00e9n nos ayudas a apoyar el <a href=\"https:\/\/rueda.casino\/charity\/\">proyecto ben\u00e9fico KubaSoy<\/a> en La Habana, Cuba.  <\/p>\n<\/div><\/div><\/div><div class=\"fusion-layout-column fusion_builder_column fusion-builder-column-1 fusion_builder_column_1_2 1_2 fusion-flex-column fusion-flex-align-self-stretch\" style=\"--awb-bg-blend:overlay;--awb-bg-size:cover;--awb-width-large:50%;--awb-margin-top-large:0px;--awb-spacing-right-large:3.84%;--awb-margin-bottom-large:0px;--awb-spacing-left-large:3.84%;--awb-width-medium:50%;--awb-spacing-right-medium:3.84%;--awb-spacing-left-medium:3.84%;--awb-width-small:100%;--awb-spacing-right-small:1.92%;--awb-spacing-left-small:1.92%;\"><div class=\"fusion-column-wrapper fusion-flex-justify-content-flex-start fusion-content-layout-column\"><div class=\"fusion-title title fusion-title-2 sep-underline sep-solid fusion-title-text fusion-title-size-two\" style=\"--awb-margin-bottom:40px;--awb-margin-top-small:10px;--awb-margin-right-small:0px;--awb-margin-bottom-small:10px;--awb-margin-left-small:0px;--awb-sep-color:var(--awb-color7);\"><h2 class=\"fusion-title-heading title-heading-left fusion-responsive-typography-calculated\" style=\"font-family:&quot;Work Sans&quot;;font-style:normal;font-weight:400;margin:0;text-transform:uppercase;--fontSize:25;line-height:var(--awb-typography1-line-height);\">As\u00ed es como te suscribes:<\/h2><\/div><div class=\"fusion-content-boxes content-boxes columns row fusion-columns-1 fusion-columns-total-2 fusion-content-boxes-1 content-boxes-timeline-vertical content-left content-boxes-timeline-layout content-boxes-icon-with-title has-flex-alignment fusion-delayed-animation\" style=\"--awb-alignment:flex-end;--awb-hover-accent-color:var(--awb-color6);--awb-circle-hover-accent-color:var(--awb-color6);--awb-item-margin-bottom:40px;\" data-animation-delay=\"350\" data-animationOffset=\"top-into-view\"><div style=\"--awb-backgroundcolor:rgba(255,255,255,0);--awb-content-padding-left:55px;\" class=\"fusion-column content-box-column content-box-column content-box-column-1 col-lg-12 col-md-12 col-sm-12 fusion-content-box-hover content-box-column-last-in-row\"><div class=\"col content-box-wrapper content-wrapper link-area-link-icon content-icon-wrapper-yes icon-hover-animation-fade fusion-animated\" data-animationType=\"fadeIn\" data-animationDuration=\"0.25\" data-animationOffset=\"top-into-view\"><div class=\"heading heading-with-icon icon-left\" style=\"margin-top:16px;\"><div aria-hidden=\"true\" class=\"image\"><img decoding=\"async\" class=\"lazyload\" src=\"data:image\/svg+xml,%3Csvg%20xmlns%3D%27http%3A%2F%2Fwww.w3.org%2F2000%2Fsvg%27%20width%3D%2735%27%20height%3D%2734%27%20viewBox%3D%270%200%2035%2034%27%3E%3Crect%20width%3D%2735%27%20height%3D%2734%27%20fill-opacity%3D%220%22%2F%3E%3C%2Fsvg%3E\" data-orig-src=\"https:\/\/rueda.casino\/wp-content\/uploads\/2020\/06\/nr1.png\" width=\"35\" height=\"34\" alt=\"\" \/><\/div><h3 class=\"content-box-heading fusion-responsive-typography-calculated\" style=\"--h3_typography-font-size:18px;--fontSize:18;line-height:var(--awb-typography1-line-height);\">Crea una cuenta gratuita de Vimeo:<\/h3><\/div><div class=\"fusion-clearfix\"><\/div><div class=\"content-container\">\n<ul>\n<li>Ir a <a href=\"http:\/\/vimeo.com\/\" target=\"_blank\" rel=\"noopener noreferrer\"><strong>vimeo.com<\/strong><\/a> y haz clic en<strong>\u00abUnirse<\/strong>\u00bb para crear una cuenta gratuita en Vimeo<\/li>\n<li>\u00bfYa tienes una cuenta de Vimeo? Omita este paso. <\/li>\n<\/ul>\n<\/div><\/div><\/div><div style=\"--awb-backgroundcolor:rgba(255,255,255,0);--awb-content-padding-left:55px;\" class=\"fusion-column content-box-column content-box-column content-box-column-2 col-lg-12 col-md-12 col-sm-12 fusion-content-box-hover content-box-column-last content-box-column-last-in-row\"><div class=\"col content-box-wrapper content-wrapper link-area-link-icon content-icon-wrapper-yes icon-hover-animation-fade fusion-animated\" data-animationType=\"fadeIn\" data-animationDuration=\"0.25\" data-animationOffset=\"top-into-view\"><div class=\"heading heading-with-icon icon-left\" style=\"margin-top:16px;\"><div aria-hidden=\"true\" class=\"image\"><img decoding=\"async\" class=\"lazyload\" src=\"data:image\/svg+xml,%3Csvg%20xmlns%3D%27http%3A%2F%2Fwww.w3.org%2F2000%2Fsvg%27%20width%3D%2735%27%20height%3D%2734%27%20viewBox%3D%270%200%2035%2034%27%3E%3Crect%20width%3D%2735%27%20height%3D%2734%27%20fill-opacity%3D%220%22%2F%3E%3C%2Fsvg%3E\" data-orig-src=\"https:\/\/rueda.casino\/wp-content\/uploads\/2020\/06\/nr2.png\" width=\"35\" height=\"34\" alt=\"\" \/><\/div><h3 class=\"content-box-heading fusion-responsive-typography-calculated\" style=\"--h3_typography-font-size:18px;--fontSize:18;line-height:var(--awb-typography1-line-height);\">Suscr\u00edbete al canal de videos de Rueda.Casino:<\/h3><\/div><div class=\"fusion-clearfix\"><\/div><div class=\"content-container\">\n<ul>\n<li>Vaya a <a href=\"http:\/\/vod.rueda.casino\/\" target=\"_blank\" rel=\"noopener noreferrer\"><strong>vod.rueda.casino<\/strong><\/a> y haga clic en el cuadro azul Suscribirse.<\/li>\n<li>&#8230; o haga clic en este bot\u00f3n<button id=\"subscribe-btn\" class=\"subscribe-btn\" style=\"width: 100%;\">Suscr\u00edbete ahora<\/button><\/li>\n<li>Enter your billing info, select country, and click &#8216;<strong>Subscribe<\/strong>&#8216;.\n<p><strong>\u00a1Y est\u00e1s dentro!<\/strong> Comprueba tu correo electr\u00f3nico para obtener un recibo.<\/p>\n<\/li>\n<\/ul>\n<\/div><\/div><\/div><div class=\"fusion-clearfix\"><\/div><\/div><div class=\"fusion-image-element awb-imageframe-style awb-imageframe-style-above awb-imageframe-style-1\" style=\"--awb-liftup-border-radius:0px;--awb-margin-top:20px;--awb-margin-bottom:40px;--awb-caption-title-font-family:var(--h3_typography-font-family);--awb-caption-title-font-weight:var(--h3_typography-font-weight);--awb-caption-title-font-style:var(--h3_typography-font-style);--awb-caption-title-size:var(--h3_typography-font-size);--awb-caption-title-transform:var(--h3_typography-text-transform);--awb-caption-title-line-height:var(--h3_typography-line-height);--awb-caption-title-letter-spacing:var(--h3_typography-letter-spacing);\"><div class=\"awb-imageframe-caption-container\"><div class=\"awb-imageframe-caption\"><h3 class=\"awb-imageframe-caption-title\">Confirmaci\u00f3n<\/h3><p class=\"awb-imageframe-caption-text\">Estas capturas de pantalla deber\u00edan aparecer en el proceso de suscripci\u00f3n. Se le facturar\u00e1 mensualmente mientras se suscriba, en la valuta de su regi\u00f3n: \u20ac, \u00a3 o NOK. <\/p><\/div><\/div><div class=\"awb-image-frame awb-image-frame-1 imageframe-liftup\"><span class=\" fusion-imageframe imageframe-dropshadow imageframe-1\" style=\"-webkit-box-shadow: 5px 5px 9px var(--awb-color7);box-shadow: 5px 5px 9px var(--awb-color7);\"><img decoding=\"async\" width=\"652\" height=\"558\" title=\"Billing_info\" src=\"data:image\/svg+xml,%3Csvg%20xmlns%3D%27http%3A%2F%2Fwww.w3.org%2F2000%2Fsvg%27%20width%3D%27652%27%20height%3D%27558%27%20viewBox%3D%270%200%20652%20558%27%3E%3Crect%20width%3D%27652%27%20height%3D%27558%27%20fill-opacity%3D%220%22%2F%3E%3C%2Fsvg%3E\" data-orig-src=\"https:\/\/rueda.casino\/wp-content\/uploads\/2018\/10\/Billing_info.jpg\" alt class=\"lazyload img-responsive wp-image-15183\"\/><\/span><\/div><\/div><\/div><\/div><\/div><\/div><div class=\"fusion-fullwidth fullwidth-box fusion-builder-row-2 fusion-flex-container nonhundred-percent-fullwidth non-hundred-percent-height-scrolling\" style=\"--awb-border-radius-top-left:0px;--awb-border-radius-top-right:0px;--awb-border-radius-bottom-right:0px;--awb-border-radius-bottom-left:0px;--awb-flex-wrap:wrap;\" ><div class=\"fusion-builder-row fusion-row fusion-flex-align-items-flex-start fusion-flex-content-wrap\" style=\"max-width:1248px;margin-left: calc(-4% \/ 2 );margin-right: calc(-4% \/ 2 );\"><div class=\"fusion-layout-column fusion_builder_column fusion-builder-column-2 fusion_builder_column_1_1 1_1 fusion-flex-column\" style=\"--awb-bg-blend:overlay;--awb-bg-size:cover;--awb-width-large:100%;--awb-margin-top-large:0px;--awb-spacing-right-large:1.92%;--awb-margin-bottom-large:0px;--awb-spacing-left-large:1.92%;--awb-width-medium:100%;--awb-spacing-right-medium:1.92%;--awb-spacing-left-medium:1.92%;--awb-width-small:100%;--awb-spacing-right-small:1.92%;--awb-spacing-left-small:1.92%;\"><div class=\"fusion-column-wrapper fusion-flex-justify-content-flex-start fusion-content-layout-column\"><div class=\"fusion-text fusion-text-2\"><h2 class=\"fusion-responsive-typography-calculated\" style=\"text-align: center; --fontsize: 25; line-height: 1.2;\" data-fontsize=\"25\" data-lineheight=\"30px\"><a href=\"https:\/\/rueda.casino\/online-videos\/free\/\">V\u00cdDEOS GRATIS<\/a> | <a href=\"https:\/\/rueda.casino\/online-videos\/videos-available\/\">LISTA DE TODOS LOS V\u00cdDEOS<\/a><\/h2>\n<p>.<\/p>\n<hr>\n<p>\n&#13;<\/p>\n<\/div><\/div><\/div><\/div><\/div><\/p>\n","protected":false},"excerpt":{"rendered":"","protected":false},"author":2,"featured_media":0,"parent":23843,"menu_order":1,"comment_status":"closed","ping_status":"closed","template":"","meta":{"_acf_changed":false,"content-type":"","footnotes":""},"class_list":["post-16361","page","type-page","status-publish","hentry"],"acf":[],"yoast_head":"<!-- This site is optimized with the Yoast SEO plugin v27.4 - https:\/\/yoast.com\/product\/yoast-seo-wordpress\/ -->\n<title>Obtener acceso - Rueda.Casino<\/title>\n<meta name=\"robots\" content=\"index, follow, max-snippet:-1, max-image-preview:large, max-video-preview:-1\" \/>\n<link rel=\"canonical\" href=\"https:\/\/rueda.casino\/es\/canal-de-video-rueda-casino\/get-access\/\" \/>\n<meta property=\"og:locale\" content=\"es_ES\" \/>\n<meta property=\"og:type\" content=\"article\" \/>\n<meta property=\"og:title\" content=\"Obtener acceso - Rueda.Casino\" \/>\n<meta property=\"og:url\" content=\"https:\/\/rueda.casino\/es\/canal-de-video-rueda-casino\/get-access\/\" \/>\n<meta property=\"og:site_name\" content=\"Rueda.Casino\" \/>\n<meta property=\"article:publisher\" content=\"https:\/\/www.facebook.com\/ruedadotcasino\" \/>\n<meta property=\"article:modified_time\" content=\"2025-08-24T08:54:09+00:00\" \/>\n<meta name=\"twitter:card\" content=\"summary_large_image\" \/>\n<meta name=\"twitter:label1\" content=\"Tiempo de lectura\" \/>\n\t<meta name=\"twitter:data1\" content=\"2 minutos\" \/>\n<script type=\"application\/ld+json\" class=\"yoast-schema-graph\">{\"@context\":\"https:\\\/\\\/schema.org\",\"@graph\":[{\"@type\":\"WebPage\",\"@id\":\"https:\\\/\\\/rueda.casino\\\/es\\\/canal-de-video-rueda-casino\\\/get-access\\\/\",\"url\":\"https:\\\/\\\/rueda.casino\\\/es\\\/canal-de-video-rueda-casino\\\/get-access\\\/\",\"name\":\"Obtener acceso - Rueda.Casino\",\"isPartOf\":{\"@id\":\"https:\\\/\\\/rueda.casino\\\/es\\\/#website\"},\"datePublished\":\"2021-03-18T17:54:02+00:00\",\"dateModified\":\"2025-08-24T08:54:09+00:00\",\"breadcrumb\":{\"@id\":\"https:\\\/\\\/rueda.casino\\\/es\\\/canal-de-video-rueda-casino\\\/get-access\\\/#breadcrumb\"},\"inLanguage\":\"es\",\"potentialAction\":[{\"@type\":\"ReadAction\",\"target\":[\"https:\\\/\\\/rueda.casino\\\/es\\\/canal-de-video-rueda-casino\\\/get-access\\\/\"]}]},{\"@type\":\"BreadcrumbList\",\"@id\":\"https:\\\/\\\/rueda.casino\\\/es\\\/canal-de-video-rueda-casino\\\/get-access\\\/#breadcrumb\",\"itemListElement\":[{\"@type\":\"ListItem\",\"position\":1,\"name\":\"Home\",\"item\":\"https:\\\/\\\/rueda.casino\\\/es\\\/hogar\\\/\"},{\"@type\":\"ListItem\",\"position\":2,\"name\":\"Canal de video rueda.casino\",\"item\":\"https:\\\/\\\/rueda.casino\\\/es\\\/canal-de-video-rueda-casino\\\/\"},{\"@type\":\"ListItem\",\"position\":3,\"name\":\"Obtener acceso\"}]},{\"@type\":\"WebSite\",\"@id\":\"https:\\\/\\\/rueda.casino\\\/es\\\/#website\",\"url\":\"https:\\\/\\\/rueda.casino\\\/es\\\/\",\"name\":\"Rueda.Casino\",\"description\":\"Educational rueda &amp; casino videos of high quality\",\"publisher\":{\"@id\":\"https:\\\/\\\/rueda.casino\\\/es\\\/#organization\"},\"potentialAction\":[{\"@type\":\"SearchAction\",\"target\":{\"@type\":\"EntryPoint\",\"urlTemplate\":\"https:\\\/\\\/rueda.casino\\\/es\\\/?s={search_term_string}\"},\"query-input\":{\"@type\":\"PropertyValueSpecification\",\"valueRequired\":true,\"valueName\":\"search_term_string\"}}],\"inLanguage\":\"es\"},{\"@type\":\"Organization\",\"@id\":\"https:\\\/\\\/rueda.casino\\\/es\\\/#organization\",\"name\":\"Rueda.Casino\",\"url\":\"https:\\\/\\\/rueda.casino\\\/es\\\/\",\"logo\":{\"@type\":\"ImageObject\",\"inLanguage\":\"es\",\"@id\":\"https:\\\/\\\/rueda.casino\\\/es\\\/#\\\/schema\\\/logo\\\/image\\\/\",\"url\":\"https:\\\/\\\/rueda.casino\\\/wp-content\\\/uploads\\\/2018\\\/08\\\/cropped-rueda.casino-2-linje-weblogo.png\",\"contentUrl\":\"https:\\\/\\\/rueda.casino\\\/wp-content\\\/uploads\\\/2018\\\/08\\\/cropped-rueda.casino-2-linje-weblogo.png\",\"width\":150,\"height\":51,\"caption\":\"Rueda.Casino\"},\"image\":{\"@id\":\"https:\\\/\\\/rueda.casino\\\/es\\\/#\\\/schema\\\/logo\\\/image\\\/\"},\"sameAs\":[\"https:\\\/\\\/www.facebook.com\\\/ruedadotcasino\",\"https:\\\/\\\/www.instagram.com\\\/rueda.casino\\\/\",\"https:\\\/\\\/www.youtube.com\\\/@rueda.casino\"]}]}<\/script>\n<!-- \/ Yoast SEO plugin. -->","yoast_head_json":{"title":"Obtener acceso - Rueda.Casino","robots":{"index":"index","follow":"follow","max-snippet":"max-snippet:-1","max-image-preview":"max-image-preview:large","max-video-preview":"max-video-preview:-1"},"canonical":"https:\/\/rueda.casino\/es\/canal-de-video-rueda-casino\/get-access\/","og_locale":"es_ES","og_type":"article","og_title":"Obtener acceso - Rueda.Casino","og_url":"https:\/\/rueda.casino\/es\/canal-de-video-rueda-casino\/get-access\/","og_site_name":"Rueda.Casino","article_publisher":"https:\/\/www.facebook.com\/ruedadotcasino","article_modified_time":"2025-08-24T08:54:09+00:00","twitter_card":"summary_large_image","twitter_misc":{"Tiempo de lectura":"2 minutos"},"schema":{"@context":"https:\/\/schema.org","@graph":[{"@type":"WebPage","@id":"https:\/\/rueda.casino\/es\/canal-de-video-rueda-casino\/get-access\/","url":"https:\/\/rueda.casino\/es\/canal-de-video-rueda-casino\/get-access\/","name":"Obtener acceso - Rueda.Casino","isPartOf":{"@id":"https:\/\/rueda.casino\/es\/#website"},"datePublished":"2021-03-18T17:54:02+00:00","dateModified":"2025-08-24T08:54:09+00:00","breadcrumb":{"@id":"https:\/\/rueda.casino\/es\/canal-de-video-rueda-casino\/get-access\/#breadcrumb"},"inLanguage":"es","potentialAction":[{"@type":"ReadAction","target":["https:\/\/rueda.casino\/es\/canal-de-video-rueda-casino\/get-access\/"]}]},{"@type":"BreadcrumbList","@id":"https:\/\/rueda.casino\/es\/canal-de-video-rueda-casino\/get-access\/#breadcrumb","itemListElement":[{"@type":"ListItem","position":1,"name":"Home","item":"https:\/\/rueda.casino\/es\/hogar\/"},{"@type":"ListItem","position":2,"name":"Canal de video rueda.casino","item":"https:\/\/rueda.casino\/es\/canal-de-video-rueda-casino\/"},{"@type":"ListItem","position":3,"name":"Obtener acceso"}]},{"@type":"WebSite","@id":"https:\/\/rueda.casino\/es\/#website","url":"https:\/\/rueda.casino\/es\/","name":"Rueda.Casino","description":"Educational rueda &amp; casino videos of high quality","publisher":{"@id":"https:\/\/rueda.casino\/es\/#organization"},"potentialAction":[{"@type":"SearchAction","target":{"@type":"EntryPoint","urlTemplate":"https:\/\/rueda.casino\/es\/?s={search_term_string}"},"query-input":{"@type":"PropertyValueSpecification","valueRequired":true,"valueName":"search_term_string"}}],"inLanguage":"es"},{"@type":"Organization","@id":"https:\/\/rueda.casino\/es\/#organization","name":"Rueda.Casino","url":"https:\/\/rueda.casino\/es\/","logo":{"@type":"ImageObject","inLanguage":"es","@id":"https:\/\/rueda.casino\/es\/#\/schema\/logo\/image\/","url":"https:\/\/rueda.casino\/wp-content\/uploads\/2018\/08\/cropped-rueda.casino-2-linje-weblogo.png","contentUrl":"https:\/\/rueda.casino\/wp-content\/uploads\/2018\/08\/cropped-rueda.casino-2-linje-weblogo.png","width":150,"height":51,"caption":"Rueda.Casino"},"image":{"@id":"https:\/\/rueda.casino\/es\/#\/schema\/logo\/image\/"},"sameAs":["https:\/\/www.facebook.com\/ruedadotcasino","https:\/\/www.instagram.com\/rueda.casino\/","https:\/\/www.youtube.com\/@rueda.casino"]}]}},"_links":{"self":[{"href":"https:\/\/rueda.casino\/es\/wp-json\/wp\/v2\/pages\/16361","targetHints":{"allow":["GET"]}}],"collection":[{"href":"https:\/\/rueda.casino\/es\/wp-json\/wp\/v2\/pages"}],"about":[{"href":"https:\/\/rueda.casino\/es\/wp-json\/wp\/v2\/types\/page"}],"author":[{"embeddable":true,"href":"https:\/\/rueda.casino\/es\/wp-json\/wp\/v2\/users\/2"}],"replies":[{"embeddable":true,"href":"https:\/\/rueda.casino\/es\/wp-json\/wp\/v2\/comments?post=16361"}],"version-history":[{"count":0,"href":"https:\/\/rueda.casino\/es\/wp-json\/wp\/v2\/pages\/16361\/revisions"}],"up":[{"embeddable":true,"href":"https:\/\/rueda.casino\/es\/wp-json\/wp\/v2\/pages\/23843"}],"wp:attachment":[{"href":"https:\/\/rueda.casino\/es\/wp-json\/wp\/v2\/media?parent=16361"}],"curies":[{"name":"wp","href":"https:\/\/api.w.org\/{rel}","templated":true}]}}