

    {"id":21339,"date":"2024-06-19T16:15:30","date_gmt":"2024-06-19T14:15:30","guid":{"rendered":"https:\/\/rueda.casino\/lista-de-figuras-crea-y-comparte-tus-listas\/"},"modified":"2026-01-26T23:40:36","modified_gmt":"2026-01-26T22:40:36","slug":"lista-de-figuras-crea-y-comparte-tus-listas","status":"publish","type":"page","link":"https:\/\/rueda.casino\/es\/lista-de-figuras-crea-y-comparte-tus-listas\/","title":{"rendered":"Lista de figuras: crea y comparte tus listas"},"content":{"rendered":"<p><div class=\"fusion-fullwidth fullwidth-box fusion-builder-row-1 fusion-flex-container has-pattern-background has-mask-background nonhundred-percent-fullwidth non-hundred-percent-height-scrolling\" style=\"--awb-border-radius-top-left:0px;--awb-border-radius-top-right:0px;--awb-border-radius-bottom-right:0px;--awb-border-radius-bottom-left:0px;--awb-margin-top:30px;--awb-flex-wrap:wrap;\" ><div class=\"fusion-builder-row fusion-row fusion-flex-align-items-flex-start fusion-flex-justify-content-space-between fusion-flex-content-wrap\" style=\"max-width:1248px;margin-left: calc(-4% \/ 2 );margin-right: calc(-4% \/ 2 );\"><div class=\"fusion-layout-column fusion_builder_column fusion-builder-column-0 fusion_builder_column_1_1 1_1 fusion-flex-column\" style=\"--awb-bg-size:cover;--awb-width-large:100%;--awb-margin-top-large:0px;--awb-spacing-right-large:1.92%;--awb-margin-bottom-large:20px;--awb-spacing-left-large:1.92%;--awb-width-medium:100%;--awb-order-medium:0;--awb-spacing-right-medium:1.92%;--awb-spacing-left-medium:1.92%;--awb-width-small:100%;--awb-order-small:0;--awb-spacing-right-small:1.92%;--awb-spacing-left-small:1.92%;\"><div class=\"fusion-column-wrapper fusion-column-has-shadow fusion-flex-justify-content-flex-start fusion-content-layout-column\"><div class=\"fusion-title title fusion-title-1 fusion-sep-none fusion-title-center fusion-title-highlight fusion-animate-once fusion-highlight-double fusion-title-size-two\" style=\"--awb-highlight-width:4;--awb-margin-top-small:10px;--awb-margin-right-small:0px;--awb-margin-bottom-small:10px;--awb-margin-left-small:0px;\" data-highlight=\"double\"><h2 class=\"fusion-title-heading title-heading-center fusion-responsive-typography-calculated\" style=\"margin:0;--fontSize:25;line-height:var(--awb-typography1-line-height);\"><span class=\"fusion-highlighted-text-prefix\">Ahora puedes  <\/span> <span class=\"fusion-highlighted-text-wrapper\"><span class=\"fusion-highlighted-text\" style=\"--fontSize:45;font-size:45px;\">CREA Y COMPARTE<\/span><svg xmlns=\"http:\/\/www.w3.org\/2000\/svg\" viewBox=\"0 0 500 150\" preserveAspectRatio=\"none\"><path d=\"M21.7,145.7c0,0,192.2-33.7,456.3-14.6\"><\/path><path d=\"M13.6,28.2c0,0,296.2-22.5,474.9-5.4\"><\/path><\/svg><\/span> <span class=\"fusion-highlighted-text-postfix\">su propia lista de cifras<\/span><\/h2><\/div><div class=\"fusion-text fusion-text-1\" style=\"--awb-margin-top:30px;\"><p><strong>Transforma la metodolog\u00eda de ense\u00f1anza de tu escuela de baile con las Listas de Figuras de Rueda.Casino. Proporcione a sus estudiantes materiales de pr\u00e1ctica estructurados, accesibles y seguros para mejorar su viaje de aprendizaje. \u00a1Empieza hoy mismo y lleva tu escuela de baile al siguiente nivel!  <\/strong><\/p>\n<\/div><\/div><\/div><div class=\"fusion-layout-column fusion_builder_column fusion-builder-column-1 fusion_builder_column_1_2 1_2 fusion-flex-column\" style=\"--awb-bg-size:cover;--awb-width-large:50%;--awb-margin-top-large:0px;--awb-spacing-right-large:3.84%;--awb-margin-bottom-large:20px;--awb-spacing-left-large:3.84%;--awb-width-medium:50%;--awb-order-medium:0;--awb-spacing-right-medium:3.84%;--awb-spacing-left-medium:3.84%;--awb-width-small:100%;--awb-order-small:0;--awb-spacing-right-small:1.92%;--awb-spacing-left-small:1.92%;\"><div class=\"fusion-column-wrapper fusion-column-has-shadow fusion-flex-justify-content-flex-start fusion-content-layout-column\"><div class=\"fusion-image-element \" style=\"--awb-margin-bottom:50px;--awb-caption-title-font-family:var(--h2_typography-font-family);--awb-caption-title-font-weight:var(--h2_typography-font-weight);--awb-caption-title-font-style:var(--h2_typography-font-style);--awb-caption-title-size:var(--h2_typography-font-size);--awb-caption-title-transform:var(--h2_typography-text-transform);--awb-caption-title-line-height:var(--h2_typography-line-height);--awb-caption-title-letter-spacing:var(--h2_typography-letter-spacing);\"><span class=\" fusion-imageframe imageframe-none imageframe-1 hover-type-none\"><img decoding=\"async\" width=\"1200\" height=\"628\" title=\"FigurelistaCompartirImagen (1)\" src=\"https:\/\/rueda.casino\/wp-content\/uploads\/2024\/06\/FigurelistShareImage-1.jpg\" data-orig-src=\"https:\/\/rueda.casino\/wp-content\/uploads\/2024\/06\/FigurelistShareImage-1.jpg\" alt class=\"lazyload img-responsive wp-image-19558\" srcset=\"data:image\/svg+xml,%3Csvg%20xmlns%3D%27http%3A%2F%2Fwww.w3.org%2F2000%2Fsvg%27%20width%3D%271200%27%20height%3D%27628%27%20viewBox%3D%270%200%201200%20628%27%3E%3Crect%20width%3D%271200%27%20height%3D%27628%27%20fill-opacity%3D%220%22%2F%3E%3C%2Fsvg%3E\" data-srcset=\"https:\/\/rueda.casino\/wp-content\/uploads\/2024\/06\/FigurelistShareImage-1-200x105.jpg 200w, https:\/\/rueda.casino\/wp-content\/uploads\/2024\/06\/FigurelistShareImage-1-400x209.jpg 400w, https:\/\/rueda.casino\/wp-content\/uploads\/2024\/06\/FigurelistShareImage-1-600x314.jpg 600w, https:\/\/rueda.casino\/wp-content\/uploads\/2024\/06\/FigurelistShareImage-1-800x419.jpg 800w, https:\/\/rueda.casino\/wp-content\/uploads\/2024\/06\/FigurelistShareImage-1.jpg 1200w\" data-sizes=\"auto\" data-orig-sizes=\"(max-width: 640px) 100vw, 600px\" \/><\/span><\/div><div class=\"fusion-text fusion-text-2\"><p>Eleve la experiencia de ense\u00f1anza con las <strong>listas de figuras de Rueda.Casinos<\/strong>. Dise\u00f1ada espec\u00edficamente para escuelas de baile, esta poderosa herramienta permite a los instructores crear y compartir sin esfuerzo una lista personalizada de figuras de baile del archivo de <b>Rueda.Casinos<\/b> con sus estudiantes, fomentando un mejor aprendizaje y pr\u00e1ctica en casa. <\/p>\n<p><strong>Caracter\u00edsticas principales:<\/strong><\/p>\n<ul>\n<li><strong>Creaci\u00f3n f\u00e1cil de listas<\/strong>: Compile y organice r\u00e1pidamente listas de figuras de baile adaptadas a su plan de estudios.<\/li>\n<li><strong>Acceso de estudiantes<\/strong>: Comparta URL \u00fanicas protegidas por token con los estudiantes, lo que garantiza un acceso seguro y personalizado.<\/li>\n<li><strong>Caducidad<\/strong>: Dependiendo de su membres\u00eda, la lista creada caducar\u00e1 despu\u00e9s de un tiempo, lo que garantiza que los estudiantes se concentren en los materiales de pr\u00e1ctica actuales y relevantes.<\/li>\n<li><strong>Interfaz f\u00e1cil de usar<\/strong>: Dise\u00f1o simple e intuitivo tanto para instructores como para estudiantes, minimizando la curva de aprendizaje.<\/li>\n<\/ul>\n<p><strong>Uso:<\/strong><\/p>\n<ol>\n<li><strong>Crear listas personalizadas<\/strong>: Los instructores pueden crear listas de figuras de baile, que se ordenar\u00e1n y clasificar\u00e1n por disciplina, nivel y posici\u00f3n.<\/li>\n<li><strong>Comparta de forma segura<\/strong>: Genere enlaces \u00fanicos para compartir para que los estudiantes accedan a sus listas de pr\u00e1ctica en cualquier momento dentro del per\u00edodo de vencimiento, en cualquier lugar.<\/li>\n<\/ol>\n<\/div><\/div><\/div><div class=\"fusion-layout-column fusion_builder_column fusion-builder-column-2 fusion_builder_column_1_2 1_2 fusion-flex-column fusion-flex-align-self-stretch\" style=\"--awb-bg-size:cover;--awb-width-large:50%;--awb-margin-top-large:0px;--awb-spacing-right-large:3.84%;--awb-margin-bottom-large:20px;--awb-spacing-left-large:3.84%;--awb-width-medium:50%;--awb-order-medium:0;--awb-spacing-right-medium:3.84%;--awb-spacing-left-medium:3.84%;--awb-width-small:100%;--awb-order-small:0;--awb-spacing-right-small:1.92%;--awb-spacing-left-small:1.92%;\"><div class=\"fusion-column-wrapper fusion-column-has-shadow fusion-flex-justify-content-flex-start fusion-content-layout-column\"><div class=\"fusion-builder-row fusion-builder-row-inner fusion-row fusion-flex-align-items-flex-start fusion-flex-justify-content-space-between fusion-flex-content-wrap\" style=\"--awb-flex-grow:0;--awb-flex-grow-medium:0;--awb-flex-grow-small:0;--awb-flex-shrink:0;--awb-flex-shrink-medium:0;--awb-flex-shrink-small:0;width:104% !important;max-width:104% !important;margin-left: calc(-4% \/ 2 );margin-right: calc(-4% \/ 2 );\"><div class=\"fusion-layout-column fusion_builder_column_inner fusion-builder-nested-column-0 fusion_builder_column_inner_1_1 1_1 fusion-flex-column\" style=\"--awb-bg-size:cover;--awb-width-large:100%;--awb-margin-top-large:0px;--awb-spacing-right-large:1.92%;--awb-margin-bottom-large:20px;--awb-spacing-left-large:1.92%;--awb-width-medium:100%;--awb-order-medium:0;--awb-spacing-right-medium:1.92%;--awb-spacing-left-medium:1.92%;--awb-width-small:100%;--awb-order-small:0;--awb-spacing-right-small:1.92%;--awb-spacing-left-small:1.92%;\"><div class=\"fusion-column-wrapper fusion-column-has-shadow fusion-flex-justify-content-flex-start fusion-content-layout-column\"><div class=\"fusion-title title fusion-title-2 fusion-sep-none fusion-title-center fusion-title-text fusion-title-size-one\" style=\"--awb-text-color:var(--awb-color7);--awb-margin-top:30px;--awb-margin-top-small:10px;--awb-margin-right-small:0px;--awb-margin-bottom-small:10px;--awb-margin-left-small:0px;--awb-text-stroke-color:#141617;--awb-font-size:60px;\"><h1 class=\"fusion-title-heading title-heading-center fusion-responsive-typography-calculated\" style=\"font-family:&quot;Tilt Warp&quot;;font-style:normal;font-weight:400;margin:0;letter-spacing:-2px;text-transform:var(--awb-typography1-text-transform);font-size:1em;--fontSize:60;line-height:0.9;\">\u00bfA\u00fan no eres miembro? <mark class=\"fusion-highlight custom-textcolor highlight1 fusion-text-has-stroke\" style=\"--awb-text-color:rgba(101,148,0,0);\">\u00a1Reg\u00edstrate<\/mark> ahora!<\/h1><\/div><\/div><\/div><div class=\"fusion-layout-column fusion_builder_column_inner fusion-builder-nested-column-1 fusion_builder_column_inner_1_1 1_1 fusion-flex-column\" style=\"--awb-bg-size:cover;--awb-width-large:100%;--awb-margin-top-large:0px;--awb-spacing-right-large:1.92%;--awb-margin-bottom-large:64px;--awb-spacing-left-large:1.92%;--awb-width-medium:100%;--awb-order-medium:0;--awb-spacing-right-medium:1.92%;--awb-spacing-left-medium:1.92%;--awb-width-small:100%;--awb-order-small:0;--awb-spacing-right-small:1.92%;--awb-spacing-left-small:1.92%;\"><div class=\"fusion-column-wrapper fusion-column-has-shadow fusion-flex-justify-content-space-evenly fusion-content-layout-row\"><div ><a class=\"fusion-button button-flat fusion-button-default-size button-custom fusion-button-default button-1 fusion-button-default-span \" style=\"--button_bevel_color_hover:#46d6ad;--button_accent_color:#ffffff;--button_border_color:#ffffff;--button_accent_hover_color:#ffffff;--button_border_hover_color:#ffffff;--button_border_width-top:0px;--button_border_width-right:0px;--button_border_width-bottom:0px;--button_border_width-left:0px;--button-border-radius-top-left:0px;--button-border-radius-top-right:0px;--button-border-radius-bottom-right:0px;--button-border-radius-bottom-left:0px;--button_gradient_top_color:#031a4f;--button_gradient_bottom_color:#031a4f;--button_gradient_top_color_hover:#f35077;--button_gradient_bottom_color_hover:#f35077;--button_text_transform:var(--awb-typography3-text-transform);--button_font_size:24px;--button_line_height:32px;--button_padding-top:16px;--button_padding-right:48px;--button_padding-bottom:16px;--button_padding-left:48px;--button_typography-letter-spacing:0px;--button_typography-font-family:&quot;Barlow Condensed&quot;;--button_typography-font-style:normal;--button_typography-font-weight:500;--button_margin-top:10px;--button_margin-bottom:10px;\" target=\"_blank\" rel=\"noopener noreferrer\" href=\"https:\/\/rueda.casino\/es\/producto\/membresia\/\"><span class=\"fusion-button-text awb-button__text awb-button__text--default\">REG\u00cdSTRESE AHORA<\/span><\/a><\/div><div ><a class=\"fusion-button button-flat fusion-button-default-size button-custom fusion-button-default button-2 fusion-button-default-span \" style=\"--button_bevel_color_hover:#46d6ad;--button_accent_color:#ffffff;--button_border_color:#ffffff;--button_accent_hover_color:#ffffff;--button_border_hover_color:#ffffff;--button_border_width-top:0px;--button_border_width-right:0px;--button_border_width-bottom:0px;--button_border_width-left:0px;--button-border-radius-top-left:0px;--button-border-radius-top-right:0px;--button-border-radius-bottom-right:0px;--button-border-radius-bottom-left:0px;--button_gradient_top_color:#031a4f;--button_gradient_bottom_color:#031a4f;--button_gradient_top_color_hover:#f35077;--button_gradient_bottom_color_hover:#f35077;--button_text_transform:var(--awb-typography3-text-transform);--button_font_size:24px;--button_line_height:32px;--button_padding-top:16px;--button_padding-right:48px;--button_padding-bottom:16px;--button_padding-left:48px;--button_typography-letter-spacing:0px;--button_typography-font-family:&quot;Barlow Condensed&quot;;--button_typography-font-style:normal;--button_typography-font-weight:500;--button_margin-top:10px;--button_margin-bottom:10px;\" target=\"_blank\" rel=\"noopener noreferrer\" href=\"https:\/\/rueda.casino\/figure-list\/salsa-nybegynner-litt-ovet\/?token=5rJ6xmtFM8GeRnyFjofI\"><span class=\"fusion-button-text awb-button__text awb-button__text--default\">VER LISTA DEMO<\/span><\/a><\/div><\/div><\/div><\/div><div class=\"fusion-builder-row fusion-builder-row-inner fusion-row fusion-flex-align-items-flex-start fusion-flex-justify-content-space-between fusion-flex-content-wrap\" style=\"--awb-flex-grow:0;--awb-flex-grow-medium:0;--awb-flex-grow-small:0;--awb-flex-shrink:0;--awb-flex-shrink-medium:0;--awb-flex-shrink-small:0;width:104% !important;max-width:104% !important;margin-left: calc(-4% \/ 2 );margin-right: calc(-4% \/ 2 );\"><div class=\"fusion-layout-column fusion_builder_column_inner fusion-builder-nested-column-2 fusion_builder_column_inner_1_1 1_1 fusion-flex-column\" style=\"--awb-padding-right:20px;--awb-padding-bottom:20px;--awb-padding-left:20px;--awb-bg-color:var(--awb-color3);--awb-bg-color-hover:var(--awb-color3);--awb-bg-size:cover;--awb-width-large:100%;--awb-margin-top-large:0px;--awb-spacing-right-large:1.92%;--awb-margin-bottom-large:20px;--awb-spacing-left-large:1.92%;--awb-width-medium:100%;--awb-order-medium:0;--awb-spacing-right-medium:1.92%;--awb-spacing-left-medium:1.92%;--awb-width-small:100%;--awb-order-small:0;--awb-spacing-right-small:1.92%;--awb-spacing-left-small:1.92%;\"><div class=\"fusion-column-wrapper fusion-column-has-shadow fusion-flex-justify-content-flex-start fusion-content-layout-column\"><div class=\"fusion-login-box fusion-login-box-1 fusion-login-box-login fusion-login-align-center fusion-login-field-layout-floated\" style=\"--awb-form-background-color:var(--awb-color1);--awb-margin-top:50px;\"><h3 class=\"fusion-login-heading\">Lista de figuras<\/h3><div class=\"fusion-login-caption\">Debe iniciar sesi\u00f3n con una membres\u00eda para acceder a la Lista de figuras<\/div><form class=\"fusion-login-form\" name=\"loginform\" id=\"loginform\" method=\"post\" action=\"https:\/\/rueda.casino\/wp-login.php?lang=es\"><div class=\"fusion-login-fields\"><div class=\"fusion-login-input-wrapper\"><label class=\"fusion-login-label\" for=\"user_login-1\">Username or Email<\/label><input type=\"text\" name=\"log\" placeholder=\"Username or Email\" value=\"\" size=\"20\" class=\"fusion-login-username input-text\" id=\"user_login-1\" \/><\/div><div class=\"fusion-login-input-wrapper\"><label class=\"fusion-login-label\" for=\"user_pass-1\">Password<\/label><input type=\"password\" name=\"pwd\" placeholder=\"Password\" value=\"\" size=\"20\" class=\"fusion-login-password input-text\" id=\"user_pass-1\" \/><\/div>\t\t\t\t\t\t\t\t\t\t\t\t\t\t\t\t\t\t<div class=\"fusion-login-input-wrapper\">\n\t\t\t\t\t\t\t\t\t\t<div\n\t\t\t\t\t\t\tid=\"g-recaptcha-id-user-login-1\"\n\t\t\t\t\t\t\tclass=\"fusion-user-login-recaptcha-v3 recaptcha-container \"\n\t\t\t\t\t\t\tdata-sitekey=\"6LdmK_kpAAAAAHOaVxeJ7iGwXxsZ6vBWmS_5laON\"\n\t\t\t\t\t\t\tdata-badge=\"bottomright\">\n\t\t\t\t\t\t<\/div>\n\t\t\t\t\t\t<input\n\t\t\t\t\t\t\ttype=\"hidden\"\n\t\t\t\t\t\t\tname=\"fusion-user-login-recaptcha-response\"\n\t\t\t\t\t\t\tclass=\"g-recaptcha-response\"\n\t\t\t\t\t\t\tid=\"fusion-user-login-recaptcha-response-1\"\n\t\t\t\t\t\t\tvalue=\"\">\n\t\t\t\t\t\t\t\t\t<\/div>\n\t\t\t\t\t\t\t\t\t\t\t<\/div><div class=\"fusion-login-additional-content\"><div class=\"fusion-login-submit-wrapper\"><button class=\"fusion-login-button fusion-button button-default fusion-button-default-size\" type=\"submit\" name=\"wp-submit\">Log in<\/button><input type=\"hidden\" name=\"user-cookie\" value=\"1\" \/><input type=\"hidden\" name=\"redirect_to\" value=\"https:\/\/rueda.casino\/es\/lista-de-figuras-crea-y-comparte-tus-listas\/\" \/><input type=\"hidden\" name=\"fusion_login_box\" value=\"true\" \/><input type=\"hidden\" name=\"_wp_http_referer\" value=\"\/es\/wp-json\/wp\/v2\/pages\/21339\" \/><span class=\"fusion-login-nonce\" style=\"display:none;\"><\/span><\/div><div class=\"fusion-login-links\"><label class=\"fusion-login-remember-me\"><input name=\"rememberme\" type=\"checkbox\" id=\"rememberme\" value=\"forever\" \/>Remember Me<\/label><a class=\"fusion-login-lost-passowrd\" target=\"_self\" href=\"https:\/\/rueda.casino\/my-account\/lost-password\/\">Lost password?<\/a><a class=\"fusion-login-register\" target=\"_self\" href=\"https:\/\/rueda.casino\/es\/producto\/membresia\/\">Register<\/a><\/div><\/div><\/form><\/div><\/div><\/div><\/div><\/div><\/div><\/div><\/div><\/p>\n","protected":false},"excerpt":{"rendered":"","protected":false},"author":1,"featured_media":0,"parent":0,"menu_order":0,"comment_status":"closed","ping_status":"closed","template":"","meta":{"_acf_changed":false,"content-type":"","footnotes":""},"class_list":["post-21339","page","type-page","status-publish","hentry"],"acf":[],"yoast_head":"<!-- This site is optimized with the Yoast SEO plugin v27.5 - https:\/\/yoast.com\/product\/yoast-seo-wordpress\/ -->\n<title>Lista de figuras: crea y comparte tus listas - Rueda.Casino<\/title>\n<meta name=\"robots\" content=\"index, follow, max-snippet:-1, max-image-preview:large, max-video-preview:-1\" \/>\n<link rel=\"canonical\" href=\"https:\/\/rueda.casino\/es\/lista-de-figuras-crea-y-comparte-tus-listas\/\" \/>\n<meta property=\"og:locale\" content=\"es_ES\" \/>\n<meta property=\"og:type\" content=\"article\" \/>\n<meta property=\"og:title\" content=\"Lista de figuras: crea y comparte tus listas - Rueda.Casino\" \/>\n<meta property=\"og:url\" content=\"https:\/\/rueda.casino\/es\/lista-de-figuras-crea-y-comparte-tus-listas\/\" \/>\n<meta property=\"og:site_name\" content=\"Rueda.Casino\" \/>\n<meta property=\"article:publisher\" content=\"https:\/\/www.facebook.com\/ruedadotcasino\" \/>\n<meta property=\"article:modified_time\" content=\"2026-01-26T22:40:36+00:00\" \/>\n<meta name=\"twitter:card\" content=\"summary_large_image\" \/>\n<meta name=\"twitter:label1\" content=\"Tiempo de lectura\" \/>\n\t<meta name=\"twitter:data1\" content=\"32 minutos\" \/>\n<script type=\"application\/ld+json\" class=\"yoast-schema-graph\">{\"@context\":\"https:\\\/\\\/schema.org\",\"@graph\":[{\"@type\":\"WebPage\",\"@id\":\"https:\\\/\\\/rueda.casino\\\/es\\\/lista-de-figuras-crea-y-comparte-tus-listas\\\/\",\"url\":\"https:\\\/\\\/rueda.casino\\\/es\\\/lista-de-figuras-crea-y-comparte-tus-listas\\\/\",\"name\":\"Lista de figuras: crea y comparte tus listas - Rueda.Casino\",\"isPartOf\":{\"@id\":\"https:\\\/\\\/rueda.casino\\\/es\\\/#website\"},\"datePublished\":\"2024-06-19T14:15:30+00:00\",\"dateModified\":\"2026-01-26T22:40:36+00:00\",\"breadcrumb\":{\"@id\":\"https:\\\/\\\/rueda.casino\\\/es\\\/lista-de-figuras-crea-y-comparte-tus-listas\\\/#breadcrumb\"},\"inLanguage\":\"es\",\"potentialAction\":[{\"@type\":\"ReadAction\",\"target\":[\"https:\\\/\\\/rueda.casino\\\/es\\\/lista-de-figuras-crea-y-comparte-tus-listas\\\/\"]}]},{\"@type\":\"BreadcrumbList\",\"@id\":\"https:\\\/\\\/rueda.casino\\\/es\\\/lista-de-figuras-crea-y-comparte-tus-listas\\\/#breadcrumb\",\"itemListElement\":[{\"@type\":\"ListItem\",\"position\":1,\"name\":\"Home\",\"item\":\"https:\\\/\\\/rueda.casino\\\/es\\\/hogar\\\/\"},{\"@type\":\"ListItem\",\"position\":2,\"name\":\"Lista de figuras: crea y comparte tus listas\"}]},{\"@type\":\"WebSite\",\"@id\":\"https:\\\/\\\/rueda.casino\\\/es\\\/#website\",\"url\":\"https:\\\/\\\/rueda.casino\\\/es\\\/\",\"name\":\"Rueda.Casino\",\"description\":\"Educational rueda &amp; casino videos of high quality\",\"publisher\":{\"@id\":\"https:\\\/\\\/rueda.casino\\\/es\\\/#organization\"},\"potentialAction\":[{\"@type\":\"SearchAction\",\"target\":{\"@type\":\"EntryPoint\",\"urlTemplate\":\"https:\\\/\\\/rueda.casino\\\/es\\\/?s={search_term_string}\"},\"query-input\":{\"@type\":\"PropertyValueSpecification\",\"valueRequired\":true,\"valueName\":\"search_term_string\"}}],\"inLanguage\":\"es\"},{\"@type\":\"Organization\",\"@id\":\"https:\\\/\\\/rueda.casino\\\/es\\\/#organization\",\"name\":\"Rueda.Casino\",\"url\":\"https:\\\/\\\/rueda.casino\\\/es\\\/\",\"logo\":{\"@type\":\"ImageObject\",\"inLanguage\":\"es\",\"@id\":\"https:\\\/\\\/rueda.casino\\\/es\\\/#\\\/schema\\\/logo\\\/image\\\/\",\"url\":\"https:\\\/\\\/rueda.casino\\\/wp-content\\\/uploads\\\/2018\\\/08\\\/cropped-rueda.casino-2-linje-weblogo.png\",\"contentUrl\":\"https:\\\/\\\/rueda.casino\\\/wp-content\\\/uploads\\\/2018\\\/08\\\/cropped-rueda.casino-2-linje-weblogo.png\",\"width\":150,\"height\":51,\"caption\":\"Rueda.Casino\"},\"image\":{\"@id\":\"https:\\\/\\\/rueda.casino\\\/es\\\/#\\\/schema\\\/logo\\\/image\\\/\"},\"sameAs\":[\"https:\\\/\\\/www.facebook.com\\\/ruedadotcasino\",\"https:\\\/\\\/www.instagram.com\\\/rueda.casino\\\/\",\"https:\\\/\\\/www.youtube.com\\\/@rueda.casino\"]}]}<\/script>\n<!-- \/ Yoast SEO plugin. -->","yoast_head_json":{"title":"Lista de figuras: crea y comparte tus listas - Rueda.Casino","robots":{"index":"index","follow":"follow","max-snippet":"max-snippet:-1","max-image-preview":"max-image-preview:large","max-video-preview":"max-video-preview:-1"},"canonical":"https:\/\/rueda.casino\/es\/lista-de-figuras-crea-y-comparte-tus-listas\/","og_locale":"es_ES","og_type":"article","og_title":"Lista de figuras: crea y comparte tus listas - Rueda.Casino","og_url":"https:\/\/rueda.casino\/es\/lista-de-figuras-crea-y-comparte-tus-listas\/","og_site_name":"Rueda.Casino","article_publisher":"https:\/\/www.facebook.com\/ruedadotcasino","article_modified_time":"2026-01-26T22:40:36+00:00","twitter_card":"summary_large_image","twitter_misc":{"Tiempo de lectura":"32 minutos"},"schema":{"@context":"https:\/\/schema.org","@graph":[{"@type":"WebPage","@id":"https:\/\/rueda.casino\/es\/lista-de-figuras-crea-y-comparte-tus-listas\/","url":"https:\/\/rueda.casino\/es\/lista-de-figuras-crea-y-comparte-tus-listas\/","name":"Lista de figuras: crea y comparte tus listas - Rueda.Casino","isPartOf":{"@id":"https:\/\/rueda.casino\/es\/#website"},"datePublished":"2024-06-19T14:15:30+00:00","dateModified":"2026-01-26T22:40:36+00:00","breadcrumb":{"@id":"https:\/\/rueda.casino\/es\/lista-de-figuras-crea-y-comparte-tus-listas\/#breadcrumb"},"inLanguage":"es","potentialAction":[{"@type":"ReadAction","target":["https:\/\/rueda.casino\/es\/lista-de-figuras-crea-y-comparte-tus-listas\/"]}]},{"@type":"BreadcrumbList","@id":"https:\/\/rueda.casino\/es\/lista-de-figuras-crea-y-comparte-tus-listas\/#breadcrumb","itemListElement":[{"@type":"ListItem","position":1,"name":"Home","item":"https:\/\/rueda.casino\/es\/hogar\/"},{"@type":"ListItem","position":2,"name":"Lista de figuras: crea y comparte tus listas"}]},{"@type":"WebSite","@id":"https:\/\/rueda.casino\/es\/#website","url":"https:\/\/rueda.casino\/es\/","name":"Rueda.Casino","description":"Educational rueda &amp; casino videos of high quality","publisher":{"@id":"https:\/\/rueda.casino\/es\/#organization"},"potentialAction":[{"@type":"SearchAction","target":{"@type":"EntryPoint","urlTemplate":"https:\/\/rueda.casino\/es\/?s={search_term_string}"},"query-input":{"@type":"PropertyValueSpecification","valueRequired":true,"valueName":"search_term_string"}}],"inLanguage":"es"},{"@type":"Organization","@id":"https:\/\/rueda.casino\/es\/#organization","name":"Rueda.Casino","url":"https:\/\/rueda.casino\/es\/","logo":{"@type":"ImageObject","inLanguage":"es","@id":"https:\/\/rueda.casino\/es\/#\/schema\/logo\/image\/","url":"https:\/\/rueda.casino\/wp-content\/uploads\/2018\/08\/cropped-rueda.casino-2-linje-weblogo.png","contentUrl":"https:\/\/rueda.casino\/wp-content\/uploads\/2018\/08\/cropped-rueda.casino-2-linje-weblogo.png","width":150,"height":51,"caption":"Rueda.Casino"},"image":{"@id":"https:\/\/rueda.casino\/es\/#\/schema\/logo\/image\/"},"sameAs":["https:\/\/www.facebook.com\/ruedadotcasino","https:\/\/www.instagram.com\/rueda.casino\/","https:\/\/www.youtube.com\/@rueda.casino"]}]}},"_links":{"self":[{"href":"https:\/\/rueda.casino\/es\/wp-json\/wp\/v2\/pages\/21339","targetHints":{"allow":["GET"]}}],"collection":[{"href":"https:\/\/rueda.casino\/es\/wp-json\/wp\/v2\/pages"}],"about":[{"href":"https:\/\/rueda.casino\/es\/wp-json\/wp\/v2\/types\/page"}],"author":[{"embeddable":true,"href":"https:\/\/rueda.casino\/es\/wp-json\/wp\/v2\/users\/1"}],"replies":[{"embeddable":true,"href":"https:\/\/rueda.casino\/es\/wp-json\/wp\/v2\/comments?post=21339"}],"version-history":[{"count":3,"href":"https:\/\/rueda.casino\/es\/wp-json\/wp\/v2\/pages\/21339\/revisions"}],"predecessor-version":[{"id":25658,"href":"https:\/\/rueda.casino\/es\/wp-json\/wp\/v2\/pages\/21339\/revisions\/25658"}],"wp:attachment":[{"href":"https:\/\/rueda.casino\/es\/wp-json\/wp\/v2\/media?parent=21339"}],"curies":[{"name":"wp","href":"https:\/\/api.w.org\/{rel}","templated":true}]}}