

    {"id":22362,"date":"2021-03-29T10:07:54","date_gmt":"2021-03-29T08:07:54","guid":{"rendered":"https:\/\/rueda.casino\/about\/recibir-notificaciones\/"},"modified":"2025-08-13T12:42:51","modified_gmt":"2025-08-13T10:42:51","slug":"recibir-notificaciones","status":"publish","type":"page","link":"https:\/\/rueda.casino\/es\/about\/recibir-notificaciones\/","title":{"rendered":"Recibir notificaciones"},"content":{"rendered":"<p><div class=\"fusion-fullwidth fullwidth-box fusion-builder-row-1 fusion-flex-container nonhundred-percent-fullwidth non-hundred-percent-height-scrolling\" style=\"--awb-border-radius-top-left:0px;--awb-border-radius-top-right:0px;--awb-border-radius-bottom-right:0px;--awb-border-radius-bottom-left:0px;--awb-margin-bottom:40px;--awb-flex-wrap:wrap;\" ><div class=\"fusion-builder-row fusion-row fusion-flex-align-items-flex-start fusion-flex-content-wrap\" style=\"max-width:1248px;margin-left: calc(-4% \/ 2 );margin-right: calc(-4% \/ 2 );\"><div class=\"fusion-layout-column fusion_builder_column fusion-builder-column-0 fusion_builder_column_1_1 1_1 fusion-flex-column\" style=\"--awb-bg-size:cover;--awb-width-large:100%;--awb-margin-top-large:0px;--awb-spacing-right-large:1.92%;--awb-margin-bottom-large:0px;--awb-spacing-left-large:1.92%;--awb-width-medium:100%;--awb-spacing-right-medium:1.92%;--awb-spacing-left-medium:1.92%;--awb-width-small:100%;--awb-spacing-right-small:1.92%;--awb-spacing-left-small:1.92%;\"><div class=\"fusion-column-wrapper fusion-flex-justify-content-flex-start fusion-content-layout-column\"><div class=\"fusion-text fusion-text-1\"><p>&#13;<\/p>\n<p><em>Esperamos que encuentre \u00fatil nuestra plataforma rueda.casino. Estamos planeando algunos cambios interesantes para mejorar a\u00fan m\u00e1s nuestra plataforma de video, y nos gustar\u00eda mantenerlo actualizado sobre estas mejoras. Si acepta ser actualizado, reg\u00edstrese  <\/em><\/p>\n<p>&#13;<\/p>\n<p>\n&#13;<\/p>\n<p><em>Esperamos que encuentres nuestra plataforma rueda.casino \u00fatil. Tenemos planes interesantes para mejorar el plataforma de videos, y nos gustar\u00eda mantenerte al d\u00eda de esas mejoras. Si est\u00e1s de acuerdo y quieres recibir notificaciones, por favor elige &#8216;Registrarse&#8217;  <\/em><\/p>\n<p>&#13;<\/p>\n<\/p>\n<div class=\"wp-block-leadin-hubspot-form-block\">\n\t\t\t\t\t\t<script>\n\t\t\t\t\t\t\twindow.hsFormsOnReady = window.hsFormsOnReady || [];\n\t\t\t\t\t\t\twindow.hsFormsOnReady.push(()=>{\n\t\t\t\t\t\t\t\thbspt.forms.create({\n\t\t\t\t\t\t\t\t\tportalId: 27026474,\n\t\t\t\t\t\t\t\t\tformId: \"673486b6-b9cc-4f5a-abd7-88a089b1d374\",\n\t\t\t\t\t\t\t\t\ttarget: \"#hbspt-form-1776330230000-0294526049\",\n\t\t\t\t\t\t\t\t\tregion: \"eu1\",\n\t\t\t\t\t\t\t\t\t\n\t\t\t\t\t\t\t})});\n\t\t\t\t\t\t<\/script>\n\t\t\t\t\t\t<div class=\"hbspt-form\" id=\"hbspt-form-1776330230000-0294526049\"><\/div><\/div>\n<\/div><\/div><\/div><\/div><\/div><div class=\"fusion-fullwidth fullwidth-box fusion-builder-row-2 fusion-flex-container has-pattern-background has-mask-background nonhundred-percent-fullwidth non-hundred-percent-height-scrolling\" style=\"--awb-border-radius-top-left:0px;--awb-border-radius-top-right:0px;--awb-border-radius-bottom-right:0px;--awb-border-radius-bottom-left:0px;--awb-flex-wrap:wrap;\" ><div class=\"fusion-builder-row fusion-row fusion-flex-align-items-flex-start fusion-flex-content-wrap\" style=\"max-width:1248px;margin-left: calc(-4% \/ 2 );margin-right: calc(-4% \/ 2 );\"><div class=\"fusion-layout-column fusion_builder_column fusion-builder-column-1 fusion_builder_column_1_3 1_3 fusion-flex-column\" style=\"--awb-bg-size:cover;--awb-width-large:33.333333333333%;--awb-margin-top-large:0px;--awb-spacing-right-large:5.76%;--awb-margin-bottom-large:20px;--awb-spacing-left-large:5.76%;--awb-width-medium:33.333333333333%;--awb-order-medium:0;--awb-spacing-right-medium:5.76%;--awb-spacing-left-medium:5.76%;--awb-width-small:100%;--awb-order-small:0;--awb-spacing-right-small:1.92%;--awb-spacing-left-small:1.92%;\"><div class=\"fusion-column-wrapper fusion-column-has-shadow fusion-flex-justify-content-flex-start fusion-content-layout-column\"><i class=\"fb-icon-element-1 fb-icon-element fontawesome-icon fa-facebook-f fab circle-yes\" style=\"--awb-circlecolor-hover:var(--awb-color5);--awb-circlebordercolor-hover:var(--awb-color8);--awb-circlebordersize:1px;--awb-font-size:34.32px;--awb-width:68.64px;--awb-height:68.64px;--awb-line-height:66.64px;--awb-align-self:center;--awb-margin-top:0px;--awb-margin-right:0px;--awb-margin-bottom:40px;--awb-margin-left:0px;\"><\/i><div class=\"fusion-text fusion-text-2\"><p>La<strong> p\u00e1gina de<\/strong> Facebook <a href=\"https:\/\/www.facebook.com\/ruedadotcasino\" target=\"_blank\" rel=\"noreferrer noopener\">de rueda.casino<\/a><br \/><span style=\"color: var(--awb-text-color); font-family: var(--awb-text-font-family); font-size: var(--awb-font-size); font-style: var(--awb-text-font-style); font-weight: var(--awb-text-font-weight); letter-spacing: var(--awb-letter-spacing); text-align: var(--awb-content-alignment); text-transform: var(--awb-text-transform); background-color: var(--awb-bg-color-hover);\">(<\/span><a style=\"font-family: var(--awb-text-font-family); font-size: var(--awb-font-size); font-style: var(--awb-text-font-style); font-weight: var(--awb-text-font-weight); letter-spacing: var(--awb-letter-spacing); text-align: var(--awb-content-alignment); text-transform: var(--awb-text-transform); background-color: var(--awb-bg-color-hover);\" href=\"https:\/\/www.facebook.com\/ruedadotcasino\">facebook.com\/ruedadotcasino<\/a><span style=\"color: var(--awb-text-color); font-family: var(--awb-text-font-family); font-size: var(--awb-font-size); font-style: var(--awb-text-font-style); font-weight: var(--awb-text-font-weight); letter-spacing: var(--awb-letter-spacing); text-align: var(--awb-content-alignment); text-transform: var(--awb-text-transform); background-color: var(--awb-bg-color-hover);\">) se utiliza para publicar actualizaciones de nuevos videos y otras noticias. Para recibir notificaciones de Facebook, elija   <\/span><strong style=\"color: var(--awb-text-color); font-family: var(--awb-text-font-family); font-size: var(--awb-font-size); font-style: var(--awb-text-font-style); letter-spacing: var(--awb-letter-spacing); text-align: var(--awb-content-alignment); text-transform: var(--awb-text-transform); background-color: var(--awb-bg-color-hover);\">Sigue<\/strong><span style=\"color: var(--awb-text-color); font-family: var(--awb-text-font-family); font-size: var(--awb-font-size); font-style: var(--awb-text-font-style); font-weight: var(--awb-text-font-weight); letter-spacing: var(--awb-letter-spacing); text-align: var(--awb-content-alignment); text-transform: var(--awb-text-transform); background-color: var(--awb-bg-color-hover);\"> o <\/span><strong style=\"color: var(--awb-text-color); font-family: var(--awb-text-font-family); font-size: var(--awb-font-size); font-style: var(--awb-text-font-style); letter-spacing: var(--awb-letter-spacing); text-align: var(--awb-content-alignment); text-transform: var(--awb-text-transform); background-color: var(--awb-bg-color-hover);\">dale me gusta<\/strong><span style=\"color: var(--awb-text-color); font-family: var(--awb-text-font-family); font-size: var(--awb-font-size); font-style: var(--awb-text-font-style); font-weight: var(--awb-text-font-weight); letter-spacing: var(--awb-letter-spacing); text-align: var(--awb-content-alignment); text-transform: var(--awb-text-transform); background-color: var(--awb-bg-color-hover);\"> a la p\u00e1gina.<\/span><\/p>\n<p>El <strong>grupo<\/strong> de Facebook <a href=\"https:\/\/www.facebook.com\/groups\/ruedadotcasino\" target=\"_blank\" rel=\"noopener noreferrer\">rueda.casino<\/a><br \/>(<a href=\"https:\/\/www.facebook.com\/groups\/ruedadotcasino\">facebook.com\/groups\/ruedadotcasino<\/a>) se utiliza para discusiones y comentarios de otros bailarines y suscriptores. Para unirse a la conversaci\u00f3n, solicite membres\u00eda en el grupo. Para recibir notificaciones de Facebook sobre la actividad en el grupo, ajusta la configuraci\u00f3n de tu grupo en consecuencia.<\/p>\n<\/div><div class=\"fusion-facebook-page fb-page fusion-facebook-page-1 \" style=\"display:flex; justify-content:center;\" data-href=\"https:\/\/facebook.com\/ruedadotcasino\" data-tabs=\"timeline\" data-width=\"340\" data-height=\"500\" data-hide_cta=\"true\" data-show_facepile=\"false\"><\/div><script async defer crossorigin=\"anonymous\" src=\"https:\/\/connect.facebook.net\/en_US\/sdk.js#xfbml=1&version=v14.0\"><\/script><div id=\"fb-root\"><\/div><\/div><\/div><div class=\"fusion-layout-column fusion_builder_column fusion-builder-column-2 fusion_builder_column_1_3 1_3 fusion-flex-column\" style=\"--awb-bg-size:cover;--awb-width-large:33.333333333333%;--awb-margin-top-large:0px;--awb-spacing-right-large:5.76%;--awb-margin-bottom-large:20px;--awb-spacing-left-large:5.76%;--awb-width-medium:33.333333333333%;--awb-order-medium:0;--awb-spacing-right-medium:5.76%;--awb-spacing-left-medium:5.76%;--awb-width-small:100%;--awb-order-small:0;--awb-spacing-right-small:1.92%;--awb-spacing-left-small:1.92%;\"><div class=\"fusion-column-wrapper fusion-column-has-shadow fusion-flex-justify-content-flex-start fusion-content-layout-column\"><i class=\"fb-icon-element-2 fb-icon-element fontawesome-icon fa-vimeo-v fab circle-yes\" style=\"--awb-circlecolor-hover:var(--awb-color5);--awb-circlebordercolor-hover:var(--awb-color8);--awb-circlebordersize:1px;--awb-font-size:34.32px;--awb-width:68.64px;--awb-height:68.64px;--awb-line-height:66.64px;--awb-align-self:center;--awb-margin-top:0px;--awb-margin-right:0px;--awb-margin-bottom:40px;--awb-margin-left:0px;\"><\/i><div class=\"fusion-text fusion-text-3\"><p>El <a href=\"http:\/\/vimeo.rueda.casino\/\" target=\"_blank\" rel=\"noreferrer noopener\">canal de Vimeo rueda.casino<\/a> contiene una lista de correo electr\u00f3nico. Vimeo env\u00eda autom\u00e1ticamente un correo electr\u00f3nico a todos los que est\u00e1n en la lista un par de horas despu\u00e9s de que se publica un nuevo video, que normalmente es todos los domingos. A veces m\u00e1s a menudo.<br \/>El equipo de rueda.casino tiene acceso a la lista y tambi\u00e9n puede usarla ocasionalmente para un bolet\u00edn informativo o similar.  <\/p>\n<p>Para registrarse en esta lista de correo electr\u00f3nico, seleccione <strong>Recibir actualizaciones <\/strong>en el <a href=\"http:\/\/vimeo.rueda.casino\/\" target=\"_blank\" rel=\"noreferrer noopener\">canal de Vimeo rueda.casino<\/a>:<\/p>\n<p><img decoding=\"async\" class=\"lazyload size-full wp-image-9213 alignnone\" src=\"data:image\/svg+xml,%3Csvg%20xmlns%3D%27http%3A%2F%2Fwww.w3.org%2F2000%2Fsvg%27%20width%3D%27172%27%20height%3D%27128%27%20viewBox%3D%270%200%20172%20128%27%3E%3Crect%20width%3D%27172%27%20height%3D%27128%27%20fill-opacity%3D%220%22%2F%3E%3C%2Fsvg%3E\" data-orig-src=\"https:\/\/rueda.casino\/wp-content\/uploads\/2021\/03\/receive-updates.png\" alt=\"\" width=\"172\" height=\"128\"><\/p>\n<\/div><div class=\"fusion-text fusion-text-4\"><h2 class=\"fusion-responsive-typography-calculated\" data-fontsize=\"25\" data-lineheight=\"30px\">Actualizaciones de listas de reproducci\u00f3n de Vimeo<\/h2>\n<p>El n\u00famero de v\u00eddeos disponibles en rueda.casino aumenta constantemente. Con alrededor de 200 videos, hemos creado un conjunto de &nbsp;<a href=\"https:\/\/rueda.casino\/online-videos\/videos-available\/#playlists\"><strong>Listas de reproducci\u00f3n de rueda.casino<\/strong><\/a>. Para recibir una notificaci\u00f3n de Vimeo cuando se agrega un nuevo video a una lista de reproducci\u00f3n de rueda.casino, vaya a las listas de reproducci\u00f3n de su inter\u00e9s y seleccione &nbsp;<strong>Seguir<\/strong>.<\/p>\n<p><img decoding=\"async\" class=\"lazyload alignnone size-full wp-image-9868\" src=\"data:image\/svg+xml,%3Csvg%20xmlns%3D%27http%3A%2F%2Fwww.w3.org%2F2000%2Fsvg%27%20width%3D%2794%27%20height%3D%2737%27%20viewBox%3D%270%200%2094%2037%27%3E%3Crect%20width%3D%2794%27%20height%3D%2737%27%20fill-opacity%3D%220%22%2F%3E%3C%2Fsvg%3E\" data-orig-src=\"https:\/\/rueda.casino\/wp-content\/uploads\/2021\/04\/Follow.png\" alt=\"\" width=\"94\" height=\"37\">&nbsp;<\/p>\n<\/div><\/div><\/div><div class=\"fusion-layout-column fusion_builder_column fusion-builder-column-3 fusion_builder_column_1_3 1_3 fusion-flex-column\" style=\"--awb-bg-size:cover;--awb-width-large:33.333333333333%;--awb-margin-top-large:0px;--awb-spacing-right-large:5.76%;--awb-margin-bottom-large:20px;--awb-spacing-left-large:5.76%;--awb-width-medium:33.333333333333%;--awb-order-medium:0;--awb-spacing-right-medium:5.76%;--awb-spacing-left-medium:5.76%;--awb-width-small:100%;--awb-order-small:0;--awb-spacing-right-small:1.92%;--awb-spacing-left-small:1.92%;\"><div class=\"fusion-column-wrapper fusion-column-has-shadow fusion-flex-justify-content-flex-start fusion-content-layout-column\"><i class=\"fb-icon-element-3 fb-icon-element fontawesome-icon fa-youtube fab circle-yes\" style=\"--awb-circlecolor-hover:var(--awb-color5);--awb-circlebordercolor-hover:var(--awb-color8);--awb-circlebordersize:1px;--awb-font-size:34.32px;--awb-width:68.64px;--awb-height:68.64px;--awb-line-height:66.64px;--awb-align-self:center;--awb-margin-top:0px;--awb-margin-right:0px;--awb-margin-bottom:40px;--awb-margin-left:0px;\"><\/i><div class=\"fusion-text fusion-text-5\"><p>Rueda.Casino est\u00e1 lanzando gradualmente m\u00e1s y m\u00e1s contenido a YouTube, de forma gratuita para que lo use sin fines comerciales. Recomendamos encarecidamente suscribirse a nuestro canal de YouTube. Puede hacerlo<a href=\"https:\/\/www.youtube.com\/@rueda.casino\"><b> visitando nuestro canal<\/b><\/a> o simplemente haciendo clic en suscribirse en el bot\u00f3n a continuaci\u00f3n:  <\/p>\n<div class=\"g-ytsubscribe\" data-channelid=\"UC0FHqNNXGIrDIC8EV0sc1qg\" data-layout=\"full\" data-count=\"default\"><\/div>\n<\/div><\/div><\/div><\/div><\/div><\/p>\n","protected":false},"excerpt":{"rendered":"","protected":false},"author":2,"featured_media":0,"parent":16439,"menu_order":10,"comment_status":"closed","ping_status":"closed","template":"","meta":{"_acf_changed":false,"content-type":"","footnotes":""},"class_list":["post-22362","page","type-page","status-publish","hentry"],"acf":[],"yoast_head":"<!-- This site is optimized with the Yoast SEO plugin v27.4 - https:\/\/yoast.com\/product\/yoast-seo-wordpress\/ -->\n<title>Recibir notificaciones - Rueda.Casino<\/title>\n<meta name=\"robots\" content=\"index, follow, max-snippet:-1, max-image-preview:large, max-video-preview:-1\" \/>\n<link rel=\"canonical\" href=\"https:\/\/rueda.casino\/es\/about\/recibir-notificaciones\/\" \/>\n<meta property=\"og:locale\" content=\"es_ES\" \/>\n<meta property=\"og:type\" content=\"article\" \/>\n<meta property=\"og:title\" content=\"Recibir notificaciones - Rueda.Casino\" \/>\n<meta property=\"og:url\" content=\"https:\/\/rueda.casino\/es\/about\/recibir-notificaciones\/\" \/>\n<meta property=\"og:site_name\" content=\"Rueda.Casino\" \/>\n<meta property=\"article:publisher\" content=\"https:\/\/www.facebook.com\/ruedadotcasino\" \/>\n<meta property=\"article:modified_time\" content=\"2025-08-13T10:42:51+00:00\" \/>\n<meta property=\"og:image\" content=\"https:\/\/rueda.casino\/wp-content\/uploads\/2021\/03\/receive-updates.png\" \/>\n<meta name=\"twitter:card\" content=\"summary_large_image\" \/>\n<meta name=\"twitter:label1\" content=\"Tiempo de lectura\" \/>\n\t<meta name=\"twitter:data1\" content=\"9 minutos\" \/>\n<script type=\"application\/ld+json\" class=\"yoast-schema-graph\">{\"@context\":\"https:\\\/\\\/schema.org\",\"@graph\":[{\"@type\":\"WebPage\",\"@id\":\"https:\\\/\\\/rueda.casino\\\/es\\\/about\\\/recibir-notificaciones\\\/\",\"url\":\"https:\\\/\\\/rueda.casino\\\/es\\\/about\\\/recibir-notificaciones\\\/\",\"name\":\"Recibir notificaciones - Rueda.Casino\",\"isPartOf\":{\"@id\":\"https:\\\/\\\/rueda.casino\\\/es\\\/#website\"},\"primaryImageOfPage\":{\"@id\":\"https:\\\/\\\/rueda.casino\\\/es\\\/about\\\/recibir-notificaciones\\\/#primaryimage\"},\"image\":{\"@id\":\"https:\\\/\\\/rueda.casino\\\/es\\\/about\\\/recibir-notificaciones\\\/#primaryimage\"},\"thumbnailUrl\":\"https:\\\/\\\/rueda.casino\\\/wp-content\\\/uploads\\\/2021\\\/03\\\/receive-updates.png\",\"datePublished\":\"2021-03-29T08:07:54+00:00\",\"dateModified\":\"2025-08-13T10:42:51+00:00\",\"breadcrumb\":{\"@id\":\"https:\\\/\\\/rueda.casino\\\/es\\\/about\\\/recibir-notificaciones\\\/#breadcrumb\"},\"inLanguage\":\"es\",\"potentialAction\":[{\"@type\":\"ReadAction\",\"target\":[\"https:\\\/\\\/rueda.casino\\\/es\\\/about\\\/recibir-notificaciones\\\/\"]}]},{\"@type\":\"ImageObject\",\"inLanguage\":\"es\",\"@id\":\"https:\\\/\\\/rueda.casino\\\/es\\\/about\\\/recibir-notificaciones\\\/#primaryimage\",\"url\":\"https:\\\/\\\/rueda.casino\\\/wp-content\\\/uploads\\\/2021\\\/03\\\/receive-updates.png\",\"contentUrl\":\"https:\\\/\\\/rueda.casino\\\/wp-content\\\/uploads\\\/2021\\\/03\\\/receive-updates.png\"},{\"@type\":\"BreadcrumbList\",\"@id\":\"https:\\\/\\\/rueda.casino\\\/es\\\/about\\\/recibir-notificaciones\\\/#breadcrumb\",\"itemListElement\":[{\"@type\":\"ListItem\",\"position\":1,\"name\":\"Home\",\"item\":\"https:\\\/\\\/rueda.casino\\\/es\\\/hogar\\\/\"},{\"@type\":\"ListItem\",\"position\":2,\"name\":\"Acerca de\",\"item\":\"https:\\\/\\\/rueda.casino\\\/es\\\/about\\\/\"},{\"@type\":\"ListItem\",\"position\":3,\"name\":\"Recibir notificaciones\"}]},{\"@type\":\"WebSite\",\"@id\":\"https:\\\/\\\/rueda.casino\\\/es\\\/#website\",\"url\":\"https:\\\/\\\/rueda.casino\\\/es\\\/\",\"name\":\"Rueda.Casino\",\"description\":\"Educational rueda &amp; casino videos of high quality\",\"publisher\":{\"@id\":\"https:\\\/\\\/rueda.casino\\\/es\\\/#organization\"},\"potentialAction\":[{\"@type\":\"SearchAction\",\"target\":{\"@type\":\"EntryPoint\",\"urlTemplate\":\"https:\\\/\\\/rueda.casino\\\/es\\\/?s={search_term_string}\"},\"query-input\":{\"@type\":\"PropertyValueSpecification\",\"valueRequired\":true,\"valueName\":\"search_term_string\"}}],\"inLanguage\":\"es\"},{\"@type\":\"Organization\",\"@id\":\"https:\\\/\\\/rueda.casino\\\/es\\\/#organization\",\"name\":\"Rueda.Casino\",\"url\":\"https:\\\/\\\/rueda.casino\\\/es\\\/\",\"logo\":{\"@type\":\"ImageObject\",\"inLanguage\":\"es\",\"@id\":\"https:\\\/\\\/rueda.casino\\\/es\\\/#\\\/schema\\\/logo\\\/image\\\/\",\"url\":\"https:\\\/\\\/rueda.casino\\\/wp-content\\\/uploads\\\/2018\\\/08\\\/cropped-rueda.casino-2-linje-weblogo.png\",\"contentUrl\":\"https:\\\/\\\/rueda.casino\\\/wp-content\\\/uploads\\\/2018\\\/08\\\/cropped-rueda.casino-2-linje-weblogo.png\",\"width\":150,\"height\":51,\"caption\":\"Rueda.Casino\"},\"image\":{\"@id\":\"https:\\\/\\\/rueda.casino\\\/es\\\/#\\\/schema\\\/logo\\\/image\\\/\"},\"sameAs\":[\"https:\\\/\\\/www.facebook.com\\\/ruedadotcasino\",\"https:\\\/\\\/www.instagram.com\\\/rueda.casino\\\/\",\"https:\\\/\\\/www.youtube.com\\\/@rueda.casino\"]}]}<\/script>\n<!-- \/ Yoast SEO plugin. -->","yoast_head_json":{"title":"Recibir notificaciones - Rueda.Casino","robots":{"index":"index","follow":"follow","max-snippet":"max-snippet:-1","max-image-preview":"max-image-preview:large","max-video-preview":"max-video-preview:-1"},"canonical":"https:\/\/rueda.casino\/es\/about\/recibir-notificaciones\/","og_locale":"es_ES","og_type":"article","og_title":"Recibir notificaciones - Rueda.Casino","og_url":"https:\/\/rueda.casino\/es\/about\/recibir-notificaciones\/","og_site_name":"Rueda.Casino","article_publisher":"https:\/\/www.facebook.com\/ruedadotcasino","article_modified_time":"2025-08-13T10:42:51+00:00","og_image":[{"url":"https:\/\/rueda.casino\/wp-content\/uploads\/2021\/03\/receive-updates.png","type":"","width":"","height":""}],"twitter_card":"summary_large_image","twitter_misc":{"Tiempo de lectura":"9 minutos"},"schema":{"@context":"https:\/\/schema.org","@graph":[{"@type":"WebPage","@id":"https:\/\/rueda.casino\/es\/about\/recibir-notificaciones\/","url":"https:\/\/rueda.casino\/es\/about\/recibir-notificaciones\/","name":"Recibir notificaciones - Rueda.Casino","isPartOf":{"@id":"https:\/\/rueda.casino\/es\/#website"},"primaryImageOfPage":{"@id":"https:\/\/rueda.casino\/es\/about\/recibir-notificaciones\/#primaryimage"},"image":{"@id":"https:\/\/rueda.casino\/es\/about\/recibir-notificaciones\/#primaryimage"},"thumbnailUrl":"https:\/\/rueda.casino\/wp-content\/uploads\/2021\/03\/receive-updates.png","datePublished":"2021-03-29T08:07:54+00:00","dateModified":"2025-08-13T10:42:51+00:00","breadcrumb":{"@id":"https:\/\/rueda.casino\/es\/about\/recibir-notificaciones\/#breadcrumb"},"inLanguage":"es","potentialAction":[{"@type":"ReadAction","target":["https:\/\/rueda.casino\/es\/about\/recibir-notificaciones\/"]}]},{"@type":"ImageObject","inLanguage":"es","@id":"https:\/\/rueda.casino\/es\/about\/recibir-notificaciones\/#primaryimage","url":"https:\/\/rueda.casino\/wp-content\/uploads\/2021\/03\/receive-updates.png","contentUrl":"https:\/\/rueda.casino\/wp-content\/uploads\/2021\/03\/receive-updates.png"},{"@type":"BreadcrumbList","@id":"https:\/\/rueda.casino\/es\/about\/recibir-notificaciones\/#breadcrumb","itemListElement":[{"@type":"ListItem","position":1,"name":"Home","item":"https:\/\/rueda.casino\/es\/hogar\/"},{"@type":"ListItem","position":2,"name":"Acerca de","item":"https:\/\/rueda.casino\/es\/about\/"},{"@type":"ListItem","position":3,"name":"Recibir notificaciones"}]},{"@type":"WebSite","@id":"https:\/\/rueda.casino\/es\/#website","url":"https:\/\/rueda.casino\/es\/","name":"Rueda.Casino","description":"Educational rueda &amp; casino videos of high quality","publisher":{"@id":"https:\/\/rueda.casino\/es\/#organization"},"potentialAction":[{"@type":"SearchAction","target":{"@type":"EntryPoint","urlTemplate":"https:\/\/rueda.casino\/es\/?s={search_term_string}"},"query-input":{"@type":"PropertyValueSpecification","valueRequired":true,"valueName":"search_term_string"}}],"inLanguage":"es"},{"@type":"Organization","@id":"https:\/\/rueda.casino\/es\/#organization","name":"Rueda.Casino","url":"https:\/\/rueda.casino\/es\/","logo":{"@type":"ImageObject","inLanguage":"es","@id":"https:\/\/rueda.casino\/es\/#\/schema\/logo\/image\/","url":"https:\/\/rueda.casino\/wp-content\/uploads\/2018\/08\/cropped-rueda.casino-2-linje-weblogo.png","contentUrl":"https:\/\/rueda.casino\/wp-content\/uploads\/2018\/08\/cropped-rueda.casino-2-linje-weblogo.png","width":150,"height":51,"caption":"Rueda.Casino"},"image":{"@id":"https:\/\/rueda.casino\/es\/#\/schema\/logo\/image\/"},"sameAs":["https:\/\/www.facebook.com\/ruedadotcasino","https:\/\/www.instagram.com\/rueda.casino\/","https:\/\/www.youtube.com\/@rueda.casino"]}]}},"_links":{"self":[{"href":"https:\/\/rueda.casino\/es\/wp-json\/wp\/v2\/pages\/22362","targetHints":{"allow":["GET"]}}],"collection":[{"href":"https:\/\/rueda.casino\/es\/wp-json\/wp\/v2\/pages"}],"about":[{"href":"https:\/\/rueda.casino\/es\/wp-json\/wp\/v2\/types\/page"}],"author":[{"embeddable":true,"href":"https:\/\/rueda.casino\/es\/wp-json\/wp\/v2\/users\/2"}],"replies":[{"embeddable":true,"href":"https:\/\/rueda.casino\/es\/wp-json\/wp\/v2\/comments?post=22362"}],"version-history":[{"count":0,"href":"https:\/\/rueda.casino\/es\/wp-json\/wp\/v2\/pages\/22362\/revisions"}],"up":[{"embeddable":true,"href":"https:\/\/rueda.casino\/es\/wp-json\/wp\/v2\/pages\/16439"}],"wp:attachment":[{"href":"https:\/\/rueda.casino\/es\/wp-json\/wp\/v2\/media?parent=22362"}],"curies":[{"name":"wp","href":"https:\/\/api.w.org\/{rel}","templated":true}]}}