

    {"id":22706,"date":"2021-03-27T11:36:54","date_gmt":"2021-03-27T10:36:54","guid":{"rendered":"https:\/\/rueda.casino\/practica-de-abaco\/"},"modified":"2025-08-13T13:01:09","modified_gmt":"2025-08-13T11:01:09","slug":"practica-de-abaco","status":"publish","type":"page","link":"https:\/\/rueda.casino\/es\/estructuras-de-rueda-estructuras-de-rueda\/abaco-2\/practica-de-abaco\/","title":{"rendered":"Pr\u00e1ctica de \u00c1baco"},"content":{"rendered":"<p>Estos videos est\u00e1n hechos para ayudar a los bailarines de \u00e1baco a practicar el baile \u00e1baco. Para ver el video de una figura espec\u00edfica, vaya al nivel correspondiente. Puedes consultar todas las cifras de cada nivel en la p\u00e1gina principal de \u00e1baco.  <\/p>\n<p><a href=\"https:\/\/rueda.casino\/es\/abaco\/\">\u00c1BACO<\/a>  &gt;  <a href=\"https:\/\/rueda.casino\/es\/abaco\/nivel-principiante-de-abaco\/\">PRINCIPIANTE<\/a> | <a href=\"https:\/\/rueda.casino\/es\/abaco\/abaco-nivel-intermedio\/\">INTERMEDIO<\/a> | <a href=\"https:\/\/rueda.casino\/es\/abaco\/nivel-avanzado-de-abaco\/\">AVANZADO<\/a> | <strong>Pr\u00e1ctica de \u00e1baco <\/strong><br \/>.<\/p>\n<hr>\n<p style=\"text-align: center\"><em>Inicie sesi\u00f3n en vimeo.com para ver los videos. <a href=\"https:\/\/get-access.rueda.casino\/\">Obtenga acceso<\/a> si a\u00fan no se est\u00e1 suscribiendo.<br \/>Inicie sesi\u00f3n en vimeo.com para ver los videos. <a href=\"https:\/\/tener-acceso.rueda.casino\/\">Tener acceso<\/a> si a\u00fan no te est\u00e1s suscribiendo.<\/em><\/p>\n<hr>\n<table width=\"100%\" align=\"center\">\n<tbody>\n<tr>\n<td colspan=\"4\">\n<h1 style=\"text-align: center\">PRACTICA CON EL LLAMADO<\/h1>\n<p style=\"text-align: center\">En esta secci\u00f3n, hemos preparado algunos videos donde puedes <br \/>Practica bailar \u00e1baco con una canci\u00f3n completa junto con la persona que llama, que tambi\u00e9n est\u00e1 bailando.<br \/>Las figuras de \u00e1baco utilizadas en el video se enumeran a continuaci\u00f3n.  <\/p>\n<p><a name=\"practice-1\"><\/a><\/p>\n<p>.<\/p>\n<h3 style=\"text-align: center\">Pr\u00e1ctica de \u00c1baco #1 &#8211; Tumba Francesa, patin con Bamboleo<\/h3>\n<p><div class=\"video-shortcode\"><iframe title=\"\u00c1baco practice #1 - Tumba Francesa, patin con Bamboleo\" src=\"https:\/\/player.vimeo.com\/video\/529575051?dnt=1&amp;app_id=122963\" width=\"1200\" height=\"675\" frameborder=\"0\" allow=\"autoplay; fullscreen; picture-in-picture; clipboard-write; encrypted-media; web-share\" referrerpolicy=\"strict-origin-when-cross-origin\"><\/iframe><\/div><\/p>\n<p style=\"text-align: center\">Figuras utilizadas en el video de pr\u00e1ctica de \u00e1baco #1:<\/p>\n<\/td>\n<\/tr>\n<tr>\n<td width=\"25%\"> <\/td>\n<td valign=\"top\" width=\"25%\">\n<ul>\n<li>al centro<\/li>\n<li>vamos arriba<\/li>\n<li>adentro y afuera<\/li>\n<li>dile que no<\/li>\n<li>(guapea)<\/li>\n<li>Dame una<\/li>\n<li>enchufla<\/li>\n<li>enchufla doble<\/li>\n<\/ul>\n<\/td>\n<td valign=\"top\" width=\"25%\">\n<ul>\n<li>Tumba Francesa (s)<\/li>\n<li>patin con Bamboleo (s)<\/li>\n<li>Enchufla con Mambo (s)<\/li>\n<li>enchufla con palma y pata&#8217;<\/li>\n<li>Enchufla y Sacala<\/li>\n<li>Cubanito<\/li>\n<li>Cubanita<\/li>\n<\/ul>\n<p>(s) s\u00edguelo &gt; se fue<\/p>\n<\/td>\n<td width=\"25%\"> <\/td>\n<\/tr>\n<tr>\n<td colspan=\"4\">.<\/p>\n<p><a name=\"practice-2\"><\/a><\/p>\n<\/p>\n<h3 style=\"text-align: center\">Pr\u00e1ctica de \u00c1baco #2 &#8211; CONTRATIEMPO<\/h3>\n<p><div class=\"video-shortcode\"><iframe title=\"\u00c1baco practice #2 - CONTRATIEMPO\" src=\"https:\/\/player.vimeo.com\/video\/529554371?dnt=1&amp;app_id=122963\" width=\"1200\" height=\"675\" frameborder=\"0\" allow=\"autoplay; fullscreen; picture-in-picture; clipboard-write; encrypted-media; web-share\" referrerpolicy=\"strict-origin-when-cross-origin\"><\/iframe><\/div><\/p>\n<p style=\"text-align: center\">Figuras utilizadas en el video de pr\u00e1ctica de \u00e1baco #2:<\/p>\n<\/td>\n<\/tr>\n<tr>\n<td> <\/td>\n<td valign=\"top\">\n<ul>\n<li>al centro<\/li>\n<li>vamos arriba<\/li>\n<li>adentro y afuera<\/li>\n<li>dile que no<\/li>\n<li>(guapea)<\/li>\n<li>Dame una<\/li>\n<li>enchufla<\/li>\n<li>enchufla doble<\/li>\n<\/ul>\n<\/td>\n<td valign=\"top\">\n<ul>\n<li>Tumba Francesa<\/li>\n<li>patin con Bamboleo (s)<\/li>\n<li>Enchufla con Mambo (s)<\/li>\n<li>Enchufla y Sacala<\/li>\n<li>Cubanito<\/li>\n<li>Cubanita<\/li>\n<li>cruze<\/li>\n<\/ul>\n<p>(s) s\u00edguelo &gt; se fue<\/p>\n<\/td>\n<td> <\/td>\n<\/tr>\n<tr>\n<td colspan=\"4\">\n<p><a name=\"practice-3\"><\/a><\/p>\n<p>.<\/p>\n<h3 style=\"text-align: center\">\u00c1baco practice #3 &#8211; sombrero, cadena, dile que si  <\/h3>\n<p><div class=\"video-shortcode\"><iframe title=\"\u00c1baco practice #3 - cadena, sombrero, dile que si, ..\" src=\"https:\/\/player.vimeo.com\/video\/533270194?dnt=1&amp;app_id=122963\" width=\"1200\" height=\"675\" frameborder=\"0\" allow=\"autoplay; fullscreen; picture-in-picture; clipboard-write; encrypted-media; web-share\" referrerpolicy=\"strict-origin-when-cross-origin\"><\/iframe><\/div><\/p>\n<p style=\"text-align: center\">Figuras utilizadas en el video de pr\u00e1ctica de \u00e1baco #3:<\/p>\n<\/td>\n<\/tr>\n<tr>\n<td width=\"25%\"> <\/td>\n<td valign=\"top\" width=\"25%\">\n<ul>\n<li>al centro<\/li>\n<li>vamos arriba (t)<\/li>\n<li>adentro y afuera (t)<\/li>\n<li>dile que no<\/li>\n<li>Dame una<\/li>\n<li>Dame dos<\/li>\n<li>enchufla<\/li>\n<li>enchufla con palma y pata&#8217;<\/li>\n<li>cruze<\/li>\n<\/ul>\n<\/td>\n<td valign=\"top\" width=\"25%\">\n<ul>\n<li>sombrero<\/li>\n<li>sombrero con mambo<\/li>\n<li>cadena (t)<\/li>\n<li>Cadena Complicate (T)<\/li>\n<li>dile que si<\/li>\n<li>Tumba Francesa  <\/li>\n<\/ul>\n<p>t) Tarro<\/p>\n<\/td>\n<td width=\"25%\"> <\/td>\n<\/tr>\n<tr>\n<td colspan=\"4\">.<\/p>\n<p>.<\/p>\n<h1 style=\"text-align: center\">PRACTICA LOS PASOS DE \u00c1BACO<\/h1>\n<p style=\"text-align: center\">En esta secci\u00f3n, hemos preparado algunos videos donde puedes <br \/>Practique cambiar de pasos b\u00e1sicos a otros pasos m\u00e1s complejos.  <\/p>\n<p>.  <\/p>\n<h3 style=\"text-align: center\">Pr\u00e1ctica de \u00c1baco: Pasos de Tumba Francesa (contratiempo)<\/h3>\n<p><div class=\"video-shortcode\"><iframe title=\"\u00c1baco practice - Tumba Francesa steps (contratiempo)\" src=\"https:\/\/player.vimeo.com\/video\/533293463?dnt=1&amp;app_id=122963\" width=\"1200\" height=\"675\" frameborder=\"0\" allow=\"autoplay; fullscreen; picture-in-picture; clipboard-write; encrypted-media; web-share\" referrerpolicy=\"strict-origin-when-cross-origin\"><\/iframe><\/div><\/p>\n<p style=\"text-align: center\">Ejercicios en este video:<\/p>\n<p style=\"text-align: center\">Cambie de pasos b\u00e1sicos (<em>guapea<\/em>) a pasos <em>de contratiempo<\/em> , y vuelva a pasos b\u00e1sicos, con conteo<br \/>Repita el cambio muy lentamente<br \/>Cambia de b\u00e1sico a <em>contratiempo<\/em> y viceversa, con m\u00fasica<br \/><em>Tumba Francesa<\/em> en todas las direcciones, con m\u00fasica<\/p>\n<p>.<\/p>\n<p>.<\/p>\n<h3 style=\"text-align: center\">Pr\u00e1ctica de \u00c1baco: Pasos de bamb\u00fa<\/h3>\n<p><div class=\"video-shortcode\"><iframe title=\"\u00c1baco practice - Bamboleo steps\" src=\"https:\/\/player.vimeo.com\/video\/533717387?dnt=1&amp;app_id=122963\" width=\"1200\" height=\"675\" frameborder=\"0\" allow=\"autoplay; fullscreen; picture-in-picture; clipboard-write; encrypted-media; web-share\" referrerpolicy=\"strict-origin-when-cross-origin\"><\/iframe><\/div><\/p>\n<p style=\"text-align: center\">Ejercicios en este video:<\/p>\n<p style=\"text-align: center\">Cambie de pasos b\u00e1sicos (<em>guapea<\/em>) a pasos <em>de Bamboleo<\/em> , y vuelva a pasos b\u00e1sicos, con conteo<br \/>Repita el cambio muy lentamente<br \/>Cambia de pasos b\u00e1sicos a <em>Bamboleo <\/em>y viceversa, con m\u00fasica<br \/><em>patin con Bamboleo<\/em>, <em>patineta con Bamboleo<\/em>, <em>s\u00edguelo<\/em>, con m\u00fasica<\/p>\n<\/td>\n<\/tr>\n<\/tbody>\n<\/table>\n<p>.<\/p>\n\n<p><\/p>\n","protected":false},"excerpt":{"rendered":"<p>Estos videos est\u00e1n hechos para ayudar a los bailarines de  [&#8230;]<\/p>\n","protected":false},"author":2,"featured_media":15752,"parent":23242,"menu_order":6,"comment_status":"closed","ping_status":"closed","template":"","meta":{"_acf_changed":false,"content-type":"","footnotes":""},"class_list":["post-22706","page","type-page","status-publish","has-post-thumbnail","hentry"],"acf":[],"yoast_head":"<!-- This site is optimized with the Yoast SEO plugin v27.5 - https:\/\/yoast.com\/product\/yoast-seo-wordpress\/ -->\n<title>Pr\u00e1ctica de \u00c1baco - Rueda.Casino<\/title>\n<meta name=\"robots\" content=\"index, follow, max-snippet:-1, max-image-preview:large, max-video-preview:-1\" \/>\n<link rel=\"canonical\" href=\"https:\/\/rueda.casino\/es\/estructuras-de-rueda-estructuras-de-rueda\/abaco-2\/practica-de-abaco\/\" \/>\n<meta property=\"og:locale\" content=\"es_ES\" \/>\n<meta property=\"og:type\" content=\"article\" \/>\n<meta property=\"og:title\" content=\"Pr\u00e1ctica de \u00c1baco - Rueda.Casino\" \/>\n<meta property=\"og:description\" content=\"Estos videos est\u00e1n hechos para ayudar a los bailarines de [...]\" \/>\n<meta property=\"og:url\" content=\"https:\/\/rueda.casino\/es\/estructuras-de-rueda-estructuras-de-rueda\/abaco-2\/practica-de-abaco\/\" \/>\n<meta property=\"og:site_name\" content=\"Rueda.Casino\" \/>\n<meta property=\"article:publisher\" content=\"https:\/\/www.facebook.com\/ruedadotcasino\" \/>\n<meta property=\"article:modified_time\" content=\"2025-08-13T11:01:09+00:00\" \/>\n<meta property=\"og:image\" content=\"https:\/\/rueda.casino\/wp-content\/uploads\/2021\/03\/abaco-practice1.png\" \/>\n\t<meta property=\"og:image:width\" content=\"1360\" \/>\n\t<meta property=\"og:image:height\" content=\"370\" \/>\n\t<meta property=\"og:image:type\" content=\"image\/png\" \/>\n<meta name=\"twitter:card\" content=\"summary_large_image\" \/>\n<meta name=\"twitter:label1\" content=\"Tiempo de lectura\" \/>\n\t<meta name=\"twitter:data1\" content=\"2 minutos\" \/>\n<script type=\"application\/ld+json\" class=\"yoast-schema-graph\">{\"@context\":\"https:\\\/\\\/schema.org\",\"@graph\":[{\"@type\":\"WebPage\",\"@id\":\"https:\\\/\\\/rueda.casino\\\/es\\\/estructuras-de-rueda-estructuras-de-rueda\\\/abaco-2\\\/practica-de-abaco\\\/\",\"url\":\"https:\\\/\\\/rueda.casino\\\/es\\\/estructuras-de-rueda-estructuras-de-rueda\\\/abaco-2\\\/practica-de-abaco\\\/\",\"name\":\"Pr\u00e1ctica de \u00c1baco - Rueda.Casino\",\"isPartOf\":{\"@id\":\"https:\\\/\\\/rueda.casino\\\/es\\\/#website\"},\"primaryImageOfPage\":{\"@id\":\"https:\\\/\\\/rueda.casino\\\/es\\\/estructuras-de-rueda-estructuras-de-rueda\\\/abaco-2\\\/practica-de-abaco\\\/#primaryimage\"},\"image\":{\"@id\":\"https:\\\/\\\/rueda.casino\\\/es\\\/estructuras-de-rueda-estructuras-de-rueda\\\/abaco-2\\\/practica-de-abaco\\\/#primaryimage\"},\"thumbnailUrl\":\"https:\\\/\\\/rueda.casino\\\/wp-content\\\/uploads\\\/2021\\\/03\\\/abaco-practice1.png\",\"datePublished\":\"2021-03-27T10:36:54+00:00\",\"dateModified\":\"2025-08-13T11:01:09+00:00\",\"breadcrumb\":{\"@id\":\"https:\\\/\\\/rueda.casino\\\/es\\\/estructuras-de-rueda-estructuras-de-rueda\\\/abaco-2\\\/practica-de-abaco\\\/#breadcrumb\"},\"inLanguage\":\"es\",\"potentialAction\":[{\"@type\":\"ReadAction\",\"target\":[\"https:\\\/\\\/rueda.casino\\\/es\\\/estructuras-de-rueda-estructuras-de-rueda\\\/abaco-2\\\/practica-de-abaco\\\/\"]}]},{\"@type\":\"ImageObject\",\"inLanguage\":\"es\",\"@id\":\"https:\\\/\\\/rueda.casino\\\/es\\\/estructuras-de-rueda-estructuras-de-rueda\\\/abaco-2\\\/practica-de-abaco\\\/#primaryimage\",\"url\":\"https:\\\/\\\/rueda.casino\\\/wp-content\\\/uploads\\\/2021\\\/03\\\/abaco-practice1.png\",\"contentUrl\":\"https:\\\/\\\/rueda.casino\\\/wp-content\\\/uploads\\\/2021\\\/03\\\/abaco-practice1.png\",\"width\":1360,\"height\":370},{\"@type\":\"BreadcrumbList\",\"@id\":\"https:\\\/\\\/rueda.casino\\\/es\\\/estructuras-de-rueda-estructuras-de-rueda\\\/abaco-2\\\/practica-de-abaco\\\/#breadcrumb\",\"itemListElement\":[{\"@type\":\"ListItem\",\"position\":1,\"name\":\"Home\",\"item\":\"https:\\\/\\\/rueda.casino\\\/es\\\/hogar\\\/\"},{\"@type\":\"ListItem\",\"position\":2,\"name\":\"Estructuras de Rueda\",\"item\":\"https:\\\/\\\/rueda.casino\\\/es\\\/estructuras-de-rueda-estructuras-de-rueda\\\/\"},{\"@type\":\"ListItem\",\"position\":3,\"name\":\"\u00c1baco\",\"item\":\"https:\\\/\\\/rueda.casino\\\/es\\\/estructuras-de-rueda-estructuras-de-rueda\\\/abaco-2\\\/\"},{\"@type\":\"ListItem\",\"position\":4,\"name\":\"Pr\u00e1ctica de \u00c1baco\"}]},{\"@type\":\"WebSite\",\"@id\":\"https:\\\/\\\/rueda.casino\\\/es\\\/#website\",\"url\":\"https:\\\/\\\/rueda.casino\\\/es\\\/\",\"name\":\"Rueda.Casino\",\"description\":\"Educational rueda &amp; casino videos of high quality\",\"publisher\":{\"@id\":\"https:\\\/\\\/rueda.casino\\\/es\\\/#organization\"},\"potentialAction\":[{\"@type\":\"SearchAction\",\"target\":{\"@type\":\"EntryPoint\",\"urlTemplate\":\"https:\\\/\\\/rueda.casino\\\/es\\\/?s={search_term_string}\"},\"query-input\":{\"@type\":\"PropertyValueSpecification\",\"valueRequired\":true,\"valueName\":\"search_term_string\"}}],\"inLanguage\":\"es\"},{\"@type\":\"Organization\",\"@id\":\"https:\\\/\\\/rueda.casino\\\/es\\\/#organization\",\"name\":\"Rueda.Casino\",\"url\":\"https:\\\/\\\/rueda.casino\\\/es\\\/\",\"logo\":{\"@type\":\"ImageObject\",\"inLanguage\":\"es\",\"@id\":\"https:\\\/\\\/rueda.casino\\\/es\\\/#\\\/schema\\\/logo\\\/image\\\/\",\"url\":\"https:\\\/\\\/rueda.casino\\\/wp-content\\\/uploads\\\/2018\\\/08\\\/cropped-rueda.casino-2-linje-weblogo.png\",\"contentUrl\":\"https:\\\/\\\/rueda.casino\\\/wp-content\\\/uploads\\\/2018\\\/08\\\/cropped-rueda.casino-2-linje-weblogo.png\",\"width\":150,\"height\":51,\"caption\":\"Rueda.Casino\"},\"image\":{\"@id\":\"https:\\\/\\\/rueda.casino\\\/es\\\/#\\\/schema\\\/logo\\\/image\\\/\"},\"sameAs\":[\"https:\\\/\\\/www.facebook.com\\\/ruedadotcasino\",\"https:\\\/\\\/www.instagram.com\\\/rueda.casino\\\/\",\"https:\\\/\\\/www.youtube.com\\\/@rueda.casino\"]}]}<\/script>\n<!-- \/ Yoast SEO plugin. -->","yoast_head_json":{"title":"Pr\u00e1ctica de \u00c1baco - Rueda.Casino","robots":{"index":"index","follow":"follow","max-snippet":"max-snippet:-1","max-image-preview":"max-image-preview:large","max-video-preview":"max-video-preview:-1"},"canonical":"https:\/\/rueda.casino\/es\/estructuras-de-rueda-estructuras-de-rueda\/abaco-2\/practica-de-abaco\/","og_locale":"es_ES","og_type":"article","og_title":"Pr\u00e1ctica de \u00c1baco - Rueda.Casino","og_description":"Estos videos est\u00e1n hechos para ayudar a los bailarines de [...]","og_url":"https:\/\/rueda.casino\/es\/estructuras-de-rueda-estructuras-de-rueda\/abaco-2\/practica-de-abaco\/","og_site_name":"Rueda.Casino","article_publisher":"https:\/\/www.facebook.com\/ruedadotcasino","article_modified_time":"2025-08-13T11:01:09+00:00","og_image":[{"width":1360,"height":370,"url":"https:\/\/rueda.casino\/wp-content\/uploads\/2021\/03\/abaco-practice1.png","type":"image\/png"}],"twitter_card":"summary_large_image","twitter_misc":{"Tiempo de lectura":"2 minutos"},"schema":{"@context":"https:\/\/schema.org","@graph":[{"@type":"WebPage","@id":"https:\/\/rueda.casino\/es\/estructuras-de-rueda-estructuras-de-rueda\/abaco-2\/practica-de-abaco\/","url":"https:\/\/rueda.casino\/es\/estructuras-de-rueda-estructuras-de-rueda\/abaco-2\/practica-de-abaco\/","name":"Pr\u00e1ctica de \u00c1baco - Rueda.Casino","isPartOf":{"@id":"https:\/\/rueda.casino\/es\/#website"},"primaryImageOfPage":{"@id":"https:\/\/rueda.casino\/es\/estructuras-de-rueda-estructuras-de-rueda\/abaco-2\/practica-de-abaco\/#primaryimage"},"image":{"@id":"https:\/\/rueda.casino\/es\/estructuras-de-rueda-estructuras-de-rueda\/abaco-2\/practica-de-abaco\/#primaryimage"},"thumbnailUrl":"https:\/\/rueda.casino\/wp-content\/uploads\/2021\/03\/abaco-practice1.png","datePublished":"2021-03-27T10:36:54+00:00","dateModified":"2025-08-13T11:01:09+00:00","breadcrumb":{"@id":"https:\/\/rueda.casino\/es\/estructuras-de-rueda-estructuras-de-rueda\/abaco-2\/practica-de-abaco\/#breadcrumb"},"inLanguage":"es","potentialAction":[{"@type":"ReadAction","target":["https:\/\/rueda.casino\/es\/estructuras-de-rueda-estructuras-de-rueda\/abaco-2\/practica-de-abaco\/"]}]},{"@type":"ImageObject","inLanguage":"es","@id":"https:\/\/rueda.casino\/es\/estructuras-de-rueda-estructuras-de-rueda\/abaco-2\/practica-de-abaco\/#primaryimage","url":"https:\/\/rueda.casino\/wp-content\/uploads\/2021\/03\/abaco-practice1.png","contentUrl":"https:\/\/rueda.casino\/wp-content\/uploads\/2021\/03\/abaco-practice1.png","width":1360,"height":370},{"@type":"BreadcrumbList","@id":"https:\/\/rueda.casino\/es\/estructuras-de-rueda-estructuras-de-rueda\/abaco-2\/practica-de-abaco\/#breadcrumb","itemListElement":[{"@type":"ListItem","position":1,"name":"Home","item":"https:\/\/rueda.casino\/es\/hogar\/"},{"@type":"ListItem","position":2,"name":"Estructuras de Rueda","item":"https:\/\/rueda.casino\/es\/estructuras-de-rueda-estructuras-de-rueda\/"},{"@type":"ListItem","position":3,"name":"\u00c1baco","item":"https:\/\/rueda.casino\/es\/estructuras-de-rueda-estructuras-de-rueda\/abaco-2\/"},{"@type":"ListItem","position":4,"name":"Pr\u00e1ctica de \u00c1baco"}]},{"@type":"WebSite","@id":"https:\/\/rueda.casino\/es\/#website","url":"https:\/\/rueda.casino\/es\/","name":"Rueda.Casino","description":"Educational rueda &amp; casino videos of high quality","publisher":{"@id":"https:\/\/rueda.casino\/es\/#organization"},"potentialAction":[{"@type":"SearchAction","target":{"@type":"EntryPoint","urlTemplate":"https:\/\/rueda.casino\/es\/?s={search_term_string}"},"query-input":{"@type":"PropertyValueSpecification","valueRequired":true,"valueName":"search_term_string"}}],"inLanguage":"es"},{"@type":"Organization","@id":"https:\/\/rueda.casino\/es\/#organization","name":"Rueda.Casino","url":"https:\/\/rueda.casino\/es\/","logo":{"@type":"ImageObject","inLanguage":"es","@id":"https:\/\/rueda.casino\/es\/#\/schema\/logo\/image\/","url":"https:\/\/rueda.casino\/wp-content\/uploads\/2018\/08\/cropped-rueda.casino-2-linje-weblogo.png","contentUrl":"https:\/\/rueda.casino\/wp-content\/uploads\/2018\/08\/cropped-rueda.casino-2-linje-weblogo.png","width":150,"height":51,"caption":"Rueda.Casino"},"image":{"@id":"https:\/\/rueda.casino\/es\/#\/schema\/logo\/image\/"},"sameAs":["https:\/\/www.facebook.com\/ruedadotcasino","https:\/\/www.instagram.com\/rueda.casino\/","https:\/\/www.youtube.com\/@rueda.casino"]}]}},"_links":{"self":[{"href":"https:\/\/rueda.casino\/es\/wp-json\/wp\/v2\/pages\/22706","targetHints":{"allow":["GET"]}}],"collection":[{"href":"https:\/\/rueda.casino\/es\/wp-json\/wp\/v2\/pages"}],"about":[{"href":"https:\/\/rueda.casino\/es\/wp-json\/wp\/v2\/types\/page"}],"author":[{"embeddable":true,"href":"https:\/\/rueda.casino\/es\/wp-json\/wp\/v2\/users\/2"}],"replies":[{"embeddable":true,"href":"https:\/\/rueda.casino\/es\/wp-json\/wp\/v2\/comments?post=22706"}],"version-history":[{"count":0,"href":"https:\/\/rueda.casino\/es\/wp-json\/wp\/v2\/pages\/22706\/revisions"}],"up":[{"embeddable":true,"href":"https:\/\/rueda.casino\/es\/wp-json\/wp\/v2\/pages\/23242"}],"wp:featuredmedia":[{"embeddable":true,"href":"https:\/\/rueda.casino\/es\/wp-json\/wp\/v2\/media\/15752"}],"wp:attachment":[{"href":"https:\/\/rueda.casino\/es\/wp-json\/wp\/v2\/media?parent=22706"}],"curies":[{"name":"wp","href":"https:\/\/api.w.org\/{rel}","templated":true}]}}