

    {"id":22732,"date":"2023-07-23T18:18:07","date_gmt":"2023-07-23T16:18:07","guid":{"rendered":"https:\/\/rueda.casino\/rueda-de-casino-litterature\/"},"modified":"2023-07-23T18:18:07","modified_gmt":"2023-07-23T16:18:07","slug":"rueda-de-casino-litterature","status":"publish","type":"page","link":"https:\/\/rueda.casino\/es\/rueda-de-casino-litterature\/","title":{"rendered":"Rueda de casino litterature"},"content":{"rendered":"<p>Aqu\u00ed hay una lista de libros dedicados espec\u00edficamente a la rueda de casino.<br \/>\nEstos son los que est\u00e1n en esta categor\u00eda de los que estamos actualmente conscientes.<br \/>\n.<\/p>\n<hr>\n<p>.<\/p>\n<h1 id=\"title\" class=\"a-spacing-none a-text-normal\">Gu\u00eda de Baile de Salsa y Rueda de Casino<\/h1>\n<h3 class=\"a-spacing-none a-text-normal\">para bailarines principiantes y avanzados<\/h3>\n<p><em>2024, Ingl\u00e9s, autor: <span class=\"author notFaded\" data-width=\"\"><a class=\"a-link-normal\" href=\"https:\/\/www.amazon.co.uk\/Nikol-Kontouri\/e\/B09MS8FKYS\/ref=dp_byline_cont_book_1\" target=\"_blank\" rel=\"noopener\">Barbara Bernstein<\/a> <\/span>(EE. UU.)<\/em><\/p>\n<ul>\n<li><a href=\"https:\/\/www.amazon.com\/dp\/B0DK7D98XK?mc_cid=5d0cb1a60b&amp;mc_eid=e1c144a630\" target=\"_blank\" rel=\"noopener\">amazon.co.uk<\/a> &#8211; tienda online para comprar<\/li>\n<li>Lea <a href=\"https:\/\/www.amazon.com\/dp\/B0DK7D98XK?mc_cid=5d0cb1a60b&amp;mc_eid=e1c144a630&amp;asin=B0DK7D98XK&amp;revisionId=&amp;format=4&amp;depth=1\" target=\"_blank\" rel=\"noopener\">las 16 primeras p\u00e1ginas<\/a> en Amazon<\/li>\n<\/ul>\n<p>.<\/p>\n<p><a href=\"https:\/\/www.amazon.com\/dp\/B0DK7D98XK?mc_cid=5d0cb1a60b&amp;mc_eid=e1c144a630\" target=\"_blank\" rel=\"noopener\"><img decoding=\"async\" class=\"lazyload alignnone wp-image-20358\" src=\"https:\/\/rueda.casino\/wp-content\/uploads\/2024\/11\/Salsa-Dancing-Rueda-de-Casino-Guidebook.jpg\" data-orig-src=\"https:\/\/rueda.casino\/wp-content\/uploads\/2024\/11\/Salsa-Dancing-Rueda-de-Casino-Guidebook.jpg\" alt=\"\" width=\"387\" height=\"500\" srcset=\"data:image\/svg+xml,%3Csvg%20xmlns%3D%27http%3A%2F%2Fwww.w3.org%2F2000%2Fsvg%27%20width%3D%27387%27%20height%3D%27500%27%20viewBox%3D%270%200%20387%20500%27%3E%3Crect%20width%3D%27387%27%20height%3D%27500%27%20fill-opacity%3D%220%22%2F%3E%3C%2Fsvg%3E\" data-srcset=\"https:\/\/rueda.casino\/wp-content\/uploads\/2024\/11\/Salsa-Dancing-Rueda-de-Casino-Guidebook-200x259.jpg 200w, https:\/\/rueda.casino\/wp-content\/uploads\/2024\/11\/Salsa-Dancing-Rueda-de-Casino-Guidebook-232x300.jpg 232w, https:\/\/rueda.casino\/wp-content\/uploads\/2024\/11\/Salsa-Dancing-Rueda-de-Casino-Guidebook-400x517.jpg 400w, https:\/\/rueda.casino\/wp-content\/uploads\/2024\/11\/Salsa-Dancing-Rueda-de-Casino-Guidebook-500x647.jpg 500w, https:\/\/rueda.casino\/wp-content\/uploads\/2024\/11\/Salsa-Dancing-Rueda-de-Casino-Guidebook-600x776.jpg 600w, https:\/\/rueda.casino\/wp-content\/uploads\/2024\/11\/Salsa-Dancing-Rueda-de-Casino-Guidebook-700x905.jpg 700w, https:\/\/rueda.casino\/wp-content\/uploads\/2024\/11\/Salsa-Dancing-Rueda-de-Casino-Guidebook-768x993.jpg 768w, https:\/\/rueda.casino\/wp-content\/uploads\/2024\/11\/Salsa-Dancing-Rueda-de-Casino-Guidebook-792x1024.jpg 792w, https:\/\/rueda.casino\/wp-content\/uploads\/2024\/11\/Salsa-Dancing-Rueda-de-Casino-Guidebook-800x1034.jpg 800w, https:\/\/rueda.casino\/wp-content\/uploads\/2024\/11\/Salsa-Dancing-Rueda-de-Casino-Guidebook.jpg 1000w\" data-sizes=\"auto\" data-orig-sizes=\"(max-width: 387px) 100vw, 387px\" \/><\/a><\/p>\n<p>.<\/p>\n<hr>\n<p>.<\/p>\n<h1 id=\"title\" class=\"a-spacing-none a-text-normal\"><span id=\"productTitle\" class=\"a-size-extra-large\">Rueda de Casino Temario: Docencia 101<\/span><\/h1>\n<p><em>2021, Ingl\u00e9s, autor: <span class=\"author notFaded\" data-width=\"\"><a class=\"a-link-normal\" href=\"https:\/\/www.amazon.co.uk\/Nikol-Kontouri\/e\/B09MS8FKYS\/ref=dp_byline_cont_book_1\" target=\"_blank\" rel=\"noopener\">Nikol Kontouri<\/a><\/span> (Grecia)<\/em><\/p>\n<ul>\n<li><a href=\"https:\/\/www.amazon.co.uk\/Nikol-Kontouri\/e\/B09MS8FKYS\/ref=dp_byline_cont_book_1\" target=\"_blank\" rel=\"noopener\">amazon.co.uk<\/a> &#8211; tienda online para comprar<\/li>\n<li>Lea <a href=\"https:\/\/www.amazon.co.uk\/gp\/product\/B09MRY2FCH\/ref=dbs_a_def_rwt_hsch_vapi_tkin_p1_i0?asin=6180033234&amp;revisionId=&amp;format=4&amp;depth=2\" target=\"_blank\" rel=\"noopener\">las 16 primeras p\u00e1ginas<\/a> en amazon<\/li>\n<\/ul>\n<p>.<\/p>\n<p><a href=\"https:\/\/www.amazon.co.uk\/Nikol-Kontouri\/e\/B09MS8FKYS\/ref=dp_byline_cont_book_1\" target=\"_blank\" rel=\"noopener\"><img decoding=\"async\" class=\"lazyload alignnone wp-image-13232\" src=\"https:\/\/rueda.casino\/wp-content\/uploads\/2023\/07\/Rueda_De_Casino_Syllabus_Teaching_101.jpg\" data-orig-src=\"https:\/\/rueda.casino\/wp-content\/uploads\/2023\/07\/Rueda_De_Casino_Syllabus_Teaching_101.jpg\" alt=\"\" width=\"334\" height=\"500\" srcset=\"data:image\/svg+xml,%3Csvg%20xmlns%3D%27http%3A%2F%2Fwww.w3.org%2F2000%2Fsvg%27%20width%3D%27334%27%20height%3D%27500%27%20viewBox%3D%270%200%20334%20500%27%3E%3Crect%20width%3D%27334%27%20height%3D%27500%27%20fill-opacity%3D%220%22%2F%3E%3C%2Fsvg%3E\" data-srcset=\"https:\/\/rueda.casino\/wp-content\/uploads\/2023\/07\/Rueda_De_Casino_Syllabus_Teaching_101-200x300.jpg 200w, https:\/\/rueda.casino\/wp-content\/uploads\/2023\/07\/Rueda_De_Casino_Syllabus_Teaching_101.jpg 667w\" data-sizes=\"auto\" data-orig-sizes=\"(max-width: 334px) 100vw, 334px\" \/><\/a><\/p>\n<p>.<\/p>\n<hr>\n<p>.<\/p>\n<h1 class=\"n9H6p cS4Vcb-pGL6qe-fwJd0c\">Que rueda de casino \u00e9 essa?<\/h1>\n<p class=\"n9H6p cS4Vcb-pGL6qe-fwJd0c\">Uma uni\u00e3o entre te\u00f3ricos e pr\u00e1cticos<\/p>\n<p><em>2021, portugu\u00e9s, autor: <span class=\"author notFaded\" data-width=\"\"><a class=\"a-link-normal\" href=\"https:\/\/www.facebook.com\/bruno.blois\">Bruno Blois Nunes<\/a> <\/span>(Brasil)<\/em><\/p>\n<ul>\n<li><a href=\"https:\/\/www.martinsfontespaulista.com.br\/que-rueda-de-casino-e-essa--uma-uniao-entre-teoricos-e-praticos-953636\/p\" target=\"_blank\" rel=\"noopener\">martinsfontespaulista.com.br<\/a> &#8211; tienda online para comprar<\/li>\n<li>Descargar <a href=\"https:\/\/www.academia.edu\/53564547\/Que_Rueda_de_Casino_%C3%A9_essa_What_Rueda_de_Casino_is_this_\" target=\"_blank\" rel=\"noopener\">PDF gratis<\/a><\/li>\n<\/ul>\n<p>.<\/p>\n<p><a href=\"https:\/\/www.amazon.co.uk\/Nikol-Kontouri\/e\/B09MS8FKYS\/ref=dp_byline_cont_book_1\" target=\"_blank\" rel=\"noopener\"><img decoding=\"async\" class=\"lazyload alignnone wp-image-13235\" src=\"https:\/\/rueda.casino\/wp-content\/uploads\/2023\/07\/Que_rueda_de_casino_e_essa_.jpg\" data-orig-src=\"https:\/\/rueda.casino\/wp-content\/uploads\/2023\/07\/Que_rueda_de_casino_e_essa_.jpg\" alt=\"\" width=\"316\" height=\"500\" srcset=\"data:image\/svg+xml,%3Csvg%20xmlns%3D%27http%3A%2F%2Fwww.w3.org%2F2000%2Fsvg%27%20width%3D%27316%27%20height%3D%27500%27%20viewBox%3D%270%200%20316%20500%27%3E%3Crect%20width%3D%27316%27%20height%3D%27500%27%20fill-opacity%3D%220%22%2F%3E%3C%2Fsvg%3E\" data-srcset=\"https:\/\/rueda.casino\/wp-content\/uploads\/2023\/07\/Que_rueda_de_casino_e_essa_-190x300.jpg 190w, https:\/\/rueda.casino\/wp-content\/uploads\/2023\/07\/Que_rueda_de_casino_e_essa_.jpg 631w\" data-sizes=\"auto\" data-orig-sizes=\"(max-width: 316px) 100vw, 316px\" \/><\/a><\/p>\n<p>.<\/p>\n<hr>\n<p>.<\/p>\n<h1 id=\"title\" class=\"a-spacing-none a-text-normal\"><span id=\"productTitle\" class=\"a-size-extra-large\">Historia del baile y la Rueda de Casino-Salsa<\/span><\/h1>\n<p><em>2017, Espa\u00f1ol \/ Ingl\u00e9s, autor: <span class=\"author notFaded\" data-width=\"189\"><a class=\"a-link-normal\" href=\"https:\/\/www.amazon.com\/s\/ref=dp_byline_sr_ebooks_1?ie=UTF8&amp;field-author=Borges+Alan+Silvano&amp;text=Borges+Alan+Silvano&amp;sort=relevancerank&amp;search-alias=digital-text\">Alan Silvano<\/a> <span class=\"contribution\"><span class=\"a-color-secondary\">(Cuba), <\/span><\/span><\/span><span class=\"author notFaded\" data-width=\"168\"><a class=\"a-link-normal\" href=\"https:\/\/www.amazon.com\/s\/ref=dp_byline_sr_ebooks_2?ie=UTF8&amp;field-author=Sardi%C3%B1as+Alicia+J.&amp;text=Sardi%C3%B1as+Alicia+J.&amp;sort=relevancerank&amp;search-alias=digital-text\" target=\"_blank\" rel=\"noopener\">Sardi\u00f1as Alicia J.<\/a> <span class=\"contribution\"><span class=\"a-color-secondary\">(Cuba)<\/span><\/span><\/span><\/em><\/p>\n<ul>\n<li><span class=\"author notFaded\" data-width=\"168\"><span class=\"contribution\"><span class=\"a-color-secondary\">De dos de los fundadores de la rueda de casino,<\/span><\/span><\/span><\/li>\n<li><span class=\"author notFaded\" data-width=\"168\"><span class=\"contribution\"><span class=\"a-color-secondary\">Sobre c\u00f3mo bailes como las contradanzas, las fiestas de Quince, los bailes populares y de sal\u00f3n en los a\u00f1os 50 y los juegos en los bailes, probablemente influyeron en el origen del casino y la rueda de casino.  <\/span><\/span><\/span><\/li>\n<li>amazon.com: <a href=\"https:\/\/www.amazon.com\/Historia-baile-Casino-Salsa-Arpegio-Spanish-ebook\/dp\/B06ZZ2629L\/\" target=\"_blank\" rel=\"noopener\">versi\u00f3n en espa\u00f1ol<\/a>, <a href=\"https:\/\/www.amazon.com\/History-dancing-casino-salsa-Alicia-Sardi%C3%B1as-ebook\/dp\/B01JIYNSKC\/\" target=\"_blank\" rel=\"noopener\">versi\u00f3n en ingl\u00e9s<\/a> (con vista previa gratuita de las primeras p\u00e1ginas)<\/li>\n<\/ul>\n<p>.<\/p>\n<p><a href=\"https:\/\/www.amazon.com\/Historia-baile-Casino-Salsa-Arpegio-Spanish-ebook\/dp\/B06ZZ2629L\/\" target=\"_blank\" rel=\"noopener\"><img decoding=\"async\" class=\"lazyload alignnone wp-image-13258 size-full\" src=\"https:\/\/rueda.casino\/wp-content\/uploads\/2023\/07\/Historia_del_baile_y_la_Rueda_de_Casino-Salsa.jpg\" data-orig-src=\"https:\/\/rueda.casino\/wp-content\/uploads\/2023\/07\/Historia_del_baile_y_la_Rueda_de_Casino-Salsa.jpg\" alt=\"\" width=\"333\" height=\"500\" srcset=\"data:image\/svg+xml,%3Csvg%20xmlns%3D%27http%3A%2F%2Fwww.w3.org%2F2000%2Fsvg%27%20width%3D%27333%27%20height%3D%27500%27%20viewBox%3D%270%200%20333%20500%27%3E%3Crect%20width%3D%27333%27%20height%3D%27500%27%20fill-opacity%3D%220%22%2F%3E%3C%2Fsvg%3E\" data-srcset=\"https:\/\/rueda.casino\/wp-content\/uploads\/2023\/07\/Historia_del_baile_y_la_Rueda_de_Casino-Salsa-200x300.jpg 200w, https:\/\/rueda.casino\/wp-content\/uploads\/2023\/07\/Historia_del_baile_y_la_Rueda_de_Casino-Salsa.jpg 333w\" data-sizes=\"auto\" data-orig-sizes=\"(max-width: 333px) 100vw, 333px\" \/><\/a> <a href=\"https:\/\/www.amazon.com\/History-dancing-casino-salsa-Alicia-Sardi%C3%B1as-ebook\/dp\/B01JIYNSKC\/\" target=\"_blank\" rel=\"noopener\"><img decoding=\"async\" class=\"lazyload alignnone wp-image-13259 size-full\" src=\"https:\/\/rueda.casino\/wp-content\/uploads\/2023\/07\/History_of_dancing_ring_and_casino-salsa.jpg\" data-orig-src=\"https:\/\/rueda.casino\/wp-content\/uploads\/2023\/07\/History_of_dancing_ring_and_casino-salsa.jpg\" alt=\"\" width=\"354\" height=\"500\" srcset=\"data:image\/svg+xml,%3Csvg%20xmlns%3D%27http%3A%2F%2Fwww.w3.org%2F2000%2Fsvg%27%20width%3D%27354%27%20height%3D%27500%27%20viewBox%3D%270%200%20354%20500%27%3E%3Crect%20width%3D%27354%27%20height%3D%27500%27%20fill-opacity%3D%220%22%2F%3E%3C%2Fsvg%3E\" data-srcset=\"https:\/\/rueda.casino\/wp-content\/uploads\/2023\/07\/History_of_dancing_ring_and_casino-salsa-212x300.jpg 212w, https:\/\/rueda.casino\/wp-content\/uploads\/2023\/07\/History_of_dancing_ring_and_casino-salsa.jpg 354w\" data-sizes=\"auto\" data-orig-sizes=\"(max-width: 354px) 100vw, 354px\" \/><\/a><\/p>\n<p>.<\/p>\n<hr>\n<p>.<\/p>\n<h1>Bailando la hermosa rueda<\/h1>\n<p>Una gu\u00eda de la rueda de casino<\/p>\n<p><em>2013, ingl\u00e9s, autor: Ian Smith (Reino Unido)<\/em><\/p>\n<ul>\n<li><a href=\"https:\/\/beautifulwheel.wordpress.com\/\" target=\"_blank\" rel=\"noopener\">beautifulwheel.wordpress.com<\/a> &#8211; sitio web del autor<\/li>\n<li><a href=\"https:\/\/www.amazon.com\/Dancing-Beautiful-Wheel-Guide-Casino\/dp\/1780354940\" target=\"_blank\" rel=\"noopener\">amazon.com<\/a> &#8211; tienda online para comprar<\/li>\n<li>Correo electr\u00f3nico: <a href=\"mailto:beautifulwheel@icloud.com\" target=\"_blank\" rel=\"noopener\">beautifulwheel@icloud.com<\/a><\/li>\n<\/ul>\n<p>.<\/p>\n<p><a href=\"https:\/\/beautifulwheel.wordpress.com\/\" target=\"_blank\" rel=\"noopener\"><img decoding=\"async\" class=\"lazyload alignnone wp-image-13231 size-full\" src=\"https:\/\/rueda.casino\/wp-content\/uploads\/2023\/07\/Dancing_the_beautiful_wheel_.jpg\" data-orig-src=\"https:\/\/rueda.casino\/wp-content\/uploads\/2023\/07\/Dancing_the_beautiful_wheel_.jpg\" alt=\"\" width=\"337\" height=\"500\" srcset=\"data:image\/svg+xml,%3Csvg%20xmlns%3D%27http%3A%2F%2Fwww.w3.org%2F2000%2Fsvg%27%20width%3D%27337%27%20height%3D%27500%27%20viewBox%3D%270%200%20337%20500%27%3E%3Crect%20width%3D%27337%27%20height%3D%27500%27%20fill-opacity%3D%220%22%2F%3E%3C%2Fsvg%3E\" data-srcset=\"https:\/\/rueda.casino\/wp-content\/uploads\/2023\/07\/Dancing_the_beautiful_wheel_-202x300.jpg 202w, https:\/\/rueda.casino\/wp-content\/uploads\/2023\/07\/Dancing_the_beautiful_wheel_.jpg 337w\" data-sizes=\"auto\" data-orig-sizes=\"(max-width: 337px) 100vw, 337px\" \/><\/a><\/p>\n<p>.<\/p>\n<hr>\n<p>&nbsp;<\/p>\n","protected":false},"excerpt":{"rendered":"<p>Aqu\u00ed hay una lista de libros dedicados espec\u00edficamente a la  [&#8230;]<\/p>\n","protected":false},"author":2,"featured_media":20531,"parent":0,"menu_order":12,"comment_status":"closed","ping_status":"closed","template":"","meta":{"_acf_changed":false,"content-type":"","footnotes":""},"class_list":["post-22732","page","type-page","status-publish","has-post-thumbnail","hentry"],"acf":[],"yoast_head":"<!-- This site is optimized with the Yoast SEO plugin v27.5 - https:\/\/yoast.com\/product\/yoast-seo-wordpress\/ -->\n<title>Rueda de casino litterature - Rueda.Casino<\/title>\n<meta name=\"robots\" content=\"index, follow, max-snippet:-1, max-image-preview:large, max-video-preview:-1\" \/>\n<link rel=\"canonical\" href=\"https:\/\/rueda.casino\/es\/rueda-de-casino-litterature\/\" \/>\n<meta property=\"og:locale\" content=\"es_ES\" \/>\n<meta property=\"og:type\" content=\"article\" \/>\n<meta property=\"og:title\" content=\"Rueda de casino litterature - Rueda.Casino\" \/>\n<meta property=\"og:description\" content=\"Aqu\u00ed hay una lista de libros dedicados espec\u00edficamente a la [...]\" \/>\n<meta property=\"og:url\" content=\"https:\/\/rueda.casino\/es\/rueda-de-casino-litterature\/\" \/>\n<meta property=\"og:site_name\" content=\"Rueda.Casino\" \/>\n<meta property=\"article:publisher\" content=\"https:\/\/www.facebook.com\/ruedadotcasino\" \/>\n<meta property=\"og:image\" content=\"https:\/\/rueda.casino\/wp-content\/uploads\/2025\/01\/rueda_books2.jpg\" \/>\n\t<meta property=\"og:image:width\" content=\"2172\" \/>\n\t<meta property=\"og:image:height\" content=\"617\" \/>\n\t<meta property=\"og:image:type\" content=\"image\/jpeg\" \/>\n<meta name=\"twitter:card\" content=\"summary_large_image\" \/>\n<meta name=\"twitter:label1\" content=\"Tiempo de lectura\" \/>\n\t<meta name=\"twitter:data1\" content=\"1 minuto\" \/>\n<script type=\"application\/ld+json\" class=\"yoast-schema-graph\">{\"@context\":\"https:\\\/\\\/schema.org\",\"@graph\":[{\"@type\":\"WebPage\",\"@id\":\"https:\\\/\\\/rueda.casino\\\/es\\\/rueda-de-casino-litterature\\\/\",\"url\":\"https:\\\/\\\/rueda.casino\\\/es\\\/rueda-de-casino-litterature\\\/\",\"name\":\"Rueda de casino litterature - Rueda.Casino\",\"isPartOf\":{\"@id\":\"https:\\\/\\\/rueda.casino\\\/es\\\/#website\"},\"primaryImageOfPage\":{\"@id\":\"https:\\\/\\\/rueda.casino\\\/es\\\/rueda-de-casino-litterature\\\/#primaryimage\"},\"image\":{\"@id\":\"https:\\\/\\\/rueda.casino\\\/es\\\/rueda-de-casino-litterature\\\/#primaryimage\"},\"thumbnailUrl\":\"https:\\\/\\\/rueda.casino\\\/wp-content\\\/uploads\\\/2025\\\/01\\\/rueda_books2.jpg\",\"datePublished\":\"2023-07-23T16:18:07+00:00\",\"breadcrumb\":{\"@id\":\"https:\\\/\\\/rueda.casino\\\/es\\\/rueda-de-casino-litterature\\\/#breadcrumb\"},\"inLanguage\":\"es\",\"potentialAction\":[{\"@type\":\"ReadAction\",\"target\":[\"https:\\\/\\\/rueda.casino\\\/es\\\/rueda-de-casino-litterature\\\/\"]}]},{\"@type\":\"ImageObject\",\"inLanguage\":\"es\",\"@id\":\"https:\\\/\\\/rueda.casino\\\/es\\\/rueda-de-casino-litterature\\\/#primaryimage\",\"url\":\"https:\\\/\\\/rueda.casino\\\/wp-content\\\/uploads\\\/2025\\\/01\\\/rueda_books2.jpg\",\"contentUrl\":\"https:\\\/\\\/rueda.casino\\\/wp-content\\\/uploads\\\/2025\\\/01\\\/rueda_books2.jpg\",\"width\":2172,\"height\":617,\"caption\":\"Rueda de casino books\"},{\"@type\":\"BreadcrumbList\",\"@id\":\"https:\\\/\\\/rueda.casino\\\/es\\\/rueda-de-casino-litterature\\\/#breadcrumb\",\"itemListElement\":[{\"@type\":\"ListItem\",\"position\":1,\"name\":\"Home\",\"item\":\"https:\\\/\\\/rueda.casino\\\/es\\\/hogar\\\/\"},{\"@type\":\"ListItem\",\"position\":2,\"name\":\"Rueda de casino litterature\"}]},{\"@type\":\"WebSite\",\"@id\":\"https:\\\/\\\/rueda.casino\\\/es\\\/#website\",\"url\":\"https:\\\/\\\/rueda.casino\\\/es\\\/\",\"name\":\"Rueda.Casino\",\"description\":\"Educational rueda &amp; casino videos of high quality\",\"publisher\":{\"@id\":\"https:\\\/\\\/rueda.casino\\\/es\\\/#organization\"},\"potentialAction\":[{\"@type\":\"SearchAction\",\"target\":{\"@type\":\"EntryPoint\",\"urlTemplate\":\"https:\\\/\\\/rueda.casino\\\/es\\\/?s={search_term_string}\"},\"query-input\":{\"@type\":\"PropertyValueSpecification\",\"valueRequired\":true,\"valueName\":\"search_term_string\"}}],\"inLanguage\":\"es\"},{\"@type\":\"Organization\",\"@id\":\"https:\\\/\\\/rueda.casino\\\/es\\\/#organization\",\"name\":\"Rueda.Casino\",\"url\":\"https:\\\/\\\/rueda.casino\\\/es\\\/\",\"logo\":{\"@type\":\"ImageObject\",\"inLanguage\":\"es\",\"@id\":\"https:\\\/\\\/rueda.casino\\\/es\\\/#\\\/schema\\\/logo\\\/image\\\/\",\"url\":\"https:\\\/\\\/rueda.casino\\\/wp-content\\\/uploads\\\/2018\\\/08\\\/cropped-rueda.casino-2-linje-weblogo.png\",\"contentUrl\":\"https:\\\/\\\/rueda.casino\\\/wp-content\\\/uploads\\\/2018\\\/08\\\/cropped-rueda.casino-2-linje-weblogo.png\",\"width\":150,\"height\":51,\"caption\":\"Rueda.Casino\"},\"image\":{\"@id\":\"https:\\\/\\\/rueda.casino\\\/es\\\/#\\\/schema\\\/logo\\\/image\\\/\"},\"sameAs\":[\"https:\\\/\\\/www.facebook.com\\\/ruedadotcasino\",\"https:\\\/\\\/www.instagram.com\\\/rueda.casino\\\/\",\"https:\\\/\\\/www.youtube.com\\\/@rueda.casino\"]}]}<\/script>\n<!-- \/ Yoast SEO plugin. -->","yoast_head_json":{"title":"Rueda de casino litterature - Rueda.Casino","robots":{"index":"index","follow":"follow","max-snippet":"max-snippet:-1","max-image-preview":"max-image-preview:large","max-video-preview":"max-video-preview:-1"},"canonical":"https:\/\/rueda.casino\/es\/rueda-de-casino-litterature\/","og_locale":"es_ES","og_type":"article","og_title":"Rueda de casino litterature - Rueda.Casino","og_description":"Aqu\u00ed hay una lista de libros dedicados espec\u00edficamente a la [...]","og_url":"https:\/\/rueda.casino\/es\/rueda-de-casino-litterature\/","og_site_name":"Rueda.Casino","article_publisher":"https:\/\/www.facebook.com\/ruedadotcasino","og_image":[{"width":2172,"height":617,"url":"https:\/\/rueda.casino\/wp-content\/uploads\/2025\/01\/rueda_books2.jpg","type":"image\/jpeg"}],"twitter_card":"summary_large_image","twitter_misc":{"Tiempo de lectura":"1 minuto"},"schema":{"@context":"https:\/\/schema.org","@graph":[{"@type":"WebPage","@id":"https:\/\/rueda.casino\/es\/rueda-de-casino-litterature\/","url":"https:\/\/rueda.casino\/es\/rueda-de-casino-litterature\/","name":"Rueda de casino litterature - Rueda.Casino","isPartOf":{"@id":"https:\/\/rueda.casino\/es\/#website"},"primaryImageOfPage":{"@id":"https:\/\/rueda.casino\/es\/rueda-de-casino-litterature\/#primaryimage"},"image":{"@id":"https:\/\/rueda.casino\/es\/rueda-de-casino-litterature\/#primaryimage"},"thumbnailUrl":"https:\/\/rueda.casino\/wp-content\/uploads\/2025\/01\/rueda_books2.jpg","datePublished":"2023-07-23T16:18:07+00:00","breadcrumb":{"@id":"https:\/\/rueda.casino\/es\/rueda-de-casino-litterature\/#breadcrumb"},"inLanguage":"es","potentialAction":[{"@type":"ReadAction","target":["https:\/\/rueda.casino\/es\/rueda-de-casino-litterature\/"]}]},{"@type":"ImageObject","inLanguage":"es","@id":"https:\/\/rueda.casino\/es\/rueda-de-casino-litterature\/#primaryimage","url":"https:\/\/rueda.casino\/wp-content\/uploads\/2025\/01\/rueda_books2.jpg","contentUrl":"https:\/\/rueda.casino\/wp-content\/uploads\/2025\/01\/rueda_books2.jpg","width":2172,"height":617,"caption":"Rueda de casino books"},{"@type":"BreadcrumbList","@id":"https:\/\/rueda.casino\/es\/rueda-de-casino-litterature\/#breadcrumb","itemListElement":[{"@type":"ListItem","position":1,"name":"Home","item":"https:\/\/rueda.casino\/es\/hogar\/"},{"@type":"ListItem","position":2,"name":"Rueda de casino litterature"}]},{"@type":"WebSite","@id":"https:\/\/rueda.casino\/es\/#website","url":"https:\/\/rueda.casino\/es\/","name":"Rueda.Casino","description":"Educational rueda &amp; casino videos of high quality","publisher":{"@id":"https:\/\/rueda.casino\/es\/#organization"},"potentialAction":[{"@type":"SearchAction","target":{"@type":"EntryPoint","urlTemplate":"https:\/\/rueda.casino\/es\/?s={search_term_string}"},"query-input":{"@type":"PropertyValueSpecification","valueRequired":true,"valueName":"search_term_string"}}],"inLanguage":"es"},{"@type":"Organization","@id":"https:\/\/rueda.casino\/es\/#organization","name":"Rueda.Casino","url":"https:\/\/rueda.casino\/es\/","logo":{"@type":"ImageObject","inLanguage":"es","@id":"https:\/\/rueda.casino\/es\/#\/schema\/logo\/image\/","url":"https:\/\/rueda.casino\/wp-content\/uploads\/2018\/08\/cropped-rueda.casino-2-linje-weblogo.png","contentUrl":"https:\/\/rueda.casino\/wp-content\/uploads\/2018\/08\/cropped-rueda.casino-2-linje-weblogo.png","width":150,"height":51,"caption":"Rueda.Casino"},"image":{"@id":"https:\/\/rueda.casino\/es\/#\/schema\/logo\/image\/"},"sameAs":["https:\/\/www.facebook.com\/ruedadotcasino","https:\/\/www.instagram.com\/rueda.casino\/","https:\/\/www.youtube.com\/@rueda.casino"]}]}},"_links":{"self":[{"href":"https:\/\/rueda.casino\/es\/wp-json\/wp\/v2\/pages\/22732","targetHints":{"allow":["GET"]}}],"collection":[{"href":"https:\/\/rueda.casino\/es\/wp-json\/wp\/v2\/pages"}],"about":[{"href":"https:\/\/rueda.casino\/es\/wp-json\/wp\/v2\/types\/page"}],"author":[{"embeddable":true,"href":"https:\/\/rueda.casino\/es\/wp-json\/wp\/v2\/users\/2"}],"replies":[{"embeddable":true,"href":"https:\/\/rueda.casino\/es\/wp-json\/wp\/v2\/comments?post=22732"}],"version-history":[{"count":0,"href":"https:\/\/rueda.casino\/es\/wp-json\/wp\/v2\/pages\/22732\/revisions"}],"wp:featuredmedia":[{"embeddable":true,"href":"https:\/\/rueda.casino\/es\/wp-json\/wp\/v2\/media\/20531"}],"wp:attachment":[{"href":"https:\/\/rueda.casino\/es\/wp-json\/wp\/v2\/media?parent=22732"}],"curies":[{"name":"wp","href":"https:\/\/api.w.org\/{rel}","templated":true}]}}