

    {"id":23279,"date":"2018-07-31T19:08:23","date_gmt":"2018-07-31T17:08:23","guid":{"rendered":"https:\/\/rueda.casino\/rueda-cruzada\/"},"modified":"2025-08-13T13:02:50","modified_gmt":"2025-08-13T11:02:50","slug":"rueda-cruzada","status":"publish","type":"page","link":"https:\/\/rueda.casino\/es\/estructuras-de-rueda-estructuras-de-rueda\/rueda-cruzada\/","title":{"rendered":"Rueda cruzada"},"content":{"rendered":"<div class=\"style37 style47\">En <strong>Rueda cruzada<\/strong> dos \u00abgrupos\u00bb bailan Rueda en el mismo c\u00edrculo. La persona que llama est\u00e1 en el grupo 1, junto con una de cada dos parejas en el c\u00edrculo. Los otros son del grupo 2. El grupo 1 siempre realiza las figuras primero, y luego el grupo 2, algo as\u00ed como un eco.   <\/div>\n<p class=\"style49\">Los grupos cambian de pareja solo dentro de su propio grupo y bailan en diferentes ritmos. El grupo 1 (primeros) normalmente baila en el tiempo 1 y el grupo 2 (segundos) baila en el tiempo 5. Por ejemplo, la llamada <em>\u00abuna media\u00bb<\/em> ser\u00e1 una palmada para los primeros seguida de una palmada para los segundos cuatro tiempos despu\u00e9s.  <\/p>\n<p><img decoding=\"async\" class=\"lazyload alignnone size-large wp-image-2452\" src=\"https:\/\/rueda.casino\/wp-content\/uploads\/2019\/08\/Rueda-de-casino-Rueda-cruzada-6-wp-1024x512.png\" data-orig-src=\"https:\/\/rueda.casino\/wp-content\/uploads\/2019\/08\/Rueda-de-casino-Rueda-cruzada-6-wp-1024x512.png\" alt=\"\" width=\"1024\" height=\"512\" srcset=\"data:image\/svg+xml,%3Csvg%20xmlns%3D%27http%3A%2F%2Fwww.w3.org%2F2000%2Fsvg%27%20width%3D%271024%27%20height%3D%27512%27%20viewBox%3D%270%200%201024%20512%27%3E%3Crect%20width%3D%271024%27%20height%3D%27512%27%20fill-opacity%3D%220%22%2F%3E%3C%2Fsvg%3E\" data-srcset=\"https:\/\/rueda.casino\/wp-content\/uploads\/2019\/08\/Rueda-de-casino-Rueda-cruzada-6-wp-300x150.png 300w, https:\/\/rueda.casino\/wp-content\/uploads\/2019\/08\/Rueda-de-casino-Rueda-cruzada-6-wp-768x384.png 768w, https:\/\/rueda.casino\/wp-content\/uploads\/2019\/08\/Rueda-de-casino-Rueda-cruzada-6-wp-1024x512.png 1024w\" data-sizes=\"auto\" data-orig-sizes=\"(max-width: 1024px) 100vw, 1024px\" \/><\/p>\n<p class=\"style49\">En la ilustraci\u00f3n de <em>Rueda cruzada<\/em>, uno de los equipos sigue las flechas azules regulares al cambiar de pareja, y los otros siguen las flechas azul claro. Tambi\u00e9n hay un video a continuaci\u00f3n en esta p\u00e1gina que muestra c\u00f3mo funciona en la pr\u00e1ctica. <\/p>\n<p class=\"style49\"><em>Rueda cruzada<\/em> requiere un n\u00famero par de parejas, preferiblemente 6 u 8. Tambi\u00e9n es posible con un gran c\u00edrculo de 10+ parejas. Pero un poco m\u00e1s desafiante, especialmente si termina en caos y necesitas contar para que todos los compa\u00f1eros sepan en qu\u00e9 equipo est\u00e1n, primeros o segundos.  <\/p>\n<h3 class=\"style49\"><span class=\"style55\">Transiciones<\/span><\/h3>\n<p class=\"style49\">La rueda cruzada se puede bailar desde el comienzo de una canci\u00f3n y durante toda la canci\u00f3n. O puede comenzar con Regular Rueda de casino y luego hacer una transici\u00f3n a Rueda Cruzado, si hay un n\u00famero par de parejas (!). <\/p>\n<p class=\"style49\">El comando de tr\u00e1nsito es \u00ab<em><strong>cruzado<\/strong>\u00ab, <\/em>siempre desde posici\u00f3n abierta, usado:<\/p>\n<ul>\n<li>para entrar en <em>Rueda cruzada<\/em> desde la posici\u00f3n b\u00e1sica (<em>guapea). <\/em>Este es un simple cambio de ritmo para segundos (las parejas sin la persona que llama)<\/li>\n<\/ul>\n<ul>\n<li class=\"style49\">para salir <em>de Rueda cruzada<\/em>, volviendo a <em>la Rueda de Casino<\/em> habitual. Es la misma figura, por lo que ahora los segundos vuelven a cambiar al ritmo normal, por lo que todos est\u00e1n en el mismo ritmo, bailando <em>Rueda de Casino<\/em> regular.\n <\/li>\n<\/ul>\n<p><span class=\"style49\"> <\/span><\/p>\n<div class=\"video-shortcode\">\n<div class=\"video-shortcode\"><span class=\"embed-youtube\" style=\"text-align:center; display: block;\"><iframe class=\"youtube-player\" width=\"1200\" height=\"675\" src=\"https:\/\/www.youtube.com\/embed\/WCBqbDhkrrM?version=3&#038;rel=1&#038;showsearch=0&#038;showinfo=1&#038;iv_load_policy=1&#038;fs=1&#038;hl=es-ES&#038;autohide=2&#038;wmode=transparent\" allowfullscreen=\"true\" style=\"border:0;\" sandbox=\"allow-scripts allow-same-origin allow-popups allow-presentation allow-popups-to-escape-sandbox\"><\/iframe><\/span><\/div>\n<\/div>\n<p style=\"text-align: center\"><em><span class=\"style49\">Transiciones entre Rueda de casino y Rueda cruzada, y viceversa.<\/span><\/em><\/p>\n<p>Tambi\u00e9n se utilizan otras transiciones entre Rueda de casino y Rueda cruzada, pero solo esta transici\u00f3n relativamente simple se incluye en el Est\u00e1ndar de Rueda noruego.<\/p>\n<p>La rueda cruzada tambi\u00e9n se baila en <span class=\"style49\"><strong>posici\u00f3n cerrada<\/strong><\/span>, <span class=\"style49\">pero <\/span>no es com\u00fan hacer una transici\u00f3n de la rueda de casino en posici\u00f3n cerrada.<\/p>\n<p>.<\/p>\n<h3 class=\"style51\"><span class=\"style48\">Bailando rueda cruzada socialmente<\/span><\/h3>\n<p class=\"style49\">El siguiente video (de un taller) muestra un ejemplo de baile de <em>rueda cruzada <\/em>usando comandos de rueda est\u00e1ndar.<\/p>\n<p class=\"style49\"><span class=\"style48\"><span class=\"style49\">Usar <em>la rueda cruzada <\/em><\/span><\/span>socialmente requiere un n\u00famero par de parejas, y preferiblemente 6, 8 o m\u00e1s. Si una pareja intenta entrar en una <em>rueda cruzada <\/em>sobre la marcha, mata a la rueda, porque el n\u00famero de parejas se vuelve impar. Esto puede ser un poco desafiante si se baila socialmente.<br \/>\nAdem\u00e1s <em>, llamar cruzado <\/em>(la figura de transici\u00f3n a <em>la rueda cruzada<\/em>) en una <em>rueda de casino<\/em>normal sin previo aviso, lo m\u00e1s probable es que todos sean tomados por sorpresa, y los bailarines adecuados (grupo B) no estar\u00e1n preparados para hacer la transici\u00f3n sobre la marcha.  <\/p>\n<p class=\"style49\">Aparte de esto, la <em>rueda cruzada <\/em>funciona bien socialmente. Si los bailarines est\u00e1n preparados para una <em>rueda cruzada<\/em>y las nuevas parejas no (intentan) entrar durante el canto, esta es una variaci\u00f3n de rueda muy agradable para bailarines intermedios a avanzados. <\/p>\n<p>.<\/p>\n<ul>\n<li><strong>Comandos adecuados<\/strong> para Rueda cruzada:\n<ul>\n<li><em>Festival de pelota<\/em><\/li>\n<li><em>enchufla &gt; una arriba<\/em><\/li>\n<li><em>un tarro<\/em><\/li>\n<li><em>Mosca, Linea, Rolin<\/em><\/li>\n<li><em>enchufla con .. vuelta \/ Mambo \/ Rumba, <\/em>etc.<\/li>\n<li><em>croqueta y aspirina<br \/>\n.<\/em><\/li>\n<\/ul>\n<\/li>\n<li><strong>Muy adecuado<\/strong>, pero puede <strong>necesitar un poco de pr\u00e1ctica\/ajuste<\/strong>:\n<ul>\n<li><em>Patin<\/em><\/li>\n<li><em>Patin Pa&#8217;Mujeres<\/em><\/li>\n<li><em>caminala<\/em><\/li>\n<li><em>estrella<\/em><\/li>\n<li><em>enchufla y al medio<\/em><\/li>\n<li><em>Cubanito &gt; ni pa&#8217;mi, ni pa&#8217;ti<br \/>\n.<\/em><\/li>\n<\/ul>\n<\/li>\n<li><strong>No es muy adecuado<\/strong>, debido al alto riesgo de chocar con otros:\n<ul>\n<li><em>hombres derecha y mujeres izuierda<\/em><\/li>\n<li><em>vamos<\/em><\/li>\n<li><em>Dame directo<br \/>\n.<\/em><\/li>\n<\/ul>\n<\/li>\n<\/ul>\n<h3 class=\"style54\">\u00bfC\u00f3mo empezar?<\/h3>\n<ul>\n<li>Forma una rueda con 6 u 8 parejas.<\/li>\n<li>Comienza en posici\u00f3n abierta y haz <em>rueda cruzada <\/em>desde el comienzo de la canci\u00f3n, a medio o bajo tiempo.<\/li>\n<li>Comience con <em>una media<\/em> y agregue figuras centrales con un simple cambio de pareja, como <em>enchufla, festival de pelota, la familia<\/em>.<\/li>\n<li>Contin\u00fae agregando figuras b\u00e1sicas regulares, como <em>cubanito, enchufla con mambo<\/em>, etc.<\/li>\n<li>Intenta bailar <em>patin <\/em>y <em>patin &gt; siguelo &gt; se fue<\/em>.<\/li>\n<li>Cuando haya captado esto, puede probar los otros comandos enumerados anteriormente como especialmente adecuados.<\/li>\n<li>Y luego pruebas <em>patin pa&#8217;mujeres<\/em>. Cuando logras esto, te has graduado. <\/li>\n<\/ul>\n<p>.<\/p>\n<h3 class=\"style48\">\u00bfPor qu\u00e9 bailar Rueda cruzada?<\/h3>\n<p class=\"style48\"><em>Rueda cruzada <\/em>agrega una dimensi\u00f3n de velocidad. Cuando una de cada dos parejas baila en diferentes ritmos, se obtiene una muestra de la ilusi\u00f3n de los bailarines que se mueven y cambian de pareja dos veces m\u00e1s r\u00e1pido, por ejemplo, con la combinaci\u00f3n de comandos <em>enchufla &gt; una arriba.<\/em> <\/p>\n<p class=\"style48\">Aparte de eso, la rueda cruzada es, como otras estructuras de rueda, un desaf\u00edo interesante en el que puedes ponerte a prueba si eres capaz de hacer las figuras de rueda en un nuevo escenario.<\/p>\n<p class=\"style49\">Una variaci\u00f3n divertida de la rueda cruzada es usar dos llamadores, cada grupo tiene su propio llamador. El resultado es que los dos grupos bailan figuras diferentes, y esto definitivamente pondr\u00e1 a prueba su capacidad de concentraci\u00f3n y las habilidades de improvisaci\u00f3n de las personas que llaman. \u00a1Este es tambi\u00e9n el escenario perfecto para una batalla de rueda!  <\/p>\n<p>.<\/p>\n<div class=\"video-shortcode\">\n<div class=\"video-shortcode\"><span class=\"embed-youtube\" style=\"text-align:center; display: block;\"><iframe class=\"youtube-player\" width=\"1200\" height=\"675\" src=\"https:\/\/www.youtube.com\/embed\/u35va5oz-2E?version=3&#038;rel=1&#038;showsearch=0&#038;showinfo=1&#038;iv_load_policy=1&#038;fs=1&#038;hl=es-ES&#038;autohide=2&#038;wmode=transparent\" allowfullscreen=\"true\" style=\"border:0;\" sandbox=\"allow-scripts allow-same-origin allow-popups allow-presentation allow-popups-to-escape-sandbox\"><\/iframe><\/span><\/div>\n<\/div>\n<p>.<\/p>\n<p><!-- Google analytics: Ruedastandard.com --><\/p>\n","protected":false},"excerpt":{"rendered":"<p>En Rueda cruzada dos \u00abgrupos\u00bb bailan Rueda en el mismo  [&#8230;]<\/p>\n","protected":false},"author":1,"featured_media":0,"parent":23786,"menu_order":4,"comment_status":"closed","ping_status":"closed","template":"","meta":{"_acf_changed":false,"content-type":"","footnotes":""},"class_list":["post-23279","page","type-page","status-publish","hentry"],"acf":[],"yoast_head":"<!-- This site is optimized with the Yoast SEO plugin v27.4 - https:\/\/yoast.com\/product\/yoast-seo-wordpress\/ -->\n<title>Rueda cruzada - Rueda.Casino<\/title>\n<meta name=\"robots\" content=\"index, follow, max-snippet:-1, max-image-preview:large, max-video-preview:-1\" \/>\n<link rel=\"canonical\" href=\"https:\/\/rueda.casino\/es\/estructuras-de-rueda-estructuras-de-rueda\/rueda-cruzada\/\" \/>\n<meta property=\"og:locale\" content=\"es_ES\" \/>\n<meta property=\"og:type\" content=\"article\" \/>\n<meta property=\"og:title\" content=\"Rueda cruzada - Rueda.Casino\" \/>\n<meta property=\"og:description\" content=\"En Rueda cruzada dos \u00abgrupos\u00bb bailan Rueda en el mismo [...]\" \/>\n<meta property=\"og:url\" content=\"https:\/\/rueda.casino\/es\/estructuras-de-rueda-estructuras-de-rueda\/rueda-cruzada\/\" \/>\n<meta property=\"og:site_name\" content=\"Rueda.Casino\" \/>\n<meta property=\"article:publisher\" content=\"https:\/\/www.facebook.com\/ruedadotcasino\" \/>\n<meta property=\"article:modified_time\" content=\"2025-08-13T11:02:50+00:00\" \/>\n<meta property=\"og:image\" content=\"https:\/\/rueda.casino\/wp-content\/uploads\/2019\/08\/Rueda-de-casino-Rueda-cruzada-6-wp.png\" \/>\n\t<meta property=\"og:image:width\" content=\"2000\" \/>\n\t<meta property=\"og:image:height\" content=\"1000\" \/>\n\t<meta property=\"og:image:type\" content=\"image\/png\" \/>\n<meta name=\"twitter:card\" content=\"summary_large_image\" \/>\n<meta name=\"twitter:label1\" content=\"Tiempo de lectura\" \/>\n\t<meta name=\"twitter:data1\" content=\"5 minutos\" \/>\n<script type=\"application\/ld+json\" class=\"yoast-schema-graph\">{\"@context\":\"https:\\\/\\\/schema.org\",\"@graph\":[{\"@type\":\"WebPage\",\"@id\":\"https:\\\/\\\/rueda.casino\\\/es\\\/estructuras-de-rueda-estructuras-de-rueda\\\/rueda-cruzada\\\/\",\"url\":\"https:\\\/\\\/rueda.casino\\\/es\\\/estructuras-de-rueda-estructuras-de-rueda\\\/rueda-cruzada\\\/\",\"name\":\"Rueda cruzada - Rueda.Casino\",\"isPartOf\":{\"@id\":\"https:\\\/\\\/rueda.casino\\\/es\\\/#website\"},\"primaryImageOfPage\":{\"@id\":\"https:\\\/\\\/rueda.casino\\\/es\\\/estructuras-de-rueda-estructuras-de-rueda\\\/rueda-cruzada\\\/#primaryimage\"},\"image\":{\"@id\":\"https:\\\/\\\/rueda.casino\\\/es\\\/estructuras-de-rueda-estructuras-de-rueda\\\/rueda-cruzada\\\/#primaryimage\"},\"thumbnailUrl\":\"https:\\\/\\\/rueda.casino\\\/wp-content\\\/uploads\\\/2019\\\/08\\\/Rueda-de-casino-Rueda-cruzada-6-wp-1024x512.png\",\"datePublished\":\"2018-07-31T17:08:23+00:00\",\"dateModified\":\"2025-08-13T11:02:50+00:00\",\"breadcrumb\":{\"@id\":\"https:\\\/\\\/rueda.casino\\\/es\\\/estructuras-de-rueda-estructuras-de-rueda\\\/rueda-cruzada\\\/#breadcrumb\"},\"inLanguage\":\"es\",\"potentialAction\":[{\"@type\":\"ReadAction\",\"target\":[\"https:\\\/\\\/rueda.casino\\\/es\\\/estructuras-de-rueda-estructuras-de-rueda\\\/rueda-cruzada\\\/\"]}]},{\"@type\":\"ImageObject\",\"inLanguage\":\"es\",\"@id\":\"https:\\\/\\\/rueda.casino\\\/es\\\/estructuras-de-rueda-estructuras-de-rueda\\\/rueda-cruzada\\\/#primaryimage\",\"url\":\"https:\\\/\\\/rueda.casino\\\/wp-content\\\/uploads\\\/2019\\\/08\\\/Rueda-de-casino-Rueda-cruzada-6-wp-1024x512.png\",\"contentUrl\":\"https:\\\/\\\/rueda.casino\\\/wp-content\\\/uploads\\\/2019\\\/08\\\/Rueda-de-casino-Rueda-cruzada-6-wp-1024x512.png\"},{\"@type\":\"BreadcrumbList\",\"@id\":\"https:\\\/\\\/rueda.casino\\\/es\\\/estructuras-de-rueda-estructuras-de-rueda\\\/rueda-cruzada\\\/#breadcrumb\",\"itemListElement\":[{\"@type\":\"ListItem\",\"position\":1,\"name\":\"Home\",\"item\":\"https:\\\/\\\/rueda.casino\\\/es\\\/hogar\\\/\"},{\"@type\":\"ListItem\",\"position\":2,\"name\":\"Estructuras de Rueda\",\"item\":\"https:\\\/\\\/rueda.casino\\\/es\\\/estructuras-de-rueda-estructuras-de-rueda\\\/\"},{\"@type\":\"ListItem\",\"position\":3,\"name\":\"Rueda cruzada\"}]},{\"@type\":\"WebSite\",\"@id\":\"https:\\\/\\\/rueda.casino\\\/es\\\/#website\",\"url\":\"https:\\\/\\\/rueda.casino\\\/es\\\/\",\"name\":\"Rueda.Casino\",\"description\":\"Educational rueda &amp; casino videos of high quality\",\"publisher\":{\"@id\":\"https:\\\/\\\/rueda.casino\\\/es\\\/#organization\"},\"potentialAction\":[{\"@type\":\"SearchAction\",\"target\":{\"@type\":\"EntryPoint\",\"urlTemplate\":\"https:\\\/\\\/rueda.casino\\\/es\\\/?s={search_term_string}\"},\"query-input\":{\"@type\":\"PropertyValueSpecification\",\"valueRequired\":true,\"valueName\":\"search_term_string\"}}],\"inLanguage\":\"es\"},{\"@type\":\"Organization\",\"@id\":\"https:\\\/\\\/rueda.casino\\\/es\\\/#organization\",\"name\":\"Rueda.Casino\",\"url\":\"https:\\\/\\\/rueda.casino\\\/es\\\/\",\"logo\":{\"@type\":\"ImageObject\",\"inLanguage\":\"es\",\"@id\":\"https:\\\/\\\/rueda.casino\\\/es\\\/#\\\/schema\\\/logo\\\/image\\\/\",\"url\":\"https:\\\/\\\/rueda.casino\\\/wp-content\\\/uploads\\\/2018\\\/08\\\/cropped-rueda.casino-2-linje-weblogo.png\",\"contentUrl\":\"https:\\\/\\\/rueda.casino\\\/wp-content\\\/uploads\\\/2018\\\/08\\\/cropped-rueda.casino-2-linje-weblogo.png\",\"width\":150,\"height\":51,\"caption\":\"Rueda.Casino\"},\"image\":{\"@id\":\"https:\\\/\\\/rueda.casino\\\/es\\\/#\\\/schema\\\/logo\\\/image\\\/\"},\"sameAs\":[\"https:\\\/\\\/www.facebook.com\\\/ruedadotcasino\",\"https:\\\/\\\/www.instagram.com\\\/rueda.casino\\\/\",\"https:\\\/\\\/www.youtube.com\\\/@rueda.casino\"]}]}<\/script>\n<!-- \/ Yoast SEO plugin. -->","yoast_head_json":{"title":"Rueda cruzada - Rueda.Casino","robots":{"index":"index","follow":"follow","max-snippet":"max-snippet:-1","max-image-preview":"max-image-preview:large","max-video-preview":"max-video-preview:-1"},"canonical":"https:\/\/rueda.casino\/es\/estructuras-de-rueda-estructuras-de-rueda\/rueda-cruzada\/","og_locale":"es_ES","og_type":"article","og_title":"Rueda cruzada - Rueda.Casino","og_description":"En Rueda cruzada dos \u00abgrupos\u00bb bailan Rueda en el mismo [...]","og_url":"https:\/\/rueda.casino\/es\/estructuras-de-rueda-estructuras-de-rueda\/rueda-cruzada\/","og_site_name":"Rueda.Casino","article_publisher":"https:\/\/www.facebook.com\/ruedadotcasino","article_modified_time":"2025-08-13T11:02:50+00:00","og_image":[{"width":2000,"height":1000,"url":"https:\/\/rueda.casino\/wp-content\/uploads\/2019\/08\/Rueda-de-casino-Rueda-cruzada-6-wp.png","type":"image\/png"}],"twitter_card":"summary_large_image","twitter_misc":{"Tiempo de lectura":"5 minutos"},"schema":{"@context":"https:\/\/schema.org","@graph":[{"@type":"WebPage","@id":"https:\/\/rueda.casino\/es\/estructuras-de-rueda-estructuras-de-rueda\/rueda-cruzada\/","url":"https:\/\/rueda.casino\/es\/estructuras-de-rueda-estructuras-de-rueda\/rueda-cruzada\/","name":"Rueda cruzada - Rueda.Casino","isPartOf":{"@id":"https:\/\/rueda.casino\/es\/#website"},"primaryImageOfPage":{"@id":"https:\/\/rueda.casino\/es\/estructuras-de-rueda-estructuras-de-rueda\/rueda-cruzada\/#primaryimage"},"image":{"@id":"https:\/\/rueda.casino\/es\/estructuras-de-rueda-estructuras-de-rueda\/rueda-cruzada\/#primaryimage"},"thumbnailUrl":"https:\/\/rueda.casino\/wp-content\/uploads\/2019\/08\/Rueda-de-casino-Rueda-cruzada-6-wp-1024x512.png","datePublished":"2018-07-31T17:08:23+00:00","dateModified":"2025-08-13T11:02:50+00:00","breadcrumb":{"@id":"https:\/\/rueda.casino\/es\/estructuras-de-rueda-estructuras-de-rueda\/rueda-cruzada\/#breadcrumb"},"inLanguage":"es","potentialAction":[{"@type":"ReadAction","target":["https:\/\/rueda.casino\/es\/estructuras-de-rueda-estructuras-de-rueda\/rueda-cruzada\/"]}]},{"@type":"ImageObject","inLanguage":"es","@id":"https:\/\/rueda.casino\/es\/estructuras-de-rueda-estructuras-de-rueda\/rueda-cruzada\/#primaryimage","url":"https:\/\/rueda.casino\/wp-content\/uploads\/2019\/08\/Rueda-de-casino-Rueda-cruzada-6-wp-1024x512.png","contentUrl":"https:\/\/rueda.casino\/wp-content\/uploads\/2019\/08\/Rueda-de-casino-Rueda-cruzada-6-wp-1024x512.png"},{"@type":"BreadcrumbList","@id":"https:\/\/rueda.casino\/es\/estructuras-de-rueda-estructuras-de-rueda\/rueda-cruzada\/#breadcrumb","itemListElement":[{"@type":"ListItem","position":1,"name":"Home","item":"https:\/\/rueda.casino\/es\/hogar\/"},{"@type":"ListItem","position":2,"name":"Estructuras de Rueda","item":"https:\/\/rueda.casino\/es\/estructuras-de-rueda-estructuras-de-rueda\/"},{"@type":"ListItem","position":3,"name":"Rueda cruzada"}]},{"@type":"WebSite","@id":"https:\/\/rueda.casino\/es\/#website","url":"https:\/\/rueda.casino\/es\/","name":"Rueda.Casino","description":"Educational rueda &amp; casino videos of high quality","publisher":{"@id":"https:\/\/rueda.casino\/es\/#organization"},"potentialAction":[{"@type":"SearchAction","target":{"@type":"EntryPoint","urlTemplate":"https:\/\/rueda.casino\/es\/?s={search_term_string}"},"query-input":{"@type":"PropertyValueSpecification","valueRequired":true,"valueName":"search_term_string"}}],"inLanguage":"es"},{"@type":"Organization","@id":"https:\/\/rueda.casino\/es\/#organization","name":"Rueda.Casino","url":"https:\/\/rueda.casino\/es\/","logo":{"@type":"ImageObject","inLanguage":"es","@id":"https:\/\/rueda.casino\/es\/#\/schema\/logo\/image\/","url":"https:\/\/rueda.casino\/wp-content\/uploads\/2018\/08\/cropped-rueda.casino-2-linje-weblogo.png","contentUrl":"https:\/\/rueda.casino\/wp-content\/uploads\/2018\/08\/cropped-rueda.casino-2-linje-weblogo.png","width":150,"height":51,"caption":"Rueda.Casino"},"image":{"@id":"https:\/\/rueda.casino\/es\/#\/schema\/logo\/image\/"},"sameAs":["https:\/\/www.facebook.com\/ruedadotcasino","https:\/\/www.instagram.com\/rueda.casino\/","https:\/\/www.youtube.com\/@rueda.casino"]}]}},"_links":{"self":[{"href":"https:\/\/rueda.casino\/es\/wp-json\/wp\/v2\/pages\/23279","targetHints":{"allow":["GET"]}}],"collection":[{"href":"https:\/\/rueda.casino\/es\/wp-json\/wp\/v2\/pages"}],"about":[{"href":"https:\/\/rueda.casino\/es\/wp-json\/wp\/v2\/types\/page"}],"author":[{"embeddable":true,"href":"https:\/\/rueda.casino\/es\/wp-json\/wp\/v2\/users\/1"}],"replies":[{"embeddable":true,"href":"https:\/\/rueda.casino\/es\/wp-json\/wp\/v2\/comments?post=23279"}],"version-history":[{"count":0,"href":"https:\/\/rueda.casino\/es\/wp-json\/wp\/v2\/pages\/23279\/revisions"}],"up":[{"embeddable":true,"href":"https:\/\/rueda.casino\/es\/wp-json\/wp\/v2\/pages\/23786"}],"wp:attachment":[{"href":"https:\/\/rueda.casino\/es\/wp-json\/wp\/v2\/media?parent=23279"}],"curies":[{"name":"wp","href":"https:\/\/api.w.org\/{rel}","templated":true}]}}