

    {"id":23287,"date":"2018-07-31T20:32:49","date_gmt":"2018-07-31T18:32:49","guid":{"rendered":"https:\/\/rueda.casino\/rueda-contrario-hombres-y-mujeres\/"},"modified":"2025-08-13T13:02:50","modified_gmt":"2025-08-13T11:02:50","slug":"rueda-contrario-hombres-y-mujeres","status":"publish","type":"page","link":"https:\/\/rueda.casino\/es\/estructuras-de-rueda-estructuras-de-rueda\/rueda-contrario-hombres-y-mujeres\/","title":{"rendered":"Rueda contrario &#8211; hombres y mujeres"},"content":{"rendered":"<p><strong>Rueda contrario<\/strong> &#8211; <strong>hombres y mujeres<\/strong> es una variaci\u00f3n extendida de <a href=\"http:\/\/rueda.casino\/rueda-structures\/rueda-contrario\/\"><strong>rueda contrario<\/strong><\/a>.<\/p>\n<p>En esta variaci\u00f3n, los l\u00edderes (<em>hombres<\/em>) a\u00fan pueden cambiar de pareja en direcciones opuestas, pero ahora tambi\u00e9n los seguidores (<em>mujeres<\/em>) pueden hacerlo. El cambio de pareja en direcciones opuestas todav\u00eda ocurre solo cuando la llamada incluye \u00ab<em>contrario<\/em>\u00ab, como \u00ab<em>enchufla contrario<\/em>\u00bb o \u00ab<em>patin mujeres contrario<\/em>\u00ab. <\/p>\n<p>Los seguidores usan algo visual para distinguir los roles, como usar blusas claras \/ oscuras o usar bandas rojas \/ azules. <br \/>.<\/p>\n<div>\n<h1>Normas de tr\u00e1fico  <\/h1>\n<ul>\n<li>\n<p><strong>Las <em>seguidoras<\/em> tienen un papel fijo<\/strong> (<em>arriba<\/em> o <em>abajo<\/em>) en toda la rueda. <br \/>Cada segundo seguidor baila <em>abajo<\/em>, los dem\u00e1s bailan <em>arriba<\/em>. Necesitas algo visual para distinguir los roles, como usar blusas claras \/ oscuras o usar bandas rojas \/ azules. <\/p>\n<\/li>\n<li>\n<p><strong>Los l\u00edderes (<em>hombres<\/em>) tienen roles temporales <\/strong><br \/>A los l\u00edderes se les asigna un rol cuando se emite una llamada <em>a contrario<\/em> . Si la llamada es \u00ab<em>enchufla contrario<\/em>\u00ab, entonces el rol de los l\u00edderes para esa figura espec\u00edfica es el mismo rol (<em>arriba<\/em> o <em>abajo<\/em>) que tiene el compa\u00f1ero cuando comienza esa figura. Ven el papel por el color que lleva la pareja.    <\/p>\n<\/li>\n<li>\n<p><strong>Las reglas para cambiar de pareja<\/strong> son similares a las <em>de la rueda normal contrario<\/em>: <b><br \/><\/b>&#8211; Los seguidores\/l\u00edderes <em><strong>de Abajo<\/strong> <\/em>cambian de pareja en direcci\u00f3n <em>Abajo <\/em>(en sentido contrario a las agujas del reloj), entrando <strong>en<\/strong> el seguidor\/l\u00edder <em>de Arriba <\/em>(es decir, m\u00e1s cerca del centro)<br \/>&#8211; Los seguidores\/l\u00edderes <em><strong>de Arriba<\/strong><\/em> cambian de pareja en direcci\u00f3n <em>Arriba <\/em>(en el sentido de las agujas del reloj), yendo entre los seguidores\/l\u00edderes de <em>Abajo <\/em> y los compa\u00f1eros que esperan en la rueda.<\/p>\n<\/li>\n<li>\n<p><strong>En las llamadas que incluyen \u00ab<em>mujeres <span class=\"il\">contrario\u00bb,<\/span> <\/em><\/strong>las seguidoras <em>cambian de<\/em> pareja en direcciones opuestas. (Tambi\u00e9n las llamadas que incluyen \u00ab<em>muchachas contrario<\/em>\u00bb indican que los seguidores son roles de cambio, pero esto es nuevo en 2022, por lo que a\u00fan no est\u00e1 bien establecido).<br \/>Por ejemplo, en <em>\u00abpatin mujeres contrario\u00bb,<\/em> los seguidores <em>de abajo<\/em> cambian de pareja en direcci\u00f3n <em>abajo<\/em> y los seguidores <em>de arriba<\/em> cambian de pareja en direcci\u00f3n <em>arriba <\/em>. (F\u00e1cil de recordar).  <\/p>\n<\/li>\n<li>\n<p><strong>En las llamadas que incluyen \u00ab<em>contrario<\/em>\u00bb y <span style=\"text-decoration: underline\">no<\/span> \u00ab<em>mujeres<\/em>\u00ab,<\/strong> los l\u00edderes (hombres) cambian de pareja en direcci\u00f3n opuesta. <br \/>Por ejemplo, en \u00ab<em>enchufla contrario<\/em>\u00bb y \u00ab<em>patin contrario<\/em>\u00bb los l\u00edderes tienen <strong>roles temporales <\/strong>solo para esa figura (<em>abajo<\/em> o <em>arriba<\/em>). Obtienen el mismo papel que tiene su pareja, cuando comienza la figura. <\/p>\n<\/li>\n<\/ul>\n<p>*) Esta regla con roles fijos para las mujeres se estableci\u00f3 en 2019. En la primera edici\u00f3n de 2017, los l\u00edderes ten\u00edan roles fijos y los seguidores obtuvieron su papel para cada figura, seg\u00fan el rol del socio cuando comenz\u00f3 la figura. Se cambi\u00f3 porque era demasiado dif\u00edcil para los seguidores realizar un seguimiento de las direcciones, cuando no est\u00e1n acostumbrados a ser la parte activa en el cambio de pareja.    <\/p>\n<p>.<\/p>\n<p><div class=\"video-shortcode\"><iframe title=\"Rueda Contrario con mujeres y hombres, Bernd, Rueda Congress Bergen\" width=\"1200\" height=\"675\" src=\"https:\/\/www.youtube.com\/embed\/USF9YMTW0Sw?feature=oembed\" frameborder=\"0\" allow=\"accelerometer; autoplay; clipboard-write; encrypted-media; gyroscope; picture-in-picture; web-share\" referrerpolicy=\"strict-origin-when-cross-origin\" allowfullscreen><\/iframe><\/div><\/p>\n<p style=\"text-align: center\"><em>Rueda contrario hombres y mujeres | Taller de Bernt Rygg, Congreso SalsaNor Rueda 2019<\/em><\/p>\n<p>.<\/p>\n<\/div>\n<h1>Cifras establecidas  <\/h1>\n<table>\n<tbody>\n<tr>\n<td colspan=\"5\">\n<h2>POSICI\u00d3N ABIERTA<\/h2>\n<h3>1: patin mujeres <span class=\"il\">contrario<\/span><\/h3>\n<\/td>\n<\/tr>\n<tr>\n<td> <\/td>\n<td><em>Seguidores de Abajo<\/em>:<br \/><em>Seguidores de Arriba<\/em>:<\/td>\n<td colspan=\"3\"><em>Patin Pa&#8217;Mujeres <\/em>(video abajo)<br \/><em>patin pa&#8217;mujeres pa&#8217;arriba<\/em><\/td>\n<\/tr>\n<tr>\n<td> <\/td>\n<td colspan=\"4\">\n<p><em>Los seguidores de abajo <\/em>deben salir de la figura frente a los <em>seguidores de arriba<\/em>, m\u00e1s cerca del centro, para evitar chocar entre s\u00ed. Los seguidores deben ser conscientes unos de otros y tambi\u00e9n mantener contacto visual con su nueva pareja antes de salir de la figura. <\/p>\n<\/td>\n<\/tr>\n<tr>\n<td colspan=\"5\">\n<h3><strong>2: <\/strong>Rebota Mujeres <span class=\"il\">Contrario \/ Enchufla Muchachas Contrario<\/span><\/h3>\n<\/td>\n<\/tr>\n<tr>\n<td> <\/td>\n<td><em>Seguidores de Abajo<\/em>:<br \/><em>Seguidores de Arriba<\/em>:<\/td>\n<td colspan=\"3\"><em>Enchufla con muchachas (Enchufla y mujeres derecha con vuelta)<\/em><br \/><em>Enchufla con muchachas pa&#8217;arriba (Enchufla y mujeres izquierda con vuelta)<\/em><\/td>\n<\/tr>\n<tr>\n<td> <\/td>\n<td colspan=\"4\">\n<p>Dos y dos seguidores cruzan frente al mismo l\u00edder, mientras giran.<br \/><em>Los seguidores de Abajo<\/em> terminan con la misma pareja, <em>los seguidores de arriba<\/em> cambian de pareja <em>dos arriba<\/em>.<\/p>\n<\/td>\n<\/tr>\n<tr>\n<td colspan=\"5\">\n<h2>RUEDA AL MEDIO<\/h2>\n<p><strong>enchufla y al medio &gt;<\/strong><br \/>(video a continuaci\u00f3n)<\/p>\n<\/td>\n<\/tr>\n<tr>\n<td colspan=\"5\">\n<h3><strong>3:<\/strong> mujeres contrario<\/h3>\n<\/td>\n<\/tr>\n<tr>\n<td> <\/td>\n<td><em>Seguidores de Abajo<\/em>:<br \/><em>Seguidores de Arriba<\/em>:<\/td>\n<td colspan=\"3\"><em>Mujeres derecha <\/em>(video abajo)<br \/><em>Mujeres Izquierda<\/em> (video abajo)<\/td>\n<\/tr>\n<tr>\n<td colspan=\"6\">\n<h3><strong>4:<\/strong> Mujeres Contrario con Vuelta <span class=\"il\">\/ Muchachas Contrario<\/span><\/h3>\n<\/td>\n<\/tr>\n<tr>\n<td> <\/td>\n<td><em>Seguidores de Abajo<\/em>:<br \/><em>Seguidores de Arriba<\/em>:<\/td>\n<td colspan=\"3\"><em>Mujeres derecha con vuelta <\/em><br \/><em>Mujeres izquierda con vuelta <\/em><\/td>\n<\/tr>\n<tr>\n<td> <\/td>\n<td colspan=\"4\">\n<p>Dos y dos seguidores cruzan frente al mismo l\u00edder mientras giran, los seguidores <em>de abajo<\/em> pasan m\u00e1s cerca del centro. Hay un punto (alrededor del tiempo # 2-3) en el que ambos seguidores se giran y se enfrentan, cuando pueden hacer contacto entre s\u00ed con ambas manos, por diversi\u00f3n \/ conexi\u00f3n y por seguridad \/ control.   <\/p>\n<\/td>\n<\/tr>\n<\/tbody>\n<\/table>\n<p>.<\/p>\n<h1>Algunas posibles cifras a explorar<\/h1>\n<table>\n<tbody>\n<tr>\n<td colspan=\"5\">\n<h2>POSICI\u00d3N ABIERTA<\/h2>\n<h3>enchufla mujeres contrario<\/h3>\n<\/td>\n<\/tr>\n<tr>\n<td> <\/td>\n<td><em>Seguidores de Abajo<\/em>:<br \/><em>Seguidores de Arriba<\/em>:<\/td>\n<td colspan=\"3\"><em>enchufla mujeres<\/em><br \/><em>enchufla finta y dame<\/em><\/td>\n<\/tr>\n<tr>\n<td> <\/td>\n<td colspan=\"4\">\n<p><em>Los seguidores de Abajo <\/em>probablemente deber\u00edan ser conducidos a un bosque, para facilitar el viaje.  <\/p>\n<\/td>\n<\/tr>\n<tr>\n<td> <\/td>\n<td><em>Seguidores de Abajo<\/em>:<br \/><em>Seguidores de Arriba<\/em>:<\/td>\n<td colspan=\"3\"><em>Enchufla y Lazo y Enchufla Mujeres<\/em><br \/><em>Enchufla finta con paseala y exhibela y mujeres pa&#8217;arriba<\/em><\/td>\n<\/tr>\n<tr>\n<td colspan=\"5\">\n<h3>lazo mujeres <span class=\"il\">contrario<\/span><\/h3>\n<\/td>\n<\/tr>\n<tr>\n<td> <\/td>\n<td><em>Seguidores de Abajo<\/em>:<br \/><em>Seguidores de Arriba<\/em>:<\/td>\n<td colspan=\"3\"><em>Enchufla y Lazo y Enchufla Mujeres<\/em><br \/><em>Enchufla finta con paseala y exhibela y mujeres pa&#8217;arriba<\/em><\/td>\n<\/tr>\n<tr>\n<td> <\/td>\n<td colspan=\"4\">\n<p>Tenga en cuenta que esto depende de <em>la enchufla mujeres<\/em>, que es un componente de \u00abenchufla mujeres contrario\u00bb.<\/p>\n<\/td>\n<\/tr>\n<tr>\n<td colspan=\"5\">\n<h3>cero mujeres <span class=\"il\">contrario con vuelta<\/span><\/h3>\n<\/td>\n<\/tr>\n<tr>\n<td> <\/td>\n<td><em>Seguidores de Abajo<\/em>:<br \/><em>Seguidores de Arriba<\/em>:<\/td>\n<td colspan=\"3\"><em>cero con vuelta <\/em> (las damas giran a la izquierda mientras se mueven a la derecha)<br \/><em>Enchufla y mujeres cero a la derecha con vuelta <\/em><\/td>\n<\/tr>\n<tr>\n<td> <\/td>\n<td colspan=\"4\">\n<p>Similar a \u00ab<em>mujeres contrario con vuelta<\/em>\u00ab, pero comenzando con <em>enchufla<\/em> y terminando con <em>dile que no<\/em>. Los seguidores cruzan frente al mismo l\u00edder mientras giran, los <em>seguidores de abajo<\/em> pasan m\u00e1s cerca del centro. Hay un punto (alrededor del tiempo # 2-3) en el que ambas damas se giran y se enfrentan, cuando pueden hacer contacto entre s\u00ed con ambas manos, por diversi\u00f3n \/ conexi\u00f3n y por seguridad \/ control.    <\/p>\n<\/td>\n<\/tr>\n<tr>\n<td colspan=\"5\">\n<h3>ocho para mujeres <span class=\"il\">contrario <\/span> <\/h3>\n<\/td>\n<\/tr>\n<tr>\n<td> <\/td>\n<td><em>Seguidores de Abajo<\/em>:<br \/><em>Seguidores de Arriba<\/em>:<\/td>\n<td colspan=\"3\"><em>Ocho para Mujeres <\/em>(video abajo)<br \/><em>ocho para mujeres opuesto<\/em><\/td>\n<\/tr>\n<tr>\n<td> <\/td>\n<td colspan=\"4\">\n<p>En <em>ocho para mujeres contrario<\/em> todos terminan con la misma pareja con la que comenzaron. Esta es una figura complicada para los seguidores, y deben practicarse en las dos figuras por separado (<em>ocho para mujeres <\/em>y <em>ocho para mujeres opuesto<\/em>).   <\/p>\n<p>En <em>ocho para mujeres opuesto<\/em> la seguidora primero da vueltas alrededor de la pareja que inicia las figuras, y termina con \u00abmuchachas pa&#8217;arriba\u00bb, terminando con el cambio de pareja <em>dos arriba<\/em>.<\/p>\n<p>Tenga en cuenta que dos y dos seguidores cruzan frente al mismo l\u00edder mientras giran dos veces.  <\/p>\n<\/td>\n<\/tr>\n<tr>\n<td colspan=\"5\">\n<h3><span class=\"il\">exhibela mujeres contrario  <br \/><\/span><span class=\"il\">Botala Mujeres Contrario<br \/><\/span><\/h3>\n<\/td>\n<\/tr>\n<tr>\n<td> <\/td>\n<td><em>Seguidores de Abajo<\/em>:<br \/><em>Seguidores de Arriba<\/em>:<\/td>\n<td colspan=\"3\"><em>Exhibela | Botala &#8211; y mujeres Pa&#8217;abajo <\/em><br \/><em>Exhibela | Botala &#8211; y mujeres Pa&#8217;arriba <\/em><\/td>\n<\/tr>\n<tr>\n<td> <\/td>\n<td colspan=\"4\">\n<p>El principio es el mismo para ambos. Los seguidores giran a la derecha hacia el centro y cambian de pareja en direcci\u00f3n opuesta. <em>Los seguidores de Abajo<\/em> se acercan m\u00e1s al centro para ceder. <\/p>\n<\/td>\n<\/tr>\n<tr>\n<td colspan=\"5\">\n<h2>POSICI\u00d3N CERRADA<\/h2>\n<\/td>\n<\/tr>\n<tr>\n<td colspan=\"5\">\n<h3>americana mujeres contrario<\/h3>\n<\/td>\n<\/tr>\n<tr>\n<td> <\/td>\n<td><em>Seguidores de Abajo<\/em>:<br \/><em>Seguidores de Arriba<\/em>:<\/td>\n<td><em>americana y mujeres pa&#8217;abajo <\/em><br \/><em>americana y mujeres pa&#8217;arriba <\/em><\/td>\n<\/tr>\n<tr>\n<td> <\/td>\n<td colspan=\"4\">\n<p>Mismo principio que en \u00ab<span class=\"il\"><em>exhibela mujeres contrario<\/em>\u00ab. <\/span>Los seguidores giran a la derecha hacia el centro y cambian de pareja en direcci\u00f3n opuesta. <em>Los seguidores de Abajo<\/em> se acercan m\u00e1s al centro para ceder.<\/p>\n<\/td>\n<\/tr>\n<\/tbody>\n<\/table>\n<p>.<\/p>\n<h1>V\u00eddeos relacionados<\/h1>\n<p>.<\/p>\n<p><div class=\"video-shortcode\"><iframe title=\"patin para mujeres (rueda de casino)\" src=\"https:\/\/player.vimeo.com\/video\/371232589?dnt=1&amp;app_id=122963\" width=\"1200\" height=\"675\" frameborder=\"0\" allow=\"autoplay; fullscreen; picture-in-picture; clipboard-write; encrypted-media; web-share\" referrerpolicy=\"strict-origin-when-cross-origin\"><\/iframe><\/div><\/p>\n<h2 style=\"text-align: center\">Patin para mujeres<\/h2>\n<p>.<\/p>\n<p><div class=\"video-shortcode\"><iframe title=\"cero (rueda de casino)\" src=\"https:\/\/player.vimeo.com\/video\/360644292?dnt=1&amp;app_id=122963\" width=\"1200\" height=\"675\" frameborder=\"0\" allow=\"autoplay; fullscreen; picture-in-picture; clipboard-write; encrypted-media; web-share\" referrerpolicy=\"strict-origin-when-cross-origin\"><\/iframe><\/div><\/p>\n<h2 style=\"text-align: center\">cero<\/h2>\n<p>.<\/p>\n<p><div class=\"video-shortcode\"><iframe title=\"ocho para mujeres (rueda de casino)\" src=\"https:\/\/player.vimeo.com\/video\/333802546?dnt=1&amp;app_id=122963\" width=\"1200\" height=\"675\" frameborder=\"0\" allow=\"autoplay; fullscreen; picture-in-picture; clipboard-write; encrypted-media; web-share\" referrerpolicy=\"strict-origin-when-cross-origin\"><\/iframe><\/div><\/p>\n<h2 style=\"text-align: center\">ocho para mujeres<\/h2>\n<p>.<\/p>\n<p><div class=\"video-shortcode\"><iframe title=\"enchufla y al medio (rueda de casino)\" src=\"https:\/\/player.vimeo.com\/video\/559190580?dnt=1&amp;app_id=122963\" width=\"1200\" height=\"675\" frameborder=\"0\" allow=\"autoplay; fullscreen; picture-in-picture; clipboard-write; encrypted-media; web-share\" referrerpolicy=\"strict-origin-when-cross-origin\"><\/iframe><\/div><\/p>\n<h2 style=\"text-align: center\">enchufla y al medio<\/h2>\n<p>.<\/p>\n<p><div class=\"video-shortcode\"><iframe title=\"mujeres derecha, mujeres izquierda (rueda de casino)\" src=\"https:\/\/player.vimeo.com\/video\/360642347?dnt=1&amp;app_id=122963\" width=\"1200\" height=\"675\" frameborder=\"0\" allow=\"autoplay; fullscreen; picture-in-picture; clipboard-write; encrypted-media; web-share\" referrerpolicy=\"strict-origin-when-cross-origin\"><\/iframe><\/div><\/p>\n<h2 style=\"text-align: center\">mujeres derecha, mujeres izquierda<\/h2>\n<p>.<\/p>\n<p>.<\/p>\n<hr>\n<h2>Origen<\/h2>\n<p><em>Rueda mujeres contrario<\/em> fue creada por <a href=\"https:\/\/www.facebook.com\/bernt.i.rygg\/\" target=\"_blank\" rel=\"noopener\">Bernt Rygg<\/a> en 2017, y se imparti\u00f3 en el <a href=\"http:\/\/ruedacongress.com\" target=\"_blank\" rel=\"noopener\">Congreso SalsaNor Rueda<\/a> por primera vez en M\u00e1laga en 2018.<em><br \/><\/em><\/p>\n<p>M\u00e1s tarde, el concepto ha cambiado a ser una parte integrada de <em>rueda contrario<\/em>, en lugar de una estructura separada que solo se centra en los seguidores. De ah\u00ed el nombre de <em>rueda contrario &#8211; hombres y mujeres.<\/em> <\/p>\n<p>.<\/p>\n<hr>\n<p>.<\/p>\n<p>.<\/p>\n\n<p><\/p>\n","protected":false},"excerpt":{"rendered":"<p>Rueda contrario &#8211; hombres y mujeres es una variaci\u00f3n extendida  [&#8230;]<\/p>\n","protected":false},"author":1,"featured_media":0,"parent":23786,"menu_order":22,"comment_status":"closed","ping_status":"closed","template":"","meta":{"_acf_changed":false,"content-type":"","footnotes":""},"class_list":["post-23287","page","type-page","status-publish","hentry"],"acf":[],"yoast_head":"<!-- This site is optimized with the Yoast SEO plugin v27.5 - https:\/\/yoast.com\/product\/yoast-seo-wordpress\/ -->\n<title>Rueda contrario - hombres y mujeres - Rueda.Casino<\/title>\n<meta name=\"robots\" content=\"index, follow, max-snippet:-1, max-image-preview:large, max-video-preview:-1\" \/>\n<link rel=\"canonical\" href=\"https:\/\/rueda.casino\/es\/estructuras-de-rueda-estructuras-de-rueda\/rueda-contrario-hombres-y-mujeres\/\" \/>\n<meta property=\"og:locale\" content=\"es_ES\" \/>\n<meta property=\"og:type\" content=\"article\" \/>\n<meta property=\"og:title\" content=\"Rueda contrario - hombres y mujeres - Rueda.Casino\" \/>\n<meta property=\"og:description\" content=\"Rueda contrario &#8211; hombres y mujeres es una variaci\u00f3n extendida [...]\" \/>\n<meta property=\"og:url\" content=\"https:\/\/rueda.casino\/es\/estructuras-de-rueda-estructuras-de-rueda\/rueda-contrario-hombres-y-mujeres\/\" \/>\n<meta property=\"og:site_name\" content=\"Rueda.Casino\" \/>\n<meta property=\"article:publisher\" content=\"https:\/\/www.facebook.com\/ruedadotcasino\" \/>\n<meta property=\"article:modified_time\" content=\"2025-08-13T11:02:50+00:00\" \/>\n<meta name=\"twitter:card\" content=\"summary_large_image\" \/>\n<meta name=\"twitter:label1\" content=\"Tiempo de lectura\" \/>\n\t<meta name=\"twitter:data1\" content=\"6 minutos\" \/>\n<script type=\"application\/ld+json\" class=\"yoast-schema-graph\">{\"@context\":\"https:\\\/\\\/schema.org\",\"@graph\":[{\"@type\":\"WebPage\",\"@id\":\"https:\\\/\\\/rueda.casino\\\/es\\\/estructuras-de-rueda-estructuras-de-rueda\\\/rueda-contrario-hombres-y-mujeres\\\/\",\"url\":\"https:\\\/\\\/rueda.casino\\\/es\\\/estructuras-de-rueda-estructuras-de-rueda\\\/rueda-contrario-hombres-y-mujeres\\\/\",\"name\":\"Rueda contrario - hombres y mujeres - Rueda.Casino\",\"isPartOf\":{\"@id\":\"https:\\\/\\\/rueda.casino\\\/es\\\/#website\"},\"datePublished\":\"2018-07-31T18:32:49+00:00\",\"dateModified\":\"2025-08-13T11:02:50+00:00\",\"breadcrumb\":{\"@id\":\"https:\\\/\\\/rueda.casino\\\/es\\\/estructuras-de-rueda-estructuras-de-rueda\\\/rueda-contrario-hombres-y-mujeres\\\/#breadcrumb\"},\"inLanguage\":\"es\",\"potentialAction\":[{\"@type\":\"ReadAction\",\"target\":[\"https:\\\/\\\/rueda.casino\\\/es\\\/estructuras-de-rueda-estructuras-de-rueda\\\/rueda-contrario-hombres-y-mujeres\\\/\"]}]},{\"@type\":\"BreadcrumbList\",\"@id\":\"https:\\\/\\\/rueda.casino\\\/es\\\/estructuras-de-rueda-estructuras-de-rueda\\\/rueda-contrario-hombres-y-mujeres\\\/#breadcrumb\",\"itemListElement\":[{\"@type\":\"ListItem\",\"position\":1,\"name\":\"Home\",\"item\":\"https:\\\/\\\/rueda.casino\\\/es\\\/hogar\\\/\"},{\"@type\":\"ListItem\",\"position\":2,\"name\":\"Estructuras de Rueda\",\"item\":\"https:\\\/\\\/rueda.casino\\\/es\\\/estructuras-de-rueda-estructuras-de-rueda\\\/\"},{\"@type\":\"ListItem\",\"position\":3,\"name\":\"Rueda contrario &#8211; hombres y mujeres\"}]},{\"@type\":\"WebSite\",\"@id\":\"https:\\\/\\\/rueda.casino\\\/es\\\/#website\",\"url\":\"https:\\\/\\\/rueda.casino\\\/es\\\/\",\"name\":\"Rueda.Casino\",\"description\":\"Educational rueda &amp; casino videos of high quality\",\"publisher\":{\"@id\":\"https:\\\/\\\/rueda.casino\\\/es\\\/#organization\"},\"potentialAction\":[{\"@type\":\"SearchAction\",\"target\":{\"@type\":\"EntryPoint\",\"urlTemplate\":\"https:\\\/\\\/rueda.casino\\\/es\\\/?s={search_term_string}\"},\"query-input\":{\"@type\":\"PropertyValueSpecification\",\"valueRequired\":true,\"valueName\":\"search_term_string\"}}],\"inLanguage\":\"es\"},{\"@type\":\"Organization\",\"@id\":\"https:\\\/\\\/rueda.casino\\\/es\\\/#organization\",\"name\":\"Rueda.Casino\",\"url\":\"https:\\\/\\\/rueda.casino\\\/es\\\/\",\"logo\":{\"@type\":\"ImageObject\",\"inLanguage\":\"es\",\"@id\":\"https:\\\/\\\/rueda.casino\\\/es\\\/#\\\/schema\\\/logo\\\/image\\\/\",\"url\":\"https:\\\/\\\/rueda.casino\\\/wp-content\\\/uploads\\\/2018\\\/08\\\/cropped-rueda.casino-2-linje-weblogo.png\",\"contentUrl\":\"https:\\\/\\\/rueda.casino\\\/wp-content\\\/uploads\\\/2018\\\/08\\\/cropped-rueda.casino-2-linje-weblogo.png\",\"width\":150,\"height\":51,\"caption\":\"Rueda.Casino\"},\"image\":{\"@id\":\"https:\\\/\\\/rueda.casino\\\/es\\\/#\\\/schema\\\/logo\\\/image\\\/\"},\"sameAs\":[\"https:\\\/\\\/www.facebook.com\\\/ruedadotcasino\",\"https:\\\/\\\/www.instagram.com\\\/rueda.casino\\\/\",\"https:\\\/\\\/www.youtube.com\\\/@rueda.casino\"]}]}<\/script>\n<!-- \/ Yoast SEO plugin. -->","yoast_head_json":{"title":"Rueda contrario - hombres y mujeres - Rueda.Casino","robots":{"index":"index","follow":"follow","max-snippet":"max-snippet:-1","max-image-preview":"max-image-preview:large","max-video-preview":"max-video-preview:-1"},"canonical":"https:\/\/rueda.casino\/es\/estructuras-de-rueda-estructuras-de-rueda\/rueda-contrario-hombres-y-mujeres\/","og_locale":"es_ES","og_type":"article","og_title":"Rueda contrario - hombres y mujeres - Rueda.Casino","og_description":"Rueda contrario &#8211; hombres y mujeres es una variaci\u00f3n extendida [...]","og_url":"https:\/\/rueda.casino\/es\/estructuras-de-rueda-estructuras-de-rueda\/rueda-contrario-hombres-y-mujeres\/","og_site_name":"Rueda.Casino","article_publisher":"https:\/\/www.facebook.com\/ruedadotcasino","article_modified_time":"2025-08-13T11:02:50+00:00","twitter_card":"summary_large_image","twitter_misc":{"Tiempo de lectura":"6 minutos"},"schema":{"@context":"https:\/\/schema.org","@graph":[{"@type":"WebPage","@id":"https:\/\/rueda.casino\/es\/estructuras-de-rueda-estructuras-de-rueda\/rueda-contrario-hombres-y-mujeres\/","url":"https:\/\/rueda.casino\/es\/estructuras-de-rueda-estructuras-de-rueda\/rueda-contrario-hombres-y-mujeres\/","name":"Rueda contrario - hombres y mujeres - Rueda.Casino","isPartOf":{"@id":"https:\/\/rueda.casino\/es\/#website"},"datePublished":"2018-07-31T18:32:49+00:00","dateModified":"2025-08-13T11:02:50+00:00","breadcrumb":{"@id":"https:\/\/rueda.casino\/es\/estructuras-de-rueda-estructuras-de-rueda\/rueda-contrario-hombres-y-mujeres\/#breadcrumb"},"inLanguage":"es","potentialAction":[{"@type":"ReadAction","target":["https:\/\/rueda.casino\/es\/estructuras-de-rueda-estructuras-de-rueda\/rueda-contrario-hombres-y-mujeres\/"]}]},{"@type":"BreadcrumbList","@id":"https:\/\/rueda.casino\/es\/estructuras-de-rueda-estructuras-de-rueda\/rueda-contrario-hombres-y-mujeres\/#breadcrumb","itemListElement":[{"@type":"ListItem","position":1,"name":"Home","item":"https:\/\/rueda.casino\/es\/hogar\/"},{"@type":"ListItem","position":2,"name":"Estructuras de Rueda","item":"https:\/\/rueda.casino\/es\/estructuras-de-rueda-estructuras-de-rueda\/"},{"@type":"ListItem","position":3,"name":"Rueda contrario &#8211; hombres y mujeres"}]},{"@type":"WebSite","@id":"https:\/\/rueda.casino\/es\/#website","url":"https:\/\/rueda.casino\/es\/","name":"Rueda.Casino","description":"Educational rueda &amp; casino videos of high quality","publisher":{"@id":"https:\/\/rueda.casino\/es\/#organization"},"potentialAction":[{"@type":"SearchAction","target":{"@type":"EntryPoint","urlTemplate":"https:\/\/rueda.casino\/es\/?s={search_term_string}"},"query-input":{"@type":"PropertyValueSpecification","valueRequired":true,"valueName":"search_term_string"}}],"inLanguage":"es"},{"@type":"Organization","@id":"https:\/\/rueda.casino\/es\/#organization","name":"Rueda.Casino","url":"https:\/\/rueda.casino\/es\/","logo":{"@type":"ImageObject","inLanguage":"es","@id":"https:\/\/rueda.casino\/es\/#\/schema\/logo\/image\/","url":"https:\/\/rueda.casino\/wp-content\/uploads\/2018\/08\/cropped-rueda.casino-2-linje-weblogo.png","contentUrl":"https:\/\/rueda.casino\/wp-content\/uploads\/2018\/08\/cropped-rueda.casino-2-linje-weblogo.png","width":150,"height":51,"caption":"Rueda.Casino"},"image":{"@id":"https:\/\/rueda.casino\/es\/#\/schema\/logo\/image\/"},"sameAs":["https:\/\/www.facebook.com\/ruedadotcasino","https:\/\/www.instagram.com\/rueda.casino\/","https:\/\/www.youtube.com\/@rueda.casino"]}]}},"_links":{"self":[{"href":"https:\/\/rueda.casino\/es\/wp-json\/wp\/v2\/pages\/23287","targetHints":{"allow":["GET"]}}],"collection":[{"href":"https:\/\/rueda.casino\/es\/wp-json\/wp\/v2\/pages"}],"about":[{"href":"https:\/\/rueda.casino\/es\/wp-json\/wp\/v2\/types\/page"}],"author":[{"embeddable":true,"href":"https:\/\/rueda.casino\/es\/wp-json\/wp\/v2\/users\/1"}],"replies":[{"embeddable":true,"href":"https:\/\/rueda.casino\/es\/wp-json\/wp\/v2\/comments?post=23287"}],"version-history":[{"count":0,"href":"https:\/\/rueda.casino\/es\/wp-json\/wp\/v2\/pages\/23287\/revisions"}],"up":[{"embeddable":true,"href":"https:\/\/rueda.casino\/es\/wp-json\/wp\/v2\/pages\/23786"}],"wp:attachment":[{"href":"https:\/\/rueda.casino\/es\/wp-json\/wp\/v2\/media?parent=23287"}],"curies":[{"name":"wp","href":"https:\/\/api.w.org\/{rel}","templated":true}]}}