

    {"id":23346,"date":"2018-08-17T23:36:08","date_gmt":"2018-08-17T21:36:08","guid":{"rendered":"https:\/\/rueda.casino\/rueda-frente-a-frente\/"},"modified":"2025-08-13T13:02:51","modified_gmt":"2025-08-13T11:02:51","slug":"rueda-frente-a-frente","status":"publish","type":"page","link":"https:\/\/rueda.casino\/es\/estructuras-de-rueda-estructuras-de-rueda\/rueda-frente-a-frente\/","title":{"rendered":"Rueda frente a frente"},"content":{"rendered":"<p><strong>Frente a frente<\/strong> significa <em>cara a cara<\/em>. Tiene ciertas similitudes con la versi\u00f3n original de <a href=\"http:\/\/rueda.casino\/rueda-structures\/rueda-llanta\/\">Rueda llanta<\/a>, con c\u00edrculos grandes y peque\u00f1os c\u00edrculos emergentes. No hay c\u00edrculos fijos peque\u00f1os\/peque\u00f1os, sino que una pareja de cada uno de los c\u00edrculos grandes\/grandes se conecta en ciertas figuras, como <em>amistad<\/em>, <em>toma el\u00e9ctrica<\/em>, etc. El cambio de pareja predeterminado se realiza en los c\u00edrculos grande\/grande.   <\/p>\n<p>El comando <strong>paseito<\/strong> se usa para que las parejas viajen entre s\u00ed, se den la vuelta y cambien de c\u00edrculo grande.<\/p>\n<p>Para que esto funcione, se necesita un n\u00famero par de parejas. Tenga en cuenta que si se usa en rueda social, porque una pareja m\u00e1s sobre la marcha destruir\u00e1 la estructura. Un <a href=\"http:\/\/rueda.casino\/rueda-structures\/rueda-combo\/\">combo de Rueda<\/a> con dos c\u00edrculos es m\u00e1s amigable para agregar nuevas parejas en la carrera.  <\/p>\n<p><img decoding=\"async\" class=\"lazyload aligncenter wp-image-356\" src=\"https:\/\/rueda.casino\/wp-content\/uploads\/2018\/08\/Rueda-frente-a-frente-wp-1024x990.png\" data-orig-src=\"https:\/\/rueda.casino\/wp-content\/uploads\/2018\/08\/Rueda-frente-a-frente-wp-1024x990.png\" alt=\"\" width=\"700\" height=\"676\" srcset=\"data:image\/svg+xml,%3Csvg%20xmlns%3D%27http%3A%2F%2Fwww.w3.org%2F2000%2Fsvg%27%20width%3D%27700%27%20height%3D%27676%27%20viewBox%3D%270%200%20700%20676%27%3E%3Crect%20width%3D%27700%27%20height%3D%27676%27%20fill-opacity%3D%220%22%2F%3E%3C%2Fsvg%3E\" data-srcset=\"https:\/\/rueda.casino\/wp-content\/uploads\/2018\/08\/Rueda-frente-a-frente-wp-300x290.png 300w, https:\/\/rueda.casino\/wp-content\/uploads\/2018\/08\/Rueda-frente-a-frente-wp-768x742.png 768w, https:\/\/rueda.casino\/wp-content\/uploads\/2018\/08\/Rueda-frente-a-frente-wp-1024x990.png 1024w, https:\/\/rueda.casino\/wp-content\/uploads\/2018\/08\/Rueda-frente-a-frente-wp.png 1608w\" data-sizes=\"auto\" data-orig-sizes=\"(max-width: 700px) 100vw, 700px\" \/><\/p>\n<p>.<\/p>\n<hr>\n<h2>Origen<\/h2>\n<p><em>Rueda frente a frente <\/em>fue creada por <a href=\"https:\/\/www.facebook.com\/bernt.i.rygg\/\" target=\"_blank\" rel=\"noopener\">Bernt Rygg<\/a> en 2013, y se imparti\u00f3 en el <a href=\"http:\/\/ruedacongress.com\" target=\"_blank\" rel=\"noopener\">Congreso SalsaNor Rueda<\/a> por primera vez en Southampton en 2013.<\/p>\n<hr>\n<p>.<\/p>\n<p>.<\/p>\n","protected":false},"excerpt":{"rendered":"<p>Frente a frente significa cara a cara. Tiene ciertas similitudes  [&#8230;]<\/p>\n","protected":false},"author":1,"featured_media":0,"parent":23786,"menu_order":53,"comment_status":"closed","ping_status":"closed","template":"","meta":{"_acf_changed":false,"content-type":"","footnotes":""},"class_list":["post-23346","page","type-page","status-publish","hentry"],"acf":[],"yoast_head":"<!-- This site is optimized with the Yoast SEO plugin v27.5 - https:\/\/yoast.com\/product\/yoast-seo-wordpress\/ -->\n<title>Rueda frente a frente - Rueda.Casino<\/title>\n<meta name=\"robots\" content=\"index, follow, max-snippet:-1, max-image-preview:large, max-video-preview:-1\" \/>\n<link rel=\"canonical\" href=\"https:\/\/rueda.casino\/es\/estructuras-de-rueda-estructuras-de-rueda\/rueda-frente-a-frente\/\" \/>\n<meta property=\"og:locale\" content=\"es_ES\" \/>\n<meta property=\"og:type\" content=\"article\" \/>\n<meta property=\"og:title\" content=\"Rueda frente a frente - Rueda.Casino\" \/>\n<meta property=\"og:description\" content=\"Frente a frente significa cara a cara. Tiene ciertas similitudes [...]\" \/>\n<meta property=\"og:url\" content=\"https:\/\/rueda.casino\/es\/estructuras-de-rueda-estructuras-de-rueda\/rueda-frente-a-frente\/\" \/>\n<meta property=\"og:site_name\" content=\"Rueda.Casino\" \/>\n<meta property=\"article:publisher\" content=\"https:\/\/www.facebook.com\/ruedadotcasino\" \/>\n<meta property=\"article:modified_time\" content=\"2025-08-13T11:02:51+00:00\" \/>\n<meta property=\"og:image\" content=\"https:\/\/rueda.casino\/wp-content\/uploads\/2018\/08\/Rueda-frente-a-frente-wp.png\" \/>\n\t<meta property=\"og:image:width\" content=\"1608\" \/>\n\t<meta property=\"og:image:height\" content=\"1554\" \/>\n\t<meta property=\"og:image:type\" content=\"image\/png\" \/>\n<meta name=\"twitter:card\" content=\"summary_large_image\" \/>\n<meta name=\"twitter:label1\" content=\"Tiempo de lectura\" \/>\n\t<meta name=\"twitter:data1\" content=\"1 minuto\" \/>\n<script type=\"application\/ld+json\" class=\"yoast-schema-graph\">{\"@context\":\"https:\\\/\\\/schema.org\",\"@graph\":[{\"@type\":\"WebPage\",\"@id\":\"https:\\\/\\\/rueda.casino\\\/es\\\/estructuras-de-rueda-estructuras-de-rueda\\\/rueda-frente-a-frente\\\/\",\"url\":\"https:\\\/\\\/rueda.casino\\\/es\\\/estructuras-de-rueda-estructuras-de-rueda\\\/rueda-frente-a-frente\\\/\",\"name\":\"Rueda frente a frente - Rueda.Casino\",\"isPartOf\":{\"@id\":\"https:\\\/\\\/rueda.casino\\\/es\\\/#website\"},\"primaryImageOfPage\":{\"@id\":\"https:\\\/\\\/rueda.casino\\\/es\\\/estructuras-de-rueda-estructuras-de-rueda\\\/rueda-frente-a-frente\\\/#primaryimage\"},\"image\":{\"@id\":\"https:\\\/\\\/rueda.casino\\\/es\\\/estructuras-de-rueda-estructuras-de-rueda\\\/rueda-frente-a-frente\\\/#primaryimage\"},\"thumbnailUrl\":\"https:\\\/\\\/rueda.casino\\\/wp-content\\\/uploads\\\/2018\\\/08\\\/Rueda-frente-a-frente-wp-1024x990.png\",\"datePublished\":\"2018-08-17T21:36:08+00:00\",\"dateModified\":\"2025-08-13T11:02:51+00:00\",\"breadcrumb\":{\"@id\":\"https:\\\/\\\/rueda.casino\\\/es\\\/estructuras-de-rueda-estructuras-de-rueda\\\/rueda-frente-a-frente\\\/#breadcrumb\"},\"inLanguage\":\"es\",\"potentialAction\":[{\"@type\":\"ReadAction\",\"target\":[\"https:\\\/\\\/rueda.casino\\\/es\\\/estructuras-de-rueda-estructuras-de-rueda\\\/rueda-frente-a-frente\\\/\"]}]},{\"@type\":\"ImageObject\",\"inLanguage\":\"es\",\"@id\":\"https:\\\/\\\/rueda.casino\\\/es\\\/estructuras-de-rueda-estructuras-de-rueda\\\/rueda-frente-a-frente\\\/#primaryimage\",\"url\":\"https:\\\/\\\/rueda.casino\\\/wp-content\\\/uploads\\\/2018\\\/08\\\/Rueda-frente-a-frente-wp-1024x990.png\",\"contentUrl\":\"https:\\\/\\\/rueda.casino\\\/wp-content\\\/uploads\\\/2018\\\/08\\\/Rueda-frente-a-frente-wp-1024x990.png\"},{\"@type\":\"BreadcrumbList\",\"@id\":\"https:\\\/\\\/rueda.casino\\\/es\\\/estructuras-de-rueda-estructuras-de-rueda\\\/rueda-frente-a-frente\\\/#breadcrumb\",\"itemListElement\":[{\"@type\":\"ListItem\",\"position\":1,\"name\":\"Home\",\"item\":\"https:\\\/\\\/rueda.casino\\\/es\\\/hogar\\\/\"},{\"@type\":\"ListItem\",\"position\":2,\"name\":\"Estructuras de Rueda\",\"item\":\"https:\\\/\\\/rueda.casino\\\/es\\\/estructuras-de-rueda-estructuras-de-rueda\\\/\"},{\"@type\":\"ListItem\",\"position\":3,\"name\":\"Rueda frente a frente\"}]},{\"@type\":\"WebSite\",\"@id\":\"https:\\\/\\\/rueda.casino\\\/es\\\/#website\",\"url\":\"https:\\\/\\\/rueda.casino\\\/es\\\/\",\"name\":\"Rueda.Casino\",\"description\":\"Educational rueda &amp; casino videos of high quality\",\"publisher\":{\"@id\":\"https:\\\/\\\/rueda.casino\\\/es\\\/#organization\"},\"potentialAction\":[{\"@type\":\"SearchAction\",\"target\":{\"@type\":\"EntryPoint\",\"urlTemplate\":\"https:\\\/\\\/rueda.casino\\\/es\\\/?s={search_term_string}\"},\"query-input\":{\"@type\":\"PropertyValueSpecification\",\"valueRequired\":true,\"valueName\":\"search_term_string\"}}],\"inLanguage\":\"es\"},{\"@type\":\"Organization\",\"@id\":\"https:\\\/\\\/rueda.casino\\\/es\\\/#organization\",\"name\":\"Rueda.Casino\",\"url\":\"https:\\\/\\\/rueda.casino\\\/es\\\/\",\"logo\":{\"@type\":\"ImageObject\",\"inLanguage\":\"es\",\"@id\":\"https:\\\/\\\/rueda.casino\\\/es\\\/#\\\/schema\\\/logo\\\/image\\\/\",\"url\":\"https:\\\/\\\/rueda.casino\\\/wp-content\\\/uploads\\\/2018\\\/08\\\/cropped-rueda.casino-2-linje-weblogo.png\",\"contentUrl\":\"https:\\\/\\\/rueda.casino\\\/wp-content\\\/uploads\\\/2018\\\/08\\\/cropped-rueda.casino-2-linje-weblogo.png\",\"width\":150,\"height\":51,\"caption\":\"Rueda.Casino\"},\"image\":{\"@id\":\"https:\\\/\\\/rueda.casino\\\/es\\\/#\\\/schema\\\/logo\\\/image\\\/\"},\"sameAs\":[\"https:\\\/\\\/www.facebook.com\\\/ruedadotcasino\",\"https:\\\/\\\/www.instagram.com\\\/rueda.casino\\\/\",\"https:\\\/\\\/www.youtube.com\\\/@rueda.casino\"]}]}<\/script>\n<!-- \/ Yoast SEO plugin. -->","yoast_head_json":{"title":"Rueda frente a frente - Rueda.Casino","robots":{"index":"index","follow":"follow","max-snippet":"max-snippet:-1","max-image-preview":"max-image-preview:large","max-video-preview":"max-video-preview:-1"},"canonical":"https:\/\/rueda.casino\/es\/estructuras-de-rueda-estructuras-de-rueda\/rueda-frente-a-frente\/","og_locale":"es_ES","og_type":"article","og_title":"Rueda frente a frente - Rueda.Casino","og_description":"Frente a frente significa cara a cara. Tiene ciertas similitudes [...]","og_url":"https:\/\/rueda.casino\/es\/estructuras-de-rueda-estructuras-de-rueda\/rueda-frente-a-frente\/","og_site_name":"Rueda.Casino","article_publisher":"https:\/\/www.facebook.com\/ruedadotcasino","article_modified_time":"2025-08-13T11:02:51+00:00","og_image":[{"width":1608,"height":1554,"url":"https:\/\/rueda.casino\/wp-content\/uploads\/2018\/08\/Rueda-frente-a-frente-wp.png","type":"image\/png"}],"twitter_card":"summary_large_image","twitter_misc":{"Tiempo de lectura":"1 minuto"},"schema":{"@context":"https:\/\/schema.org","@graph":[{"@type":"WebPage","@id":"https:\/\/rueda.casino\/es\/estructuras-de-rueda-estructuras-de-rueda\/rueda-frente-a-frente\/","url":"https:\/\/rueda.casino\/es\/estructuras-de-rueda-estructuras-de-rueda\/rueda-frente-a-frente\/","name":"Rueda frente a frente - Rueda.Casino","isPartOf":{"@id":"https:\/\/rueda.casino\/es\/#website"},"primaryImageOfPage":{"@id":"https:\/\/rueda.casino\/es\/estructuras-de-rueda-estructuras-de-rueda\/rueda-frente-a-frente\/#primaryimage"},"image":{"@id":"https:\/\/rueda.casino\/es\/estructuras-de-rueda-estructuras-de-rueda\/rueda-frente-a-frente\/#primaryimage"},"thumbnailUrl":"https:\/\/rueda.casino\/wp-content\/uploads\/2018\/08\/Rueda-frente-a-frente-wp-1024x990.png","datePublished":"2018-08-17T21:36:08+00:00","dateModified":"2025-08-13T11:02:51+00:00","breadcrumb":{"@id":"https:\/\/rueda.casino\/es\/estructuras-de-rueda-estructuras-de-rueda\/rueda-frente-a-frente\/#breadcrumb"},"inLanguage":"es","potentialAction":[{"@type":"ReadAction","target":["https:\/\/rueda.casino\/es\/estructuras-de-rueda-estructuras-de-rueda\/rueda-frente-a-frente\/"]}]},{"@type":"ImageObject","inLanguage":"es","@id":"https:\/\/rueda.casino\/es\/estructuras-de-rueda-estructuras-de-rueda\/rueda-frente-a-frente\/#primaryimage","url":"https:\/\/rueda.casino\/wp-content\/uploads\/2018\/08\/Rueda-frente-a-frente-wp-1024x990.png","contentUrl":"https:\/\/rueda.casino\/wp-content\/uploads\/2018\/08\/Rueda-frente-a-frente-wp-1024x990.png"},{"@type":"BreadcrumbList","@id":"https:\/\/rueda.casino\/es\/estructuras-de-rueda-estructuras-de-rueda\/rueda-frente-a-frente\/#breadcrumb","itemListElement":[{"@type":"ListItem","position":1,"name":"Home","item":"https:\/\/rueda.casino\/es\/hogar\/"},{"@type":"ListItem","position":2,"name":"Estructuras de Rueda","item":"https:\/\/rueda.casino\/es\/estructuras-de-rueda-estructuras-de-rueda\/"},{"@type":"ListItem","position":3,"name":"Rueda frente a frente"}]},{"@type":"WebSite","@id":"https:\/\/rueda.casino\/es\/#website","url":"https:\/\/rueda.casino\/es\/","name":"Rueda.Casino","description":"Educational rueda &amp; casino videos of high quality","publisher":{"@id":"https:\/\/rueda.casino\/es\/#organization"},"potentialAction":[{"@type":"SearchAction","target":{"@type":"EntryPoint","urlTemplate":"https:\/\/rueda.casino\/es\/?s={search_term_string}"},"query-input":{"@type":"PropertyValueSpecification","valueRequired":true,"valueName":"search_term_string"}}],"inLanguage":"es"},{"@type":"Organization","@id":"https:\/\/rueda.casino\/es\/#organization","name":"Rueda.Casino","url":"https:\/\/rueda.casino\/es\/","logo":{"@type":"ImageObject","inLanguage":"es","@id":"https:\/\/rueda.casino\/es\/#\/schema\/logo\/image\/","url":"https:\/\/rueda.casino\/wp-content\/uploads\/2018\/08\/cropped-rueda.casino-2-linje-weblogo.png","contentUrl":"https:\/\/rueda.casino\/wp-content\/uploads\/2018\/08\/cropped-rueda.casino-2-linje-weblogo.png","width":150,"height":51,"caption":"Rueda.Casino"},"image":{"@id":"https:\/\/rueda.casino\/es\/#\/schema\/logo\/image\/"},"sameAs":["https:\/\/www.facebook.com\/ruedadotcasino","https:\/\/www.instagram.com\/rueda.casino\/","https:\/\/www.youtube.com\/@rueda.casino"]}]}},"_links":{"self":[{"href":"https:\/\/rueda.casino\/es\/wp-json\/wp\/v2\/pages\/23346","targetHints":{"allow":["GET"]}}],"collection":[{"href":"https:\/\/rueda.casino\/es\/wp-json\/wp\/v2\/pages"}],"about":[{"href":"https:\/\/rueda.casino\/es\/wp-json\/wp\/v2\/types\/page"}],"author":[{"embeddable":true,"href":"https:\/\/rueda.casino\/es\/wp-json\/wp\/v2\/users\/1"}],"replies":[{"embeddable":true,"href":"https:\/\/rueda.casino\/es\/wp-json\/wp\/v2\/comments?post=23346"}],"version-history":[{"count":0,"href":"https:\/\/rueda.casino\/es\/wp-json\/wp\/v2\/pages\/23346\/revisions"}],"up":[{"embeddable":true,"href":"https:\/\/rueda.casino\/es\/wp-json\/wp\/v2\/pages\/23786"}],"wp:attachment":[{"href":"https:\/\/rueda.casino\/es\/wp-json\/wp\/v2\/media?parent=23346"}],"curies":[{"name":"wp","href":"https:\/\/api.w.org\/{rel}","templated":true}]}}