

    {"id":24038,"date":"2018-07-31T18:49:07","date_gmt":"2018-07-31T16:49:07","guid":{"rendered":"https:\/\/rueda.casino\/estructuras-de-rueda-estructuras-de-rueda\/rueda-de-casino\/"},"modified":"2025-08-13T13:04:04","modified_gmt":"2025-08-13T11:04:04","slug":"rueda-de-casino","status":"publish","type":"page","link":"https:\/\/rueda.casino\/es\/estructuras-de-rueda-estructuras-de-rueda\/rueda-de-casino\/","title":{"rendered":"Rueda de Casino"},"content":{"rendered":"<p>El enfoque en este art\u00edculo est\u00e1 en <strong>las diversas estructuras <\/strong>que se pueden utilizar en la rueda de casino. Para obtener m\u00e1s informaci\u00f3n general sobre <em>la rueda de casino<\/em>, consulte <a href=\"http:\/\/en.wikipedia.org\/wiki\/Rueda_de_Casino\" target=\"_blank\" rel=\"noopener\">Wikipedia<\/a> u otras fuentes. <\/p>\n<p><em><strong>La Rueda de casino<\/strong><\/em> es un c\u00edrculo de parejas que bailan figuras de salsa cubana, a las \u00f3rdenes de una persona que llama en el c\u00edrculo. Cada vez que las personas que llaman llaman a una orden, todas las parejas comienzan a bailar la figura nombrada al mismo tiempo. La mayor\u00eda de los comandos incluyen el baile de pareja y un cambio de pareja, pero tambi\u00e9n se pueden usar varias formaciones en el c\u00edrculo.  <\/p>\n<p><img decoding=\"async\" class=\"lazyload alignnone wp-image-215\" src=\"https:\/\/rueda.casino\/wp-content\/uploads\/2018\/07\/Rueda-de-casino-5-wp-300x300.png\" data-orig-src=\"https:\/\/rueda.casino\/wp-content\/uploads\/2018\/07\/Rueda-de-casino-5-wp-300x300.png\" alt=\"\" width=\"500\" height=\"500\" srcset=\"data:image\/svg+xml,%3Csvg%20xmlns%3D%27http%3A%2F%2Fwww.w3.org%2F2000%2Fsvg%27%20width%3D%27500%27%20height%3D%27500%27%20viewBox%3D%270%200%20500%20500%27%3E%3Crect%20width%3D%27500%27%20height%3D%27500%27%20fill-opacity%3D%220%22%2F%3E%3C%2Fsvg%3E\" data-srcset=\"https:\/\/rueda.casino\/wp-content\/uploads\/2018\/07\/Rueda-de-casino-5-wp-150x150.png 150w, https:\/\/rueda.casino\/wp-content\/uploads\/2018\/07\/Rueda-de-casino-5-wp-300x300.png 300w, https:\/\/rueda.casino\/wp-content\/uploads\/2018\/07\/Rueda-de-casino-5-wp-768x768.png 768w, https:\/\/rueda.casino\/wp-content\/uploads\/2018\/07\/Rueda-de-casino-5-wp.png 1000w\" data-sizes=\"auto\" data-orig-sizes=\"(max-width: 500px) 100vw, 500px\" \/><\/p>\n<p>Rueda de Casino significa literalmente \u00abrueda de <em>casino<\/em>\u00bb y es una tradici\u00f3n de baile cubano que se origin\u00f3 en La Habana a finales de los a\u00f1os 50 y principios de los 60. Hoy en d\u00eda, la danza se baila en todo el mundo. <\/p>\n<h3><strong>Tama\u00f1o<\/strong><\/h3>\n<p><em>La Rueda de casino <\/em>se puede bailar con cualquier n\u00famero de parejas. Para el baile social, el tama\u00f1o de una rueda estar\u00e1 limitado por una serie de factores, como la cantidad de bailarines presentes, el volumen de la m\u00fasica, el espacio disponible en la pista de baile, al menos una persona presente y, en algunos casos, el equipo (microphpone). En un entorno social, una rueda generalmente constar\u00e1 de 2 a 8 parejas. Si se unen m\u00e1s parejas, puede requerir un micr\u00f3fono o una pista de baile m\u00e1s espaciosa.   <\/p>\n<p>\u00bfTama\u00f1o m\u00e1ximo? <em>Datos curiosos<\/em>: <em><a href=\"https:\/\/www.guinnessworldrecords.com\/world-records\/largest-rueda-de-casino\" target=\"_blank\" rel=\"noopener\">Los r\u00e9cords mundiales Guinness<\/a> se han establecido varias veces: <\/em> <\/p>\n<ul>\n<li>2010 en <a href=\"http:\/\/greece.greekreporter.com\/2014\/06\/02\/thessaloniki-breaks-rueda-de-casino-guinness-world-record\/\" target=\"_blank\" rel=\"noopener\">Mil\u00e1n, Italia<\/a> (<strong><a href=\"https:\/\/www.youtube.com\/watch?v=9ri8NWE54v8\" target=\"_blank\" rel=\"noopener\">video<\/a><\/strong>) &#8211; <strong>708<\/strong> bailarines, por <a href=\"https:\/\/www.ballacolsorriso.it\/\" target=\"_blank\" rel=\"noopener\">Balla col Sorriso<\/a><\/li>\n<li>2014 en <a href=\"http:\/\/greece.greekreporter.com\/2014\/06\/02\/thessaloniki-breaks-rueda-de-casino-guinness-world-record\/\" target=\"_blank\" rel=\"noopener\">Tesal\u00f3nica, Grecia<\/a> (<strong><a href=\"https:\/\/www.youtube.com\/watch?v=P7Nvq2yA65w\" target=\"_blank\" rel=\"noopener\">video<\/a><\/strong>) &#8211; <strong>1102<\/strong> bailarines, por Danza Fuerte<\/li>\n<li>2019 en <a href=\"https:\/\/www.soldelsurtenerife.com\/articulo\/candelaria\/candelaria-record-guinness-tiempo-bailando-modalidad-rueda-casino\/20180606122017030616.html\" target=\"_blank\" rel=\"noopener\">Candelaria, Tenerife, Espa\u00f1a<\/a> (<a href=\"https:\/\/www.youtube.com\/watch?v=eeWPmUzmAEg\" target=\"_blank\" rel=\"noopener\"><strong>video<\/strong><\/a>) &#8211; <strong>1250<\/strong> bailarines, por Cubaneando por Candelaria<\/li>\n<li>2022 en <a href=\"https:\/\/www.news18.com\/news\/world\/2040-venezuelan-dancers-attempt-to-set-new-world-record-for-largest-salsa-casino-circle-dance-6505081.html\" target=\"_blank\" rel=\"noopener\">Caracas, Venezuela<\/a> (<strong><a href=\"https:\/\/www.youtube.com\/watch?v=Iuix1mR4aUQ\" target=\"_blank\" rel=\"noopener\">video<\/a><\/strong>) &#8211; <strong>1585<\/strong> bailarines, por Retomando el Son<\/li>\n<\/ul>\n<p>.<\/p>\n<p><img decoding=\"async\" class=\"lazyload alignnone wp-image-216\" src=\"https:\/\/rueda.casino\/wp-content\/uploads\/2018\/07\/Rueda-de-casino-stor-wp-297x300.png\" data-orig-src=\"https:\/\/rueda.casino\/wp-content\/uploads\/2018\/07\/Rueda-de-casino-stor-wp-297x300.png\" alt=\"\" width=\"500\" height=\"505\" srcset=\"data:image\/svg+xml,%3Csvg%20xmlns%3D%27http%3A%2F%2Fwww.w3.org%2F2000%2Fsvg%27%20width%3D%27500%27%20height%3D%27505%27%20viewBox%3D%270%200%20500%20505%27%3E%3Crect%20width%3D%27500%27%20height%3D%27505%27%20fill-opacity%3D%220%22%2F%3E%3C%2Fsvg%3E\" data-srcset=\"https:\/\/rueda.casino\/wp-content\/uploads\/2018\/07\/Rueda-de-casino-stor-wp-297x300.png 297w, https:\/\/rueda.casino\/wp-content\/uploads\/2018\/07\/Rueda-de-casino-stor-wp-768x776.png 768w, https:\/\/rueda.casino\/wp-content\/uploads\/2018\/07\/Rueda-de-casino-stor-wp-1013x1024.png 1013w\" data-sizes=\"auto\" data-orig-sizes=\"(max-width: 500px) 100vw, 500px\" \/><\/p>\n<h3><strong>Varios c\u00edrculos<\/strong><\/h3>\n<p>Si una rueda empieza a crecer demasiado, es habitual poner 2 o incluso 3 ruedas una dentro de la otra. Esto sucede en talleres populares o en fiestas con pistas de baile lo suficientemente grandes cuando la persona que llama usa un micr\u00f3fono para que todos en el c\u00edrculo grande puedan escuchar los comandos.<br \/>Si los diferentes c\u00edrculos usan diferentes <a href=\"http:\/\/rueda.casino\/rueda-structures\/\">estructuras de rueda<\/a> o llamadas separadas u otras combinaciones, lo llamamos <a href=\"http:\/\/rueda.casino\/rueda-structures\/rueda-combo\/\"><em>un combo de rueda<\/em><\/a>.   <a name=\"dos-parejas\"><\/a><\/p>\n<h3><strong><em>Dos parejas <\/em>(2 parejas)<\/strong><\/h3>\n<p>2 parejas a\u00fan pueden formar una rueda, aunque se sienta menos como un c\u00edrculo.<br \/>Despu\u00e9s de una sola <em>dama ya <\/em>est\u00e1s de vuelta con la misma pareja.<br \/><em>La rueda con dos parejas <\/em>se utiliza en estructuras avanzadas, como <a href=\"http:\/\/rueda.casino\/rueda-structures\/rueda-llanta\/\"><em>la rueda llanta<\/em><\/a>.<br \/>Ciertas figuras de rueda y ciertas combinaciones de comandos funcionan muy bien.<br \/>bien con dos parejas, por ejemplo estos<\/p>\n<ul>\n<li class=\"style49 style45\"><em>toma electrica<\/em><\/li>\n<li class=\"style49 style45\"><em>toma electrica complicado<\/em><\/li>\n<li class=\"style49 style45\"><em>Cubanito &gt; ni&#8217;pa mi ni pa&#8217;ti<\/em><\/li>\n<li class=\"style49 style45\"><em>familia &gt; hombres<\/em><\/li>\n<li class=\"style49 style45\"><em>dame dos y una arriba<\/em><\/li>\n<\/ul>\n<p><img decoding=\"async\" class=\"lazyload alignnone size-medium wp-image-217\" src=\"https:\/\/rueda.casino\/wp-content\/uploads\/2018\/07\/Rueda-de-casino-2-wp-261x300.png\" data-orig-src=\"https:\/\/rueda.casino\/wp-content\/uploads\/2018\/07\/Rueda-de-casino-2-wp-261x300.png\" alt=\"\" width=\"261\" height=\"300\" srcset=\"data:image\/svg+xml,%3Csvg%20xmlns%3D%27http%3A%2F%2Fwww.w3.org%2F2000%2Fsvg%27%20width%3D%27261%27%20height%3D%27300%27%20viewBox%3D%270%200%20261%20300%27%3E%3Crect%20width%3D%27261%27%20height%3D%27300%27%20fill-opacity%3D%220%22%2F%3E%3C%2Fsvg%3E\" data-srcset=\"https:\/\/rueda.casino\/wp-content\/uploads\/2018\/07\/Rueda-de-casino-2-wp-261x300.png 261w, https:\/\/rueda.casino\/wp-content\/uploads\/2018\/07\/Rueda-de-casino-2-wp.png 516w\" data-sizes=\"auto\" data-orig-sizes=\"(max-width: 261px) 100vw, 261px\" \/><\/p>\n<h2>V\u00eddeos de figuras de rueda<\/h2>\n<p> <a href=\"\/?page_id=8423\"><img decoding=\"async\" class=\"lazyload alignnone wp-image-9619\" src=\"https:\/\/rueda.casino\/wp-content\/uploads\/2021\/03\/rueda-soyle-beg2-236x300.png\" data-orig-src=\"https:\/\/rueda.casino\/wp-content\/uploads\/2021\/03\/rueda-soyle-beg2-236x300.png\" alt=\"\" width=\"195\" height=\"248\" srcset=\"data:image\/svg+xml,%3Csvg%20xmlns%3D%27http%3A%2F%2Fwww.w3.org%2F2000%2Fsvg%27%20width%3D%27195%27%20height%3D%27248%27%20viewBox%3D%270%200%20195%20248%27%3E%3Crect%20width%3D%27195%27%20height%3D%27248%27%20fill-opacity%3D%220%22%2F%3E%3C%2Fsvg%3E\" data-srcset=\"https:\/\/rueda.casino\/wp-content\/uploads\/2021\/03\/rueda-soyle-beg2-236x300.png 236w, https:\/\/rueda.casino\/wp-content\/uploads\/2021\/03\/rueda-soyle-beg2.png 472w\" data-sizes=\"auto\" data-orig-sizes=\"(max-width: 195px) 100vw, 195px\" \/><\/a> <a href=\"\/?page_id=187\"><img decoding=\"async\" class=\"lazyload alignnone wp-image-9620\" src=\"https:\/\/rueda.casino\/wp-content\/uploads\/2021\/03\/rueda-soyle-imp2-236x300.png\" data-orig-src=\"https:\/\/rueda.casino\/wp-content\/uploads\/2021\/03\/rueda-soyle-imp2-236x300.png\" alt=\"\" width=\"195\" height=\"248\" srcset=\"data:image\/svg+xml,%3Csvg%20xmlns%3D%27http%3A%2F%2Fwww.w3.org%2F2000%2Fsvg%27%20width%3D%27195%27%20height%3D%27248%27%20viewBox%3D%270%200%20195%20248%27%3E%3Crect%20width%3D%27195%27%20height%3D%27248%27%20fill-opacity%3D%220%22%2F%3E%3C%2Fsvg%3E\" data-srcset=\"https:\/\/rueda.casino\/wp-content\/uploads\/2021\/03\/rueda-soyle-imp2-236x300.png 236w, https:\/\/rueda.casino\/wp-content\/uploads\/2021\/03\/rueda-soyle-imp2.png 472w\" data-sizes=\"auto\" data-orig-sizes=\"(max-width: 195px) 100vw, 195px\" \/><\/a> <a href=\"\/?page_id=4824\"><img decoding=\"async\" class=\"lazyload alignnone wp-image-9621\" src=\"https:\/\/rueda.casino\/wp-content\/uploads\/2021\/03\/rueda-soyle-int2-236x300.png\" data-orig-src=\"https:\/\/rueda.casino\/wp-content\/uploads\/2021\/03\/rueda-soyle-int2-236x300.png\" alt=\"\" width=\"195\" height=\"248\" srcset=\"data:image\/svg+xml,%3Csvg%20xmlns%3D%27http%3A%2F%2Fwww.w3.org%2F2000%2Fsvg%27%20width%3D%27195%27%20height%3D%27248%27%20viewBox%3D%270%200%20195%20248%27%3E%3Crect%20width%3D%27195%27%20height%3D%27248%27%20fill-opacity%3D%220%22%2F%3E%3C%2Fsvg%3E\" data-srcset=\"https:\/\/rueda.casino\/wp-content\/uploads\/2021\/03\/rueda-soyle-int2-236x300.png 236w, https:\/\/rueda.casino\/wp-content\/uploads\/2021\/03\/rueda-soyle-int2.png 472w\" data-sizes=\"auto\" data-orig-sizes=\"(max-width: 195px) 100vw, 195px\" \/><\/a> <a href=\"\/?page_id=4826\"><img decoding=\"async\" class=\"lazyload alignnone wp-image-9618\" src=\"https:\/\/rueda.casino\/wp-content\/uploads\/2021\/03\/rueda-soyle-adv2-236x300.png\" data-orig-src=\"https:\/\/rueda.casino\/wp-content\/uploads\/2021\/03\/rueda-soyle-adv2-236x300.png\" alt=\"\" width=\"195\" height=\"248\" srcset=\"data:image\/svg+xml,%3Csvg%20xmlns%3D%27http%3A%2F%2Fwww.w3.org%2F2000%2Fsvg%27%20width%3D%27195%27%20height%3D%27248%27%20viewBox%3D%270%200%20195%20248%27%3E%3Crect%20width%3D%27195%27%20height%3D%27248%27%20fill-opacity%3D%220%22%2F%3E%3C%2Fsvg%3E\" data-srcset=\"https:\/\/rueda.casino\/wp-content\/uploads\/2021\/03\/rueda-soyle-adv2-236x300.png 236w, https:\/\/rueda.casino\/wp-content\/uploads\/2021\/03\/rueda-soyle-adv2.png 472w\" data-sizes=\"auto\" data-orig-sizes=\"(max-width: 195px) 100vw, 195px\" \/><\/a><\/p>\n\n<p><\/p>\n","protected":false},"excerpt":{"rendered":"<p>El enfoque en este art\u00edculo est\u00e1 en las diversas estructuras  [&#8230;]<\/p>\n","protected":false},"author":1,"featured_media":0,"parent":23786,"menu_order":1,"comment_status":"closed","ping_status":"closed","template":"","meta":{"_acf_changed":false,"content-type":"","footnotes":""},"class_list":["post-24038","page","type-page","status-publish","hentry"],"acf":[],"yoast_head":"<!-- This site is optimized with the Yoast SEO plugin v27.5 - https:\/\/yoast.com\/product\/yoast-seo-wordpress\/ -->\n<title>Rueda de Casino - Rueda.Casino<\/title>\n<meta name=\"robots\" content=\"index, follow, max-snippet:-1, max-image-preview:large, max-video-preview:-1\" \/>\n<link rel=\"canonical\" href=\"https:\/\/rueda.casino\/es\/estructuras-de-rueda-estructuras-de-rueda\/rueda-de-casino\/\" \/>\n<meta property=\"og:locale\" content=\"es_ES\" \/>\n<meta property=\"og:type\" content=\"article\" \/>\n<meta property=\"og:title\" content=\"Rueda de Casino - Rueda.Casino\" \/>\n<meta property=\"og:description\" content=\"El enfoque en este art\u00edculo est\u00e1 en las diversas estructuras [...]\" \/>\n<meta property=\"og:url\" content=\"https:\/\/rueda.casino\/es\/estructuras-de-rueda-estructuras-de-rueda\/rueda-de-casino\/\" \/>\n<meta property=\"og:site_name\" content=\"Rueda.Casino\" \/>\n<meta property=\"article:publisher\" content=\"https:\/\/www.facebook.com\/ruedadotcasino\" \/>\n<meta property=\"article:modified_time\" content=\"2025-08-13T11:04:04+00:00\" \/>\n<meta property=\"og:image\" content=\"https:\/\/rueda.casino\/wp-content\/uploads\/2018\/07\/Rueda-de-casino-5-wp.png\" \/>\n\t<meta property=\"og:image:width\" content=\"1000\" \/>\n\t<meta property=\"og:image:height\" content=\"1000\" \/>\n\t<meta property=\"og:image:type\" content=\"image\/png\" \/>\n<meta name=\"twitter:card\" content=\"summary_large_image\" \/>\n<meta name=\"twitter:label1\" content=\"Tiempo de lectura\" \/>\n\t<meta name=\"twitter:data1\" content=\"2 minutos\" \/>\n<script type=\"application\/ld+json\" class=\"yoast-schema-graph\">{\"@context\":\"https:\\\/\\\/schema.org\",\"@graph\":[{\"@type\":\"WebPage\",\"@id\":\"https:\\\/\\\/rueda.casino\\\/es\\\/estructuras-de-rueda-estructuras-de-rueda\\\/rueda-de-casino\\\/\",\"url\":\"https:\\\/\\\/rueda.casino\\\/es\\\/estructuras-de-rueda-estructuras-de-rueda\\\/rueda-de-casino\\\/\",\"name\":\"Rueda de Casino - Rueda.Casino\",\"isPartOf\":{\"@id\":\"https:\\\/\\\/rueda.casino\\\/es\\\/#website\"},\"primaryImageOfPage\":{\"@id\":\"https:\\\/\\\/rueda.casino\\\/es\\\/estructuras-de-rueda-estructuras-de-rueda\\\/rueda-de-casino\\\/#primaryimage\"},\"image\":{\"@id\":\"https:\\\/\\\/rueda.casino\\\/es\\\/estructuras-de-rueda-estructuras-de-rueda\\\/rueda-de-casino\\\/#primaryimage\"},\"thumbnailUrl\":\"https:\\\/\\\/rueda.casino\\\/wp-content\\\/uploads\\\/2018\\\/07\\\/Rueda-de-casino-5-wp-300x300.png\",\"datePublished\":\"2018-07-31T16:49:07+00:00\",\"dateModified\":\"2025-08-13T11:04:04+00:00\",\"breadcrumb\":{\"@id\":\"https:\\\/\\\/rueda.casino\\\/es\\\/estructuras-de-rueda-estructuras-de-rueda\\\/rueda-de-casino\\\/#breadcrumb\"},\"inLanguage\":\"es\",\"potentialAction\":[{\"@type\":\"ReadAction\",\"target\":[\"https:\\\/\\\/rueda.casino\\\/es\\\/estructuras-de-rueda-estructuras-de-rueda\\\/rueda-de-casino\\\/\"]}]},{\"@type\":\"ImageObject\",\"inLanguage\":\"es\",\"@id\":\"https:\\\/\\\/rueda.casino\\\/es\\\/estructuras-de-rueda-estructuras-de-rueda\\\/rueda-de-casino\\\/#primaryimage\",\"url\":\"https:\\\/\\\/rueda.casino\\\/wp-content\\\/uploads\\\/2018\\\/07\\\/Rueda-de-casino-5-wp-300x300.png\",\"contentUrl\":\"https:\\\/\\\/rueda.casino\\\/wp-content\\\/uploads\\\/2018\\\/07\\\/Rueda-de-casino-5-wp-300x300.png\"},{\"@type\":\"BreadcrumbList\",\"@id\":\"https:\\\/\\\/rueda.casino\\\/es\\\/estructuras-de-rueda-estructuras-de-rueda\\\/rueda-de-casino\\\/#breadcrumb\",\"itemListElement\":[{\"@type\":\"ListItem\",\"position\":1,\"name\":\"Home\",\"item\":\"https:\\\/\\\/rueda.casino\\\/es\\\/hogar\\\/\"},{\"@type\":\"ListItem\",\"position\":2,\"name\":\"Estructuras de Rueda\",\"item\":\"https:\\\/\\\/rueda.casino\\\/es\\\/estructuras-de-rueda-estructuras-de-rueda\\\/\"},{\"@type\":\"ListItem\",\"position\":3,\"name\":\"Rueda de Casino\"}]},{\"@type\":\"WebSite\",\"@id\":\"https:\\\/\\\/rueda.casino\\\/es\\\/#website\",\"url\":\"https:\\\/\\\/rueda.casino\\\/es\\\/\",\"name\":\"Rueda.Casino\",\"description\":\"Educational rueda &amp; casino videos of high quality\",\"publisher\":{\"@id\":\"https:\\\/\\\/rueda.casino\\\/es\\\/#organization\"},\"potentialAction\":[{\"@type\":\"SearchAction\",\"target\":{\"@type\":\"EntryPoint\",\"urlTemplate\":\"https:\\\/\\\/rueda.casino\\\/es\\\/?s={search_term_string}\"},\"query-input\":{\"@type\":\"PropertyValueSpecification\",\"valueRequired\":true,\"valueName\":\"search_term_string\"}}],\"inLanguage\":\"es\"},{\"@type\":\"Organization\",\"@id\":\"https:\\\/\\\/rueda.casino\\\/es\\\/#organization\",\"name\":\"Rueda.Casino\",\"url\":\"https:\\\/\\\/rueda.casino\\\/es\\\/\",\"logo\":{\"@type\":\"ImageObject\",\"inLanguage\":\"es\",\"@id\":\"https:\\\/\\\/rueda.casino\\\/es\\\/#\\\/schema\\\/logo\\\/image\\\/\",\"url\":\"https:\\\/\\\/rueda.casino\\\/wp-content\\\/uploads\\\/2018\\\/08\\\/cropped-rueda.casino-2-linje-weblogo.png\",\"contentUrl\":\"https:\\\/\\\/rueda.casino\\\/wp-content\\\/uploads\\\/2018\\\/08\\\/cropped-rueda.casino-2-linje-weblogo.png\",\"width\":150,\"height\":51,\"caption\":\"Rueda.Casino\"},\"image\":{\"@id\":\"https:\\\/\\\/rueda.casino\\\/es\\\/#\\\/schema\\\/logo\\\/image\\\/\"},\"sameAs\":[\"https:\\\/\\\/www.facebook.com\\\/ruedadotcasino\",\"https:\\\/\\\/www.instagram.com\\\/rueda.casino\\\/\",\"https:\\\/\\\/www.youtube.com\\\/@rueda.casino\"]}]}<\/script>\n<!-- \/ Yoast SEO plugin. -->","yoast_head_json":{"title":"Rueda de Casino - Rueda.Casino","robots":{"index":"index","follow":"follow","max-snippet":"max-snippet:-1","max-image-preview":"max-image-preview:large","max-video-preview":"max-video-preview:-1"},"canonical":"https:\/\/rueda.casino\/es\/estructuras-de-rueda-estructuras-de-rueda\/rueda-de-casino\/","og_locale":"es_ES","og_type":"article","og_title":"Rueda de Casino - Rueda.Casino","og_description":"El enfoque en este art\u00edculo est\u00e1 en las diversas estructuras [...]","og_url":"https:\/\/rueda.casino\/es\/estructuras-de-rueda-estructuras-de-rueda\/rueda-de-casino\/","og_site_name":"Rueda.Casino","article_publisher":"https:\/\/www.facebook.com\/ruedadotcasino","article_modified_time":"2025-08-13T11:04:04+00:00","og_image":[{"width":1000,"height":1000,"url":"https:\/\/rueda.casino\/wp-content\/uploads\/2018\/07\/Rueda-de-casino-5-wp.png","type":"image\/png"}],"twitter_card":"summary_large_image","twitter_misc":{"Tiempo de lectura":"2 minutos"},"schema":{"@context":"https:\/\/schema.org","@graph":[{"@type":"WebPage","@id":"https:\/\/rueda.casino\/es\/estructuras-de-rueda-estructuras-de-rueda\/rueda-de-casino\/","url":"https:\/\/rueda.casino\/es\/estructuras-de-rueda-estructuras-de-rueda\/rueda-de-casino\/","name":"Rueda de Casino - Rueda.Casino","isPartOf":{"@id":"https:\/\/rueda.casino\/es\/#website"},"primaryImageOfPage":{"@id":"https:\/\/rueda.casino\/es\/estructuras-de-rueda-estructuras-de-rueda\/rueda-de-casino\/#primaryimage"},"image":{"@id":"https:\/\/rueda.casino\/es\/estructuras-de-rueda-estructuras-de-rueda\/rueda-de-casino\/#primaryimage"},"thumbnailUrl":"https:\/\/rueda.casino\/wp-content\/uploads\/2018\/07\/Rueda-de-casino-5-wp-300x300.png","datePublished":"2018-07-31T16:49:07+00:00","dateModified":"2025-08-13T11:04:04+00:00","breadcrumb":{"@id":"https:\/\/rueda.casino\/es\/estructuras-de-rueda-estructuras-de-rueda\/rueda-de-casino\/#breadcrumb"},"inLanguage":"es","potentialAction":[{"@type":"ReadAction","target":["https:\/\/rueda.casino\/es\/estructuras-de-rueda-estructuras-de-rueda\/rueda-de-casino\/"]}]},{"@type":"ImageObject","inLanguage":"es","@id":"https:\/\/rueda.casino\/es\/estructuras-de-rueda-estructuras-de-rueda\/rueda-de-casino\/#primaryimage","url":"https:\/\/rueda.casino\/wp-content\/uploads\/2018\/07\/Rueda-de-casino-5-wp-300x300.png","contentUrl":"https:\/\/rueda.casino\/wp-content\/uploads\/2018\/07\/Rueda-de-casino-5-wp-300x300.png"},{"@type":"BreadcrumbList","@id":"https:\/\/rueda.casino\/es\/estructuras-de-rueda-estructuras-de-rueda\/rueda-de-casino\/#breadcrumb","itemListElement":[{"@type":"ListItem","position":1,"name":"Home","item":"https:\/\/rueda.casino\/es\/hogar\/"},{"@type":"ListItem","position":2,"name":"Estructuras de Rueda","item":"https:\/\/rueda.casino\/es\/estructuras-de-rueda-estructuras-de-rueda\/"},{"@type":"ListItem","position":3,"name":"Rueda de Casino"}]},{"@type":"WebSite","@id":"https:\/\/rueda.casino\/es\/#website","url":"https:\/\/rueda.casino\/es\/","name":"Rueda.Casino","description":"Educational rueda &amp; casino videos of high quality","publisher":{"@id":"https:\/\/rueda.casino\/es\/#organization"},"potentialAction":[{"@type":"SearchAction","target":{"@type":"EntryPoint","urlTemplate":"https:\/\/rueda.casino\/es\/?s={search_term_string}"},"query-input":{"@type":"PropertyValueSpecification","valueRequired":true,"valueName":"search_term_string"}}],"inLanguage":"es"},{"@type":"Organization","@id":"https:\/\/rueda.casino\/es\/#organization","name":"Rueda.Casino","url":"https:\/\/rueda.casino\/es\/","logo":{"@type":"ImageObject","inLanguage":"es","@id":"https:\/\/rueda.casino\/es\/#\/schema\/logo\/image\/","url":"https:\/\/rueda.casino\/wp-content\/uploads\/2018\/08\/cropped-rueda.casino-2-linje-weblogo.png","contentUrl":"https:\/\/rueda.casino\/wp-content\/uploads\/2018\/08\/cropped-rueda.casino-2-linje-weblogo.png","width":150,"height":51,"caption":"Rueda.Casino"},"image":{"@id":"https:\/\/rueda.casino\/es\/#\/schema\/logo\/image\/"},"sameAs":["https:\/\/www.facebook.com\/ruedadotcasino","https:\/\/www.instagram.com\/rueda.casino\/","https:\/\/www.youtube.com\/@rueda.casino"]}]}},"_links":{"self":[{"href":"https:\/\/rueda.casino\/es\/wp-json\/wp\/v2\/pages\/24038","targetHints":{"allow":["GET"]}}],"collection":[{"href":"https:\/\/rueda.casino\/es\/wp-json\/wp\/v2\/pages"}],"about":[{"href":"https:\/\/rueda.casino\/es\/wp-json\/wp\/v2\/types\/page"}],"author":[{"embeddable":true,"href":"https:\/\/rueda.casino\/es\/wp-json\/wp\/v2\/users\/1"}],"replies":[{"embeddable":true,"href":"https:\/\/rueda.casino\/es\/wp-json\/wp\/v2\/comments?post=24038"}],"version-history":[{"count":0,"href":"https:\/\/rueda.casino\/es\/wp-json\/wp\/v2\/pages\/24038\/revisions"}],"up":[{"embeddable":true,"href":"https:\/\/rueda.casino\/es\/wp-json\/wp\/v2\/pages\/23786"}],"wp:attachment":[{"href":"https:\/\/rueda.casino\/es\/wp-json\/wp\/v2\/media?parent=24038"}],"curies":[{"name":"wp","href":"https:\/\/api.w.org\/{rel}","templated":true}]}}