

    {"id":19699,"date":"2024-07-06T16:22:20","date_gmt":"2024-07-06T14:22:20","guid":{"rendered":"https:\/\/rueda.casino\/product\/afiliacion\/"},"modified":"2024-07-08T20:43:17","modified_gmt":"2024-07-08T18:43:17","slug":"afiliacion","status":"publish","type":"product","link":"https:\/\/rueda.casino\/es\/producto\/afiliacion\/","title":{"rendered":"Afiliaci\u00f3n"},"content":{"rendered":"<p>Accede a nuestros contenidos y funciones exclusivas como<\/p>\n<ul>\n<li>Crea tu propia lista de figuras para compartirla con tus compa\u00f1eros bailarines o alumnos.<\/li>\n<li>Acceso para a\u00f1adir y compartir tus propios eventos en nuestro Calendario de Eventos de la Comunidad<\/li>\n<li>A\u00f1ade e incrusta tu propia lista de cifras directamente en tu propio sitio web con acceso a la API. (funci\u00f3n futura)<\/li>\n<\/ul>\n<p><strong>\u00a1NB!<\/strong><br \/>\n<em>La afiliaci\u00f3n no da acceso a los v\u00eddeos de Vimeo. Cada espectador y usuario necesita su propia suscripci\u00f3n a Vimeo a la carta.  <\/em><\/p>\n<style type='text\/css'>\n\t\t\t\t.pricing-table-1.fusion-pricing-table .panel-container, .pricing-table-1.fusion-pricing-table .standout .panel-container,\n\t\t\t\t.pricing-table-1.full-boxed-pricing.fusion-pricing-table {background-color:var(--awb-color2);}\n\t\t\t\t.pricing-table-1.fusion-pricing-table .list-group .list-group-item,\n\t\t\t\t.pricing-table-1.fusion-pricing-table .list-group .list-group-item:last-child{background-color:var(--awb-color1); border-color:var(--awb-color3);}\n\t\t\t\t.pricing-table-1.full-boxed-pricing.fusion-pricing-table .panel-wrapper:hover .panel-heading,\n\t\t\t\t.pricing-table-1.fusion-pricing-table .panel-wrapper:hover .list-group-item {background-color:var(--awb-color2);}\n\t\t\t\t.pricing-table-1.full-boxed-pricing.fusion-pricing-table .panel-heading{background-color:var(--awb-color1);}\n\t\t\t\t.pricing-table-1.fusion-pricing-table .fusion-panel, .pricing-table-1 .panel-wrapper:last-child .fusion-panel,\n\t\t\t\t.pricing-table-1.fusion-pricing-table .standout .fusion-panel, .pricing-table-1.fusion-pricing-table  .panel-heading,\n\t\t\t\t.pricing-table-1.fusion-pricing-table .panel-body, .pricing-table-1.fusion-pricing-table .panel-footer{border-color:var(--awb-color3);}\n\t\t\t\t.pricing-table-1.fusion-pricing-table .panel-body, .pricing-table-1.fusion-pricing-table .panel-footer{background-color:var(--awb-color2);}\n\t\t\t\t.pricing-table-1.sep-boxed-pricing.fusion-pricing-table .panel-heading h3{color:var(--awb-color1);}\n\t\t\t\t.pricing-table-1.full-boxed-pricing.fusion-pricing-table .panel-heading h3{color:var(--awb-color8);}\n\t\t\t\t.pricing-table-1.fusion-pricing-table .panel-body .price .decimal-part{color:var(--awb-color8);}\n\t\t\t\t.pricing-table-1.fusion-pricing-table .panel-body .price .integer-part{color:var(--awb-color8);}\n\t\t\t\t.pricing-table-1.fusion-pricing-table ul.list-group li{color:var(--awb-color8);}\n\t\t\t\t<\/style><div class=\"fusion-pricing-table pricing-table-1 sep-boxed-pricing row fusion-columns-3 columns-3 fusion-clearfix\"><div class=\"panel-wrapper fusion-column column col-lg-4 col-md-4 col-sm-4 fusion-pricingtable-column\"><div class=\"panel-container\"><div class=\"fusion-panel\"><div class=\"panel-heading\"><h3 class=\"title-row\">Est\u00e1ndar<\/h3><\/div><div class=\"panel-body pricing-row\"><div class=\"price \"><span class=\"currency\">NOK<\/span><span class=\"integer-part\">0<\/span><span class=\"time price-without-decimal\">mensualmente<\/span><\/div><\/div><ul class=\"list-group\"><li class=\"list-group-item normal-row\">Acceso a actos comunitarios<\/li><li class=\"list-group-item normal-row\">Eventos comunitarios: 1 acto<\/li><li class=\"list-group-item normal-row\">Acceso a las listas de figuras<\/li><li class=\"list-group-item normal-row\">Lista de figuras: 5<\/li><li class=\"list-group-item normal-row\">Caducidad: 30 d\u00edas<\/li><\/ul><\/div><\/div><\/div><div class=\"panel-wrapper fusion-column column col-lg-4 col-md-4 col-sm-4 fusion-pricingtable-column\"><div class=\"panel-container\"><div class=\"fusion-panel\"><div class=\"panel-heading\"><h3 class=\"title-row\">Premium<\/h3><\/div><div class=\"panel-body pricing-row\"><div class=\"price \"><span class=\"currency\">NOK<\/span><span class=\"integer-part\">49<\/span><span class=\"time price-without-decimal\">mensualmente<\/span><\/div><\/div><ul class=\"list-group\"><li class=\"list-group-item normal-row\">Pagado anualmente<\/li><li class=\"list-group-item normal-row\">Acceso a actos comunitarios<\/li><li class=\"list-group-item normal-row\">Eventos Comunitarios: 5 Eventos<\/li><li class=\"list-group-item normal-row\">Acceso a las listas de figuras<\/li><li class=\"list-group-item normal-row\">Lista de figuras: 10<\/li><li class=\"list-group-item normal-row\">Caducidad: 90 d\u00edas<\/li><li class=\"list-group-item normal-row\">Figura Acceso a la API<\/li><\/ul><\/div><\/div><\/div><div class=\"panel-wrapper fusion-column column col-lg-4 col-md-4 col-sm-4 fusion-pricingtable-column\"><div class=\"panel-container\"><div class=\"fusion-panel\"><div class=\"panel-heading\"><h3 class=\"title-row\">Platino<\/h3><\/div><div class=\"panel-body pricing-row\"><div class=\"price \"><span class=\"currency\">NOK<\/span><span class=\"integer-part\">79<\/span><span class=\"time price-without-decimal\">mensualmente<\/span><\/div><\/div><ul class=\"list-group\"><li class=\"list-group-item normal-row\">Pagado anualmente<\/li><li class=\"list-group-item normal-row\">Acceso a actos comunitarios<\/li><li class=\"list-group-item normal-row\">Eventos Comunitarios: 10 Eventos<\/li><li class=\"list-group-item normal-row\">Acceso a las listas de figuras<\/li><li class=\"list-group-item normal-row\">Lista de figuras: 30<\/li><li class=\"list-group-item normal-row\">Caducidad: 365 d\u00edas<\/li><li class=\"list-group-item normal-row\">Figura Acceso a la API<\/li><\/ul><\/div><\/div><\/div><\/div>\n","protected":false},"excerpt":{"rendered":"<p>Accede a nuestros contenidos y funciones exclusivas como Crea tu  [&#8230;]<\/p>\n","protected":false},"featured_media":0,"comment_status":"closed","ping_status":"closed","template":"","meta":{"_acf_changed":false,"content-type":""},"product_brand":[],"product_cat":[],"product_tag":[],"class_list":{"0":"post-19699","1":"product","2":"type-product","3":"status-publish","6":"first","7":"instock","8":"sold-individually","9":"taxable","10":"shipping-taxable","11":"purchasable","12":"product-type-variable-subscription","13":"has-default-attributes"},"acf":[],"yoast_head":"<!-- This site is optimized with the Yoast SEO plugin v27.5 - https:\/\/yoast.com\/product\/yoast-seo-wordpress\/ -->\n<title>Afiliaci\u00f3n - Rueda.Casino<\/title>\n<meta name=\"robots\" content=\"index, follow, max-snippet:-1, max-image-preview:large, max-video-preview:-1\" \/>\n<link rel=\"canonical\" href=\"https:\/\/rueda.casino\/es\/producto\/afiliacion\/\" \/>\n<meta property=\"og:locale\" content=\"es_ES\" \/>\n<meta property=\"og:type\" content=\"article\" \/>\n<meta property=\"og:title\" content=\"Afiliaci\u00f3n - Rueda.Casino\" \/>\n<meta property=\"og:description\" content=\"Accede a nuestros contenidos y funciones exclusivas como Crea tu [...]\" \/>\n<meta property=\"og:url\" content=\"https:\/\/rueda.casino\/es\/producto\/afiliacion\/\" \/>\n<meta property=\"og:site_name\" content=\"Rueda.Casino\" \/>\n<meta property=\"article:publisher\" content=\"https:\/\/www.facebook.com\/ruedadotcasino\" \/>\n<meta property=\"article:modified_time\" content=\"2024-07-08T18:43:17+00:00\" \/>\n<meta name=\"twitter:card\" content=\"summary_large_image\" \/>\n<meta name=\"twitter:label1\" content=\"Tiempo de lectura\" \/>\n\t<meta name=\"twitter:data1\" content=\"2 minutos\" \/>\n<script type=\"application\/ld+json\" class=\"yoast-schema-graph\">{\"@context\":\"https:\\\/\\\/schema.org\",\"@graph\":[{\"@type\":\"WebPage\",\"@id\":\"https:\\\/\\\/rueda.casino\\\/es\\\/producto\\\/afiliacion\\\/\",\"url\":\"https:\\\/\\\/rueda.casino\\\/es\\\/producto\\\/afiliacion\\\/\",\"name\":\"Afiliaci\u00f3n - Rueda.Casino\",\"isPartOf\":{\"@id\":\"https:\\\/\\\/rueda.casino\\\/es\\\/#website\"},\"datePublished\":\"2024-07-06T14:22:20+00:00\",\"dateModified\":\"2024-07-08T18:43:17+00:00\",\"breadcrumb\":{\"@id\":\"https:\\\/\\\/rueda.casino\\\/es\\\/producto\\\/afiliacion\\\/#breadcrumb\"},\"inLanguage\":\"es\",\"potentialAction\":[{\"@type\":\"ReadAction\",\"target\":[\"https:\\\/\\\/rueda.casino\\\/es\\\/producto\\\/afiliacion\\\/\"]}]},{\"@type\":\"BreadcrumbList\",\"@id\":\"https:\\\/\\\/rueda.casino\\\/es\\\/producto\\\/afiliacion\\\/#breadcrumb\",\"itemListElement\":[{\"@type\":\"ListItem\",\"position\":1,\"name\":\"Home\",\"item\":\"https:\\\/\\\/rueda.casino\\\/es\\\/hogar\\\/\"},{\"@type\":\"ListItem\",\"position\":2,\"name\":\"Tienda\",\"item\":\"https:\\\/\\\/rueda.casino\\\/shop\\\/\"},{\"@type\":\"ListItem\",\"position\":3,\"name\":\"Afiliaci\u00f3n\"}]},{\"@type\":\"WebSite\",\"@id\":\"https:\\\/\\\/rueda.casino\\\/es\\\/#website\",\"url\":\"https:\\\/\\\/rueda.casino\\\/es\\\/\",\"name\":\"Rueda.Casino\",\"description\":\"Educational rueda &amp; casino videos of high quality\",\"publisher\":{\"@id\":\"https:\\\/\\\/rueda.casino\\\/es\\\/#organization\"},\"potentialAction\":[{\"@type\":\"SearchAction\",\"target\":{\"@type\":\"EntryPoint\",\"urlTemplate\":\"https:\\\/\\\/rueda.casino\\\/es\\\/?s={search_term_string}\"},\"query-input\":{\"@type\":\"PropertyValueSpecification\",\"valueRequired\":true,\"valueName\":\"search_term_string\"}}],\"inLanguage\":\"es\"},{\"@type\":\"Organization\",\"@id\":\"https:\\\/\\\/rueda.casino\\\/es\\\/#organization\",\"name\":\"Rueda.Casino\",\"url\":\"https:\\\/\\\/rueda.casino\\\/es\\\/\",\"logo\":{\"@type\":\"ImageObject\",\"inLanguage\":\"es\",\"@id\":\"https:\\\/\\\/rueda.casino\\\/es\\\/#\\\/schema\\\/logo\\\/image\\\/\",\"url\":\"https:\\\/\\\/rueda.casino\\\/wp-content\\\/uploads\\\/2018\\\/08\\\/cropped-rueda.casino-2-linje-weblogo.png\",\"contentUrl\":\"https:\\\/\\\/rueda.casino\\\/wp-content\\\/uploads\\\/2018\\\/08\\\/cropped-rueda.casino-2-linje-weblogo.png\",\"width\":150,\"height\":51,\"caption\":\"Rueda.Casino\"},\"image\":{\"@id\":\"https:\\\/\\\/rueda.casino\\\/es\\\/#\\\/schema\\\/logo\\\/image\\\/\"},\"sameAs\":[\"https:\\\/\\\/www.facebook.com\\\/ruedadotcasino\",\"https:\\\/\\\/www.instagram.com\\\/rueda.casino\\\/\",\"https:\\\/\\\/www.youtube.com\\\/@rueda.casino\"]}]}<\/script>\n<!-- \/ Yoast SEO plugin. -->","yoast_head_json":{"title":"Afiliaci\u00f3n - Rueda.Casino","robots":{"index":"index","follow":"follow","max-snippet":"max-snippet:-1","max-image-preview":"max-image-preview:large","max-video-preview":"max-video-preview:-1"},"canonical":"https:\/\/rueda.casino\/es\/producto\/afiliacion\/","og_locale":"es_ES","og_type":"article","og_title":"Afiliaci\u00f3n - Rueda.Casino","og_description":"Accede a nuestros contenidos y funciones exclusivas como Crea tu [...]","og_url":"https:\/\/rueda.casino\/es\/producto\/afiliacion\/","og_site_name":"Rueda.Casino","article_publisher":"https:\/\/www.facebook.com\/ruedadotcasino","article_modified_time":"2024-07-08T18:43:17+00:00","twitter_card":"summary_large_image","twitter_misc":{"Tiempo de lectura":"2 minutos"},"schema":{"@context":"https:\/\/schema.org","@graph":[{"@type":"WebPage","@id":"https:\/\/rueda.casino\/es\/producto\/afiliacion\/","url":"https:\/\/rueda.casino\/es\/producto\/afiliacion\/","name":"Afiliaci\u00f3n - Rueda.Casino","isPartOf":{"@id":"https:\/\/rueda.casino\/es\/#website"},"datePublished":"2024-07-06T14:22:20+00:00","dateModified":"2024-07-08T18:43:17+00:00","breadcrumb":{"@id":"https:\/\/rueda.casino\/es\/producto\/afiliacion\/#breadcrumb"},"inLanguage":"es","potentialAction":[{"@type":"ReadAction","target":["https:\/\/rueda.casino\/es\/producto\/afiliacion\/"]}]},{"@type":"BreadcrumbList","@id":"https:\/\/rueda.casino\/es\/producto\/afiliacion\/#breadcrumb","itemListElement":[{"@type":"ListItem","position":1,"name":"Home","item":"https:\/\/rueda.casino\/es\/hogar\/"},{"@type":"ListItem","position":2,"name":"Tienda","item":"https:\/\/rueda.casino\/shop\/"},{"@type":"ListItem","position":3,"name":"Afiliaci\u00f3n"}]},{"@type":"WebSite","@id":"https:\/\/rueda.casino\/es\/#website","url":"https:\/\/rueda.casino\/es\/","name":"Rueda.Casino","description":"Educational rueda &amp; casino videos of high quality","publisher":{"@id":"https:\/\/rueda.casino\/es\/#organization"},"potentialAction":[{"@type":"SearchAction","target":{"@type":"EntryPoint","urlTemplate":"https:\/\/rueda.casino\/es\/?s={search_term_string}"},"query-input":{"@type":"PropertyValueSpecification","valueRequired":true,"valueName":"search_term_string"}}],"inLanguage":"es"},{"@type":"Organization","@id":"https:\/\/rueda.casino\/es\/#organization","name":"Rueda.Casino","url":"https:\/\/rueda.casino\/es\/","logo":{"@type":"ImageObject","inLanguage":"es","@id":"https:\/\/rueda.casino\/es\/#\/schema\/logo\/image\/","url":"https:\/\/rueda.casino\/wp-content\/uploads\/2018\/08\/cropped-rueda.casino-2-linje-weblogo.png","contentUrl":"https:\/\/rueda.casino\/wp-content\/uploads\/2018\/08\/cropped-rueda.casino-2-linje-weblogo.png","width":150,"height":51,"caption":"Rueda.Casino"},"image":{"@id":"https:\/\/rueda.casino\/es\/#\/schema\/logo\/image\/"},"sameAs":["https:\/\/www.facebook.com\/ruedadotcasino","https:\/\/www.instagram.com\/rueda.casino\/","https:\/\/www.youtube.com\/@rueda.casino"]}]}},"_links":{"self":[{"href":"https:\/\/rueda.casino\/es\/wp-json\/wp\/v2\/product\/19699","targetHints":{"allow":["GET"]}}],"collection":[{"href":"https:\/\/rueda.casino\/es\/wp-json\/wp\/v2\/product"}],"about":[{"href":"https:\/\/rueda.casino\/es\/wp-json\/wp\/v2\/types\/product"}],"replies":[{"embeddable":true,"href":"https:\/\/rueda.casino\/es\/wp-json\/wp\/v2\/comments?post=19699"}],"wp:attachment":[{"href":"https:\/\/rueda.casino\/es\/wp-json\/wp\/v2\/media?parent=19699"}],"wp:term":[{"taxonomy":"product_brand","embeddable":true,"href":"https:\/\/rueda.casino\/es\/wp-json\/wp\/v2\/product_brand?post=19699"},{"taxonomy":"product_cat","embeddable":true,"href":"https:\/\/rueda.casino\/es\/wp-json\/wp\/v2\/product_cat?post=19699"},{"taxonomy":"product_tag","embeddable":true,"href":"https:\/\/rueda.casino\/es\/wp-json\/wp\/v2\/product_tag?post=19699"}],"curies":[{"name":"wp","href":"https:\/\/api.w.org\/{rel}","templated":true}]}}