

    {"id":22563,"date":"2021-03-18T18:54:02","date_gmt":"2021-03-18T17:54:02","guid":{"rendered":"https:\/\/rueda.casino\/obtenir-lacces\/"},"modified":"2025-08-24T10:55:25","modified_gmt":"2025-08-24T08:55:25","slug":"obtenir-lacces","status":"publish","type":"page","link":"https:\/\/rueda.casino\/fr\/chaine-video-rueda-casino\/obtenir-lacces\/","title":{"rendered":"Obtenir l\u2019acc\u00e8s"},"content":{"rendered":"<p><div class=\"fusion-fullwidth fullwidth-box fusion-builder-row-1 fusion-flex-container nonhundred-percent-fullwidth non-hundred-percent-height-scrolling\" style=\"--awb-border-radius-top-left:0px;--awb-border-radius-top-right:0px;--awb-border-radius-bottom-right:0px;--awb-border-radius-bottom-left:0px;--awb-flex-wrap:wrap;\" ><div class=\"fusion-builder-row fusion-row fusion-flex-align-items-flex-start fusion-flex-content-wrap\" style=\"max-width:1248px;margin-left: calc(-4% \/ 2 );margin-right: calc(-4% \/ 2 );\"><div class=\"fusion-layout-column fusion_builder_column fusion-builder-column-0 fusion_builder_column_1_2 1_2 fusion-flex-column fusion-flex-align-self-stretch\" style=\"--awb-bg-blend:overlay;--awb-bg-size:cover;--awb-width-large:50%;--awb-margin-top-large:0px;--awb-spacing-right-large:3.84%;--awb-margin-bottom-large:0px;--awb-spacing-left-large:3.84%;--awb-width-medium:50%;--awb-spacing-right-medium:3.84%;--awb-spacing-left-medium:3.84%;--awb-width-small:100%;--awb-spacing-right-small:1.92%;--awb-spacing-left-small:1.92%;\"><div class=\"fusion-column-wrapper fusion-flex-justify-content-flex-start fusion-content-layout-column\"><div class=\"fusion-title title fusion-title-1 sep-underline sep-solid fusion-title-text fusion-title-size-two\" style=\"--awb-margin-bottom:40px;--awb-margin-top-small:10px;--awb-margin-right-small:0px;--awb-margin-bottom-small:10px;--awb-margin-left-small:0px;--awb-sep-color:var(--awb-color7);\"><h2 class=\"fusion-title-heading title-heading-left fusion-responsive-typography-calculated\" style=\"font-family:&quot;Work Sans&quot;;font-style:normal;font-weight:400;margin:0;text-transform:uppercase;--fontSize:25;line-height:var(--awb-typography1-line-height);\">BIENVENUE!<\/h2><\/div><div class=\"fusion-text fusion-text-1\"><p><span style=\"letter-spacing: 0.24px; background-color: rgba(0, 0, 0, 0);\">En vous abonnant \u00e0 la cha\u00eene vid\u00e9o rueda.casino sur Vimeo, vous avez acc\u00e8s \u00e0 toutes nos vid\u00e9os aapx 260. Le co\u00fbt est de 4 \u20ac par mois, sans temps de blocage ! Vous pouvez visionner les vid\u00e9os dans Vimeo (application ou web,    <\/span><span style=\"letter-spacing: 0.24px;\"><a href=\"http:\/\/vod.rueda.casino\/\">vod.rueda.casino<\/a><\/span><span style=\"letter-spacing: 0.24px; background-color: rgba(0, 0, 0, 0);\">) ou int\u00e9gr\u00e9 sur ce site Web rueda.casino. Voir la liste de nos   <\/span><a style=\"letter-spacing: 0.24px; background-color: rgba(0, 0, 0, 0);\" href=\"https:\/\/rueda.casino\/dance\/\">Cat\u00e9gories de vid\u00e9os<\/a><span style=\"letter-spacing: 0.24px; background-color: rgba(0, 0, 0, 0);\"> ou <\/span><a style=\"letter-spacing: 0.24px; background-color: rgba(0, 0, 0, 0);\" href=\"https:\/\/rueda.casino\/online-videos\/videos-available\/\">liste compl\u00e8te des syst\u00e8mes d\u2019exploitation <\/a><span style=\"letter-spacing: 0.24px;\"><a href=\"https:\/\/rueda.casino\/online-videos\/videos-available\/\">vid\u00e9o<\/a><\/span><a style=\"letter-spacing: 0.24px; background-color: rgba(0, 0, 0, 0);\" href=\"https:\/\/rueda.casino\/online-videos\/videos-available\/\"><span style=\"letter-spacing: 0.24px; background-color: rgba(0, 0, 0, 0);\">.<\/span><\/a><\/p>\n<p>Nous sommes en train de d\u00e9placer toutes les vid\u00e9os Vimeo sur Youtube et de rendre toutes ces nouvelles vid\u00e9os de haute qualit\u00e9, disponibles gratuitement. Ce travail se poursuivra avec une vid\u00e9o par semaine en moyenne jusqu\u2019en 2025 et 2026. En tant qu\u2019abonn\u00e9 vimeo, vous aurez acc\u00e8s \u00e0 toutes ces vid\u00e9os en tout temps, y compris les nouvelles vid\u00e9os produites au cours de la p\u00e9riode jusqu\u2019\u00e0 ce que toutes les vid\u00e9os soient sur YouTube.  <\/p>\n<p><b><i>Toutes les nouvelles vid\u00e9os produites apr\u00e8s 2023 seront exclusives \u00e0 Vimeo pendant cette p\u00e9riode.<\/i><\/b><\/p>\n<h2 class=\"\" data-fontsize=\"25\" data-lineheight=\"30px\"><span style=\"font-size: 16px; font-weight: 400; letter-spacing: 0.24px; background-color: rgba(0, 0, 0, 0);\">Nous esp\u00e9rons vraiment que vous appr\u00e9cierez les vid\u00e9os !<\/span><\/h2>\n<p>Nous vous recommandons de regarder les vid\u00e9os int\u00e9gr\u00e9es sur notre site Web, <a href=\"http:\/\/ruedastandard.com\/\">rueda.casino<\/a>. S\u00e9lectionnez votre <a href=\"https:\/\/rueda.casino\/dance\/\">cat\u00e9gorie<\/a> et votre niveau, et n\u2019oubliez pas de <strong>vous connecter<\/strong> \u00e0 votre compte Vimeo, afin de pouvoir lire les vid\u00e9os. <\/p>\n<h2 class=\"\" data-fontsize=\"25\" data-lineheight=\"30px\"><strong>Apprendre &#8211; r\u00e9p\u00e9ter &#8211; attraper les d\u00e9tails<\/strong><\/h2>\n<p>Avec l\u2019abonnement, vous avez une bonne occasion de revoir les chiffres de <em>rueda<\/em> et de <em>casino<\/em> que vous avez d\u00e9j\u00e0 appris, et de r\u00e9cup\u00e9rer des d\u00e9tails et des informations que vous avez peut-\u00eatre manqu\u00e9s en classe. Et d\u2019apprendre de nouvelles figures et combinaisons. En vous abonnant, vous nous aidez \u00e9galement \u00e0 soutenir le <a href=\"https:\/\/rueda.casino\/charity\/\">projet caritatif KubaSoy<\/a> \u00e0 La Havane, Cuba.  <\/p>\n<\/div><\/div><\/div><div class=\"fusion-layout-column fusion_builder_column fusion-builder-column-1 fusion_builder_column_1_2 1_2 fusion-flex-column fusion-flex-align-self-stretch\" style=\"--awb-bg-blend:overlay;--awb-bg-size:cover;--awb-width-large:50%;--awb-margin-top-large:0px;--awb-spacing-right-large:3.84%;--awb-margin-bottom-large:0px;--awb-spacing-left-large:3.84%;--awb-width-medium:50%;--awb-spacing-right-medium:3.84%;--awb-spacing-left-medium:3.84%;--awb-width-small:100%;--awb-spacing-right-small:1.92%;--awb-spacing-left-small:1.92%;\"><div class=\"fusion-column-wrapper fusion-flex-justify-content-flex-start fusion-content-layout-column\"><div class=\"fusion-title title fusion-title-2 sep-underline sep-solid fusion-title-text fusion-title-size-two\" style=\"--awb-margin-bottom:40px;--awb-margin-top-small:10px;--awb-margin-right-small:0px;--awb-margin-bottom-small:10px;--awb-margin-left-small:0px;--awb-sep-color:var(--awb-color7);\"><h2 class=\"fusion-title-heading title-heading-left fusion-responsive-typography-calculated\" style=\"font-family:&quot;Work Sans&quot;;font-style:normal;font-weight:400;margin:0;text-transform:uppercase;--fontSize:25;line-height:var(--awb-typography1-line-height);\">Voici comment vous abonner :<\/h2><\/div><div class=\"fusion-content-boxes content-boxes columns row fusion-columns-1 fusion-columns-total-2 fusion-content-boxes-1 content-boxes-timeline-vertical content-left content-boxes-timeline-layout content-boxes-icon-with-title has-flex-alignment fusion-delayed-animation\" style=\"--awb-alignment:flex-end;--awb-hover-accent-color:var(--awb-color6);--awb-circle-hover-accent-color:var(--awb-color6);--awb-item-margin-bottom:40px;\" data-animation-delay=\"350\" data-animationOffset=\"top-into-view\"><div style=\"--awb-backgroundcolor:rgba(255,255,255,0);--awb-content-padding-left:55px;\" class=\"fusion-column content-box-column content-box-column content-box-column-1 col-lg-12 col-md-12 col-sm-12 fusion-content-box-hover content-box-column-last-in-row\"><div class=\"col content-box-wrapper content-wrapper link-area-link-icon content-icon-wrapper-yes icon-hover-animation-fade fusion-animated\" data-animationType=\"fadeIn\" data-animationDuration=\"0.25\" data-animationOffset=\"top-into-view\"><div class=\"heading heading-with-icon icon-left\" style=\"margin-top:16px;\"><div aria-hidden=\"true\" class=\"image\"><img decoding=\"async\" class=\"lazyload\" src=\"data:image\/svg+xml,%3Csvg%20xmlns%3D%27http%3A%2F%2Fwww.w3.org%2F2000%2Fsvg%27%20width%3D%2735%27%20height%3D%2734%27%20viewBox%3D%270%200%2035%2034%27%3E%3Crect%20width%3D%2735%27%20height%3D%2734%27%20fill-opacity%3D%220%22%2F%3E%3C%2Fsvg%3E\" data-orig-src=\"https:\/\/rueda.casino\/wp-content\/uploads\/2020\/06\/nr1.png\" width=\"35\" height=\"34\" alt=\"\" \/><\/div><h3 class=\"content-box-heading fusion-responsive-typography-calculated\" style=\"--h3_typography-font-size:18px;--fontSize:18;line-height:var(--awb-typography1-line-height);\">Cr\u00e9ez un compte Vimeo gratuit :<\/h3><\/div><div class=\"fusion-clearfix\"><\/div><div class=\"content-container\">\n<ul>\n<li>Allez sur <a href=\"http:\/\/vimeo.com\/\" target=\"_blank\" rel=\"noopener noreferrer\"><strong>vimeo.com<\/strong><\/a> et cliquez sur \u00ab&nbsp;<strong>Rejoindre<\/strong>&nbsp;\u00bb pour cr\u00e9er un compte Vimeo gratuit<\/li>\n<li>Vous avez d\u00e9j\u00e0 un compte Vimeo ? Ignorez cette \u00e9tape. <\/li>\n<\/ul>\n<\/div><\/div><\/div><div style=\"--awb-backgroundcolor:rgba(255,255,255,0);--awb-content-padding-left:55px;\" class=\"fusion-column content-box-column content-box-column content-box-column-2 col-lg-12 col-md-12 col-sm-12 fusion-content-box-hover content-box-column-last content-box-column-last-in-row\"><div class=\"col content-box-wrapper content-wrapper link-area-link-icon content-icon-wrapper-yes icon-hover-animation-fade fusion-animated\" data-animationType=\"fadeIn\" data-animationDuration=\"0.25\" data-animationOffset=\"top-into-view\"><div class=\"heading heading-with-icon icon-left\" style=\"margin-top:16px;\"><div aria-hidden=\"true\" class=\"image\"><img decoding=\"async\" class=\"lazyload\" src=\"data:image\/svg+xml,%3Csvg%20xmlns%3D%27http%3A%2F%2Fwww.w3.org%2F2000%2Fsvg%27%20width%3D%2735%27%20height%3D%2734%27%20viewBox%3D%270%200%2035%2034%27%3E%3Crect%20width%3D%2735%27%20height%3D%2734%27%20fill-opacity%3D%220%22%2F%3E%3C%2Fsvg%3E\" data-orig-src=\"https:\/\/rueda.casino\/wp-content\/uploads\/2020\/06\/nr2.png\" width=\"35\" height=\"34\" alt=\"\" \/><\/div><h3 class=\"content-box-heading fusion-responsive-typography-calculated\" style=\"--h3_typography-font-size:18px;--fontSize:18;line-height:var(--awb-typography1-line-height);\">Abonnez-vous \u00e0 la cha\u00eene vid\u00e9o Rueda.Casino :<\/h3><\/div><div class=\"fusion-clearfix\"><\/div><div class=\"content-container\">\n<ul>\n<li>Allez sur <a href=\"http:\/\/vod.rueda.casino\/\" target=\"_blank\" rel=\"noopener noreferrer\"><strong>vod.rueda.casino<\/strong><\/a> et cliquez sur la case bleue S\u2019abonner.<\/li>\n<li>&#8230; ou cliquez sur ce bouton<button id=\"subscribe-btn\" class=\"subscribe-btn\" style=\"width: 100%;\">S\u2019abonner maintenant<\/button><\/li>\n<li>Entrez vos informations de facturation, s\u00e9lectionnez le pays et cliquez sur \u00ab <strong>S\u2019abonner<\/strong> \u00bb.\n<p><strong>Et vous \u00eates partant !<\/strong>  V\u00e9rifiez votre e-mail pour obtenir un re\u00e7u.<\/p>\n<\/li>\n<\/ul>\n<\/div><\/div><\/div><div class=\"fusion-clearfix\"><\/div><\/div><div class=\"fusion-image-element awb-imageframe-style awb-imageframe-style-above awb-imageframe-style-1\" style=\"--awb-liftup-border-radius:0px;--awb-margin-top:20px;--awb-margin-bottom:40px;--awb-caption-title-font-family:var(--h3_typography-font-family);--awb-caption-title-font-weight:var(--h3_typography-font-weight);--awb-caption-title-font-style:var(--h3_typography-font-style);--awb-caption-title-size:var(--h3_typography-font-size);--awb-caption-title-transform:var(--h3_typography-text-transform);--awb-caption-title-line-height:var(--h3_typography-line-height);--awb-caption-title-letter-spacing:var(--h3_typography-letter-spacing);\"><div class=\"awb-imageframe-caption-container\"><div class=\"awb-imageframe-caption\"><h3 class=\"awb-imageframe-caption-title\">Confirmation<\/h3><p class=\"awb-imageframe-caption-text\">Ces captures d\u2019\u00e9cran devraient appara\u00eetre lors du processus d\u2019abonnement. Vous serez factur\u00e9 mensuellement tant que vous souscrirez, dans la valeur de votre r\u00e9gion - \u20ac, \u00a3 ou NOK. <\/p><\/div><\/div><div class=\"awb-image-frame awb-image-frame-1 imageframe-liftup\"><span class=\" fusion-imageframe imageframe-dropshadow imageframe-1\" style=\"-webkit-box-shadow: 5px 5px 9px var(--awb-color7);box-shadow: 5px 5px 9px var(--awb-color7);\"><img decoding=\"async\" width=\"652\" height=\"558\" title=\"Billing_info\" src=\"data:image\/svg+xml,%3Csvg%20xmlns%3D%27http%3A%2F%2Fwww.w3.org%2F2000%2Fsvg%27%20width%3D%27652%27%20height%3D%27558%27%20viewBox%3D%270%200%20652%20558%27%3E%3Crect%20width%3D%27652%27%20height%3D%27558%27%20fill-opacity%3D%220%22%2F%3E%3C%2Fsvg%3E\" data-orig-src=\"https:\/\/rueda.casino\/wp-content\/uploads\/2018\/10\/Billing_info.jpg\" alt class=\"lazyload img-responsive wp-image-23428\"\/><\/span><\/div><\/div><\/div><\/div><\/div><\/div><div class=\"fusion-fullwidth fullwidth-box fusion-builder-row-2 fusion-flex-container nonhundred-percent-fullwidth non-hundred-percent-height-scrolling\" style=\"--awb-border-radius-top-left:0px;--awb-border-radius-top-right:0px;--awb-border-radius-bottom-right:0px;--awb-border-radius-bottom-left:0px;--awb-flex-wrap:wrap;\" ><div class=\"fusion-builder-row fusion-row fusion-flex-align-items-flex-start fusion-flex-content-wrap\" style=\"max-width:1248px;margin-left: calc(-4% \/ 2 );margin-right: calc(-4% \/ 2 );\"><div class=\"fusion-layout-column fusion_builder_column fusion-builder-column-2 fusion_builder_column_1_1 1_1 fusion-flex-column\" style=\"--awb-bg-blend:overlay;--awb-bg-size:cover;--awb-width-large:100%;--awb-margin-top-large:0px;--awb-spacing-right-large:1.92%;--awb-margin-bottom-large:0px;--awb-spacing-left-large:1.92%;--awb-width-medium:100%;--awb-spacing-right-medium:1.92%;--awb-spacing-left-medium:1.92%;--awb-width-small:100%;--awb-spacing-right-small:1.92%;--awb-spacing-left-small:1.92%;\"><div class=\"fusion-column-wrapper fusion-flex-justify-content-flex-start fusion-content-layout-column\"><div class=\"fusion-text fusion-text-2\"><h2 class=\"fusion-responsive-typography-calculated\" style=\"text-align: center; --fontsize: 25; line-height: 1.2;\" data-fontsize=\"25\" data-lineheight=\"30px\"><a href=\"https:\/\/rueda.casino\/online-videos\/free\/\">VID\u00c9OS GRATUITES<\/a> | <a href=\"https:\/\/rueda.casino\/online-videos\/videos-available\/\">LISTE DE TOUTES LES VID\u00c9OS<\/a><\/h2>\n<p>.<\/p>\n<hr>\n<p>\n&#13;<\/p>\n<\/div><\/div><\/div><\/div><\/div><\/p>\n","protected":false},"excerpt":{"rendered":"","protected":false},"author":2,"featured_media":0,"parent":23740,"menu_order":1,"comment_status":"closed","ping_status":"closed","template":"","meta":{"_acf_changed":false,"content-type":"","footnotes":""},"class_list":["post-22563","page","type-page","status-publish","hentry"],"acf":[],"yoast_head":"<!-- This site is optimized with the Yoast SEO plugin v27.4 - https:\/\/yoast.com\/product\/yoast-seo-wordpress\/ -->\n<title>Obtenir l\u2019acc\u00e8s - Rueda.Casino<\/title>\n<meta name=\"robots\" content=\"index, follow, max-snippet:-1, max-image-preview:large, max-video-preview:-1\" \/>\n<link rel=\"canonical\" href=\"https:\/\/rueda.casino\/fr\/chaine-video-rueda-casino\/obtenir-lacces\/\" \/>\n<meta property=\"og:locale\" content=\"fr_FR\" \/>\n<meta property=\"og:type\" content=\"article\" \/>\n<meta property=\"og:title\" content=\"Obtenir l\u2019acc\u00e8s - Rueda.Casino\" \/>\n<meta property=\"og:url\" content=\"https:\/\/rueda.casino\/fr\/chaine-video-rueda-casino\/obtenir-lacces\/\" \/>\n<meta property=\"og:site_name\" content=\"Rueda.Casino\" \/>\n<meta property=\"article:publisher\" content=\"https:\/\/www.facebook.com\/ruedadotcasino\" \/>\n<meta property=\"article:modified_time\" content=\"2025-08-24T08:55:25+00:00\" \/>\n<meta name=\"twitter:card\" content=\"summary_large_image\" \/>\n<meta name=\"twitter:label1\" content=\"Dur\u00e9e de lecture estim\u00e9e\" \/>\n\t<meta name=\"twitter:data1\" content=\"6 minutes\" \/>\n<script type=\"application\/ld+json\" class=\"yoast-schema-graph\">{\"@context\":\"https:\\\/\\\/schema.org\",\"@graph\":[{\"@type\":\"WebPage\",\"@id\":\"https:\\\/\\\/rueda.casino\\\/fr\\\/chaine-video-rueda-casino\\\/obtenir-lacces\\\/\",\"url\":\"https:\\\/\\\/rueda.casino\\\/fr\\\/chaine-video-rueda-casino\\\/obtenir-lacces\\\/\",\"name\":\"Obtenir l\u2019acc\u00e8s - Rueda.Casino\",\"isPartOf\":{\"@id\":\"https:\\\/\\\/rueda.casino\\\/fr\\\/#website\"},\"datePublished\":\"2021-03-18T17:54:02+00:00\",\"dateModified\":\"2025-08-24T08:55:25+00:00\",\"breadcrumb\":{\"@id\":\"https:\\\/\\\/rueda.casino\\\/fr\\\/chaine-video-rueda-casino\\\/obtenir-lacces\\\/#breadcrumb\"},\"inLanguage\":\"fr-FR\",\"potentialAction\":[{\"@type\":\"ReadAction\",\"target\":[\"https:\\\/\\\/rueda.casino\\\/fr\\\/chaine-video-rueda-casino\\\/obtenir-lacces\\\/\"]}]},{\"@type\":\"BreadcrumbList\",\"@id\":\"https:\\\/\\\/rueda.casino\\\/fr\\\/chaine-video-rueda-casino\\\/obtenir-lacces\\\/#breadcrumb\",\"itemListElement\":[{\"@type\":\"ListItem\",\"position\":1,\"name\":\"Home\",\"item\":\"https:\\\/\\\/rueda.casino\\\/fr\\\/domicile\\\/\"},{\"@type\":\"ListItem\",\"position\":2,\"name\":\"Cha\u00eene vid\u00e9o rueda.casino\",\"item\":\"https:\\\/\\\/rueda.casino\\\/fr\\\/chaine-video-rueda-casino\\\/\"},{\"@type\":\"ListItem\",\"position\":3,\"name\":\"Obtenir l\u2019acc\u00e8s\"}]},{\"@type\":\"WebSite\",\"@id\":\"https:\\\/\\\/rueda.casino\\\/fr\\\/#website\",\"url\":\"https:\\\/\\\/rueda.casino\\\/fr\\\/\",\"name\":\"Rueda.Casino\",\"description\":\"Educational rueda &amp; casino videos of high quality\",\"publisher\":{\"@id\":\"https:\\\/\\\/rueda.casino\\\/fr\\\/#organization\"},\"potentialAction\":[{\"@type\":\"SearchAction\",\"target\":{\"@type\":\"EntryPoint\",\"urlTemplate\":\"https:\\\/\\\/rueda.casino\\\/fr\\\/?s={search_term_string}\"},\"query-input\":{\"@type\":\"PropertyValueSpecification\",\"valueRequired\":true,\"valueName\":\"search_term_string\"}}],\"inLanguage\":\"fr-FR\"},{\"@type\":\"Organization\",\"@id\":\"https:\\\/\\\/rueda.casino\\\/fr\\\/#organization\",\"name\":\"Rueda.Casino\",\"url\":\"https:\\\/\\\/rueda.casino\\\/fr\\\/\",\"logo\":{\"@type\":\"ImageObject\",\"inLanguage\":\"fr-FR\",\"@id\":\"https:\\\/\\\/rueda.casino\\\/fr\\\/#\\\/schema\\\/logo\\\/image\\\/\",\"url\":\"https:\\\/\\\/rueda.casino\\\/wp-content\\\/uploads\\\/2018\\\/08\\\/cropped-rueda.casino-2-linje-weblogo.png\",\"contentUrl\":\"https:\\\/\\\/rueda.casino\\\/wp-content\\\/uploads\\\/2018\\\/08\\\/cropped-rueda.casino-2-linje-weblogo.png\",\"width\":150,\"height\":51,\"caption\":\"Rueda.Casino\"},\"image\":{\"@id\":\"https:\\\/\\\/rueda.casino\\\/fr\\\/#\\\/schema\\\/logo\\\/image\\\/\"},\"sameAs\":[\"https:\\\/\\\/www.facebook.com\\\/ruedadotcasino\",\"https:\\\/\\\/www.instagram.com\\\/rueda.casino\\\/\",\"https:\\\/\\\/www.youtube.com\\\/@rueda.casino\"]}]}<\/script>\n<!-- \/ Yoast SEO plugin. -->","yoast_head_json":{"title":"Obtenir l\u2019acc\u00e8s - Rueda.Casino","robots":{"index":"index","follow":"follow","max-snippet":"max-snippet:-1","max-image-preview":"max-image-preview:large","max-video-preview":"max-video-preview:-1"},"canonical":"https:\/\/rueda.casino\/fr\/chaine-video-rueda-casino\/obtenir-lacces\/","og_locale":"fr_FR","og_type":"article","og_title":"Obtenir l\u2019acc\u00e8s - Rueda.Casino","og_url":"https:\/\/rueda.casino\/fr\/chaine-video-rueda-casino\/obtenir-lacces\/","og_site_name":"Rueda.Casino","article_publisher":"https:\/\/www.facebook.com\/ruedadotcasino","article_modified_time":"2025-08-24T08:55:25+00:00","twitter_card":"summary_large_image","twitter_misc":{"Dur\u00e9e de lecture estim\u00e9e":"6 minutes"},"schema":{"@context":"https:\/\/schema.org","@graph":[{"@type":"WebPage","@id":"https:\/\/rueda.casino\/fr\/chaine-video-rueda-casino\/obtenir-lacces\/","url":"https:\/\/rueda.casino\/fr\/chaine-video-rueda-casino\/obtenir-lacces\/","name":"Obtenir l\u2019acc\u00e8s - Rueda.Casino","isPartOf":{"@id":"https:\/\/rueda.casino\/fr\/#website"},"datePublished":"2021-03-18T17:54:02+00:00","dateModified":"2025-08-24T08:55:25+00:00","breadcrumb":{"@id":"https:\/\/rueda.casino\/fr\/chaine-video-rueda-casino\/obtenir-lacces\/#breadcrumb"},"inLanguage":"fr-FR","potentialAction":[{"@type":"ReadAction","target":["https:\/\/rueda.casino\/fr\/chaine-video-rueda-casino\/obtenir-lacces\/"]}]},{"@type":"BreadcrumbList","@id":"https:\/\/rueda.casino\/fr\/chaine-video-rueda-casino\/obtenir-lacces\/#breadcrumb","itemListElement":[{"@type":"ListItem","position":1,"name":"Home","item":"https:\/\/rueda.casino\/fr\/domicile\/"},{"@type":"ListItem","position":2,"name":"Cha\u00eene vid\u00e9o rueda.casino","item":"https:\/\/rueda.casino\/fr\/chaine-video-rueda-casino\/"},{"@type":"ListItem","position":3,"name":"Obtenir l\u2019acc\u00e8s"}]},{"@type":"WebSite","@id":"https:\/\/rueda.casino\/fr\/#website","url":"https:\/\/rueda.casino\/fr\/","name":"Rueda.Casino","description":"Educational rueda &amp; casino videos of high quality","publisher":{"@id":"https:\/\/rueda.casino\/fr\/#organization"},"potentialAction":[{"@type":"SearchAction","target":{"@type":"EntryPoint","urlTemplate":"https:\/\/rueda.casino\/fr\/?s={search_term_string}"},"query-input":{"@type":"PropertyValueSpecification","valueRequired":true,"valueName":"search_term_string"}}],"inLanguage":"fr-FR"},{"@type":"Organization","@id":"https:\/\/rueda.casino\/fr\/#organization","name":"Rueda.Casino","url":"https:\/\/rueda.casino\/fr\/","logo":{"@type":"ImageObject","inLanguage":"fr-FR","@id":"https:\/\/rueda.casino\/fr\/#\/schema\/logo\/image\/","url":"https:\/\/rueda.casino\/wp-content\/uploads\/2018\/08\/cropped-rueda.casino-2-linje-weblogo.png","contentUrl":"https:\/\/rueda.casino\/wp-content\/uploads\/2018\/08\/cropped-rueda.casino-2-linje-weblogo.png","width":150,"height":51,"caption":"Rueda.Casino"},"image":{"@id":"https:\/\/rueda.casino\/fr\/#\/schema\/logo\/image\/"},"sameAs":["https:\/\/www.facebook.com\/ruedadotcasino","https:\/\/www.instagram.com\/rueda.casino\/","https:\/\/www.youtube.com\/@rueda.casino"]}]}},"_links":{"self":[{"href":"https:\/\/rueda.casino\/fr\/wp-json\/wp\/v2\/pages\/22563","targetHints":{"allow":["GET"]}}],"collection":[{"href":"https:\/\/rueda.casino\/fr\/wp-json\/wp\/v2\/pages"}],"about":[{"href":"https:\/\/rueda.casino\/fr\/wp-json\/wp\/v2\/types\/page"}],"author":[{"embeddable":true,"href":"https:\/\/rueda.casino\/fr\/wp-json\/wp\/v2\/users\/2"}],"replies":[{"embeddable":true,"href":"https:\/\/rueda.casino\/fr\/wp-json\/wp\/v2\/comments?post=22563"}],"version-history":[{"count":0,"href":"https:\/\/rueda.casino\/fr\/wp-json\/wp\/v2\/pages\/22563\/revisions"}],"up":[{"embeddable":true,"href":"https:\/\/rueda.casino\/fr\/wp-json\/wp\/v2\/pages\/23740"}],"wp:attachment":[{"href":"https:\/\/rueda.casino\/fr\/wp-json\/wp\/v2\/media?parent=22563"}],"curies":[{"name":"wp","href":"https:\/\/api.w.org\/{rel}","templated":true}]}}