

    {"id":22716,"date":"2021-03-29T10:07:54","date_gmt":"2021-03-29T08:07:54","guid":{"rendered":"https:\/\/rueda.casino\/recevoir-des-notifications\/"},"modified":"2025-08-13T13:03:27","modified_gmt":"2025-08-13T11:03:27","slug":"recevoir-des-notifications","status":"publish","type":"page","link":"https:\/\/rueda.casino\/fr\/environ\/recevoir-des-notifications\/","title":{"rendered":"Recevoir des notifications"},"content":{"rendered":"<p><div class=\"fusion-fullwidth fullwidth-box fusion-builder-row-1 fusion-flex-container nonhundred-percent-fullwidth non-hundred-percent-height-scrolling\" style=\"--awb-border-radius-top-left:0px;--awb-border-radius-top-right:0px;--awb-border-radius-bottom-right:0px;--awb-border-radius-bottom-left:0px;--awb-margin-bottom:40px;--awb-flex-wrap:wrap;\" ><div class=\"fusion-builder-row fusion-row fusion-flex-align-items-flex-start fusion-flex-content-wrap\" style=\"max-width:1248px;margin-left: calc(-4% \/ 2 );margin-right: calc(-4% \/ 2 );\"><div class=\"fusion-layout-column fusion_builder_column fusion-builder-column-0 fusion_builder_column_1_1 1_1 fusion-flex-column\" style=\"--awb-bg-size:cover;--awb-width-large:100%;--awb-margin-top-large:0px;--awb-spacing-right-large:1.92%;--awb-margin-bottom-large:0px;--awb-spacing-left-large:1.92%;--awb-width-medium:100%;--awb-spacing-right-medium:1.92%;--awb-spacing-left-medium:1.92%;--awb-width-small:100%;--awb-spacing-right-small:1.92%;--awb-spacing-left-small:1.92%;\"><div class=\"fusion-column-wrapper fusion-flex-justify-content-flex-start fusion-content-layout-column\"><div class=\"fusion-text fusion-text-1\"><p>&#13;<\/p>\n<p><em>Nous esp\u00e9rons que vous trouverez notre plateforme rueda.casino utile. Nous pr\u00e9voyons des changements passionnants pour am\u00e9liorer encore notre plateforme vid\u00e9o, et nous aimerions vous tenir au courant de ces am\u00e9liorations. Si vous acceptez d\u2019\u00eatre mis \u00e0 jour, veuillez vous inscrire  <\/em><\/p>\n<p>&#13;<\/p>\n<p>\n&#13;<\/p>\n<p><em>Esperamos que encuentres nuestra plataforma rueda.casino \u00fatil. Tenemos planes interesantes para mejorar el plataforma de videos, y nos gustar\u00eda mantenerte al d\u00eda de esas mejoras. Si est\u00e1s de acuerdo y quieres recibir notificaciones, por favor elige &lsquo;Sign-up&rsquo;  <\/em><\/p>\n<p>&#13;<\/p>\n<\/p>\n<div class=\"wp-block-leadin-hubspot-form-block\">\n\t\t\t\t\t\t<script>\n\t\t\t\t\t\t\twindow.hsFormsOnReady = window.hsFormsOnReady || [];\n\t\t\t\t\t\t\twindow.hsFormsOnReady.push(()=>{\n\t\t\t\t\t\t\t\thbspt.forms.create({\n\t\t\t\t\t\t\t\t\tportalId: 27026474,\n\t\t\t\t\t\t\t\t\tformId: \"673486b6-b9cc-4f5a-abd7-88a089b1d374\",\n\t\t\t\t\t\t\t\t\ttarget: \"#hbspt-form-1776329966000-6235053390\",\n\t\t\t\t\t\t\t\t\tregion: \"eu1\",\n\t\t\t\t\t\t\t\t\t\n\t\t\t\t\t\t\t})});\n\t\t\t\t\t\t<\/script>\n\t\t\t\t\t\t<div class=\"hbspt-form\" id=\"hbspt-form-1776329966000-6235053390\"><\/div><\/div>\n<\/div><\/div><\/div><\/div><\/div><div class=\"fusion-fullwidth fullwidth-box fusion-builder-row-2 fusion-flex-container has-pattern-background has-mask-background nonhundred-percent-fullwidth non-hundred-percent-height-scrolling\" style=\"--awb-border-radius-top-left:0px;--awb-border-radius-top-right:0px;--awb-border-radius-bottom-right:0px;--awb-border-radius-bottom-left:0px;--awb-flex-wrap:wrap;\" ><div class=\"fusion-builder-row fusion-row fusion-flex-align-items-flex-start fusion-flex-content-wrap\" style=\"max-width:1248px;margin-left: calc(-4% \/ 2 );margin-right: calc(-4% \/ 2 );\"><div class=\"fusion-layout-column fusion_builder_column fusion-builder-column-1 fusion_builder_column_1_3 1_3 fusion-flex-column\" style=\"--awb-bg-size:cover;--awb-width-large:33.333333333333%;--awb-margin-top-large:0px;--awb-spacing-right-large:5.76%;--awb-margin-bottom-large:20px;--awb-spacing-left-large:5.76%;--awb-width-medium:33.333333333333%;--awb-order-medium:0;--awb-spacing-right-medium:5.76%;--awb-spacing-left-medium:5.76%;--awb-width-small:100%;--awb-order-small:0;--awb-spacing-right-small:1.92%;--awb-spacing-left-small:1.92%;\"><div class=\"fusion-column-wrapper fusion-column-has-shadow fusion-flex-justify-content-flex-start fusion-content-layout-column\"><i class=\"fb-icon-element-1 fb-icon-element fontawesome-icon fa-facebook-f fab circle-yes\" style=\"--awb-circlecolor-hover:var(--awb-color5);--awb-circlebordercolor-hover:var(--awb-color8);--awb-circlebordersize:1px;--awb-font-size:34.32px;--awb-width:68.64px;--awb-height:68.64px;--awb-line-height:66.64px;--awb-align-self:center;--awb-margin-top:0px;--awb-margin-right:0px;--awb-margin-bottom:40px;--awb-margin-left:0px;\"><\/i><div class=\"fusion-text fusion-text-2\"><p>La<strong> page<\/strong> Facebook <a href=\"https:\/\/www.facebook.com\/ruedadotcasino\" target=\"_blank\" rel=\"noreferrer noopener\">de rueda.casino<\/a><br \/><span style=\"color: var(--awb-text-color); font-family: var(--awb-text-font-family); font-size: var(--awb-font-size); font-style: var(--awb-text-font-style); font-weight: var(--awb-text-font-weight); letter-spacing: var(--awb-letter-spacing); text-align: var(--awb-content-alignment); text-transform: var(--awb-text-transform); background-color: var(--awb-bg-color-hover);\">(<\/span><a style=\"font-family: var(--awb-text-font-family); font-size: var(--awb-font-size); font-style: var(--awb-text-font-style); font-weight: var(--awb-text-font-weight); letter-spacing: var(--awb-letter-spacing); text-align: var(--awb-content-alignment); text-transform: var(--awb-text-transform); background-color: var(--awb-bg-color-hover);\" href=\"https:\/\/www.facebook.com\/ruedadotcasino\">facebook.com\/ruedadotcasino<\/a><span style=\"color: var(--awb-text-color); font-family: var(--awb-text-font-family); font-size: var(--awb-font-size); font-style: var(--awb-text-font-style); font-weight: var(--awb-text-font-weight); letter-spacing: var(--awb-letter-spacing); text-align: var(--awb-content-alignment); text-transform: var(--awb-text-transform); background-color: var(--awb-bg-color-hover);\">) est utilis\u00e9 pour publier des mises \u00e0 jour de nouvelles vid\u00e9os et d\u2019autres actualit\u00e9s. Pour recevoir une notification Facebook, veuillez choisir de   <\/span><strong style=\"color: var(--awb-text-color); font-family: var(--awb-text-font-family); font-size: var(--awb-font-size); font-style: var(--awb-text-font-style); letter-spacing: var(--awb-letter-spacing); text-align: var(--awb-content-alignment); text-transform: var(--awb-text-transform); background-color: var(--awb-bg-color-hover);\">Suivez<\/strong><span style=\"color: var(--awb-text-color); font-family: var(--awb-text-font-family); font-size: var(--awb-font-size); font-style: var(--awb-text-font-style); font-weight: var(--awb-text-font-weight); letter-spacing: var(--awb-letter-spacing); text-align: var(--awb-content-alignment); text-transform: var(--awb-text-transform); background-color: var(--awb-bg-color-hover);\"> ou <\/span><strong style=\"color: var(--awb-text-color); font-family: var(--awb-text-font-family); font-size: var(--awb-font-size); font-style: var(--awb-text-font-style); letter-spacing: var(--awb-letter-spacing); text-align: var(--awb-content-alignment); text-transform: var(--awb-text-transform); background-color: var(--awb-bg-color-hover);\">aimez<\/strong><span style=\"color: var(--awb-text-color); font-family: var(--awb-text-font-family); font-size: var(--awb-font-size); font-style: var(--awb-text-font-style); font-weight: var(--awb-text-font-weight); letter-spacing: var(--awb-letter-spacing); text-align: var(--awb-content-alignment); text-transform: var(--awb-text-transform); background-color: var(--awb-bg-color-hover);\"> la page.<\/span><\/p>\n<p>Le <strong>groupe<\/strong> Facebook <a href=\"https:\/\/www.facebook.com\/groups\/ruedadotcasino\" target=\"_blank\" rel=\"noopener noreferrer\">rueda.casino<\/a><br \/>(<a href=\"https:\/\/www.facebook.com\/groups\/ruedadotcasino\">facebook.com\/groups\/ruedadotcasino<\/a>) est utilis\u00e9 pour les discussions et les commentaires d\u2019autres danseurs et abonn\u00e9s. Pour participer \u00e0 la conversation, veuillez demander mambership dans le groupe. Pour recevoir une notification Facebook sur l\u2019activit\u00e9 du groupe, veuillez ajuster les param\u00e8tres de votre groupe en cons\u00e9quence.<\/p>\n<\/div><div class=\"fusion-facebook-page fb-page fusion-facebook-page-1 \" style=\"display:flex; justify-content:center;\" data-href=\"https:\/\/facebook.com\/ruedadotcasino\" data-tabs=\"timeline\" data-width=\"340\" data-height=\"500\" data-hide_cta=\"true\" data-show_facepile=\"false\"><\/div><script async defer crossorigin=\"anonymous\" src=\"https:\/\/connect.facebook.net\/en_US\/sdk.js#xfbml=1&version=v14.0\"><\/script><div id=\"fb-root\"><\/div><\/div><\/div><div class=\"fusion-layout-column fusion_builder_column fusion-builder-column-2 fusion_builder_column_1_3 1_3 fusion-flex-column\" style=\"--awb-bg-size:cover;--awb-width-large:33.333333333333%;--awb-margin-top-large:0px;--awb-spacing-right-large:5.76%;--awb-margin-bottom-large:20px;--awb-spacing-left-large:5.76%;--awb-width-medium:33.333333333333%;--awb-order-medium:0;--awb-spacing-right-medium:5.76%;--awb-spacing-left-medium:5.76%;--awb-width-small:100%;--awb-order-small:0;--awb-spacing-right-small:1.92%;--awb-spacing-left-small:1.92%;\"><div class=\"fusion-column-wrapper fusion-column-has-shadow fusion-flex-justify-content-flex-start fusion-content-layout-column\"><i class=\"fb-icon-element-2 fb-icon-element fontawesome-icon fa-vimeo-v fab circle-yes\" style=\"--awb-circlecolor-hover:var(--awb-color5);--awb-circlebordercolor-hover:var(--awb-color8);--awb-circlebordersize:1px;--awb-font-size:34.32px;--awb-width:68.64px;--awb-height:68.64px;--awb-line-height:66.64px;--awb-align-self:center;--awb-margin-top:0px;--awb-margin-right:0px;--awb-margin-bottom:40px;--awb-margin-left:0px;\"><\/i><div class=\"fusion-text fusion-text-3\"><p>La <a href=\"http:\/\/vimeo.rueda.casino\/\" target=\"_blank\" rel=\"noreferrer noopener\">cha\u00eene Vimeo de rueda.casino<\/a> contient une liste de diffusion. Vimeo envoie automatiquement un e-mail \u00e0 toutes les personnes figurant sur la liste quelques heures apr\u00e8s la publication d\u2019une nouvelle vid\u00e9o, ce qui est normalement tous les dimanches. Parfois plus souvent.<br \/>L\u2019\u00e9quipe de rueda.casino a acc\u00e8s \u00e0 la liste et peut \u00e9galement l\u2019utiliser occasionnellement pour une newsletter ou similaire.  <\/p>\n<p>Pour vous inscrire \u00e0 cette liste de diffusion, veuillez s\u00e9lectionner <strong>Recevoir des mises \u00e0 jour <\/strong>sur le <a href=\"http:\/\/vimeo.rueda.casino\/\" target=\"_blank\" rel=\"noreferrer noopener\">canal Vimeo de rueda.casino<\/a> :<\/p>\n<p><img decoding=\"async\" class=\"lazyload size-full wp-image-9213 alignnone\" src=\"data:image\/svg+xml,%3Csvg%20xmlns%3D%27http%3A%2F%2Fwww.w3.org%2F2000%2Fsvg%27%20width%3D%27172%27%20height%3D%27128%27%20viewBox%3D%270%200%20172%20128%27%3E%3Crect%20width%3D%27172%27%20height%3D%27128%27%20fill-opacity%3D%220%22%2F%3E%3C%2Fsvg%3E\" data-orig-src=\"https:\/\/rueda.casino\/wp-content\/uploads\/2021\/03\/receive-updates.png\" alt=\"\" width=\"172\" height=\"128\"><\/p>\n<\/div><div class=\"fusion-text fusion-text-4\"><h2 class=\"fusion-responsive-typography-calculated\" data-fontsize=\"25\" data-lineheight=\"30px\">Mises \u00e0 jour de la playlist Vimeo<\/h2>\n<p>Le nombre de vid\u00e9os disponibles sur rueda.casino ne cesse d\u2019augmenter. Avec environ 200 vid\u00e9os, nous avons cr\u00e9\u00e9 un ensemble de &nbsp;<a href=\"https:\/\/rueda.casino\/fr\/chaine-video-rueda-casino\/toutes-les-videos-todos-los-videos\/#playlists\"><strong>listes de lecture rueda.casino<\/strong><\/a>. Pour recevoir une notification Vimeo lorsqu\u2019une nouvelle vid\u00e9o est ajout\u00e9e \u00e0 une liste de lecture rueda.casino, veuillez vous rendre dans les listes de lecture qui vous int\u00e9ressent et s\u00e9lectionner &nbsp;<strong>Suivre<\/strong>.<\/p>\n<p><img decoding=\"async\" class=\"lazyload alignnone size-full wp-image-9868\" src=\"data:image\/svg+xml,%3Csvg%20xmlns%3D%27http%3A%2F%2Fwww.w3.org%2F2000%2Fsvg%27%20width%3D%2794%27%20height%3D%2737%27%20viewBox%3D%270%200%2094%2037%27%3E%3Crect%20width%3D%2794%27%20height%3D%2737%27%20fill-opacity%3D%220%22%2F%3E%3C%2Fsvg%3E\" data-orig-src=\"https:\/\/rueda.casino\/wp-content\/uploads\/2021\/04\/Follow.png\" alt=\"\" width=\"94\" height=\"37\">&nbsp;<\/p>\n<\/div><\/div><\/div><div class=\"fusion-layout-column fusion_builder_column fusion-builder-column-3 fusion_builder_column_1_3 1_3 fusion-flex-column\" style=\"--awb-bg-size:cover;--awb-width-large:33.333333333333%;--awb-margin-top-large:0px;--awb-spacing-right-large:5.76%;--awb-margin-bottom-large:20px;--awb-spacing-left-large:5.76%;--awb-width-medium:33.333333333333%;--awb-order-medium:0;--awb-spacing-right-medium:5.76%;--awb-spacing-left-medium:5.76%;--awb-width-small:100%;--awb-order-small:0;--awb-spacing-right-small:1.92%;--awb-spacing-left-small:1.92%;\"><div class=\"fusion-column-wrapper fusion-column-has-shadow fusion-flex-justify-content-flex-start fusion-content-layout-column\"><i class=\"fb-icon-element-3 fb-icon-element fontawesome-icon fa-youtube fab circle-yes\" style=\"--awb-circlecolor-hover:var(--awb-color5);--awb-circlebordercolor-hover:var(--awb-color8);--awb-circlebordersize:1px;--awb-font-size:34.32px;--awb-width:68.64px;--awb-height:68.64px;--awb-line-height:66.64px;--awb-align-self:center;--awb-margin-top:0px;--awb-margin-right:0px;--awb-margin-bottom:40px;--awb-margin-left:0px;\"><\/i><div class=\"fusion-text fusion-text-5\"><p>Rueda.Casino publie progressivement de plus en plus de son contenu sur YouTube, gratuit pour vous \u00e0 l\u2019utilisation non commerciale. Nous vous recommandons vivement de vous abonner \u00e0 notre cha\u00eene YouTube. Vous pouvez le faire<a href=\"https:\/\/www.youtube.com\/@rueda.casino\"><b> en visitant notre cha\u00eene<\/b><\/a>, ou en cliquant simplement sur s\u2019abonner sur le bouton ci-dessous :  <\/p>\n<div class=\"g-ytsubscribe\" data-channelid=\"UC0FHqNNXGIrDIC8EV0sc1qg\" data-layout=\"full\" data-count=\"default\"><\/div>\n<\/div><\/div><\/div><\/div><\/div><\/p>\n","protected":false},"excerpt":{"rendered":"","protected":false},"author":2,"featured_media":0,"parent":23980,"menu_order":10,"comment_status":"closed","ping_status":"closed","template":"","meta":{"_acf_changed":false,"content-type":"","footnotes":""},"class_list":["post-22716","page","type-page","status-publish","hentry"],"acf":[],"yoast_head":"<!-- This site is optimized with the Yoast SEO plugin v27.4 - https:\/\/yoast.com\/product\/yoast-seo-wordpress\/ -->\n<title>Recevoir des notifications - Rueda.Casino<\/title>\n<meta name=\"robots\" content=\"index, follow, max-snippet:-1, max-image-preview:large, max-video-preview:-1\" \/>\n<link rel=\"canonical\" href=\"https:\/\/rueda.casino\/fr\/environ\/recevoir-des-notifications\/\" \/>\n<meta property=\"og:locale\" content=\"fr_FR\" \/>\n<meta property=\"og:type\" content=\"article\" \/>\n<meta property=\"og:title\" content=\"Recevoir des notifications - Rueda.Casino\" \/>\n<meta property=\"og:url\" content=\"https:\/\/rueda.casino\/fr\/environ\/recevoir-des-notifications\/\" \/>\n<meta property=\"og:site_name\" content=\"Rueda.Casino\" \/>\n<meta property=\"article:publisher\" content=\"https:\/\/www.facebook.com\/ruedadotcasino\" \/>\n<meta property=\"article:modified_time\" content=\"2025-08-13T11:03:27+00:00\" \/>\n<meta property=\"og:image\" content=\"https:\/\/rueda.casino\/wp-content\/uploads\/2021\/03\/receive-updates.png\" \/>\n<meta name=\"twitter:card\" content=\"summary_large_image\" \/>\n<meta name=\"twitter:label1\" content=\"Dur\u00e9e de lecture estim\u00e9e\" \/>\n\t<meta name=\"twitter:data1\" content=\"9 minutes\" \/>\n<script type=\"application\/ld+json\" class=\"yoast-schema-graph\">{\"@context\":\"https:\\\/\\\/schema.org\",\"@graph\":[{\"@type\":\"WebPage\",\"@id\":\"https:\\\/\\\/rueda.casino\\\/fr\\\/environ\\\/recevoir-des-notifications\\\/\",\"url\":\"https:\\\/\\\/rueda.casino\\\/fr\\\/environ\\\/recevoir-des-notifications\\\/\",\"name\":\"Recevoir des notifications - Rueda.Casino\",\"isPartOf\":{\"@id\":\"https:\\\/\\\/rueda.casino\\\/fr\\\/#website\"},\"primaryImageOfPage\":{\"@id\":\"https:\\\/\\\/rueda.casino\\\/fr\\\/environ\\\/recevoir-des-notifications\\\/#primaryimage\"},\"image\":{\"@id\":\"https:\\\/\\\/rueda.casino\\\/fr\\\/environ\\\/recevoir-des-notifications\\\/#primaryimage\"},\"thumbnailUrl\":\"https:\\\/\\\/rueda.casino\\\/wp-content\\\/uploads\\\/2021\\\/03\\\/receive-updates.png\",\"datePublished\":\"2021-03-29T08:07:54+00:00\",\"dateModified\":\"2025-08-13T11:03:27+00:00\",\"breadcrumb\":{\"@id\":\"https:\\\/\\\/rueda.casino\\\/fr\\\/environ\\\/recevoir-des-notifications\\\/#breadcrumb\"},\"inLanguage\":\"fr-FR\",\"potentialAction\":[{\"@type\":\"ReadAction\",\"target\":[\"https:\\\/\\\/rueda.casino\\\/fr\\\/environ\\\/recevoir-des-notifications\\\/\"]}]},{\"@type\":\"ImageObject\",\"inLanguage\":\"fr-FR\",\"@id\":\"https:\\\/\\\/rueda.casino\\\/fr\\\/environ\\\/recevoir-des-notifications\\\/#primaryimage\",\"url\":\"https:\\\/\\\/rueda.casino\\\/wp-content\\\/uploads\\\/2021\\\/03\\\/receive-updates.png\",\"contentUrl\":\"https:\\\/\\\/rueda.casino\\\/wp-content\\\/uploads\\\/2021\\\/03\\\/receive-updates.png\"},{\"@type\":\"BreadcrumbList\",\"@id\":\"https:\\\/\\\/rueda.casino\\\/fr\\\/environ\\\/recevoir-des-notifications\\\/#breadcrumb\",\"itemListElement\":[{\"@type\":\"ListItem\",\"position\":1,\"name\":\"Home\",\"item\":\"https:\\\/\\\/rueda.casino\\\/fr\\\/domicile\\\/\"},{\"@type\":\"ListItem\",\"position\":2,\"name\":\"Environ\",\"item\":\"https:\\\/\\\/rueda.casino\\\/fr\\\/environ\\\/\"},{\"@type\":\"ListItem\",\"position\":3,\"name\":\"Recevoir des notifications\"}]},{\"@type\":\"WebSite\",\"@id\":\"https:\\\/\\\/rueda.casino\\\/fr\\\/#website\",\"url\":\"https:\\\/\\\/rueda.casino\\\/fr\\\/\",\"name\":\"Rueda.Casino\",\"description\":\"Educational rueda &amp; casino videos of high quality\",\"publisher\":{\"@id\":\"https:\\\/\\\/rueda.casino\\\/fr\\\/#organization\"},\"potentialAction\":[{\"@type\":\"SearchAction\",\"target\":{\"@type\":\"EntryPoint\",\"urlTemplate\":\"https:\\\/\\\/rueda.casino\\\/fr\\\/?s={search_term_string}\"},\"query-input\":{\"@type\":\"PropertyValueSpecification\",\"valueRequired\":true,\"valueName\":\"search_term_string\"}}],\"inLanguage\":\"fr-FR\"},{\"@type\":\"Organization\",\"@id\":\"https:\\\/\\\/rueda.casino\\\/fr\\\/#organization\",\"name\":\"Rueda.Casino\",\"url\":\"https:\\\/\\\/rueda.casino\\\/fr\\\/\",\"logo\":{\"@type\":\"ImageObject\",\"inLanguage\":\"fr-FR\",\"@id\":\"https:\\\/\\\/rueda.casino\\\/fr\\\/#\\\/schema\\\/logo\\\/image\\\/\",\"url\":\"https:\\\/\\\/rueda.casino\\\/wp-content\\\/uploads\\\/2018\\\/08\\\/cropped-rueda.casino-2-linje-weblogo.png\",\"contentUrl\":\"https:\\\/\\\/rueda.casino\\\/wp-content\\\/uploads\\\/2018\\\/08\\\/cropped-rueda.casino-2-linje-weblogo.png\",\"width\":150,\"height\":51,\"caption\":\"Rueda.Casino\"},\"image\":{\"@id\":\"https:\\\/\\\/rueda.casino\\\/fr\\\/#\\\/schema\\\/logo\\\/image\\\/\"},\"sameAs\":[\"https:\\\/\\\/www.facebook.com\\\/ruedadotcasino\",\"https:\\\/\\\/www.instagram.com\\\/rueda.casino\\\/\",\"https:\\\/\\\/www.youtube.com\\\/@rueda.casino\"]}]}<\/script>\n<!-- \/ Yoast SEO plugin. -->","yoast_head_json":{"title":"Recevoir des notifications - Rueda.Casino","robots":{"index":"index","follow":"follow","max-snippet":"max-snippet:-1","max-image-preview":"max-image-preview:large","max-video-preview":"max-video-preview:-1"},"canonical":"https:\/\/rueda.casino\/fr\/environ\/recevoir-des-notifications\/","og_locale":"fr_FR","og_type":"article","og_title":"Recevoir des notifications - Rueda.Casino","og_url":"https:\/\/rueda.casino\/fr\/environ\/recevoir-des-notifications\/","og_site_name":"Rueda.Casino","article_publisher":"https:\/\/www.facebook.com\/ruedadotcasino","article_modified_time":"2025-08-13T11:03:27+00:00","og_image":[{"url":"https:\/\/rueda.casino\/wp-content\/uploads\/2021\/03\/receive-updates.png","type":"","width":"","height":""}],"twitter_card":"summary_large_image","twitter_misc":{"Dur\u00e9e de lecture estim\u00e9e":"9 minutes"},"schema":{"@context":"https:\/\/schema.org","@graph":[{"@type":"WebPage","@id":"https:\/\/rueda.casino\/fr\/environ\/recevoir-des-notifications\/","url":"https:\/\/rueda.casino\/fr\/environ\/recevoir-des-notifications\/","name":"Recevoir des notifications - Rueda.Casino","isPartOf":{"@id":"https:\/\/rueda.casino\/fr\/#website"},"primaryImageOfPage":{"@id":"https:\/\/rueda.casino\/fr\/environ\/recevoir-des-notifications\/#primaryimage"},"image":{"@id":"https:\/\/rueda.casino\/fr\/environ\/recevoir-des-notifications\/#primaryimage"},"thumbnailUrl":"https:\/\/rueda.casino\/wp-content\/uploads\/2021\/03\/receive-updates.png","datePublished":"2021-03-29T08:07:54+00:00","dateModified":"2025-08-13T11:03:27+00:00","breadcrumb":{"@id":"https:\/\/rueda.casino\/fr\/environ\/recevoir-des-notifications\/#breadcrumb"},"inLanguage":"fr-FR","potentialAction":[{"@type":"ReadAction","target":["https:\/\/rueda.casino\/fr\/environ\/recevoir-des-notifications\/"]}]},{"@type":"ImageObject","inLanguage":"fr-FR","@id":"https:\/\/rueda.casino\/fr\/environ\/recevoir-des-notifications\/#primaryimage","url":"https:\/\/rueda.casino\/wp-content\/uploads\/2021\/03\/receive-updates.png","contentUrl":"https:\/\/rueda.casino\/wp-content\/uploads\/2021\/03\/receive-updates.png"},{"@type":"BreadcrumbList","@id":"https:\/\/rueda.casino\/fr\/environ\/recevoir-des-notifications\/#breadcrumb","itemListElement":[{"@type":"ListItem","position":1,"name":"Home","item":"https:\/\/rueda.casino\/fr\/domicile\/"},{"@type":"ListItem","position":2,"name":"Environ","item":"https:\/\/rueda.casino\/fr\/environ\/"},{"@type":"ListItem","position":3,"name":"Recevoir des notifications"}]},{"@type":"WebSite","@id":"https:\/\/rueda.casino\/fr\/#website","url":"https:\/\/rueda.casino\/fr\/","name":"Rueda.Casino","description":"Educational rueda &amp; casino videos of high quality","publisher":{"@id":"https:\/\/rueda.casino\/fr\/#organization"},"potentialAction":[{"@type":"SearchAction","target":{"@type":"EntryPoint","urlTemplate":"https:\/\/rueda.casino\/fr\/?s={search_term_string}"},"query-input":{"@type":"PropertyValueSpecification","valueRequired":true,"valueName":"search_term_string"}}],"inLanguage":"fr-FR"},{"@type":"Organization","@id":"https:\/\/rueda.casino\/fr\/#organization","name":"Rueda.Casino","url":"https:\/\/rueda.casino\/fr\/","logo":{"@type":"ImageObject","inLanguage":"fr-FR","@id":"https:\/\/rueda.casino\/fr\/#\/schema\/logo\/image\/","url":"https:\/\/rueda.casino\/wp-content\/uploads\/2018\/08\/cropped-rueda.casino-2-linje-weblogo.png","contentUrl":"https:\/\/rueda.casino\/wp-content\/uploads\/2018\/08\/cropped-rueda.casino-2-linje-weblogo.png","width":150,"height":51,"caption":"Rueda.Casino"},"image":{"@id":"https:\/\/rueda.casino\/fr\/#\/schema\/logo\/image\/"},"sameAs":["https:\/\/www.facebook.com\/ruedadotcasino","https:\/\/www.instagram.com\/rueda.casino\/","https:\/\/www.youtube.com\/@rueda.casino"]}]}},"_links":{"self":[{"href":"https:\/\/rueda.casino\/fr\/wp-json\/wp\/v2\/pages\/22716","targetHints":{"allow":["GET"]}}],"collection":[{"href":"https:\/\/rueda.casino\/fr\/wp-json\/wp\/v2\/pages"}],"about":[{"href":"https:\/\/rueda.casino\/fr\/wp-json\/wp\/v2\/types\/page"}],"author":[{"embeddable":true,"href":"https:\/\/rueda.casino\/fr\/wp-json\/wp\/v2\/users\/2"}],"replies":[{"embeddable":true,"href":"https:\/\/rueda.casino\/fr\/wp-json\/wp\/v2\/comments?post=22716"}],"version-history":[{"count":0,"href":"https:\/\/rueda.casino\/fr\/wp-json\/wp\/v2\/pages\/22716\/revisions"}],"up":[{"embeddable":true,"href":"https:\/\/rueda.casino\/fr\/wp-json\/wp\/v2\/pages\/23980"}],"wp:attachment":[{"href":"https:\/\/rueda.casino\/fr\/wp-json\/wp\/v2\/media?parent=22716"}],"curies":[{"name":"wp","href":"https:\/\/api.w.org\/{rel}","templated":true}]}}