

    {"id":23141,"date":"2018-07-31T18:56:02","date_gmt":"2018-07-31T16:56:02","guid":{"rendered":"https:\/\/rueda.casino\/combo-rueda\/"},"modified":"2025-08-13T13:03:20","modified_gmt":"2025-08-13T11:03:20","slug":"combo-rueda","status":"publish","type":"page","link":"https:\/\/rueda.casino\/fr\/structures-de-rueda-estructuras-de-rueda\/combo-rueda\/","title":{"rendered":"Combo Rueda"},"content":{"rendered":"<div class=\"fusion-fullwidth fullwidth-box fusion-builder-row-1 fusion-flex-container nonhundred-percent-fullwidth non-hundred-percent-height-scrolling\" style=\"--awb-border-radius-top-left:0px;--awb-border-radius-top-right:0px;--awb-border-radius-bottom-right:0px;--awb-border-radius-bottom-left:0px;--awb-flex-wrap:wrap;\" ><div class=\"fusion-builder-row fusion-row fusion-flex-align-items-flex-start fusion-flex-content-wrap\" style=\"max-width:1248px;margin-left: calc(-4% \/ 2 );margin-right: calc(-4% \/ 2 );\"><div class=\"fusion-layout-column fusion_builder_column fusion-builder-column-0 fusion_builder_column_1_2 1_2 fusion-flex-column\" style=\"--awb-bg-size:cover;--awb-width-large:50%;--awb-margin-top-large:0px;--awb-spacing-right-large:3.84%;--awb-margin-bottom-large:0px;--awb-spacing-left-large:3.84%;--awb-width-medium:50%;--awb-spacing-right-medium:3.84%;--awb-spacing-left-medium:3.84%;--awb-width-small:100%;--awb-spacing-right-small:1.92%;--awb-spacing-left-small:1.92%;\"><div class=\"fusion-column-wrapper fusion-flex-justify-content-flex-start fusion-content-layout-column\"><div class=\"fusion-title title fusion-title-1 sep-underline sep-solid fusion-title-text fusion-title-size-two\" style=\"--awb-margin-top-small:10px;--awb-margin-right-small:0px;--awb-margin-bottom-small:10px;--awb-margin-left-small:0px;--awb-sep-color:var(--awb-color6);\"><h2 class=\"fusion-title-heading title-heading-left fusion-responsive-typography-calculated\" style=\"font-family:&quot;Work Sans&quot;;font-style:normal;font-weight:400;margin:0;text-transform:uppercase;--fontSize:25;line-height:var(--awb-typography1-line-height);\">Combo Rueda<\/h2><\/div><div class=\"fusion-text fusion-text-1\"><p><b>Rueda combo<\/b> est un terme g\u00e9n\u00e9ral pour combiner diff\u00e9rentes structures de rueda en m\u00eame temps.<\/p>\n<p>Un combo rueda se compose g\u00e9n\u00e9ralement de deux (ou plus) cercles, l\u2019un \u00e0 l\u2019int\u00e9rieur de l\u2019autre et le cercle int\u00e9rieur dansant por fuera. L\u2019un ou les deux cercles peuvent passer \u00e0 rueda espejo, rueda contratiempo ou \u00e0 une autre structure de base. Une autre configuration combin\u00e9e possible est d\u2019avoir 3 cercles, et peut-\u00eatre aussi un \u00e1baco \u00e0 l\u2019int\u00e9rieur. Le deuxi\u00e8me cercle peut danser por fuera ou espejo, pour ajouter un d\u00e9fi.   <\/p>\n<\/div><div class=\"fusion-title title fusion-title-2 sep-underline sep-solid fusion-title-text fusion-title-size-three\" style=\"--awb-margin-top-small:10px;--awb-margin-right-small:0px;--awb-margin-bottom-small:10px;--awb-margin-left-small:0px;--awb-sep-color:var(--awb-color6);\"><h3 class=\"fusion-title-heading title-heading-left fusion-responsive-typography-calculated\" style=\"font-family:&quot;Work Sans&quot;;font-style:normal;font-weight:400;margin:0;text-transform:uppercase;--fontSize:20;line-height:var(--awb-typography1-line-height);\">Deux cercles<\/h3><\/div><div class=\"fusion-text fusion-text-2\"><p>Avec deux cercles, il est \u00e9galement possible d\u2019\u00e9mettre des ordres diff\u00e9rents aux deux cercles en s\u2019adressant aux cercles comme&nbsp;<em>int\u00e9rieur <\/em>et&nbsp;<em>ext\u00e9rieur<\/em>. Voici quelques possibilit\u00e9s : <\/p>\n<ul>\n<li>Appeler une commande uniquement \u00e0 l\u2019un des cercles, c\u2019est-\u00e0-dire <em>ext\u00e9rieur un vol<\/em><\/li>\n<li>Appel de commandes diff\u00e9rentes aux deux cercles, c\u2019est-\u00e0-dire <em>Tumba Francesa ext\u00e9rieure, famille int\u00e9rieure<\/em><\/li>\n<li>Une commande avec de l\u00e9g\u00e8res variations par rapport aux deux cercles, c\u2019est-\u00e0-dire <em>Festival de Pelota, Ext\u00e9rieur con vuelta<\/em><\/li>\n<\/ul>\n<\/div><div class=\"fusion-title title fusion-title-3 sep-underline sep-solid fusion-title-text fusion-title-size-three\" style=\"--awb-margin-top:40px;--awb-margin-top-small:10px;--awb-margin-right-small:0px;--awb-margin-bottom-small:10px;--awb-margin-left-small:0px;--awb-sep-color:var(--awb-color6);\"><h3 class=\"fusion-title-heading title-heading-left fusion-responsive-typography-calculated\" style=\"font-family:&quot;Work Sans&quot;;font-style:normal;font-weight:400;margin:0;text-transform:uppercase;--fontSize:20;line-height:var(--awb-typography1-line-height);\">Utilisation sociale<\/h3><\/div><div class=\"fusion-text fusion-text-3\"><p>Le combo Rueda a un angle social. L\u2019id\u00e9e est que les r\u00e8gles ne devraient pas \u00eatre plus compliqu\u00e9es que ce que les danseurs de Rueda peuvent apprendre \u00e0 la vol\u00e9e sans aucune autre connaissance sp\u00e9cifique que celle des structures sociales de base de Rueda. <\/p>\n<p>Un tr\u00e8s bel avantage du combo Rueda dans un cadre social est que vous pouvez avoir les danseurs les plus exp\u00e9riment\u00e9s dans un cercle, et ajouter plus de complexit\u00e9 \u00e0 ce cercle. De cette fa\u00e7on, tout le monde peut danser ensemble et relever un d\u00e9fi en m\u00eame temps, par exemple si le cercle int\u00e9rieur danse espejo + por fuera et que le cercle ext\u00e9rieur danse r\u00e9guli\u00e8rement Rueda de casino.<\/p>\n<\/div><div class=\"fusion-title title fusion-title-4 sep-underline sep-solid fusion-title-text fusion-title-size-three\" style=\"--awb-margin-top:40px;--awb-margin-top-small:10px;--awb-margin-right-small:0px;--awb-margin-bottom-small:10px;--awb-margin-left-small:0px;--awb-sep-color:var(--awb-color6);\"><h3 class=\"fusion-title-heading title-heading-left fusion-responsive-typography-calculated\" style=\"font-family:&quot;Work Sans&quot;;font-style:normal;font-weight:400;margin:0;text-transform:uppercase;--fontSize:20;line-height:var(--awb-typography1-line-height);\">Origine<\/h3><\/div><div class=\"fusion-text fusion-text-4\"><p>Bien que diverses combinaisons de cercles aient \u00e9t\u00e9 \u00e9tudi\u00e9es par diverses personnes, la premi\u00e8re utilisation structurelle de ce consept que nous connaissons a eu lieu lors de la soir\u00e9e du congr\u00e8s SalsaNor Rueda en 2012 \u00e0 Aarhus, o\u00f9 plusieurs structures ont \u00e9t\u00e9 utilis\u00e9es en m\u00eame temps, aux appels de Bernt Rygg. Depuis, il figure chaque ann\u00e9e au programme du congr\u00e8s. <\/p>\n<p>En 2014, Bernt Rygg a enseign\u00e9 pour la premi\u00e8re fois \u00e0 Stavanger en 2014 au congr\u00e8s SalsaNor Rueda, o\u00f9 l\u2019accent \u00e9tait mis sur l\u2019\u00e9change de cercles pour les leaders.<\/p>\n<\/div><\/div><\/div><div class=\"fusion-layout-column fusion_builder_column fusion-builder-column-1 fusion_builder_column_1_2 1_2 fusion-flex-column\" style=\"--awb-bg-size:cover;--awb-width-large:50%;--awb-margin-top-large:0px;--awb-spacing-right-large:3.84%;--awb-margin-bottom-large:0px;--awb-spacing-left-large:3.84%;--awb-width-medium:50%;--awb-spacing-right-medium:3.84%;--awb-spacing-left-medium:3.84%;--awb-width-small:100%;--awb-spacing-right-small:1.92%;--awb-spacing-left-small:1.92%;\"><div class=\"fusion-column-wrapper fusion-flex-justify-content-flex-start fusion-content-layout-column\"><div class=\"fusion-image-element \" style=\"--awb-margin-bottom:20px;--awb-caption-title-font-family:var(--h2_typography-font-family);--awb-caption-title-font-weight:var(--h2_typography-font-weight);--awb-caption-title-font-style:var(--h2_typography-font-style);--awb-caption-title-size:var(--h2_typography-font-size);--awb-caption-title-transform:var(--h2_typography-text-transform);--awb-caption-title-line-height:var(--h2_typography-line-height);--awb-caption-title-letter-spacing:var(--h2_typography-letter-spacing);\"><span class=\" fusion-imageframe imageframe-none imageframe-1 hover-type-none\"><img decoding=\"async\" width=\"1977\" height=\"1998\" title=\"Rueda combo &#8211; classic &#8211; wp\" src=\"data:image\/svg+xml,%3Csvg%20xmlns%3D%27http%3A%2F%2Fwww.w3.org%2F2000%2Fsvg%27%20width%3D%271977%27%20height%3D%271998%27%20viewBox%3D%270%200%201977%201998%27%3E%3Crect%20width%3D%271977%27%20height%3D%271998%27%20fill-opacity%3D%220%22%2F%3E%3C%2Fsvg%3E\" data-orig-src=\"https:\/\/rueda.casino\/wp-content\/uploads\/2018\/07\/Rueda-combo-classic-wp.png\" alt class=\"lazyload img-responsive wp-image-23143\"\/><\/span><\/div><div class=\"fusion-title title fusion-title-5 sep-underline sep-solid fusion-title-text fusion-title-size-four\" style=\"--awb-margin-top:40px;--awb-margin-top-small:10px;--awb-margin-right-small:0px;--awb-margin-bottom-small:10px;--awb-margin-left-small:0px;--awb-sep-color:var(--awb-color6);\"><h4 class=\"fusion-title-heading title-heading-left fusion-responsive-typography-calculated\" style=\"font-family:&quot;Work Sans&quot;;font-style:normal;font-weight:400;margin:0;text-transform:uppercase;--fontSize:18;line-height:var(--awb-typography1-line-height);\">Exemples<\/h4><\/div><ul style=\"--awb-line-height:27.2px;--awb-icon-width:27.2px;--awb-icon-height:27.2px;--awb-icon-margin:11.2px;--awb-content-margin:38.4px;--awb-circlecolor:var(--awb-color7);--awb-circle-yes-font-size:14.08px;\" class=\"fusion-checklist fusion-checklist-1 fusion-checklist-default type-icons\"><li class=\"fusion-li-item\" style=\"\"><span class=\"icon-wrapper circle-yes\"><i class=\"fusion-li-icon fa-chevron-circle-right fas\" aria-hidden=\"true\"><\/i><\/span><div class=\"fusion-li-item-content\">\n<p><strong>2 cercles :<\/strong><br \/>Int\u00e9rieur&nbsp;: Rueda por fuera<br \/>Ext\u00e9rieur&nbsp;: Rueda de Casino<\/p>\n<\/div><\/li><li class=\"fusion-li-item\" style=\"\"><span class=\"icon-wrapper circle-yes\"><i class=\"fusion-li-icon fa-chevron-circle-right fas\" aria-hidden=\"true\"><\/i><\/span><div class=\"fusion-li-item-content\">\n<p><strong>2 cercles + \u00e1baco \u00e0 l\u2019int\u00e9rieur :<\/strong><br \/>Centre&nbsp;: \u00c1baco<br \/>Int\u00e9rieur : Rueda de Casino<br \/>Ext\u00e9rieur&nbsp;: Rueda de Casino<\/p>\n<\/div><\/li><li class=\"fusion-li-item\" style=\"\"><span class=\"icon-wrapper circle-yes\"><i class=\"fusion-li-icon fa-chevron-circle-right fas\" aria-hidden=\"true\"><\/i><\/span><div class=\"fusion-li-item-content\">\n<p><strong>3 cercles :<\/strong><br \/>Int\u00e9rieur : Rueda con dos Mujeres<br \/>Ext\u00e9rieur 1 : Rueda por fuera (ou Rueda Espejo)<br \/>Ext\u00e9rieur 2 : Rueda de Casino<\/p>\n<\/div><\/li><\/ul><\/div><\/div><\/div><\/div>\n","protected":false},"excerpt":{"rendered":"","protected":false},"author":1,"featured_media":0,"parent":23869,"menu_order":15,"comment_status":"closed","ping_status":"closed","template":"","meta":{"_acf_changed":false,"content-type":"","footnotes":""},"class_list":["post-23141","page","type-page","status-publish","hentry"],"acf":[],"yoast_head":"<!-- This site is optimized with the Yoast SEO plugin v27.4 - https:\/\/yoast.com\/product\/yoast-seo-wordpress\/ -->\n<title>Combo Rueda - Rueda.Casino<\/title>\n<meta name=\"robots\" content=\"index, follow, max-snippet:-1, max-image-preview:large, max-video-preview:-1\" \/>\n<link rel=\"canonical\" href=\"https:\/\/rueda.casino\/fr\/structures-de-rueda-estructuras-de-rueda\/combo-rueda\/\" \/>\n<meta property=\"og:locale\" content=\"fr_FR\" \/>\n<meta property=\"og:type\" content=\"article\" \/>\n<meta property=\"og:title\" content=\"Combo Rueda - Rueda.Casino\" \/>\n<meta property=\"og:url\" content=\"https:\/\/rueda.casino\/fr\/structures-de-rueda-estructuras-de-rueda\/combo-rueda\/\" \/>\n<meta property=\"og:site_name\" content=\"Rueda.Casino\" \/>\n<meta property=\"article:publisher\" content=\"https:\/\/www.facebook.com\/ruedadotcasino\" \/>\n<meta property=\"article:modified_time\" content=\"2025-08-13T11:03:20+00:00\" \/>\n<meta name=\"twitter:card\" content=\"summary_large_image\" \/>\n<meta name=\"twitter:label1\" content=\"Dur\u00e9e de lecture estim\u00e9e\" \/>\n\t<meta name=\"twitter:data1\" content=\"7 minutes\" \/>\n<script type=\"application\/ld+json\" class=\"yoast-schema-graph\">{\"@context\":\"https:\\\/\\\/schema.org\",\"@graph\":[{\"@type\":\"WebPage\",\"@id\":\"https:\\\/\\\/rueda.casino\\\/fr\\\/structures-de-rueda-estructuras-de-rueda\\\/combo-rueda\\\/\",\"url\":\"https:\\\/\\\/rueda.casino\\\/fr\\\/structures-de-rueda-estructuras-de-rueda\\\/combo-rueda\\\/\",\"name\":\"Combo Rueda - Rueda.Casino\",\"isPartOf\":{\"@id\":\"https:\\\/\\\/rueda.casino\\\/fr\\\/#website\"},\"datePublished\":\"2018-07-31T16:56:02+00:00\",\"dateModified\":\"2025-08-13T11:03:20+00:00\",\"breadcrumb\":{\"@id\":\"https:\\\/\\\/rueda.casino\\\/fr\\\/structures-de-rueda-estructuras-de-rueda\\\/combo-rueda\\\/#breadcrumb\"},\"inLanguage\":\"fr-FR\",\"potentialAction\":[{\"@type\":\"ReadAction\",\"target\":[\"https:\\\/\\\/rueda.casino\\\/fr\\\/structures-de-rueda-estructuras-de-rueda\\\/combo-rueda\\\/\"]}]},{\"@type\":\"BreadcrumbList\",\"@id\":\"https:\\\/\\\/rueda.casino\\\/fr\\\/structures-de-rueda-estructuras-de-rueda\\\/combo-rueda\\\/#breadcrumb\",\"itemListElement\":[{\"@type\":\"ListItem\",\"position\":1,\"name\":\"Home\",\"item\":\"https:\\\/\\\/rueda.casino\\\/fr\\\/domicile\\\/\"},{\"@type\":\"ListItem\",\"position\":2,\"name\":\"Les structures de Rueda\",\"item\":\"https:\\\/\\\/rueda.casino\\\/fr\\\/structures-de-rueda-estructuras-de-rueda\\\/\"},{\"@type\":\"ListItem\",\"position\":3,\"name\":\"Combo Rueda\"}]},{\"@type\":\"WebSite\",\"@id\":\"https:\\\/\\\/rueda.casino\\\/fr\\\/#website\",\"url\":\"https:\\\/\\\/rueda.casino\\\/fr\\\/\",\"name\":\"Rueda.Casino\",\"description\":\"Educational rueda &amp; casino videos of high quality\",\"publisher\":{\"@id\":\"https:\\\/\\\/rueda.casino\\\/fr\\\/#organization\"},\"potentialAction\":[{\"@type\":\"SearchAction\",\"target\":{\"@type\":\"EntryPoint\",\"urlTemplate\":\"https:\\\/\\\/rueda.casino\\\/fr\\\/?s={search_term_string}\"},\"query-input\":{\"@type\":\"PropertyValueSpecification\",\"valueRequired\":true,\"valueName\":\"search_term_string\"}}],\"inLanguage\":\"fr-FR\"},{\"@type\":\"Organization\",\"@id\":\"https:\\\/\\\/rueda.casino\\\/fr\\\/#organization\",\"name\":\"Rueda.Casino\",\"url\":\"https:\\\/\\\/rueda.casino\\\/fr\\\/\",\"logo\":{\"@type\":\"ImageObject\",\"inLanguage\":\"fr-FR\",\"@id\":\"https:\\\/\\\/rueda.casino\\\/fr\\\/#\\\/schema\\\/logo\\\/image\\\/\",\"url\":\"https:\\\/\\\/rueda.casino\\\/wp-content\\\/uploads\\\/2018\\\/08\\\/cropped-rueda.casino-2-linje-weblogo.png\",\"contentUrl\":\"https:\\\/\\\/rueda.casino\\\/wp-content\\\/uploads\\\/2018\\\/08\\\/cropped-rueda.casino-2-linje-weblogo.png\",\"width\":150,\"height\":51,\"caption\":\"Rueda.Casino\"},\"image\":{\"@id\":\"https:\\\/\\\/rueda.casino\\\/fr\\\/#\\\/schema\\\/logo\\\/image\\\/\"},\"sameAs\":[\"https:\\\/\\\/www.facebook.com\\\/ruedadotcasino\",\"https:\\\/\\\/www.instagram.com\\\/rueda.casino\\\/\",\"https:\\\/\\\/www.youtube.com\\\/@rueda.casino\"]}]}<\/script>\n<!-- \/ Yoast SEO plugin. -->","yoast_head_json":{"title":"Combo Rueda - Rueda.Casino","robots":{"index":"index","follow":"follow","max-snippet":"max-snippet:-1","max-image-preview":"max-image-preview:large","max-video-preview":"max-video-preview:-1"},"canonical":"https:\/\/rueda.casino\/fr\/structures-de-rueda-estructuras-de-rueda\/combo-rueda\/","og_locale":"fr_FR","og_type":"article","og_title":"Combo Rueda - Rueda.Casino","og_url":"https:\/\/rueda.casino\/fr\/structures-de-rueda-estructuras-de-rueda\/combo-rueda\/","og_site_name":"Rueda.Casino","article_publisher":"https:\/\/www.facebook.com\/ruedadotcasino","article_modified_time":"2025-08-13T11:03:20+00:00","twitter_card":"summary_large_image","twitter_misc":{"Dur\u00e9e de lecture estim\u00e9e":"7 minutes"},"schema":{"@context":"https:\/\/schema.org","@graph":[{"@type":"WebPage","@id":"https:\/\/rueda.casino\/fr\/structures-de-rueda-estructuras-de-rueda\/combo-rueda\/","url":"https:\/\/rueda.casino\/fr\/structures-de-rueda-estructuras-de-rueda\/combo-rueda\/","name":"Combo Rueda - Rueda.Casino","isPartOf":{"@id":"https:\/\/rueda.casino\/fr\/#website"},"datePublished":"2018-07-31T16:56:02+00:00","dateModified":"2025-08-13T11:03:20+00:00","breadcrumb":{"@id":"https:\/\/rueda.casino\/fr\/structures-de-rueda-estructuras-de-rueda\/combo-rueda\/#breadcrumb"},"inLanguage":"fr-FR","potentialAction":[{"@type":"ReadAction","target":["https:\/\/rueda.casino\/fr\/structures-de-rueda-estructuras-de-rueda\/combo-rueda\/"]}]},{"@type":"BreadcrumbList","@id":"https:\/\/rueda.casino\/fr\/structures-de-rueda-estructuras-de-rueda\/combo-rueda\/#breadcrumb","itemListElement":[{"@type":"ListItem","position":1,"name":"Home","item":"https:\/\/rueda.casino\/fr\/domicile\/"},{"@type":"ListItem","position":2,"name":"Les structures de Rueda","item":"https:\/\/rueda.casino\/fr\/structures-de-rueda-estructuras-de-rueda\/"},{"@type":"ListItem","position":3,"name":"Combo Rueda"}]},{"@type":"WebSite","@id":"https:\/\/rueda.casino\/fr\/#website","url":"https:\/\/rueda.casino\/fr\/","name":"Rueda.Casino","description":"Educational rueda &amp; casino videos of high quality","publisher":{"@id":"https:\/\/rueda.casino\/fr\/#organization"},"potentialAction":[{"@type":"SearchAction","target":{"@type":"EntryPoint","urlTemplate":"https:\/\/rueda.casino\/fr\/?s={search_term_string}"},"query-input":{"@type":"PropertyValueSpecification","valueRequired":true,"valueName":"search_term_string"}}],"inLanguage":"fr-FR"},{"@type":"Organization","@id":"https:\/\/rueda.casino\/fr\/#organization","name":"Rueda.Casino","url":"https:\/\/rueda.casino\/fr\/","logo":{"@type":"ImageObject","inLanguage":"fr-FR","@id":"https:\/\/rueda.casino\/fr\/#\/schema\/logo\/image\/","url":"https:\/\/rueda.casino\/wp-content\/uploads\/2018\/08\/cropped-rueda.casino-2-linje-weblogo.png","contentUrl":"https:\/\/rueda.casino\/wp-content\/uploads\/2018\/08\/cropped-rueda.casino-2-linje-weblogo.png","width":150,"height":51,"caption":"Rueda.Casino"},"image":{"@id":"https:\/\/rueda.casino\/fr\/#\/schema\/logo\/image\/"},"sameAs":["https:\/\/www.facebook.com\/ruedadotcasino","https:\/\/www.instagram.com\/rueda.casino\/","https:\/\/www.youtube.com\/@rueda.casino"]}]}},"_links":{"self":[{"href":"https:\/\/rueda.casino\/fr\/wp-json\/wp\/v2\/pages\/23141","targetHints":{"allow":["GET"]}}],"collection":[{"href":"https:\/\/rueda.casino\/fr\/wp-json\/wp\/v2\/pages"}],"about":[{"href":"https:\/\/rueda.casino\/fr\/wp-json\/wp\/v2\/types\/page"}],"author":[{"embeddable":true,"href":"https:\/\/rueda.casino\/fr\/wp-json\/wp\/v2\/users\/1"}],"replies":[{"embeddable":true,"href":"https:\/\/rueda.casino\/fr\/wp-json\/wp\/v2\/comments?post=23141"}],"version-history":[{"count":0,"href":"https:\/\/rueda.casino\/fr\/wp-json\/wp\/v2\/pages\/23141\/revisions"}],"up":[{"embeddable":true,"href":"https:\/\/rueda.casino\/fr\/wp-json\/wp\/v2\/pages\/23869"}],"wp:attachment":[{"href":"https:\/\/rueda.casino\/fr\/wp-json\/wp\/v2\/media?parent=23141"}],"curies":[{"name":"wp","href":"https:\/\/api.w.org\/{rel}","templated":true}]}}