

    {"id":23249,"date":"2018-07-31T19:08:23","date_gmt":"2018-07-31T17:08:23","guid":{"rendered":"https:\/\/rueda.casino\/rueda-cruzada\/"},"modified":"2025-08-13T13:03:01","modified_gmt":"2025-08-13T11:03:01","slug":"rueda-cruzada","status":"publish","type":"page","link":"https:\/\/rueda.casino\/fr\/structures-de-rueda-estructuras-de-rueda\/rueda-cruzada\/","title":{"rendered":"Rueda cruzada"},"content":{"rendered":"<div class=\"style37 style47\">Dans <strong>la Rueda cruzada<\/strong> , deux \u00ab&nbsp;groupes&nbsp;\u00bb dansent Rueda dans le m\u00eame cercle. L\u2019appelant fait partie du groupe 1, avec un couple sur deux dans le cercle. Les autres sont du groupe 2. Le groupe 1 ex\u00e9cute toujours les figures en premier, puis le groupe 2, un peu comme un \u00e9cho.   <\/div>\n<p class=\"style49\">Les groupes ne changent de partenaire qu\u2019au sein de leur propre groupe, et ils dansent sur des rythmes diff\u00e9rents. Le groupe 1 (primeros) danse normalement sur le temps 1 et le groupe 2 (segundos) danse sur le temps 5. Par exemple, l\u2019appel <em>\u00ab&nbsp;una media&nbsp;\u00bb<\/em> sera un applaudissement pour les primes, suivi d\u2019un applaudissement pour les segundos quatre temps plus tard.  <\/p>\n<p><img decoding=\"async\" class=\"lazyload alignnone size-large wp-image-2452\" src=\"https:\/\/rueda.casino\/wp-content\/uploads\/2019\/08\/Rueda-de-casino-Rueda-cruzada-6-wp-1024x512.png\" data-orig-src=\"https:\/\/rueda.casino\/wp-content\/uploads\/2019\/08\/Rueda-de-casino-Rueda-cruzada-6-wp-1024x512.png\" alt=\"\" width=\"1024\" height=\"512\" srcset=\"data:image\/svg+xml,%3Csvg%20xmlns%3D%27http%3A%2F%2Fwww.w3.org%2F2000%2Fsvg%27%20width%3D%271024%27%20height%3D%27512%27%20viewBox%3D%270%200%201024%20512%27%3E%3Crect%20width%3D%271024%27%20height%3D%27512%27%20fill-opacity%3D%220%22%2F%3E%3C%2Fsvg%3E\" data-srcset=\"https:\/\/rueda.casino\/wp-content\/uploads\/2019\/08\/Rueda-de-casino-Rueda-cruzada-6-wp-300x150.png 300w, https:\/\/rueda.casino\/wp-content\/uploads\/2019\/08\/Rueda-de-casino-Rueda-cruzada-6-wp-768x384.png 768w, https:\/\/rueda.casino\/wp-content\/uploads\/2019\/08\/Rueda-de-casino-Rueda-cruzada-6-wp-1024x512.png 1024w\" data-sizes=\"auto\" data-orig-sizes=\"(max-width: 1024px) 100vw, 1024px\" \/><\/p>\n<p class=\"style49\">Dans l\u2019illustration de <em>la Rueda cruzada<\/em>, l\u2019une des \u00e9quipes suit les fl\u00e8ches bleues habituelles lorsqu\u2019elle change de partenaire, et les autres suivent les fl\u00e8ches bleu clair. Vous trouverez \u00e9galement une vid\u00e9o ci-dessous sur cette page montrant comment cela fonctionne dans la pratique. <\/p>\n<p class=\"style49\"><em>La Rueda cruzada<\/em> n\u00e9cessite un nombre pair de couples, de pr\u00e9f\u00e9rence 6 ou 8. C\u2019est possible aussi avec un grand cercle de 10+ couples. Mais un peu plus difficile, surtout si cela finit par \u00eatre chaotique et que vous devez compter pour que tous les coupls sachent dans quelle \u00e9quipe ils sont, primeros ou segundos.  <\/p>\n<h3 class=\"style49\"><span class=\"style55\">Transitions<\/span><\/h3>\n<p class=\"style49\">La Rueda cruzada peut \u00eatre dans\u00e9e d\u00e8s le d\u00e9but d\u2019une chanson et tout au long de la chanson. Ou vous pouvez commencer par Regular Rueda de casino, puis faire une transition vers Rueda Cruzado &#8211; s\u2019il y a un nombre pair de couples (&nbsp;!). <\/p>\n<p class=\"style49\">La commande de transit est \u00ab&nbsp;<em><strong>cruzado<\/strong>&nbsp;\u00bb, <\/em>toujours \u00e0 partir de la position ouverte, utilis\u00e9e :<\/p>\n<ul>\n<li>pour entrer dans <em>la Rueda cruzada<\/em> \u00e0 partir de la position de base (<em>guapea). <\/em>Il s\u2019agit d\u2019un simple changement de rythme pour les segundos (les couples sans l\u2019appelant)<\/li>\n<\/ul>\n<ul>\n<li class=\"style49\">pour sortir de <em>la Rueda cruzada<\/em>, en revenant \u00e0 la <em>Rueda de Casino<\/em> habituelle. C\u2019est la m\u00eame figure, donc maintenant les segundos reviennent au rythme normal, donc tout le monde est sur le m\u00eame rythme, dansant r\u00e9guli\u00e8rement <em>Rueda de Casino<\/em><br \/>\n. <\/li>\n<\/ul>\n<p><span class=\"style49\"> <\/span><\/p>\n<div class=\"video-shortcode\">\n<div class=\"video-shortcode\"><span class=\"embed-youtube\" style=\"text-align:center; display: block;\"><iframe class=\"youtube-player\" width=\"1200\" height=\"675\" src=\"https:\/\/www.youtube.com\/embed\/WCBqbDhkrrM?version=3&#038;rel=1&#038;showsearch=0&#038;showinfo=1&#038;iv_load_policy=1&#038;fs=1&#038;hl=fr-FR&#038;autohide=2&#038;wmode=transparent\" allowfullscreen=\"true\" style=\"border:0;\" sandbox=\"allow-scripts allow-same-origin allow-popups allow-presentation allow-popups-to-escape-sandbox\"><\/iframe><\/span><\/div>\n<\/div>\n<p style=\"text-align: center\"><em><span class=\"style49\">Transitions entre Rueda de casino et Rueda cruzada, et retour.<\/span><\/em><\/p>\n<p>D\u2019autres transitions entre Rueda de casino et Rueda cruzada sont \u00e9galement utilis\u00e9es, mais seule cette transition relativement simple est incluse dans la norme norv\u00e9gienne Rueda.<\/p>\n<p>La Rueda cruzada se danse \u00e9galement en <span class=\"style49\"><strong>position ferm\u00e9e<\/strong><\/span>, <span class=\"style49\">mais <\/span>il n\u2019est pas courant de faire une transition de la Rueda de casino en position ferm\u00e9e.<\/p>\n<p>.<\/p>\n<h3 class=\"style51\"><span class=\"style48\">Danser la rueda cruzada socialement<\/span><\/h3>\n<p class=\"style49\">La vid\u00e9o ci-dessous (tir\u00e9e d\u2019un atelier) montre un exemple de danse de <em>la rueda cruzada <\/em>\u00e0 l\u2019aide des commandes standard de la rueda.<\/p>\n<p class=\"style49\"><span class=\"style48\"><span class=\"style49\"><em>L\u2019utilisation sociale de la rueda cruzada <\/em><\/span><\/span>n\u00e9cessite un nombre pair de couples, et de pr\u00e9f\u00e9rence 6, 8 ou plus. Si un couple essaie d\u2019entrer dans une <em>rueda cruzada <\/em>\u00e0 la vol\u00e9e, cela tue la rueda, car le nombre de couples devient alors impair. Cela peut \u00eatre un peu difficile si vous dansez socialement.<br \/>\nDe plus, si l\u2019on appelle <em>cruzado <\/em>(la figure de transition vers la <em>rueda cruzada<\/em>) dans une <em>rueda de casino<\/em>r\u00e9guli\u00e8re sans pr\u00e9avis, tout le monde sera probablement pris par surprise, et les bons danseurs (groupe B) ne seront pas pr\u00eats \u00e0 faire la transition \u00e0 la vol\u00e9e.  <\/p>\n<p class=\"style49\">Cela mis \u00e0 part, <em>la rueda cruzada <\/em>fonctionne bien socialement. Si les danseurs sont pr\u00eats pour une <em>rueda cruzada<\/em>et que les nouveaux couples n\u2019entrent pas (n\u2019essaient pas) d\u2019entrer pendant la chanson, il s\u2019agit d\u2019une tr\u00e8s belle variation de rueda pour les danseurs interm\u00e9diaires \u00e0 avanc\u00e9s. <\/p>\n<p>.<\/p>\n<ul>\n<li><strong>Commandes bien adapt\u00e9es<\/strong> pour Rueda cruzada :\n<ul>\n<li><em>Festival de Pelota<\/em><\/li>\n<li><em>enchufla &gt; una arriba<\/em><\/li>\n<li><em>Un tarro<\/em><\/li>\n<li><em>Fly, Linea, Rolin<\/em><\/li>\n<li><em>enchufla con .. vuelta \/ Mambo \/ Rumba, <\/em>etc.<\/li>\n<li><em>croqueta y aspirina<br \/>\n.<\/em><\/li>\n<\/ul>\n<\/li>\n<li><strong>Tr\u00e8s bien adapt\u00e9<\/strong>, mais pourrait <strong>n\u00e9cessiter un peu de pratique\/ajustement<\/strong> :\n<ul>\n<li><em>patine<\/em><\/li>\n<li><em>Patin Pa\u2019Mujeres<\/em><\/li>\n<li><em>Caminala<\/em><\/li>\n<li><em>Estrella<\/em><\/li>\n<li><em>enchufla y al medio<\/em><\/li>\n<li><em>cubanito &gt; ni pa\u2019mi, ni pa\u2019ti<br \/>\n.<\/em><\/li>\n<\/ul>\n<\/li>\n<li><strong>Pas bien adapt\u00e9<\/strong>, en raison du risque \u00e9lev\u00e9 de collision avec d\u2019autres personnes :\n<ul>\n<li><em>hombres derecha y mujeres izuierda<\/em><\/li>\n<li><em>Vamos<\/em><\/li>\n<li><em>Dame Directo<br \/>\n.<\/em><\/li>\n<\/ul>\n<\/li>\n<\/ul>\n<h3 class=\"style54\">Comment commencer ?<\/h3>\n<ul>\n<li>Formez une rueda avec 6 ou 8 couples.<\/li>\n<li>Commencez en position ouverte, et faites <em>rueda cruzada <\/em>\u00e0 partir du d\u00e9but de la chanson, tempo bas ou moyen.<\/li>\n<li>Commencez par <em>una media<\/em>, et ajoutez des figures de base avec un simple changement de partenaire, comme <em>enchufla, festival de pelota, la familia<\/em>.<\/li>\n<li>Continuez en ajoutant des figures de base r\u00e9guli\u00e8res, comme <em>cubanito, enchufla con mambo<\/em>, etc.<\/li>\n<li>Essayez de danser <em>patin <\/em>et <em>patin &gt; siguelo &gt; se fue<\/em>.<\/li>\n<li>Lorsque vous l\u2019avez compris, vous pouvez essayer les autres commandes \u00e9num\u00e9r\u00e9es ci-dessus comme particuli\u00e8rement bien adapt\u00e9es.<\/li>\n<li>Et puis vous essayez <em>patin pa\u2019mujeres<\/em>. Lorsque vous r\u00e9ussissez cela, vous avez obtenu votre dipl\u00f4me. <\/li>\n<\/ul>\n<p>.<\/p>\n<h3 class=\"style48\">Pourquoi danser la Rueda cruzada ?<\/h3>\n<p class=\"style48\"><em>La Rueda cruzada ajoute une <\/em>dimension de vitesse. Lorsqu\u2019un couple sur deux danse sur des rythmes diff\u00e9rents, vous avez un avant-go\u00fbt de l\u2019illusion que les danseurs bougent et changent de partenaire deux fois plus vite, par exemple avec la combinaison de commandes <em>enchufla &gt; una arriba.<\/em> <\/p>\n<p class=\"style48\">En dehors de cela, rueda cruzada est, comme les autres structures de rueda, un d\u00e9fi int\u00e9ressant o\u00f9 vous pouvez vous tester si vous \u00eates capable de faire les figures de rueda dans un nouveau cadre.<\/p>\n<p class=\"style49\">Une variante amusante de la rueda cruzada consiste \u00e0 utiliser deux appelants &#8211; chaque groupe ayant son propre appelant. Le r\u00e9sultat est que les deux groupes dansent des figures diff\u00e9rentes, ce qui mettra certainement \u00e0 l\u2019\u00e9preuve votre capacit\u00e9 de concentration et la capacit\u00e9 d\u2019improvisation des appelants. C\u2019est aussi le cadre id\u00e9al pour une bataille de rueda !  <\/p>\n<p>.<\/p>\n<div class=\"video-shortcode\">\n<div class=\"video-shortcode\"><span class=\"embed-youtube\" style=\"text-align:center; display: block;\"><iframe class=\"youtube-player\" width=\"1200\" height=\"675\" src=\"https:\/\/www.youtube.com\/embed\/u35va5oz-2E?version=3&#038;rel=1&#038;showsearch=0&#038;showinfo=1&#038;iv_load_policy=1&#038;fs=1&#038;hl=fr-FR&#038;autohide=2&#038;wmode=transparent\" allowfullscreen=\"true\" style=\"border:0;\" sandbox=\"allow-scripts allow-same-origin allow-popups allow-presentation allow-popups-to-escape-sandbox\"><\/iframe><\/span><\/div>\n<\/div>\n<p>.<\/p>\n<p><!-- Google analytics: Ruedastandard.com --><\/p>\n","protected":false},"excerpt":{"rendered":"<p>Dans la Rueda cruzada , deux \u00ab&nbsp;groupes&nbsp;\u00bb dansent Rueda dans  [&#8230;]<\/p>\n","protected":false},"author":1,"featured_media":0,"parent":23869,"menu_order":4,"comment_status":"closed","ping_status":"closed","template":"","meta":{"_acf_changed":false,"content-type":"","footnotes":""},"class_list":["post-23249","page","type-page","status-publish","hentry"],"acf":[],"yoast_head":"<!-- This site is optimized with the Yoast SEO plugin v27.4 - https:\/\/yoast.com\/product\/yoast-seo-wordpress\/ -->\n<title>Rueda cruzada - Rueda.Casino<\/title>\n<meta name=\"robots\" content=\"index, follow, max-snippet:-1, max-image-preview:large, max-video-preview:-1\" \/>\n<link rel=\"canonical\" href=\"https:\/\/rueda.casino\/fr\/structures-de-rueda-estructuras-de-rueda\/rueda-cruzada\/\" \/>\n<meta property=\"og:locale\" content=\"fr_FR\" \/>\n<meta property=\"og:type\" content=\"article\" \/>\n<meta property=\"og:title\" content=\"Rueda cruzada - Rueda.Casino\" \/>\n<meta property=\"og:description\" content=\"Dans la Rueda cruzada , deux \u00ab&nbsp;groupes&nbsp;\u00bb dansent Rueda dans [...]\" \/>\n<meta property=\"og:url\" content=\"https:\/\/rueda.casino\/fr\/structures-de-rueda-estructuras-de-rueda\/rueda-cruzada\/\" \/>\n<meta property=\"og:site_name\" content=\"Rueda.Casino\" \/>\n<meta property=\"article:publisher\" content=\"https:\/\/www.facebook.com\/ruedadotcasino\" \/>\n<meta property=\"article:modified_time\" content=\"2025-08-13T11:03:01+00:00\" \/>\n<meta property=\"og:image\" content=\"https:\/\/rueda.casino\/wp-content\/uploads\/2019\/08\/Rueda-de-casino-Rueda-cruzada-6-wp.png\" \/>\n\t<meta property=\"og:image:width\" content=\"2000\" \/>\n\t<meta property=\"og:image:height\" content=\"1000\" \/>\n\t<meta property=\"og:image:type\" content=\"image\/png\" \/>\n<meta name=\"twitter:card\" content=\"summary_large_image\" \/>\n<meta name=\"twitter:label1\" content=\"Dur\u00e9e de lecture estim\u00e9e\" \/>\n\t<meta name=\"twitter:data1\" content=\"5 minutes\" \/>\n<script type=\"application\/ld+json\" class=\"yoast-schema-graph\">{\"@context\":\"https:\\\/\\\/schema.org\",\"@graph\":[{\"@type\":\"WebPage\",\"@id\":\"https:\\\/\\\/rueda.casino\\\/fr\\\/structures-de-rueda-estructuras-de-rueda\\\/rueda-cruzada\\\/\",\"url\":\"https:\\\/\\\/rueda.casino\\\/fr\\\/structures-de-rueda-estructuras-de-rueda\\\/rueda-cruzada\\\/\",\"name\":\"Rueda cruzada - Rueda.Casino\",\"isPartOf\":{\"@id\":\"https:\\\/\\\/rueda.casino\\\/fr\\\/#website\"},\"primaryImageOfPage\":{\"@id\":\"https:\\\/\\\/rueda.casino\\\/fr\\\/structures-de-rueda-estructuras-de-rueda\\\/rueda-cruzada\\\/#primaryimage\"},\"image\":{\"@id\":\"https:\\\/\\\/rueda.casino\\\/fr\\\/structures-de-rueda-estructuras-de-rueda\\\/rueda-cruzada\\\/#primaryimage\"},\"thumbnailUrl\":\"https:\\\/\\\/rueda.casino\\\/wp-content\\\/uploads\\\/2019\\\/08\\\/Rueda-de-casino-Rueda-cruzada-6-wp-1024x512.png\",\"datePublished\":\"2018-07-31T17:08:23+00:00\",\"dateModified\":\"2025-08-13T11:03:01+00:00\",\"breadcrumb\":{\"@id\":\"https:\\\/\\\/rueda.casino\\\/fr\\\/structures-de-rueda-estructuras-de-rueda\\\/rueda-cruzada\\\/#breadcrumb\"},\"inLanguage\":\"fr-FR\",\"potentialAction\":[{\"@type\":\"ReadAction\",\"target\":[\"https:\\\/\\\/rueda.casino\\\/fr\\\/structures-de-rueda-estructuras-de-rueda\\\/rueda-cruzada\\\/\"]}]},{\"@type\":\"ImageObject\",\"inLanguage\":\"fr-FR\",\"@id\":\"https:\\\/\\\/rueda.casino\\\/fr\\\/structures-de-rueda-estructuras-de-rueda\\\/rueda-cruzada\\\/#primaryimage\",\"url\":\"https:\\\/\\\/rueda.casino\\\/wp-content\\\/uploads\\\/2019\\\/08\\\/Rueda-de-casino-Rueda-cruzada-6-wp-1024x512.png\",\"contentUrl\":\"https:\\\/\\\/rueda.casino\\\/wp-content\\\/uploads\\\/2019\\\/08\\\/Rueda-de-casino-Rueda-cruzada-6-wp-1024x512.png\"},{\"@type\":\"BreadcrumbList\",\"@id\":\"https:\\\/\\\/rueda.casino\\\/fr\\\/structures-de-rueda-estructuras-de-rueda\\\/rueda-cruzada\\\/#breadcrumb\",\"itemListElement\":[{\"@type\":\"ListItem\",\"position\":1,\"name\":\"Home\",\"item\":\"https:\\\/\\\/rueda.casino\\\/fr\\\/domicile\\\/\"},{\"@type\":\"ListItem\",\"position\":2,\"name\":\"Les structures de Rueda\",\"item\":\"https:\\\/\\\/rueda.casino\\\/fr\\\/structures-de-rueda-estructuras-de-rueda\\\/\"},{\"@type\":\"ListItem\",\"position\":3,\"name\":\"Rueda cruzada\"}]},{\"@type\":\"WebSite\",\"@id\":\"https:\\\/\\\/rueda.casino\\\/fr\\\/#website\",\"url\":\"https:\\\/\\\/rueda.casino\\\/fr\\\/\",\"name\":\"Rueda.Casino\",\"description\":\"Educational rueda &amp; casino videos of high quality\",\"publisher\":{\"@id\":\"https:\\\/\\\/rueda.casino\\\/fr\\\/#organization\"},\"potentialAction\":[{\"@type\":\"SearchAction\",\"target\":{\"@type\":\"EntryPoint\",\"urlTemplate\":\"https:\\\/\\\/rueda.casino\\\/fr\\\/?s={search_term_string}\"},\"query-input\":{\"@type\":\"PropertyValueSpecification\",\"valueRequired\":true,\"valueName\":\"search_term_string\"}}],\"inLanguage\":\"fr-FR\"},{\"@type\":\"Organization\",\"@id\":\"https:\\\/\\\/rueda.casino\\\/fr\\\/#organization\",\"name\":\"Rueda.Casino\",\"url\":\"https:\\\/\\\/rueda.casino\\\/fr\\\/\",\"logo\":{\"@type\":\"ImageObject\",\"inLanguage\":\"fr-FR\",\"@id\":\"https:\\\/\\\/rueda.casino\\\/fr\\\/#\\\/schema\\\/logo\\\/image\\\/\",\"url\":\"https:\\\/\\\/rueda.casino\\\/wp-content\\\/uploads\\\/2018\\\/08\\\/cropped-rueda.casino-2-linje-weblogo.png\",\"contentUrl\":\"https:\\\/\\\/rueda.casino\\\/wp-content\\\/uploads\\\/2018\\\/08\\\/cropped-rueda.casino-2-linje-weblogo.png\",\"width\":150,\"height\":51,\"caption\":\"Rueda.Casino\"},\"image\":{\"@id\":\"https:\\\/\\\/rueda.casino\\\/fr\\\/#\\\/schema\\\/logo\\\/image\\\/\"},\"sameAs\":[\"https:\\\/\\\/www.facebook.com\\\/ruedadotcasino\",\"https:\\\/\\\/www.instagram.com\\\/rueda.casino\\\/\",\"https:\\\/\\\/www.youtube.com\\\/@rueda.casino\"]}]}<\/script>\n<!-- \/ Yoast SEO plugin. -->","yoast_head_json":{"title":"Rueda cruzada - Rueda.Casino","robots":{"index":"index","follow":"follow","max-snippet":"max-snippet:-1","max-image-preview":"max-image-preview:large","max-video-preview":"max-video-preview:-1"},"canonical":"https:\/\/rueda.casino\/fr\/structures-de-rueda-estructuras-de-rueda\/rueda-cruzada\/","og_locale":"fr_FR","og_type":"article","og_title":"Rueda cruzada - Rueda.Casino","og_description":"Dans la Rueda cruzada , deux \u00ab&nbsp;groupes&nbsp;\u00bb dansent Rueda dans [...]","og_url":"https:\/\/rueda.casino\/fr\/structures-de-rueda-estructuras-de-rueda\/rueda-cruzada\/","og_site_name":"Rueda.Casino","article_publisher":"https:\/\/www.facebook.com\/ruedadotcasino","article_modified_time":"2025-08-13T11:03:01+00:00","og_image":[{"width":2000,"height":1000,"url":"https:\/\/rueda.casino\/wp-content\/uploads\/2019\/08\/Rueda-de-casino-Rueda-cruzada-6-wp.png","type":"image\/png"}],"twitter_card":"summary_large_image","twitter_misc":{"Dur\u00e9e de lecture estim\u00e9e":"5 minutes"},"schema":{"@context":"https:\/\/schema.org","@graph":[{"@type":"WebPage","@id":"https:\/\/rueda.casino\/fr\/structures-de-rueda-estructuras-de-rueda\/rueda-cruzada\/","url":"https:\/\/rueda.casino\/fr\/structures-de-rueda-estructuras-de-rueda\/rueda-cruzada\/","name":"Rueda cruzada - Rueda.Casino","isPartOf":{"@id":"https:\/\/rueda.casino\/fr\/#website"},"primaryImageOfPage":{"@id":"https:\/\/rueda.casino\/fr\/structures-de-rueda-estructuras-de-rueda\/rueda-cruzada\/#primaryimage"},"image":{"@id":"https:\/\/rueda.casino\/fr\/structures-de-rueda-estructuras-de-rueda\/rueda-cruzada\/#primaryimage"},"thumbnailUrl":"https:\/\/rueda.casino\/wp-content\/uploads\/2019\/08\/Rueda-de-casino-Rueda-cruzada-6-wp-1024x512.png","datePublished":"2018-07-31T17:08:23+00:00","dateModified":"2025-08-13T11:03:01+00:00","breadcrumb":{"@id":"https:\/\/rueda.casino\/fr\/structures-de-rueda-estructuras-de-rueda\/rueda-cruzada\/#breadcrumb"},"inLanguage":"fr-FR","potentialAction":[{"@type":"ReadAction","target":["https:\/\/rueda.casino\/fr\/structures-de-rueda-estructuras-de-rueda\/rueda-cruzada\/"]}]},{"@type":"ImageObject","inLanguage":"fr-FR","@id":"https:\/\/rueda.casino\/fr\/structures-de-rueda-estructuras-de-rueda\/rueda-cruzada\/#primaryimage","url":"https:\/\/rueda.casino\/wp-content\/uploads\/2019\/08\/Rueda-de-casino-Rueda-cruzada-6-wp-1024x512.png","contentUrl":"https:\/\/rueda.casino\/wp-content\/uploads\/2019\/08\/Rueda-de-casino-Rueda-cruzada-6-wp-1024x512.png"},{"@type":"BreadcrumbList","@id":"https:\/\/rueda.casino\/fr\/structures-de-rueda-estructuras-de-rueda\/rueda-cruzada\/#breadcrumb","itemListElement":[{"@type":"ListItem","position":1,"name":"Home","item":"https:\/\/rueda.casino\/fr\/domicile\/"},{"@type":"ListItem","position":2,"name":"Les structures de Rueda","item":"https:\/\/rueda.casino\/fr\/structures-de-rueda-estructuras-de-rueda\/"},{"@type":"ListItem","position":3,"name":"Rueda cruzada"}]},{"@type":"WebSite","@id":"https:\/\/rueda.casino\/fr\/#website","url":"https:\/\/rueda.casino\/fr\/","name":"Rueda.Casino","description":"Educational rueda &amp; casino videos of high quality","publisher":{"@id":"https:\/\/rueda.casino\/fr\/#organization"},"potentialAction":[{"@type":"SearchAction","target":{"@type":"EntryPoint","urlTemplate":"https:\/\/rueda.casino\/fr\/?s={search_term_string}"},"query-input":{"@type":"PropertyValueSpecification","valueRequired":true,"valueName":"search_term_string"}}],"inLanguage":"fr-FR"},{"@type":"Organization","@id":"https:\/\/rueda.casino\/fr\/#organization","name":"Rueda.Casino","url":"https:\/\/rueda.casino\/fr\/","logo":{"@type":"ImageObject","inLanguage":"fr-FR","@id":"https:\/\/rueda.casino\/fr\/#\/schema\/logo\/image\/","url":"https:\/\/rueda.casino\/wp-content\/uploads\/2018\/08\/cropped-rueda.casino-2-linje-weblogo.png","contentUrl":"https:\/\/rueda.casino\/wp-content\/uploads\/2018\/08\/cropped-rueda.casino-2-linje-weblogo.png","width":150,"height":51,"caption":"Rueda.Casino"},"image":{"@id":"https:\/\/rueda.casino\/fr\/#\/schema\/logo\/image\/"},"sameAs":["https:\/\/www.facebook.com\/ruedadotcasino","https:\/\/www.instagram.com\/rueda.casino\/","https:\/\/www.youtube.com\/@rueda.casino"]}]}},"_links":{"self":[{"href":"https:\/\/rueda.casino\/fr\/wp-json\/wp\/v2\/pages\/23249","targetHints":{"allow":["GET"]}}],"collection":[{"href":"https:\/\/rueda.casino\/fr\/wp-json\/wp\/v2\/pages"}],"about":[{"href":"https:\/\/rueda.casino\/fr\/wp-json\/wp\/v2\/types\/page"}],"author":[{"embeddable":true,"href":"https:\/\/rueda.casino\/fr\/wp-json\/wp\/v2\/users\/1"}],"replies":[{"embeddable":true,"href":"https:\/\/rueda.casino\/fr\/wp-json\/wp\/v2\/comments?post=23249"}],"version-history":[{"count":0,"href":"https:\/\/rueda.casino\/fr\/wp-json\/wp\/v2\/pages\/23249\/revisions"}],"up":[{"embeddable":true,"href":"https:\/\/rueda.casino\/fr\/wp-json\/wp\/v2\/pages\/23869"}],"wp:attachment":[{"href":"https:\/\/rueda.casino\/fr\/wp-json\/wp\/v2\/media?parent=23249"}],"curies":[{"name":"wp","href":"https:\/\/api.w.org\/{rel}","templated":true}]}}