

    {"id":23580,"date":"2019-08-23T22:35:10","date_gmt":"2019-08-23T20:35:10","guid":{"rendered":"https:\/\/rueda.casino\/impression\/"},"modified":"2025-08-13T13:02:16","modified_gmt":"2025-08-13T11:02:16","slug":"impression","status":"publish","type":"page","link":"https:\/\/rueda.casino\/fr\/impression\/","title":{"rendered":"Impression"},"content":{"rendered":"<p><em>Cliquez sur les images pour les versions imprimables (PDF)<\/em><\/p>\n<table width=\"100%\">\n<tbody>\n<tr>\n<td valign=\"top\">\n<h2>Ruedastandard<\/h2>\n<p><b>Niveau<\/b> : d\u00e9butant, perfectionneur  <\/p>\n<p><a href=\"https:\/\/ruedastandard.com\/\">Les plus couramment utilis\u00e9s <\/a><br \/><em>Rueda de Casino<\/em> en chiffres  <\/p>\n<p><a href=\"https:\/\/rueda.casino\/wp-content\/uploads\/2022\/02\/2022-Ruedastandard-v1.2.pdf\" target=\"_blank\" rel=\"noopener\"><img decoding=\"async\" class=\"lazyload alignnone wp-image-11937\" src=\"data:image\/svg+xml,%3Csvg%20xmlns%3D%27http%3A%2F%2Fwww.w3.org%2F2000%2Fsvg%27%20width%3D%27170%27%20height%3D%27241%27%20viewBox%3D%270%200%20170%20241%27%3E%3Crect%20width%3D%27170%27%20height%3D%27241%27%20fill-opacity%3D%220%22%2F%3E%3C%2Fsvg%3E\" data-orig-src=\"https:\/\/rueda.casino\/wp-content\/uploads\/2022\/01\/print_ruedastandard_2022_1.jpg\" alt=\"\" width=\"170\" height=\"241\"><\/a><\/p>\n<p><em>Mis \u00e0 jour en f\u00e9vrier 2022<\/em><\/p>\n<p>&nbsp;<\/p>\n<\/td>\n<td>   <\/td>\n<td valign=\"top\">\n<h2>Rueda en chiffres<\/h2>\n<p><b>Niveau<\/b> : am\u00e9liorant, interm\u00e9diaire, avanc\u00e9<\/p>\n<p><a href=\"https:\/\/rueda.casino\/fr\/rueda-de-casino\/\">Plus de chiffres de <em>rueda de<\/em> <em>casino<\/em><\/a> de la<br \/><b>Cha\u00eene vid\u00e9o rueda.casino<\/b><\/p>\n<p><a href=\"https:\/\/rueda.casino\/wp-content\/uploads\/2022\/02\/2022-Rueda.Casino-figures-v1.4.pdf\" target=\"_blank\" rel=\"noopener\"><img decoding=\"async\" class=\"lazyload alignnone wp-image-11934\" src=\"data:image\/svg+xml,%3Csvg%20xmlns%3D%27http%3A%2F%2Fwww.w3.org%2F2000%2Fsvg%27%20width%3D%27170%27%20height%3D%27241%27%20viewBox%3D%270%200%20170%20241%27%3E%3Crect%20width%3D%27170%27%20height%3D%27241%27%20fill-opacity%3D%220%22%2F%3E%3C%2Fsvg%3E\" data-orig-src=\"https:\/\/rueda.casino\/wp-content\/uploads\/2022\/01\/print_rueda_2022_1.jpg\" alt=\"\" width=\"170\" height=\"241\"><\/a>   <a href=\"https:\/\/rueda.casino\/wp-content\/uploads\/2022\/02\/2022-Rueda.Casino-figures-v1.4.pdf\" target=\"_blank\" rel=\"noopener\"><img decoding=\"async\" class=\"lazyload alignnone wp-image-11935\" src=\"data:image\/svg+xml,%3Csvg%20xmlns%3D%27http%3A%2F%2Fwww.w3.org%2F2000%2Fsvg%27%20width%3D%27170%27%20height%3D%27241%27%20viewBox%3D%270%200%20170%20241%27%3E%3Crect%20width%3D%27170%27%20height%3D%27241%27%20fill-opacity%3D%220%22%2F%3E%3C%2Fsvg%3E\" data-orig-src=\"https:\/\/rueda.casino\/wp-content\/uploads\/2022\/01\/print_rueda_2022_2.jpg\" alt=\"\" width=\"170\" height=\"241\"><\/a>   <a href=\"https:\/\/rueda.casino\/wp-content\/uploads\/2022\/02\/2022-Rueda.Casino-figures-v1.4.pdf\" target=\"_blank\" rel=\"noopener\"><img decoding=\"async\" class=\"lazyload alignnone wp-image-11936\" src=\"data:image\/svg+xml,%3Csvg%20xmlns%3D%27http%3A%2F%2Fwww.w3.org%2F2000%2Fsvg%27%20width%3D%27170%27%20height%3D%27241%27%20viewBox%3D%270%200%20170%20241%27%3E%3Crect%20width%3D%27170%27%20height%3D%27241%27%20fill-opacity%3D%220%22%2F%3E%3C%2Fsvg%3E\" data-orig-src=\"https:\/\/rueda.casino\/wp-content\/uploads\/2022\/01\/print_rueda_2022_3.jpg\" alt=\"\" width=\"170\" height=\"241\"><\/a><\/p>\n<p><em>Mis \u00e0 jour en f\u00e9vrier 2022<\/em><\/p>\n<\/td>\n<td valign=\"top\"> <\/td>\n<\/tr>\n<tr>\n<td valign=\"top\">\n<h2>Modules de casino<\/h2>\n<p><b>Niveau<\/b> : am\u00e9liorant, <br \/>interm\u00e9diaire, avanc\u00e9<\/p>\n<p>Toutes nos vid\u00e9os de <a href=\"https:\/\/rueda.casino\/fr\/casino\/\"><em>casino<\/em><\/a><\/p>\n<p><a href=\"https:\/\/rueda.casino\/wp-content\/uploads\/2022\/01\/2022-Casino-figures-v1.0.pdf\" target=\"_blank\" rel=\"noopener\"><img decoding=\"async\" class=\"lazyload alignnone wp-image-11933\" src=\"data:image\/svg+xml,%3Csvg%20xmlns%3D%27http%3A%2F%2Fwww.w3.org%2F2000%2Fsvg%27%20width%3D%27170%27%20height%3D%27241%27%20viewBox%3D%270%200%20170%20241%27%3E%3Crect%20width%3D%27170%27%20height%3D%27241%27%20fill-opacity%3D%220%22%2F%3E%3C%2Fsvg%3E\" data-orig-src=\"https:\/\/rueda.casino\/wp-content\/uploads\/2022\/01\/print_casino_2022_1.jpg\" alt=\"\" width=\"170\" height=\"241\"><\/a><\/p>\n<p><em>Mis \u00e0 jour en janvier 2022<\/em><\/p>\n<p>&nbsp;<\/p>\n<\/td>\n<td>   <\/td>\n<td valign=\"top\">\n<h2>\u00c1baco en chiffres<\/h2>\n<p><b>Niveau<\/b> : d\u00e9butant, <br \/>interm\u00e9diaire, avanc\u00e9<\/p>\n<p>Toutes les <a href=\"https:\/\/abaco.rueda.casino\/\">figurines <em>\u00e1baco<\/em> disponibles<\/a><\/p>\n<p><a href=\"https:\/\/rueda.casino\/wp-content\/uploads\/2021\/07\/2021-Abaco-figures-v1.1.pdf\" target=\"_blank\" rel=\"noopener\"><img decoding=\"async\" class=\"lazyload alignnone wp-image-10505\" src=\"https:\/\/rueda.casino\/wp-content\/uploads\/2021\/07\/2021-abaco-list-v1.1-thumb_L2.jpg\" data-orig-src=\"https:\/\/rueda.casino\/wp-content\/uploads\/2021\/07\/2021-abaco-list-v1.1-thumb_L2.jpg\" alt=\"\" width=\"170\" height=\"240\" srcset=\"data:image\/svg+xml,%3Csvg%20xmlns%3D%27http%3A%2F%2Fwww.w3.org%2F2000%2Fsvg%27%20width%3D%27170%27%20height%3D%27240%27%20viewBox%3D%270%200%20170%20240%27%3E%3Crect%20width%3D%27170%27%20height%3D%27240%27%20fill-opacity%3D%220%22%2F%3E%3C%2Fsvg%3E\" data-srcset=\"https:\/\/rueda.casino\/wp-content\/uploads\/2021\/07\/2021-abaco-list-v1.1-thumb_L2-212x300.jpg 212w, https:\/\/rueda.casino\/wp-content\/uploads\/2021\/07\/2021-abaco-list-v1.1-thumb_L2-724x1024.jpg 724w, https:\/\/rueda.casino\/wp-content\/uploads\/2021\/07\/2021-abaco-list-v1.1-thumb_L2-768x1086.jpg 768w, https:\/\/rueda.casino\/wp-content\/uploads\/2021\/07\/2021-abaco-list-v1.1-thumb_L2.jpg 878w\" data-sizes=\"auto\" data-orig-sizes=\"(max-width: 170px) 100vw, 170px\" \/><\/a><\/p>\n<p><em>Mis \u00e0 jour en juillet 2021<\/em>  <\/p>\n<p>&nbsp;<\/p>\n<\/td>\n<td valign=\"top\"> <\/td>\n<\/tr>\n<\/tbody>\n<\/table>\n<p>Plus d\u2019infos :<\/p>\n<ul>\n<li><a href=\"http:\/\/rueda.casino\/ruedastandard\/history\/\">Histoire de Ruedastandard<\/a>, y compris les versions pr\u00e9c\u00e9dentes de Ruedastandard, depuis 2002<\/li>\n<\/ul>\n&#13;\n<p>\u00a0<\/p>&#13;\n&#13;\n<p>\u00a0<\/p>&#13;\n","protected":false},"excerpt":{"rendered":"<p>Cliquez sur les images pour les versions imprimables (PDF) Ruedastandard  [&#8230;]<\/p>\n","protected":false},"author":2,"featured_media":0,"parent":0,"menu_order":8,"comment_status":"closed","ping_status":"closed","template":"","meta":{"_acf_changed":false,"content-type":"","footnotes":""},"class_list":["post-23580","page","type-page","status-publish","hentry"],"acf":[],"yoast_head":"<!-- This site is optimized with the Yoast SEO plugin v27.5 - https:\/\/yoast.com\/product\/yoast-seo-wordpress\/ -->\n<title>Impression - Rueda.Casino<\/title>\n<meta name=\"robots\" content=\"index, follow, max-snippet:-1, max-image-preview:large, max-video-preview:-1\" \/>\n<link rel=\"canonical\" href=\"https:\/\/rueda.casino\/fr\/impression\/\" \/>\n<meta property=\"og:locale\" content=\"fr_FR\" \/>\n<meta property=\"og:type\" content=\"article\" \/>\n<meta property=\"og:title\" content=\"Impression - Rueda.Casino\" \/>\n<meta property=\"og:description\" content=\"Cliquez sur les images pour les versions imprimables (PDF) Ruedastandard [...]\" \/>\n<meta property=\"og:url\" content=\"https:\/\/rueda.casino\/fr\/impression\/\" \/>\n<meta property=\"og:site_name\" content=\"Rueda.Casino\" \/>\n<meta property=\"article:publisher\" content=\"https:\/\/www.facebook.com\/ruedadotcasino\" \/>\n<meta property=\"article:modified_time\" content=\"2025-08-13T11:02:16+00:00\" \/>\n<meta property=\"og:image\" content=\"https:\/\/rueda.casino\/wp-content\/uploads\/2022\/01\/print_ruedastandard_2022_1.jpg\" \/>\n<meta name=\"twitter:card\" content=\"summary_large_image\" \/>\n<meta name=\"twitter:label1\" content=\"Dur\u00e9e de lecture estim\u00e9e\" \/>\n\t<meta name=\"twitter:data1\" content=\"1 minute\" \/>\n<script type=\"application\/ld+json\" class=\"yoast-schema-graph\">{\"@context\":\"https:\\\/\\\/schema.org\",\"@graph\":[{\"@type\":\"WebPage\",\"@id\":\"https:\\\/\\\/rueda.casino\\\/fr\\\/impression\\\/\",\"url\":\"https:\\\/\\\/rueda.casino\\\/fr\\\/impression\\\/\",\"name\":\"Impression - Rueda.Casino\",\"isPartOf\":{\"@id\":\"https:\\\/\\\/rueda.casino\\\/fr\\\/#website\"},\"primaryImageOfPage\":{\"@id\":\"https:\\\/\\\/rueda.casino\\\/fr\\\/impression\\\/#primaryimage\"},\"image\":{\"@id\":\"https:\\\/\\\/rueda.casino\\\/fr\\\/impression\\\/#primaryimage\"},\"thumbnailUrl\":\"https:\\\/\\\/rueda.casino\\\/wp-content\\\/uploads\\\/2022\\\/01\\\/print_ruedastandard_2022_1.jpg\",\"datePublished\":\"2019-08-23T20:35:10+00:00\",\"dateModified\":\"2025-08-13T11:02:16+00:00\",\"breadcrumb\":{\"@id\":\"https:\\\/\\\/rueda.casino\\\/fr\\\/impression\\\/#breadcrumb\"},\"inLanguage\":\"fr-FR\",\"potentialAction\":[{\"@type\":\"ReadAction\",\"target\":[\"https:\\\/\\\/rueda.casino\\\/fr\\\/impression\\\/\"]}]},{\"@type\":\"ImageObject\",\"inLanguage\":\"fr-FR\",\"@id\":\"https:\\\/\\\/rueda.casino\\\/fr\\\/impression\\\/#primaryimage\",\"url\":\"https:\\\/\\\/rueda.casino\\\/wp-content\\\/uploads\\\/2022\\\/01\\\/print_ruedastandard_2022_1.jpg\",\"contentUrl\":\"https:\\\/\\\/rueda.casino\\\/wp-content\\\/uploads\\\/2022\\\/01\\\/print_ruedastandard_2022_1.jpg\"},{\"@type\":\"BreadcrumbList\",\"@id\":\"https:\\\/\\\/rueda.casino\\\/fr\\\/impression\\\/#breadcrumb\",\"itemListElement\":[{\"@type\":\"ListItem\",\"position\":1,\"name\":\"Home\",\"item\":\"https:\\\/\\\/rueda.casino\\\/fr\\\/domicile\\\/\"},{\"@type\":\"ListItem\",\"position\":2,\"name\":\"Impression\"}]},{\"@type\":\"WebSite\",\"@id\":\"https:\\\/\\\/rueda.casino\\\/fr\\\/#website\",\"url\":\"https:\\\/\\\/rueda.casino\\\/fr\\\/\",\"name\":\"Rueda.Casino\",\"description\":\"Educational rueda &amp; casino videos of high quality\",\"publisher\":{\"@id\":\"https:\\\/\\\/rueda.casino\\\/fr\\\/#organization\"},\"potentialAction\":[{\"@type\":\"SearchAction\",\"target\":{\"@type\":\"EntryPoint\",\"urlTemplate\":\"https:\\\/\\\/rueda.casino\\\/fr\\\/?s={search_term_string}\"},\"query-input\":{\"@type\":\"PropertyValueSpecification\",\"valueRequired\":true,\"valueName\":\"search_term_string\"}}],\"inLanguage\":\"fr-FR\"},{\"@type\":\"Organization\",\"@id\":\"https:\\\/\\\/rueda.casino\\\/fr\\\/#organization\",\"name\":\"Rueda.Casino\",\"url\":\"https:\\\/\\\/rueda.casino\\\/fr\\\/\",\"logo\":{\"@type\":\"ImageObject\",\"inLanguage\":\"fr-FR\",\"@id\":\"https:\\\/\\\/rueda.casino\\\/fr\\\/#\\\/schema\\\/logo\\\/image\\\/\",\"url\":\"https:\\\/\\\/rueda.casino\\\/wp-content\\\/uploads\\\/2018\\\/08\\\/cropped-rueda.casino-2-linje-weblogo.png\",\"contentUrl\":\"https:\\\/\\\/rueda.casino\\\/wp-content\\\/uploads\\\/2018\\\/08\\\/cropped-rueda.casino-2-linje-weblogo.png\",\"width\":150,\"height\":51,\"caption\":\"Rueda.Casino\"},\"image\":{\"@id\":\"https:\\\/\\\/rueda.casino\\\/fr\\\/#\\\/schema\\\/logo\\\/image\\\/\"},\"sameAs\":[\"https:\\\/\\\/www.facebook.com\\\/ruedadotcasino\",\"https:\\\/\\\/www.instagram.com\\\/rueda.casino\\\/\",\"https:\\\/\\\/www.youtube.com\\\/@rueda.casino\"]}]}<\/script>\n<!-- \/ Yoast SEO plugin. -->","yoast_head_json":{"title":"Impression - Rueda.Casino","robots":{"index":"index","follow":"follow","max-snippet":"max-snippet:-1","max-image-preview":"max-image-preview:large","max-video-preview":"max-video-preview:-1"},"canonical":"https:\/\/rueda.casino\/fr\/impression\/","og_locale":"fr_FR","og_type":"article","og_title":"Impression - Rueda.Casino","og_description":"Cliquez sur les images pour les versions imprimables (PDF) Ruedastandard [...]","og_url":"https:\/\/rueda.casino\/fr\/impression\/","og_site_name":"Rueda.Casino","article_publisher":"https:\/\/www.facebook.com\/ruedadotcasino","article_modified_time":"2025-08-13T11:02:16+00:00","og_image":[{"url":"https:\/\/rueda.casino\/wp-content\/uploads\/2022\/01\/print_ruedastandard_2022_1.jpg","type":"","width":"","height":""}],"twitter_card":"summary_large_image","twitter_misc":{"Dur\u00e9e de lecture estim\u00e9e":"1 minute"},"schema":{"@context":"https:\/\/schema.org","@graph":[{"@type":"WebPage","@id":"https:\/\/rueda.casino\/fr\/impression\/","url":"https:\/\/rueda.casino\/fr\/impression\/","name":"Impression - Rueda.Casino","isPartOf":{"@id":"https:\/\/rueda.casino\/fr\/#website"},"primaryImageOfPage":{"@id":"https:\/\/rueda.casino\/fr\/impression\/#primaryimage"},"image":{"@id":"https:\/\/rueda.casino\/fr\/impression\/#primaryimage"},"thumbnailUrl":"https:\/\/rueda.casino\/wp-content\/uploads\/2022\/01\/print_ruedastandard_2022_1.jpg","datePublished":"2019-08-23T20:35:10+00:00","dateModified":"2025-08-13T11:02:16+00:00","breadcrumb":{"@id":"https:\/\/rueda.casino\/fr\/impression\/#breadcrumb"},"inLanguage":"fr-FR","potentialAction":[{"@type":"ReadAction","target":["https:\/\/rueda.casino\/fr\/impression\/"]}]},{"@type":"ImageObject","inLanguage":"fr-FR","@id":"https:\/\/rueda.casino\/fr\/impression\/#primaryimage","url":"https:\/\/rueda.casino\/wp-content\/uploads\/2022\/01\/print_ruedastandard_2022_1.jpg","contentUrl":"https:\/\/rueda.casino\/wp-content\/uploads\/2022\/01\/print_ruedastandard_2022_1.jpg"},{"@type":"BreadcrumbList","@id":"https:\/\/rueda.casino\/fr\/impression\/#breadcrumb","itemListElement":[{"@type":"ListItem","position":1,"name":"Home","item":"https:\/\/rueda.casino\/fr\/domicile\/"},{"@type":"ListItem","position":2,"name":"Impression"}]},{"@type":"WebSite","@id":"https:\/\/rueda.casino\/fr\/#website","url":"https:\/\/rueda.casino\/fr\/","name":"Rueda.Casino","description":"Educational rueda &amp; casino videos of high quality","publisher":{"@id":"https:\/\/rueda.casino\/fr\/#organization"},"potentialAction":[{"@type":"SearchAction","target":{"@type":"EntryPoint","urlTemplate":"https:\/\/rueda.casino\/fr\/?s={search_term_string}"},"query-input":{"@type":"PropertyValueSpecification","valueRequired":true,"valueName":"search_term_string"}}],"inLanguage":"fr-FR"},{"@type":"Organization","@id":"https:\/\/rueda.casino\/fr\/#organization","name":"Rueda.Casino","url":"https:\/\/rueda.casino\/fr\/","logo":{"@type":"ImageObject","inLanguage":"fr-FR","@id":"https:\/\/rueda.casino\/fr\/#\/schema\/logo\/image\/","url":"https:\/\/rueda.casino\/wp-content\/uploads\/2018\/08\/cropped-rueda.casino-2-linje-weblogo.png","contentUrl":"https:\/\/rueda.casino\/wp-content\/uploads\/2018\/08\/cropped-rueda.casino-2-linje-weblogo.png","width":150,"height":51,"caption":"Rueda.Casino"},"image":{"@id":"https:\/\/rueda.casino\/fr\/#\/schema\/logo\/image\/"},"sameAs":["https:\/\/www.facebook.com\/ruedadotcasino","https:\/\/www.instagram.com\/rueda.casino\/","https:\/\/www.youtube.com\/@rueda.casino"]}]}},"_links":{"self":[{"href":"https:\/\/rueda.casino\/fr\/wp-json\/wp\/v2\/pages\/23580","targetHints":{"allow":["GET"]}}],"collection":[{"href":"https:\/\/rueda.casino\/fr\/wp-json\/wp\/v2\/pages"}],"about":[{"href":"https:\/\/rueda.casino\/fr\/wp-json\/wp\/v2\/types\/page"}],"author":[{"embeddable":true,"href":"https:\/\/rueda.casino\/fr\/wp-json\/wp\/v2\/users\/2"}],"replies":[{"embeddable":true,"href":"https:\/\/rueda.casino\/fr\/wp-json\/wp\/v2\/comments?post=23580"}],"version-history":[{"count":0,"href":"https:\/\/rueda.casino\/fr\/wp-json\/wp\/v2\/pages\/23580\/revisions"}],"wp:attachment":[{"href":"https:\/\/rueda.casino\/fr\/wp-json\/wp\/v2\/media?parent=23580"}],"curies":[{"name":"wp","href":"https:\/\/api.w.org\/{rel}","templated":true}]}}