

    {"id":23980,"date":"2018-06-06T22:32:37","date_gmt":"2018-06-06T20:32:37","guid":{"rendered":"https:\/\/rueda.casino\/environ\/"},"modified":"2025-08-13T13:03:28","modified_gmt":"2025-08-13T11:03:28","slug":"environ","status":"publish","type":"page","link":"https:\/\/rueda.casino\/fr\/environ\/","title":{"rendered":"Environ"},"content":{"rendered":"<div class=\"fusion-fullwidth fullwidth-box fusion-builder-row-1 fusion-flex-container nonhundred-percent-fullwidth non-hundred-percent-height-scrolling\" style=\"--awb-border-radius-top-left:0px;--awb-border-radius-top-right:0px;--awb-border-radius-bottom-right:0px;--awb-border-radius-bottom-left:0px;--awb-flex-wrap:wrap;\" ><div class=\"fusion-builder-row fusion-row fusion-flex-align-items-flex-start fusion-flex-content-wrap\" style=\"max-width:1248px;margin-left: calc(-4% \/ 2 );margin-right: calc(-4% \/ 2 );\"><div class=\"fusion-layout-column fusion_builder_column fusion-builder-column-0 fusion_builder_column_1_2 1_2 fusion-flex-column\" style=\"--awb-bg-size:cover;--awb-width-large:50%;--awb-margin-top-large:0px;--awb-spacing-right-large:3.84%;--awb-margin-bottom-large:20px;--awb-spacing-left-large:3.84%;--awb-width-medium:50%;--awb-order-medium:0;--awb-spacing-right-medium:3.84%;--awb-spacing-left-medium:3.84%;--awb-width-small:100%;--awb-order-small:0;--awb-spacing-right-small:1.92%;--awb-spacing-left-small:1.92%;\"><div class=\"fusion-column-wrapper fusion-column-has-shadow fusion-flex-justify-content-flex-start fusion-content-layout-column\"><div class=\"fusion-title title fusion-title-1 fusion-sep-none fusion-title-text fusion-title-size-three\" style=\"--awb-margin-top-small:10px;--awb-margin-right-small:0px;--awb-margin-bottom-small:10px;--awb-margin-left-small:0px;\"><h3 class=\"fusion-title-heading title-heading-left fusion-responsive-typography-calculated\" style=\"font-family:&quot;Work Sans&quot;;font-style:normal;font-weight:700;margin:0;text-transform:uppercase;--fontSize:20;line-height:var(--awb-typography1-line-height);\">SALSANOR<\/h3><\/div><div class=\"fusion-text fusion-text-1\"><p><a href=\"https:\/\/salsanor.no\">SalsaNor<\/a> a \u00e9t\u00e9 cr\u00e9\u00e9e en 1999 et a \u00e9t\u00e9 la premi\u00e8re organisation id\u00e9ale en Norv\u00e8ge dans le but de diffuser la musique et la danse de la salsa. De la m\u00eame mani\u00e8re que Salsa signifie sause compos\u00e9e de diverses ingr\u00e9dients, SalsaNor vise \u00e0 promouvoir plusieurs genres latino-am\u00e9ricains et afro-carib\u00e9ens. <\/p>\n<p>Aujourd\u2019hui, SalsaNor est pr\u00e9sent dans plusieurs villes de Norv\u00e8ge, en plus d\u2019organiser plusieurs \u00e9v\u00e9nements et projets nationaux et internationaux.<\/p>\n<p>SalsaNor est l\u2019initiateur de Ruedastandard.com et l\u2019organisateur du congr\u00e8s annuel SalsaNor Rueda (depuis 2002).<\/p>\n<\/div><div class=\"fusion-title title fusion-title-2 fusion-sep-none fusion-title-text fusion-title-size-three\" style=\"--awb-margin-top-small:10px;--awb-margin-right-small:0px;--awb-margin-bottom-small:10px;--awb-margin-left-small:0px;\"><h3 class=\"fusion-title-heading title-heading-left fusion-responsive-typography-calculated\" style=\"font-family:&quot;Work Sans&quot;;font-style:normal;font-weight:700;margin:0;text-transform:uppercase;--fontSize:20;line-height:var(--awb-typography1-line-height);\">RUEDA. CASINO<\/h3><\/div><div class=\"fusion-text fusion-text-2\"><p><a href=\"https:\/\/salsanor.no\">SalsaNor<\/a> a cr\u00e9\u00e9 la cha\u00eene Vimeo rueda.casino en collaboration avec Felles Film en 2018, dans le but de diffuser le casino et rueda de casino \u00e0 travers des vid\u00e9os de haute qualit\u00e9 et avec un r\u00e9seau croissant de danseurs cubains professionnels apparaissant dans les vid\u00e9os, contribuant avec leurs connaissances. Aujourd\u2019hui, Francesca Bardaro Productions est notre partenaire de production.   <\/p>\n<p>Vous pouvez en savoir plus sur l\u2019histoire de rueda.casino | Les danseurs dans les vid\u00e9os | La musique utilis\u00e9e dans les vid\u00e9os | L\u2019\u00e9quipe de production | et le projet caritatif que nous soutenons \u00e0 Cuba.  <\/p>\n<\/div><\/div><\/div><div class=\"fusion-layout-column fusion_builder_column fusion-builder-column-1 fusion_builder_column_1_2 1_2 fusion-flex-column\" style=\"--awb-bg-size:cover;--awb-width-large:50%;--awb-margin-top-large:0px;--awb-spacing-right-large:3.84%;--awb-margin-bottom-large:20px;--awb-spacing-left-large:3.84%;--awb-width-medium:50%;--awb-order-medium:0;--awb-spacing-right-medium:3.84%;--awb-spacing-left-medium:3.84%;--awb-width-small:100%;--awb-order-small:0;--awb-spacing-right-small:1.92%;--awb-spacing-left-small:1.92%;\"><div class=\"fusion-column-wrapper fusion-column-has-shadow fusion-flex-justify-content-flex-start fusion-content-layout-column\"><div class=\"fusion-title title fusion-title-3 fusion-sep-none fusion-title-text fusion-title-size-three\" style=\"--awb-margin-top-small:10px;--awb-margin-right-small:0px;--awb-margin-bottom-small:10px;--awb-margin-left-small:0px;\"><h3 class=\"fusion-title-heading title-heading-left fusion-responsive-typography-calculated\" style=\"font-family:&quot;Work Sans&quot;;font-style:normal;font-weight:700;margin:0;text-transform:uppercase;--fontSize:20;line-height:var(--awb-typography1-line-height);\">SALSANOR<\/h3><\/div><div class=\"fusion-text fusion-text-3\"><p><a href=\"https:\/\/salsanor.no\">SalsaNor<\/a> se estableci\u00f3 en 1999 y fue la primera organizaci\u00f3n ideal en Noruega con el objetivo de difundir la m\u00fasica y el baile de la salsa. Al igual que Salsa significa salsa compuesta por varios ingredientes, SalsaNor tiene como objetivo promover varios g\u00e9neros latinoamericanos y afrocaribe\u00f1os. <\/p>\n<p>Hoy SalsaNor est\u00e1 ubicada en varias ciudades de Noruega, adem\u00e1s de organizar varios eventos y proyectos nacionales e internacionales.<\/p>\n<p><a href=\"https:\/\/salsanor.no\">SalsaNor<\/a> es el iniciador de Ruedastandard.com y el organizador del Congreso annual SalsaNor Rueda (desde 2002).<\/p>\n<\/div><div class=\"fusion-title title fusion-title-4 fusion-sep-none fusion-title-text fusion-title-size-three\" style=\"--awb-margin-top-small:10px;--awb-margin-right-small:0px;--awb-margin-bottom-small:10px;--awb-margin-left-small:0px;\"><h3 class=\"fusion-title-heading title-heading-left fusion-responsive-typography-calculated\" style=\"font-family:&quot;Work Sans&quot;;font-style:normal;font-weight:700;margin:0;text-transform:uppercase;--fontSize:20;line-height:var(--awb-typography1-line-height);\">RUEDA. CASINO<\/h3><\/div><div class=\"fusion-text fusion-text-4\"><p>SalsaNor estableci\u00f3 el canal de Vimeo rueda.casino junto con Felles Film en 2018, con el objetivo de difundir casino y rueda de casino a trav\u00e9s de videos de alta calidad y con una creciente red de bailarines cubanos profesionales que aparecen en los videos, contribuyendo con su conocimiento. Hoy Francesca Bardaro Productions es nuestro socio de producci\u00f3n. <\/p>\n<p>Puedes leer m\u00e1s sobre la historia de rueda.casino | los bailerines en los videos | La m\u00fasic utilizada en los videos | El equipo de producci\u00f3n | y el proyecto solidario que apoyamos en Cuba.<\/p>\n<\/div><\/div><\/div><\/div><\/div>\n","protected":false},"excerpt":{"rendered":"","protected":false},"author":1,"featured_media":0,"parent":0,"menu_order":2,"comment_status":"closed","ping_status":"closed","template":"","meta":{"_acf_changed":false,"content-type":"","footnotes":""},"class_list":["post-23980","page","type-page","status-publish","hentry"],"acf":[],"yoast_head":"<!-- This site is optimized with the Yoast SEO plugin v27.5 - https:\/\/yoast.com\/product\/yoast-seo-wordpress\/ -->\n<title>Environ - Rueda.Casino<\/title>\n<meta name=\"robots\" content=\"index, follow, max-snippet:-1, max-image-preview:large, max-video-preview:-1\" \/>\n<link rel=\"canonical\" href=\"https:\/\/rueda.casino\/fr\/environ\/\" \/>\n<meta property=\"og:locale\" content=\"fr_FR\" \/>\n<meta property=\"og:type\" content=\"article\" \/>\n<meta property=\"og:title\" content=\"Environ - Rueda.Casino\" \/>\n<meta property=\"og:url\" content=\"https:\/\/rueda.casino\/fr\/environ\/\" \/>\n<meta property=\"og:site_name\" content=\"Rueda.Casino\" \/>\n<meta property=\"article:publisher\" content=\"https:\/\/www.facebook.com\/ruedadotcasino\" \/>\n<meta property=\"article:modified_time\" content=\"2025-08-13T11:03:28+00:00\" \/>\n<meta name=\"twitter:card\" content=\"summary_large_image\" \/>\n<meta name=\"twitter:label1\" content=\"Dur\u00e9e de lecture estim\u00e9e\" \/>\n\t<meta name=\"twitter:data1\" content=\"7 minutes\" \/>\n<script type=\"application\/ld+json\" class=\"yoast-schema-graph\">{\"@context\":\"https:\\\/\\\/schema.org\",\"@graph\":[{\"@type\":\"WebPage\",\"@id\":\"https:\\\/\\\/rueda.casino\\\/fr\\\/environ\\\/\",\"url\":\"https:\\\/\\\/rueda.casino\\\/fr\\\/environ\\\/\",\"name\":\"Environ - Rueda.Casino\",\"isPartOf\":{\"@id\":\"https:\\\/\\\/rueda.casino\\\/fr\\\/#website\"},\"datePublished\":\"2018-06-06T20:32:37+00:00\",\"dateModified\":\"2025-08-13T11:03:28+00:00\",\"breadcrumb\":{\"@id\":\"https:\\\/\\\/rueda.casino\\\/fr\\\/environ\\\/#breadcrumb\"},\"inLanguage\":\"fr-FR\",\"potentialAction\":[{\"@type\":\"ReadAction\",\"target\":[\"https:\\\/\\\/rueda.casino\\\/fr\\\/environ\\\/\"]}]},{\"@type\":\"BreadcrumbList\",\"@id\":\"https:\\\/\\\/rueda.casino\\\/fr\\\/environ\\\/#breadcrumb\",\"itemListElement\":[{\"@type\":\"ListItem\",\"position\":1,\"name\":\"Home\",\"item\":\"https:\\\/\\\/rueda.casino\\\/fr\\\/domicile\\\/\"},{\"@type\":\"ListItem\",\"position\":2,\"name\":\"Environ\"}]},{\"@type\":\"WebSite\",\"@id\":\"https:\\\/\\\/rueda.casino\\\/fr\\\/#website\",\"url\":\"https:\\\/\\\/rueda.casino\\\/fr\\\/\",\"name\":\"Rueda.Casino\",\"description\":\"Educational rueda &amp; casino videos of high quality\",\"publisher\":{\"@id\":\"https:\\\/\\\/rueda.casino\\\/fr\\\/#organization\"},\"potentialAction\":[{\"@type\":\"SearchAction\",\"target\":{\"@type\":\"EntryPoint\",\"urlTemplate\":\"https:\\\/\\\/rueda.casino\\\/fr\\\/?s={search_term_string}\"},\"query-input\":{\"@type\":\"PropertyValueSpecification\",\"valueRequired\":true,\"valueName\":\"search_term_string\"}}],\"inLanguage\":\"fr-FR\"},{\"@type\":\"Organization\",\"@id\":\"https:\\\/\\\/rueda.casino\\\/fr\\\/#organization\",\"name\":\"Rueda.Casino\",\"url\":\"https:\\\/\\\/rueda.casino\\\/fr\\\/\",\"logo\":{\"@type\":\"ImageObject\",\"inLanguage\":\"fr-FR\",\"@id\":\"https:\\\/\\\/rueda.casino\\\/fr\\\/#\\\/schema\\\/logo\\\/image\\\/\",\"url\":\"https:\\\/\\\/rueda.casino\\\/wp-content\\\/uploads\\\/2018\\\/08\\\/cropped-rueda.casino-2-linje-weblogo.png\",\"contentUrl\":\"https:\\\/\\\/rueda.casino\\\/wp-content\\\/uploads\\\/2018\\\/08\\\/cropped-rueda.casino-2-linje-weblogo.png\",\"width\":150,\"height\":51,\"caption\":\"Rueda.Casino\"},\"image\":{\"@id\":\"https:\\\/\\\/rueda.casino\\\/fr\\\/#\\\/schema\\\/logo\\\/image\\\/\"},\"sameAs\":[\"https:\\\/\\\/www.facebook.com\\\/ruedadotcasino\",\"https:\\\/\\\/www.instagram.com\\\/rueda.casino\\\/\",\"https:\\\/\\\/www.youtube.com\\\/@rueda.casino\"]}]}<\/script>\n<!-- \/ Yoast SEO plugin. -->","yoast_head_json":{"title":"Environ - Rueda.Casino","robots":{"index":"index","follow":"follow","max-snippet":"max-snippet:-1","max-image-preview":"max-image-preview:large","max-video-preview":"max-video-preview:-1"},"canonical":"https:\/\/rueda.casino\/fr\/environ\/","og_locale":"fr_FR","og_type":"article","og_title":"Environ - Rueda.Casino","og_url":"https:\/\/rueda.casino\/fr\/environ\/","og_site_name":"Rueda.Casino","article_publisher":"https:\/\/www.facebook.com\/ruedadotcasino","article_modified_time":"2025-08-13T11:03:28+00:00","twitter_card":"summary_large_image","twitter_misc":{"Dur\u00e9e de lecture estim\u00e9e":"7 minutes"},"schema":{"@context":"https:\/\/schema.org","@graph":[{"@type":"WebPage","@id":"https:\/\/rueda.casino\/fr\/environ\/","url":"https:\/\/rueda.casino\/fr\/environ\/","name":"Environ - Rueda.Casino","isPartOf":{"@id":"https:\/\/rueda.casino\/fr\/#website"},"datePublished":"2018-06-06T20:32:37+00:00","dateModified":"2025-08-13T11:03:28+00:00","breadcrumb":{"@id":"https:\/\/rueda.casino\/fr\/environ\/#breadcrumb"},"inLanguage":"fr-FR","potentialAction":[{"@type":"ReadAction","target":["https:\/\/rueda.casino\/fr\/environ\/"]}]},{"@type":"BreadcrumbList","@id":"https:\/\/rueda.casino\/fr\/environ\/#breadcrumb","itemListElement":[{"@type":"ListItem","position":1,"name":"Home","item":"https:\/\/rueda.casino\/fr\/domicile\/"},{"@type":"ListItem","position":2,"name":"Environ"}]},{"@type":"WebSite","@id":"https:\/\/rueda.casino\/fr\/#website","url":"https:\/\/rueda.casino\/fr\/","name":"Rueda.Casino","description":"Educational rueda &amp; casino videos of high quality","publisher":{"@id":"https:\/\/rueda.casino\/fr\/#organization"},"potentialAction":[{"@type":"SearchAction","target":{"@type":"EntryPoint","urlTemplate":"https:\/\/rueda.casino\/fr\/?s={search_term_string}"},"query-input":{"@type":"PropertyValueSpecification","valueRequired":true,"valueName":"search_term_string"}}],"inLanguage":"fr-FR"},{"@type":"Organization","@id":"https:\/\/rueda.casino\/fr\/#organization","name":"Rueda.Casino","url":"https:\/\/rueda.casino\/fr\/","logo":{"@type":"ImageObject","inLanguage":"fr-FR","@id":"https:\/\/rueda.casino\/fr\/#\/schema\/logo\/image\/","url":"https:\/\/rueda.casino\/wp-content\/uploads\/2018\/08\/cropped-rueda.casino-2-linje-weblogo.png","contentUrl":"https:\/\/rueda.casino\/wp-content\/uploads\/2018\/08\/cropped-rueda.casino-2-linje-weblogo.png","width":150,"height":51,"caption":"Rueda.Casino"},"image":{"@id":"https:\/\/rueda.casino\/fr\/#\/schema\/logo\/image\/"},"sameAs":["https:\/\/www.facebook.com\/ruedadotcasino","https:\/\/www.instagram.com\/rueda.casino\/","https:\/\/www.youtube.com\/@rueda.casino"]}]}},"_links":{"self":[{"href":"https:\/\/rueda.casino\/fr\/wp-json\/wp\/v2\/pages\/23980","targetHints":{"allow":["GET"]}}],"collection":[{"href":"https:\/\/rueda.casino\/fr\/wp-json\/wp\/v2\/pages"}],"about":[{"href":"https:\/\/rueda.casino\/fr\/wp-json\/wp\/v2\/types\/page"}],"author":[{"embeddable":true,"href":"https:\/\/rueda.casino\/fr\/wp-json\/wp\/v2\/users\/1"}],"replies":[{"embeddable":true,"href":"https:\/\/rueda.casino\/fr\/wp-json\/wp\/v2\/comments?post=23980"}],"version-history":[{"count":0,"href":"https:\/\/rueda.casino\/fr\/wp-json\/wp\/v2\/pages\/23980\/revisions"}],"wp:attachment":[{"href":"https:\/\/rueda.casino\/fr\/wp-json\/wp\/v2\/media?parent=23980"}],"curies":[{"name":"wp","href":"https:\/\/api.w.org\/{rel}","templated":true}]}}