

    {"id":24303,"date":"2024-07-08T21:30:16","date_gmt":"2024-07-08T19:30:16","guid":{"rendered":"https:\/\/rueda.casino\/product\/adhesion\/"},"modified":"2026-01-27T00:19:52","modified_gmt":"2026-01-26T23:19:52","slug":"adhesion","status":"publish","type":"product","link":"https:\/\/rueda.casino\/fr\/produit\/adhesion\/","title":{"rendered":"Compte"},"content":{"rendered":"<p data-start=\"284\" data-end=\"342\"><strong data-start=\"284\" data-end=\"342\">Acc\u00e9dez \u00e0 nos ressources et fonctionnalit\u00e9s du site web telles que :<\/strong><\/p>\n<ul>\n<li data-start=\"345\" data-end=\"419\">Cr\u00e9ez votre propre liste de figurines \u00e0 partager avec d\u2019autres danseurs ou \u00e9tudiants<\/li>\n<li data-start=\"422\" data-end=\"481\">Ajoutez et partagez vos \u00e9v\u00e9nements dans notre calendrier des \u00e9v\u00e9nements communautaires<\/li>\n<\/ul>\n<p data-start=\"483\" data-end=\"523\"><strong data-start=\"483\" data-end=\"521\">Important \u2014 deux inscriptions distinctes :<\/strong><\/p>\n<ul>\n<li data-start=\"526\" data-end=\"614\">Un <strong data-start=\"528\" data-end=\"552\">compte Rueda.casino<\/strong> vous donne acc\u00e8s aux ressources et fonctionnalit\u00e9s de ce site.<\/li>\n<li data-start=\"617\" data-end=\"709\">Un <strong data-start=\"619\" data-end=\"641\">abonnement YouTube<\/strong> soutient les nouvelles productions et d\u00e9bloque des avantages pour les membres <strong data-start=\"692\" data-end=\"706\">sur YouTube<\/strong>.<\/li>\n<\/ul>\n<p data-start=\"711\" data-end=\"820\"><em data-start=\"711\" data-end=\"820\">L\u2019adh\u00e9sion YouTube ne cr\u00e9e pas de compte Rueda.casino \u2014 et un compte site web est distinct de YouTube.<\/em><\/p>\n","protected":false},"excerpt":{"rendered":"<p data-start=\"885\" data-end=\"932\"><strong data-start=\"885\" data-end=\"932\">D\u00e9bloquez ressources et fonctionnalit\u00e9s sur Rueda.casino<\/strong><\/p>\n<ul>\n<li>Partagez des listes de figurines avec des danseurs ou des \u00e9l\u00e8ves<\/li>\n<li>Ajoutez des \u00e9v\u00e9nements \u00e0 notre calendrier communautaire<\/li>\n<\/ul>\n<p data-start=\"1023\" data-end=\"1128\"><strong data-start=\"1023\" data-end=\"1032\">Note :<\/strong> Le compte site web et l\u2019abonnement YouTube sont distincts. Les avantages d\u2019adh\u00e9sion YouTube s\u2019appliquent sur YouTube. <\/p>\n","protected":false},"featured_media":24304,"comment_status":"closed","ping_status":"closed","template":"","meta":{"_acf_changed":false,"content-type":""},"product_brand":[],"product_cat":[383],"product_tag":[],"class_list":{"0":"post-24303","1":"product","2":"type-product","3":"status-publish","4":"has-post-thumbnail","6":"product_cat-adhesions","8":"first","9":"instock","10":"sold-individually","11":"taxable","12":"shipping-taxable","13":"purchasable","14":"product-type-variable-subscription","15":"has-default-attributes"},"acf":[],"yoast_head":"<!-- This site is optimized with the Yoast SEO plugin v27.5 - https:\/\/yoast.com\/product\/yoast-seo-wordpress\/ -->\n<title>Compte - Rueda.Casino<\/title>\n<meta name=\"robots\" content=\"index, follow, max-snippet:-1, max-image-preview:large, max-video-preview:-1\" \/>\n<link rel=\"canonical\" href=\"https:\/\/rueda.casino\/fr\/produit\/adhesion\/\" \/>\n<meta property=\"og:locale\" content=\"fr_FR\" \/>\n<meta property=\"og:type\" content=\"article\" \/>\n<meta property=\"og:title\" content=\"Compte - Rueda.Casino\" \/>\n<meta property=\"og:description\" content=\"D\u00e9bloquez ressources et fonctionnalit\u00e9s sur Rueda.casino   Partagez des listes de figurines avec des danseurs ou des \u00e9l\u00e8ves  Ajoutez des \u00e9v\u00e9nements \u00e0 notre calendrier communautaire Note : Le compte site web et l\u2019abonnement YouTube sont distincts. Les avantages d\u2019adh\u00e9sion YouTube s\u2019appliquent sur YouTube.\" \/>\n<meta property=\"og:url\" content=\"https:\/\/rueda.casino\/fr\/produit\/adhesion\/\" \/>\n<meta property=\"og:site_name\" content=\"Rueda.Casino\" \/>\n<meta property=\"article:publisher\" content=\"https:\/\/www.facebook.com\/ruedadotcasino\" \/>\n<meta property=\"article:modified_time\" content=\"2026-01-26T23:19:52+00:00\" \/>\n<meta property=\"og:image\" content=\"https:\/\/rueda.casino\/wp-content\/uploads\/2024\/07\/Membership-memberships.jpg\" \/>\n\t<meta property=\"og:image:width\" content=\"1080\" \/>\n\t<meta property=\"og:image:height\" content=\"1080\" \/>\n\t<meta property=\"og:image:type\" content=\"image\/jpeg\" \/>\n<meta name=\"twitter:card\" content=\"summary_large_image\" \/>\n<script type=\"application\/ld+json\" class=\"yoast-schema-graph\">{\"@context\":\"https:\\\/\\\/schema.org\",\"@graph\":[{\"@type\":\"WebPage\",\"@id\":\"https:\\\/\\\/rueda.casino\\\/fr\\\/produit\\\/adhesion\\\/\",\"url\":\"https:\\\/\\\/rueda.casino\\\/fr\\\/produit\\\/adhesion\\\/\",\"name\":\"Compte - Rueda.Casino\",\"isPartOf\":{\"@id\":\"https:\\\/\\\/rueda.casino\\\/fr\\\/#website\"},\"primaryImageOfPage\":{\"@id\":\"https:\\\/\\\/rueda.casino\\\/fr\\\/produit\\\/adhesion\\\/#primaryimage\"},\"image\":{\"@id\":\"https:\\\/\\\/rueda.casino\\\/fr\\\/produit\\\/adhesion\\\/#primaryimage\"},\"thumbnailUrl\":\"https:\\\/\\\/rueda.casino\\\/wp-content\\\/uploads\\\/2024\\\/07\\\/Membership-memberships.jpg\",\"datePublished\":\"2024-07-08T19:30:16+00:00\",\"dateModified\":\"2026-01-26T23:19:52+00:00\",\"breadcrumb\":{\"@id\":\"https:\\\/\\\/rueda.casino\\\/fr\\\/produit\\\/adhesion\\\/#breadcrumb\"},\"inLanguage\":\"fr-FR\",\"potentialAction\":[{\"@type\":\"ReadAction\",\"target\":[\"https:\\\/\\\/rueda.casino\\\/fr\\\/produit\\\/adhesion\\\/\"]}]},{\"@type\":\"ImageObject\",\"inLanguage\":\"fr-FR\",\"@id\":\"https:\\\/\\\/rueda.casino\\\/fr\\\/produit\\\/adhesion\\\/#primaryimage\",\"url\":\"https:\\\/\\\/rueda.casino\\\/wp-content\\\/uploads\\\/2024\\\/07\\\/Membership-memberships.jpg\",\"contentUrl\":\"https:\\\/\\\/rueda.casino\\\/wp-content\\\/uploads\\\/2024\\\/07\\\/Membership-memberships.jpg\",\"width\":1080,\"height\":1080},{\"@type\":\"BreadcrumbList\",\"@id\":\"https:\\\/\\\/rueda.casino\\\/fr\\\/produit\\\/adhesion\\\/#breadcrumb\",\"itemListElement\":[{\"@type\":\"ListItem\",\"position\":1,\"name\":\"Home\",\"item\":\"https:\\\/\\\/rueda.casino\\\/fr\\\/domicile\\\/\"},{\"@type\":\"ListItem\",\"position\":2,\"name\":\"Boutique\",\"item\":\"https:\\\/\\\/rueda.casino\\\/shop\\\/\"},{\"@type\":\"ListItem\",\"position\":3,\"name\":\"Compte\"}]},{\"@type\":\"WebSite\",\"@id\":\"https:\\\/\\\/rueda.casino\\\/fr\\\/#website\",\"url\":\"https:\\\/\\\/rueda.casino\\\/fr\\\/\",\"name\":\"Rueda.Casino\",\"description\":\"Educational rueda &amp; casino videos of high quality\",\"publisher\":{\"@id\":\"https:\\\/\\\/rueda.casino\\\/fr\\\/#organization\"},\"potentialAction\":[{\"@type\":\"SearchAction\",\"target\":{\"@type\":\"EntryPoint\",\"urlTemplate\":\"https:\\\/\\\/rueda.casino\\\/fr\\\/?s={search_term_string}\"},\"query-input\":{\"@type\":\"PropertyValueSpecification\",\"valueRequired\":true,\"valueName\":\"search_term_string\"}}],\"inLanguage\":\"fr-FR\"},{\"@type\":\"Organization\",\"@id\":\"https:\\\/\\\/rueda.casino\\\/fr\\\/#organization\",\"name\":\"Rueda.Casino\",\"url\":\"https:\\\/\\\/rueda.casino\\\/fr\\\/\",\"logo\":{\"@type\":\"ImageObject\",\"inLanguage\":\"fr-FR\",\"@id\":\"https:\\\/\\\/rueda.casino\\\/fr\\\/#\\\/schema\\\/logo\\\/image\\\/\",\"url\":\"https:\\\/\\\/rueda.casino\\\/wp-content\\\/uploads\\\/2018\\\/08\\\/cropped-rueda.casino-2-linje-weblogo.png\",\"contentUrl\":\"https:\\\/\\\/rueda.casino\\\/wp-content\\\/uploads\\\/2018\\\/08\\\/cropped-rueda.casino-2-linje-weblogo.png\",\"width\":150,\"height\":51,\"caption\":\"Rueda.Casino\"},\"image\":{\"@id\":\"https:\\\/\\\/rueda.casino\\\/fr\\\/#\\\/schema\\\/logo\\\/image\\\/\"},\"sameAs\":[\"https:\\\/\\\/www.facebook.com\\\/ruedadotcasino\",\"https:\\\/\\\/www.instagram.com\\\/rueda.casino\\\/\",\"https:\\\/\\\/www.youtube.com\\\/@rueda.casino\"]}]}<\/script>\n<!-- \/ Yoast SEO plugin. -->","yoast_head_json":{"title":"Compte - Rueda.Casino","robots":{"index":"index","follow":"follow","max-snippet":"max-snippet:-1","max-image-preview":"max-image-preview:large","max-video-preview":"max-video-preview:-1"},"canonical":"https:\/\/rueda.casino\/fr\/produit\/adhesion\/","og_locale":"fr_FR","og_type":"article","og_title":"Compte - Rueda.Casino","og_description":"D\u00e9bloquez ressources et fonctionnalit\u00e9s sur Rueda.casino   Partagez des listes de figurines avec des danseurs ou des \u00e9l\u00e8ves  Ajoutez des \u00e9v\u00e9nements \u00e0 notre calendrier communautaire Note : Le compte site web et l\u2019abonnement YouTube sont distincts. Les avantages d\u2019adh\u00e9sion YouTube s\u2019appliquent sur YouTube.","og_url":"https:\/\/rueda.casino\/fr\/produit\/adhesion\/","og_site_name":"Rueda.Casino","article_publisher":"https:\/\/www.facebook.com\/ruedadotcasino","article_modified_time":"2026-01-26T23:19:52+00:00","og_image":[{"width":1080,"height":1080,"url":"https:\/\/rueda.casino\/wp-content\/uploads\/2024\/07\/Membership-memberships.jpg","type":"image\/jpeg"}],"twitter_card":"summary_large_image","schema":{"@context":"https:\/\/schema.org","@graph":[{"@type":"WebPage","@id":"https:\/\/rueda.casino\/fr\/produit\/adhesion\/","url":"https:\/\/rueda.casino\/fr\/produit\/adhesion\/","name":"Compte - Rueda.Casino","isPartOf":{"@id":"https:\/\/rueda.casino\/fr\/#website"},"primaryImageOfPage":{"@id":"https:\/\/rueda.casino\/fr\/produit\/adhesion\/#primaryimage"},"image":{"@id":"https:\/\/rueda.casino\/fr\/produit\/adhesion\/#primaryimage"},"thumbnailUrl":"https:\/\/rueda.casino\/wp-content\/uploads\/2024\/07\/Membership-memberships.jpg","datePublished":"2024-07-08T19:30:16+00:00","dateModified":"2026-01-26T23:19:52+00:00","breadcrumb":{"@id":"https:\/\/rueda.casino\/fr\/produit\/adhesion\/#breadcrumb"},"inLanguage":"fr-FR","potentialAction":[{"@type":"ReadAction","target":["https:\/\/rueda.casino\/fr\/produit\/adhesion\/"]}]},{"@type":"ImageObject","inLanguage":"fr-FR","@id":"https:\/\/rueda.casino\/fr\/produit\/adhesion\/#primaryimage","url":"https:\/\/rueda.casino\/wp-content\/uploads\/2024\/07\/Membership-memberships.jpg","contentUrl":"https:\/\/rueda.casino\/wp-content\/uploads\/2024\/07\/Membership-memberships.jpg","width":1080,"height":1080},{"@type":"BreadcrumbList","@id":"https:\/\/rueda.casino\/fr\/produit\/adhesion\/#breadcrumb","itemListElement":[{"@type":"ListItem","position":1,"name":"Home","item":"https:\/\/rueda.casino\/fr\/domicile\/"},{"@type":"ListItem","position":2,"name":"Boutique","item":"https:\/\/rueda.casino\/shop\/"},{"@type":"ListItem","position":3,"name":"Compte"}]},{"@type":"WebSite","@id":"https:\/\/rueda.casino\/fr\/#website","url":"https:\/\/rueda.casino\/fr\/","name":"Rueda.Casino","description":"Educational rueda &amp; casino videos of high quality","publisher":{"@id":"https:\/\/rueda.casino\/fr\/#organization"},"potentialAction":[{"@type":"SearchAction","target":{"@type":"EntryPoint","urlTemplate":"https:\/\/rueda.casino\/fr\/?s={search_term_string}"},"query-input":{"@type":"PropertyValueSpecification","valueRequired":true,"valueName":"search_term_string"}}],"inLanguage":"fr-FR"},{"@type":"Organization","@id":"https:\/\/rueda.casino\/fr\/#organization","name":"Rueda.Casino","url":"https:\/\/rueda.casino\/fr\/","logo":{"@type":"ImageObject","inLanguage":"fr-FR","@id":"https:\/\/rueda.casino\/fr\/#\/schema\/logo\/image\/","url":"https:\/\/rueda.casino\/wp-content\/uploads\/2018\/08\/cropped-rueda.casino-2-linje-weblogo.png","contentUrl":"https:\/\/rueda.casino\/wp-content\/uploads\/2018\/08\/cropped-rueda.casino-2-linje-weblogo.png","width":150,"height":51,"caption":"Rueda.Casino"},"image":{"@id":"https:\/\/rueda.casino\/fr\/#\/schema\/logo\/image\/"},"sameAs":["https:\/\/www.facebook.com\/ruedadotcasino","https:\/\/www.instagram.com\/rueda.casino\/","https:\/\/www.youtube.com\/@rueda.casino"]}]}},"_links":{"self":[{"href":"https:\/\/rueda.casino\/fr\/wp-json\/wp\/v2\/product\/24303","targetHints":{"allow":["GET"]}}],"collection":[{"href":"https:\/\/rueda.casino\/fr\/wp-json\/wp\/v2\/product"}],"about":[{"href":"https:\/\/rueda.casino\/fr\/wp-json\/wp\/v2\/types\/product"}],"replies":[{"embeddable":true,"href":"https:\/\/rueda.casino\/fr\/wp-json\/wp\/v2\/comments?post=24303"}],"wp:featuredmedia":[{"embeddable":true,"href":"https:\/\/rueda.casino\/fr\/wp-json\/wp\/v2\/media\/24304"}],"wp:attachment":[{"href":"https:\/\/rueda.casino\/fr\/wp-json\/wp\/v2\/media?parent=24303"}],"wp:term":[{"taxonomy":"product_brand","embeddable":true,"href":"https:\/\/rueda.casino\/fr\/wp-json\/wp\/v2\/product_brand?post=24303"},{"taxonomy":"product_cat","embeddable":true,"href":"https:\/\/rueda.casino\/fr\/wp-json\/wp\/v2\/product_cat?post=24303"},{"taxonomy":"product_tag","embeddable":true,"href":"https:\/\/rueda.casino\/fr\/wp-json\/wp\/v2\/product_tag?post=24303"}],"curies":[{"name":"wp","href":"https:\/\/api.w.org\/{rel}","templated":true}]}}